{"id":11065,"date":"2025-07-15T19:21:25","date_gmt":"2025-07-15T17:21:25","guid":{"rendered":"http:\/\/astehshop.com\/?post_type=product&#038;p=11065"},"modified":"2025-07-15T19:21:27","modified_gmt":"2025-07-15T17:21:27","slug":"web-camera-mini-full-hd-b4-sq11-1080p-red","status":"publish","type":"product","link":"http:\/\/astehshop.com\/index.php\/product\/web-camera-mini-full-hd-b4-sq11-1080p-red\/","title":{"rendered":"WEB CAMERA MINI FULL HD B4-SQ11 1080P RED"},"content":{"rendered":"<p>Kamera visoke kvalitete sa Full HD rezolucijom, no\u0107nim re\u017eimom sa 6 IR LED dioda, \u0161irokim uglom snimanja od 140\u00b0, senzorom pokreta, snimanjem u petlji, podr\u0161kom za microSD kartice do 32 GB, ugra\u0111enim mikrofonom i baterijom od 200 mAh koja omogu\u0107ava 60 minuta neprekidnog rada \u2014 savr\u0161ena za online u\u010denje i ku\u0107ni nadzor.<\/p>\n<p>Za sve dodatne informacije mozete nas kontaktirati na\u00a0<strong>OLX poruke, 065824333 ili Viber<\/strong><\/p>\n<p>&nbsp;<\/p>\n<p>NUDIMO KUPOVINU NOVE ROBE NA RATE:<\/p>\n<p>-DO 18 RATA PREKO MIKROFIN KREDITNA ORGANIZACIJA<\/p>\n<p>-DO 12 RATA PREKO \u0160OPING KARTICE UNICREDIT BANK<\/p>\n<p>&nbsp;<\/p>\n<p>Trgovinska Radnja TECHNO SHOP BN<\/p>\n<p>Nikole Tesle 31a, Bijeljina<\/p>\n<p>(izme\u0111u Moja Apoteka i picerije Park Ne\u0161kovi\u0107)<\/p>\n<p>055\/422-599;\u00a0<strong><u>065\/824-333<\/u><\/strong><\/p>\n<p>Radnim danima 09-19h<\/p>\n<p>Subotom 09-16h<\/p>\n<p>www.technoshopbn.com<\/p>\n<p><a href=\"https:\/\/olx.ba\/artikal\/51187537\/gaming-racunar-pc-i5-10400f-16gb-gtx-1660-ti\">info@technoshopbn.com<\/a><\/p>\n","protected":false},"excerpt":{"rendered":"<p>Kamera visoke kvalitete sa Full HD rezolucijom, no\u0107nim re\u017eimom sa 6 IR LED dioda, \u0161irokim uglom snimanja od 140\u00b0, senzorom pokreta, snimanjem u petlji, podr\u0161kom za microSD kartice do 32 GB, ugra\u0111enim mikrofonom i baterijom od 200 mAh koja omogu\u0107ava 60 minuta neprekidnog rada \u2014 savr\u0161ena za online u\u010denje i ku\u0107ni nadzor.<\/p>\n","protected":false},"featured_media":11046,"comment_status":"open","ping_status":"closed","template":"","meta":{"_mi_skip_tracking":false,"_exactmetrics_sitenote_active":false,"_exactmetrics_sitenote_note":"","_exactmetrics_sitenote_category":0,"spay_email":""},"product_cat":[1593],"product_tag":[],"brands":[],"df_price":28,"df_sale_price":"","df_regular_price":28,"df_image_link":"https:\/\/i0.wp.com\/astehshop.com\/wp-content\/uploads\/2025\/07\/0123654_web-kamera-mini-full-hd-b4-sq11-1080p-red.png?fit=450%2C450","jetpack_publicize_connections":[],"jetpack_sharing_enabled":true,"jetpack_likes_enabled":true,"jetpack-related-posts":[{"id":8450,"url":"http:\/\/astehshop.com\/index.php\/product\/unv-bullet-kamera-5-mpx-lighthunter-uac-b125-af28lm\/","url_meta":{"origin":11065,"position":0},"title":"UNV bullet kamera 5 MPX LightHunter UAC-B125-AF28LM","date":"23. listopada 2023.","format":false,"excerpt":"\u2022 Visokokvalitetna slika sa rezolucijom od 5MP \u2022 TVI\/AHD\/CVI\/CVBS \u2022 Podr\u017eava IR-cut filter sa automatskim prekida\u010dem (ICR) \u2022 LightHunter nadzor sa senzorom visoke osjetljivosti \u2022 Podr\u017eava horizontalno okretanje od 180\u00b0, vertikalno okretanje od 180\u00b0 \u2022 OSD konfiguracijski meni, jednostavan za rukovanje \u2022 IP67 vodootporan dizajn i dizajn otporan na pra\u0161inu,\u2026","rel":"","context":"Srodne objave","img":{"alt_text":"","src":"https:\/\/i1.wp.com\/astehshop.com\/wp-content\/uploads\/2023\/10\/UAC-B122-AF2840LM.jpg?fit=733%2C524&resize=350%2C200","width":350,"height":200},"classes":[]},{"id":8447,"url":"http:\/\/astehshop.com\/index.php\/product\/unv-lighthunter-2-mpx-uac-b122-af28lm\/","url_meta":{"origin":11065,"position":1},"title":"UNV LightHunter 2 mpx UAC-B122-AF28LM","date":"23. listopada 2023.","format":false,"excerpt":"\u2022 Visokokvalitetna slika sa 2MP rezolucijom \u2022 TVI\/AHD\/CVI\/CVBS \u2022 Podr\u017eava IR-cut filter sa automatskim prekida\u010dem (ICR) \u2022 LightHunter nadzor sa senzorom visoke osjetljivosti \u2022 3D tehnologija smanjenja \u0161uma daje \u010diste i o\u0161tre slike \u2022 Podr\u017eava horizontalno okretanje od 180\u00b0, vertikalno okretanje od 180\u00b0 \u2022 OSD konfiguracijski meni, jednostavan za rukovanje\u2026","rel":"","context":"Srodne objave","img":{"alt_text":"","src":"https:\/\/i1.wp.com\/astehshop.com\/wp-content\/uploads\/2023\/10\/UAC-B122-AF2840LM.jpg?fit=733%2C524&resize=350%2C200","width":350,"height":200},"classes":[]},{"id":7134,"url":"http:\/\/astehshop.com\/index.php\/product\/partizan-security-dome-kamera-2-mp-cdm-223s-ir\/","url_meta":{"origin":11065,"position":2},"title":"Partizan Security dome kamera 2 MP CDM-223S-IR","date":"27. prosinca 2022.","format":false,"excerpt":"Ovaj model kamere \u0107e postati odli\u010dan izbor ako tra\u017eite jednostavno, ali pouzdano rje\u0161enje za unutra\u0161nji video nadzor. Kamera ima rezoluciju od 2,0 Mp i opremljena je 1\/2,7\u2033 FullHD CMOS matricom sa dobrim kvalitetom slike u svim uslovima osvetljenja. Kamera je opremljena nizom od 18 infracrvenih SMD LED dioda za no\u0107ni\u2026","rel":"","context":"Srodne objave","img":{"alt_text":"","src":"https:\/\/i0.wp.com\/astehshop.com\/wp-content\/uploads\/2022\/12\/CDM-333H-IR-smd1111.jpg?fit=1184%2C1200&resize=350%2C200","width":350,"height":200},"classes":[]},{"id":12363,"url":"http:\/\/astehshop.com\/index.php\/product\/hikvision-hilook-thc-b159-ms\/","url_meta":{"origin":11065,"position":3},"title":"HikVision HiLook THC-B159-MS","date":"28. velja\u010de 2026.","format":false,"excerpt":"3K ColorVu fiksna mini bullet kamera Visokokvalitetna slika s 3K rezolucijom, Snimanje u boji 24\/7 Domet bijelog svjetla do 20 m za snimanje u svijetlim no\u0107nim uvjetima Visokokvalitetni zvuk putem koaksijalnog kabela Otporna na vodu i pra\u0161inu (IP66)","rel":"","context":"Srodne objave","img":{"alt_text":"","src":"https:\/\/i0.wp.com\/astehshop.com\/wp-content\/uploads\/2026\/02\/THC-B159-MS.png?fit=1200%2C1200&resize=350%2C200","width":350,"height":200},"classes":[]},{"id":3964,"url":"http:\/\/astehshop.com\/index.php\/product\/paradox-senzor-i-kamera-hd88\/","url_meta":{"origin":11065,"position":4},"title":"Paradox senzor i kamera HD88","date":"18. velja\u010de 2020.","format":false,"excerpt":"Dual PIR detektor za napolje sa zvukom i kamerom - PIR raspon od 16 m \/ 110 \u00b0 - Mironel le\u0107e - brzina detekcije od 0,2m \/ s ~ 2,5 m \/ s - H.264 - CMOS od 1,4 MP - Dnevno \/ no\u0107ni prikaz sa rezolucijom 720 p pri\u2026","rel":"","context":"Srodne objave","img":{"alt_text":"","src":"https:\/\/i2.wp.com\/astehshop.com\/wp-content\/uploads\/2020\/02\/HD88-1.png?fit=1026%2C996&resize=350%2C200","width":350,"height":200},"classes":[]},{"id":7136,"url":"http:\/\/astehshop.com\/index.php\/product\/partizan-security-wifi-roto-kamera-fullhd-iph-2sp-ir-1-1-3-mpx\/","url_meta":{"origin":11065,"position":5},"title":"Partizan Security WIFI roto kamera FullHD IPH-2SP-IR 1.1 3 MPX","date":"27. prosinca 2022.","format":false,"excerpt":"Video kamera Cloud Robot FullHD IPH-2SP-IR 1.1 odli\u010dna je odluka za kreiranje sistema nadzora u stanu, privatnoj ku\u0107i ili malom uredu. Ovaj model je opremljen modernom matricom koja omogu\u0107ava snimanje videa u 3.0 MP FullHD rezoluciji i objektivom sa \u0161irokim uglom gledanja. Tu je i infracrveno osvjetljenje s dometom do\u2026","rel":"","context":"Srodne objave","img":{"alt_text":"","src":"https:\/\/i1.wp.com\/astehshop.com\/wp-content\/uploads\/2022\/12\/2.0MP-Cloud-Robot-IPH-2SP-IR.jpg?fit=1200%2C1192&resize=350%2C200","width":350,"height":200},"classes":[]}],"_links":{"self":[{"href":"http:\/\/astehshop.com\/index.php\/wp-json\/wp\/v2\/product\/11065"}],"collection":[{"href":"http:\/\/astehshop.com\/index.php\/wp-json\/wp\/v2\/product"}],"about":[{"href":"http:\/\/astehshop.com\/index.php\/wp-json\/wp\/v2\/types\/product"}],"replies":[{"embeddable":true,"href":"http:\/\/astehshop.com\/index.php\/wp-json\/wp\/v2\/comments?post=11065"}],"wp:featuredmedia":[{"embeddable":true,"href":"http:\/\/astehshop.com\/index.php\/wp-json\/wp\/v2\/media\/11046"}],"wp:attachment":[{"href":"http:\/\/astehshop.com\/index.php\/wp-json\/wp\/v2\/media?parent=11065"}],"wp:term":[{"taxonomy":"product_cat","embeddable":true,"href":"http:\/\/astehshop.com\/index.php\/wp-json\/wp\/v2\/product_cat?post=11065"},{"taxonomy":"product_tag","embeddable":true,"href":"http:\/\/astehshop.com\/index.php\/wp-json\/wp\/v2\/product_tag?post=11065"}],"curies":[{"name":"wp","href":"https:\/\/api.w.org\/{rel}","templated":true}]}}