{"id":11057,"date":"2025-07-15T19:11:18","date_gmt":"2025-07-15T17:11:18","guid":{"rendered":"http:\/\/astehshop.com\/?post_type=product&#038;p=11057"},"modified":"2026-02-07T18:39:34","modified_gmt":"2026-02-07T17:39:34","slug":"hdd-1-tb-wd10eurx-p","status":"publish","type":"product","link":"http:\/\/astehshop.com\/index.php\/product\/hdd-1-tb-wd10eurx-p\/","title":{"rendered":"HDD 1 TB WD10EURX-P"},"content":{"rendered":"<p><u>HDD 1 TB, WD10EURX-P, WD HDD 1TB SATA3 64MB Pull<\/u><\/p>\n<p>Za sve dodatne informacije mozete nas kontaktirati na\u00a0<strong>OLX poruke, 065824333 ili Viber<\/strong><\/p>\n<p>&nbsp;<\/p>\n<p>NUDIMO KUPOVINU NOVE ROBE NA RATE:<\/p>\n<p>-DO 18 RATA PREKO MIKROFIN KREDITNA ORGANIZACIJA<\/p>\n<p>-DO 12 RATA PREKO \u0160OPING KARTICE UNICREDIT BANK<\/p>\n<p>&nbsp;<\/p>\n<p>Trgovinska Radnja TECHNO SHOP BN<\/p>\n<p>Nikole Tesle 31a, Bijeljina<\/p>\n<p>(izme\u0111u Moja Apoteka i picerije Park Ne\u0161kovi\u0107)<\/p>\n<p>055\/422-599;\u00a0<strong><u>065\/824-333<\/u><\/strong><\/p>\n<p>Radnim danima 09-19h<\/p>\n<p>Subotom 09-16h<\/p>\n<p>www.technoshopbn.com<\/p>\n<p><a href=\"https:\/\/olx.ba\/artikal\/51187537\/gaming-racunar-pc-i5-10400f-16gb-gtx-1660-ti\">info@technoshopbn.com<\/a><\/p>\n","protected":false},"excerpt":{"rendered":"<p><u>HDD 1 TB, WD10EURX-P, WD HDD 1TB SATA3 64MB Pull<\/u><\/p>\n","protected":false},"featured_media":11029,"comment_status":"open","ping_status":"closed","template":"","meta":{"_mi_skip_tracking":false,"_exactmetrics_sitenote_active":false,"_exactmetrics_sitenote_note":"","_exactmetrics_sitenote_category":0,"spay_email":""},"product_cat":[160],"product_tag":[],"brands":[],"df_price":"","df_sale_price":"","df_regular_price":"","df_image_link":"https:\/\/i2.wp.com\/astehshop.com\/wp-content\/uploads\/2025\/07\/0105533_hdd-1-tb-wd10eurx-p-wd-hdd-1tb-sata3-64mb-pull-1-god.jpeg?fit=450%2C450","jetpack_publicize_connections":[],"jetpack_sharing_enabled":true,"jetpack_likes_enabled":true,"jetpack-related-posts":[{"id":6270,"url":"http:\/\/astehshop.com\/index.php\/product\/hard-disk-1-tb-wd10purz-za-snimace-za-rad-24h-dnevno\/","url_meta":{"origin":11057,"position":0},"title":"Hard Disk 1 TB WD10PURZ za snima\u010de za rad 24h dnevno","date":"9. travnja 2022.","format":false,"excerpt":"Western Digital HDD 1TB SATA3 64MB Purple 5400RPM","rel":"","context":"Srodne objave","img":{"alt_text":"","src":"https:\/\/i0.wp.com\/astehshop.com\/wp-content\/uploads\/2022\/04\/WD10PURZ.jpg?fit=225%2C225&resize=350%2C200","width":350,"height":200},"classes":[]},{"id":6995,"url":"http:\/\/astehshop.com\/index.php\/product\/wd-10tb-sata3-hdd-red-plus-nas\/","url_meta":{"origin":11057,"position":1},"title":"WD 10TB SATA3 HDD Red Plus NAS","date":"8. prosinca 2022.","format":false,"excerpt":"Capacity: 10TB, Interface SATA 6Gb\/s, Buffer Size 256 MB, Form Factor 3.5\", Spindle Speed 5400 rpm, Features24x7 continuous operation, 3D Active Balance Plus, Advanced Format technology, Conventional magnetic recording (CMR), NASware technology, Native Command Queuing (NCQ), workload up to 180 TB per year,","rel":"","context":"Srodne objave","img":{"alt_text":"","src":"https:\/\/i1.wp.com\/astehshop.com\/wp-content\/uploads\/2022\/12\/WD-10TB-SATA3-HDD-Red-scaled.jpg?fit=974%2C1200&resize=350%2C200","width":350,"height":200},"classes":[]},{"id":6276,"url":"http:\/\/astehshop.com\/index.php\/product\/hard-disk-4-tb-wd40purz-namijenjen-da-radi-24h-dnevno\/","url_meta":{"origin":11057,"position":2},"title":"Hard disk 4 TB WD40PURZ namijenjen da radi 24h dnevno","date":"9. travnja 2022.","format":false,"excerpt":"HDD AV WD Purple (3.5\u201d, 4TB, 64MB, 5400 RPM, SATA 6 Gb\/s)","rel":"","context":"Srodne objave","img":{"alt_text":"","src":"https:\/\/i2.wp.com\/astehshop.com\/wp-content\/uploads\/2022\/04\/WD40PURZ.jpeg?fit=550%2C550&resize=350%2C200","width":350,"height":200},"classes":[]},{"id":5935,"url":"http:\/\/astehshop.com\/index.php\/product\/toshiba-hard-disk-2-tb\/","url_meta":{"origin":11057,"position":3},"title":"Toshiba Hard Disk 2 TB","date":"31. sije\u010dnja 2022.","format":false,"excerpt":"HDD desktop Toshiba P300 (3.5\" 2TB, 7200RPM, 64MB, NCQ, AF, SATAIII),","rel":"","context":"Srodne objave","img":{"alt_text":"","src":"https:\/\/i2.wp.com\/astehshop.com\/wp-content\/uploads\/2022\/01\/toshiba-2tb-sata3-p300.jpg?fit=458%2C458&resize=350%2C200","width":350,"height":200},"classes":[]},{"id":6993,"url":"http:\/\/astehshop.com\/index.php\/product\/seagate-14tb-sata3-hdd-exos-st14000nm001g\/","url_meta":{"origin":11057,"position":4},"title":"Seagate 14TB SATA3 HDD Exos ST14000NM001G","date":"8. prosinca 2022.","format":false,"excerpt":"14TB, 3.5 in, Serial ATA III, 7200 RPM, Storage drive buffer size 256 MB, Transfer rate HDD interface 6 Gbit\/s, Working voltage 5\/12V.","rel":"","context":"Srodne objave","img":{"alt_text":"","src":"https:\/\/i1.wp.com\/astehshop.com\/wp-content\/uploads\/2022\/12\/Exos-ST14000NM001G.jpg?fit=928%2C816&resize=350%2C200","width":350,"height":200},"classes":[]},{"id":6991,"url":"http:\/\/astehshop.com\/index.php\/product\/seagate-10tb-sata3-hdd-skyhawk-st10000ve0008\/","url_meta":{"origin":11057,"position":5},"title":"Seagate 10TB SATA3 HDD SkyHawk ST10000VE0008","date":"8. prosinca 2022.","format":false,"excerpt":"10TB, Form Factor 3.5\", SATA 6.0Gb\/s, 7200 RPM, Cache 256MB","rel":"","context":"Srodne objave","img":{"alt_text":"","src":"https:\/\/i0.wp.com\/astehshop.com\/wp-content\/uploads\/2022\/12\/ST10000VE0008.jpg?fit=926%2C836&resize=350%2C200","width":350,"height":200},"classes":[]}],"_links":{"self":[{"href":"http:\/\/astehshop.com\/index.php\/wp-json\/wp\/v2\/product\/11057"}],"collection":[{"href":"http:\/\/astehshop.com\/index.php\/wp-json\/wp\/v2\/product"}],"about":[{"href":"http:\/\/astehshop.com\/index.php\/wp-json\/wp\/v2\/types\/product"}],"replies":[{"embeddable":true,"href":"http:\/\/astehshop.com\/index.php\/wp-json\/wp\/v2\/comments?post=11057"}],"wp:featuredmedia":[{"embeddable":true,"href":"http:\/\/astehshop.com\/index.php\/wp-json\/wp\/v2\/media\/11029"}],"wp:attachment":[{"href":"http:\/\/astehshop.com\/index.php\/wp-json\/wp\/v2\/media?parent=11057"}],"wp:term":[{"taxonomy":"product_cat","embeddable":true,"href":"http:\/\/astehshop.com\/index.php\/wp-json\/wp\/v2\/product_cat?post=11057"},{"taxonomy":"product_tag","embeddable":true,"href":"http:\/\/astehshop.com\/index.php\/wp-json\/wp\/v2\/product_tag?post=11057"}],"curies":[{"name":"wp","href":"https:\/\/api.w.org\/{rel}","templated":true}]}}