{"id":11056,"date":"2025-07-15T19:09:36","date_gmt":"2025-07-15T17:09:36","guid":{"rendered":"http:\/\/astehshop.com\/?post_type=product&#038;p=11056"},"modified":"2026-02-07T18:39:34","modified_gmt":"2026-02-07T17:39:34","slug":"hdd-640gb-sata2-wd6400aaks-p","status":"publish","type":"product","link":"http:\/\/astehshop.com\/index.php\/product\/hdd-640gb-sata2-wd6400aaks-p\/","title":{"rendered":"HDD 640GB SATA2 WD6400AAKS-P"},"content":{"rendered":"<p><u>HDD 640GB SATA2 WD6400AAKS-P 16MB Pull 7200RPM Caviar Blue<\/u><\/p>\n<p>Za sve dodatne informacije mozete nas kontaktirati na\u00a0<strong>OLX poruke, 065824333 ili Viber<\/strong><\/p>\n<p>&nbsp;<\/p>\n<p>NUDIMO KUPOVINU NOVE ROBE NA RATE:<\/p>\n<p>-DO 18 RATA PREKO MIKROFIN KREDITNA ORGANIZACIJA<\/p>\n<p>-DO 12 RATA PREKO \u0160OPING KARTICE UNICREDIT BANK<\/p>\n<p>&nbsp;<\/p>\n<p>Trgovinska Radnja TECHNO SHOP BN<\/p>\n<p>Nikole Tesle 31a, Bijeljina<\/p>\n<p>(izme\u0111u Moja Apoteka i picerije Park Ne\u0161kovi\u0107)<\/p>\n<p>055\/422-599;\u00a0<strong><u>065\/824-333<\/u><\/strong><\/p>\n<p>Radnim danima 09-19h<\/p>\n<p>Subotom 09-16h<\/p>\n<p>www.technoshopbn.com<\/p>\n<p><a href=\"https:\/\/olx.ba\/artikal\/51187537\/gaming-racunar-pc-i5-10400f-16gb-gtx-1660-ti\">info@technoshopbn.com<\/a><\/p>\n","protected":false},"excerpt":{"rendered":"<p><u>HDD 640GB SATA2 WD6400AAKS-P 16MB Pull 7200RPM Caviar Blue<\/u><\/p>\n","protected":false},"featured_media":11027,"comment_status":"open","ping_status":"closed","template":"","meta":{"_mi_skip_tracking":false,"_exactmetrics_sitenote_active":false,"_exactmetrics_sitenote_note":"","_exactmetrics_sitenote_category":0,"spay_email":""},"product_cat":[160],"product_tag":[],"brands":[],"df_price":"","df_sale_price":"","df_regular_price":"","df_image_link":"https:\/\/i1.wp.com\/astehshop.com\/wp-content\/uploads\/2025\/07\/0137085_hdd-640gb-sata2-wd6400aaks-p-16mb-pull-7200rpm-caviar-blue12mjeseci-garancija.png?fit=450%2C450","jetpack_publicize_connections":[],"jetpack_sharing_enabled":true,"jetpack_likes_enabled":true,"jetpack-related-posts":[{"id":11057,"url":"http:\/\/astehshop.com\/index.php\/product\/hdd-1-tb-wd10eurx-p\/","url_meta":{"origin":11056,"position":0},"title":"HDD 1 TB WD10EURX-P","date":"15. srpnja 2025.","format":false,"excerpt":"HDD 1 TB, WD10EURX-P, WD HDD 1TB SATA3 64MB Pull","rel":"","context":"Srodne objave","img":{"alt_text":"","src":"https:\/\/i2.wp.com\/astehshop.com\/wp-content\/uploads\/2025\/07\/0105533_hdd-1-tb-wd10eurx-p-wd-hdd-1tb-sata3-64mb-pull-1-god.jpeg?fit=900%2C900&resize=350%2C200","width":350,"height":200},"classes":[]},{"id":7610,"url":"http:\/\/astehshop.com\/index.php\/product\/hdd-2-5-od-320gb-do-2tb-polovni\/","url_meta":{"origin":11056,"position":1},"title":"HDD 2.5&#8243; od 320GB do 2TB &#8211; polovni","date":"24. travnja 2023.","format":false,"excerpt":"Na prodaju razni HDD 2.5\" polovni od 320GB pa sve do 2TB Cijene istaknute na slici","rel":"","context":"Srodne objave","img":{"alt_text":"","src":"https:\/\/i0.wp.com\/astehshop.com\/wp-content\/uploads\/2023\/04\/bitmap_\u0421\u043b\u043e\u0458-1.png?fit=999%2C1200&resize=350%2C200","width":350,"height":200},"classes":[]},{"id":11584,"url":"http:\/\/astehshop.com\/index.php\/product\/logilink-hdd-box-2-5inch-sata-usb-3-0\/","url_meta":{"origin":11056,"position":2},"title":"LOGILINK HDD BOX 2.5INCH SATA USB 3.0","date":"20. kolovoza 2025.","format":false,"excerpt":"\u00a0Za sve dodatne informacije mozete nas kontaktirati na\u00a0OLX poruke, 065824333 ili Viber NUDIMO KUPOVINU NOVE ROBE NA RATE: -DO 18 RATA PREKO MIKROFIN KREDITNA ORGANIZACIJA -DO 12 RATA PREKO \u0160OPING KARTICE UNICREDIT BANK \u00a0 Trgovinska Radnja TECHNO SHOP BN Nikole Tesle 31a, Bijeljina (izme\u0111u Moja Apoteka i picerije Park Ne\u0161kovi\u0107)\u2026","rel":"","context":"Srodne objave","img":{"alt_text":"","src":"https:\/\/i2.wp.com\/astehshop.com\/wp-content\/uploads\/2025\/08\/19446-Logilink-HDD-Box-25-SATA-USB-30-UA0275-2.jpg?fit=450%2C450&resize=350%2C200","width":350,"height":200},"classes":[]},{"id":11369,"url":"http:\/\/astehshop.com\/index.php\/product\/ext-hdd-2tb-seagate-2-5-usb3-0stjl2000400\/","url_meta":{"origin":11056,"position":3},"title":"EXT.HDD 2TB SEAGATE 2.5&#8243; USB3.0STJL2000400","date":"23. srpnja 2025.","format":false,"excerpt":"Za sve dodatne informacije mozete nas kontaktirati na\u00a0OLX poruke, 065824333 ili Viber \u00a0 NUDIMO KUPOVINU NOVE ROBE NA RATE: -DO 18 RATA PREKO MIKROFIN KREDITNA ORGANIZACIJA -DO 12 RATA PREKO \u0160OPING KARTICE UNICREDIT BANK \u00a0 Trgovinska Radnja TECHNO SHOP BN Nikole Tesle 31a, Bijeljina (izme\u0111u Moja Apoteka i picerije Park\u2026","rel":"","context":"Srodne objave","img":{"alt_text":"","src":"https:\/\/i1.wp.com\/astehshop.com\/wp-content\/uploads\/2025\/07\/0097913_exthdd-2tb-seagate-25-usb30stjl2000400.jpeg?fit=900%2C900&resize=350%2C200","width":350,"height":200},"classes":[]},{"id":10382,"url":"http:\/\/astehshop.com\/index.php\/product\/toshiba-1tb-external-hdd-2-5-usb-3-0\/","url_meta":{"origin":11056,"position":4},"title":"Toshiba 1TB External HDD 2.5&#8243; USB 3.0","date":"15. svibnja 2025.","format":false,"excerpt":"Toshiba 1TB External HDD\u00a02.5\" USB 3.0 1TB, 2.5\" external hard drive, Matt finish, SuperSpeed USB 3.2 Gen 1, USB-powered, Max. transfer rate ~ 5.0 Gbit\/s, Color Black","rel":"","context":"Srodne objave","img":{"alt_text":"","src":"https:\/\/i2.wp.com\/astehshop.com\/wp-content\/uploads\/2025\/05\/15931-Toshiba-Canvio-Basics-25-1TB-USB-30-ext-HDD-2.jpg?fit=450%2C450&resize=350%2C200","width":350,"height":200},"classes":[]},{"id":8692,"url":"http:\/\/astehshop.com\/index.php\/product\/racunar-licenciran-lenovo-ssd-hdd\/","url_meta":{"origin":11056,"position":5},"title":"RA\u010cUNAR LICENCIRAN LENOVO SSD + HDD","date":"4. prosinca 2023.","format":false,"excerpt":"Intel Core i3-10105, 8GB DDR4 RAM 1TB HDD 7200rpm 3.5\" + 256GB SSD M.2 2242 PCIe\u00ae 3.0x4 NVMe\u00ae, Intel UHD Graphics 630, 9.0mm DVD\u00b1RW, 4x USB 2.0, 1x HDMI\u00ae 2.0, 1x DisplayPort\u2122 1.4, 1x VGA, 1x Ethernet (RJ-45), 1x line-in (3.5mm), 1x serial (9-pin), USB mouse, NO Keyboard,, PSU: 180W,\u2026","rel":"","context":"Srodne objave","img":{"alt_text":"","src":"https:\/\/i0.wp.com\/astehshop.com\/wp-content\/uploads\/2023\/12\/img-1699863837-84b6139017eb.webp?fit=450%2C450&resize=350%2C200","width":350,"height":200},"classes":[]}],"_links":{"self":[{"href":"http:\/\/astehshop.com\/index.php\/wp-json\/wp\/v2\/product\/11056"}],"collection":[{"href":"http:\/\/astehshop.com\/index.php\/wp-json\/wp\/v2\/product"}],"about":[{"href":"http:\/\/astehshop.com\/index.php\/wp-json\/wp\/v2\/types\/product"}],"replies":[{"embeddable":true,"href":"http:\/\/astehshop.com\/index.php\/wp-json\/wp\/v2\/comments?post=11056"}],"wp:featuredmedia":[{"embeddable":true,"href":"http:\/\/astehshop.com\/index.php\/wp-json\/wp\/v2\/media\/11027"}],"wp:attachment":[{"href":"http:\/\/astehshop.com\/index.php\/wp-json\/wp\/v2\/media?parent=11056"}],"wp:term":[{"taxonomy":"product_cat","embeddable":true,"href":"http:\/\/astehshop.com\/index.php\/wp-json\/wp\/v2\/product_cat?post=11056"},{"taxonomy":"product_tag","embeddable":true,"href":"http:\/\/astehshop.com\/index.php\/wp-json\/wp\/v2\/product_tag?post=11056"}],"curies":[{"name":"wp","href":"https:\/\/api.w.org\/{rel}","templated":true}]}}