{"id":10925,"date":"2025-07-09T21:02:36","date_gmt":"2025-07-09T19:02:36","guid":{"rendered":"http:\/\/astehshop.com\/?post_type=product&#038;p=10925"},"modified":"2025-07-09T21:02:38","modified_gmt":"2025-07-09T19:02:38","slug":"gnc-office","status":"publish","type":"product","link":"http:\/\/astehshop.com\/index.php\/product\/gnc-office\/","title":{"rendered":"GNC OFFICE"},"content":{"rendered":"<ul>\n<li><strong>Procesor (CPU)<\/strong>: Intel Core i3-12100F, 4 jezgra \/ 8 niti, 3.30GHz baza \/ 4.30GHz turbo, 12MB Smart Cache<\/li>\n<li><strong>Mati\u010dna plo\u010da<\/strong>: H610MHP (LGA1700 socket, DDR4 podr\u0161ka, microATX format)<\/li>\n<li><strong>RAM<\/strong>: 16GB DDR4, 3000MHz<\/li>\n<li><strong>SSD<\/strong>: 480GB SATA III<\/li>\n<li><strong>Grafi\u010dka kartica (GPU)<\/strong>: NVIDIA GeForce GT 730, 2GB GDDR3<\/li>\n<li><strong>Ku\u0107i\u0161te<\/strong>: GNC Office ku\u0107i\u0161te<\/li>\n<li><strong>Napajanje (PSU)<\/strong>: EZ Cool 500W<\/li>\n<li><strong>Operativni sistem<\/strong>: Windows 11 Pro ili Windows 10 Pro (zavisno od verzije)<\/li>\n<li><strong>Garancija<\/strong>: 2 godine<\/li>\n<\/ul>\n<p>Za sve dodatne informacije mozete nas kontaktirati na\u00a0<strong>OLX poruke, 065824333 ili Viber<\/strong><\/p>\n<p>&nbsp;<\/p>\n<p>NUDIMO KUPOVINU NOVE ROBE NA RATE:<\/p>\n<p>-DO 18 RATA PREKO MIKROFIN KREDITNA ORGANIZACIJA<\/p>\n<p>-DO 12 RATA PREKO \u0160OPING KARTICE UNICREDIT BANK<\/p>\n<p>&nbsp;<\/p>\n<p>Trgovinska Radnja TECHNO SHOP BN<\/p>\n<p>Nikole Tesle 31a, Bijeljina<\/p>\n<p>(izme\u0111u Moja Apoteka i picerije Park Ne\u0161kovi\u0107)<\/p>\n<p>055\/422-599;\u00a0<strong><u>065\/824-333<\/u><\/strong><\/p>\n<p>Radnim danima 09-19h<\/p>\n<p>Subotom 09-16h<\/p>\n<p>www.technoshopbn.com<\/p>\n<p><a href=\"https:\/\/olx.ba\/artikal\/51187537\/gaming-racunar-pc-i5-10400f-16gb-gtx-1660-ti\">info@technoshopbn.com<\/a><\/p>\n","protected":false},"excerpt":{"rendered":"<ul>\n<li><strong>Procesor (CPU)<\/strong>: Intel Core i3-12100F, 4 jezgra \/ 8 niti, 3.30GHz baza \/ 4.30GHz turbo, 12MB Smart Cache<\/li>\n<li><strong>Mati\u010dna plo\u010da<\/strong>: H610MHP (LGA1700 socket, DDR4 podr\u0161ka, microATX format)<\/li>\n<li><strong>RAM<\/strong>: 16GB DDR4, 3000MHz<\/li>\n<li><strong>SSD<\/strong>: 480GB SATA III<\/li>\n<li><strong>Grafi\u010dka kartica (GPU)<\/strong>: NVIDIA GeForce GT 730, 2GB GDDR3<\/li>\n<\/ul>\n","protected":false},"featured_media":10926,"comment_status":"open","ping_status":"closed","template":"","meta":{"_mi_skip_tracking":false,"_exactmetrics_sitenote_active":false,"_exactmetrics_sitenote_note":"","_exactmetrics_sitenote_category":0,"spay_email":""},"product_cat":[2393],"product_tag":[],"brands":[],"df_price":969,"df_sale_price":"","df_regular_price":969,"df_image_link":"https:\/\/i2.wp.com\/astehshop.com\/wp-content\/uploads\/2025\/07\/0133153_gnc-office-i3-12100f-330ghz-mb-h610mhp-ram-16-gb-ddr4-ssd-480-gb-gt7302gb-kuciste-gnc-ez-cool-napojn.png?fit=450%2C450","jetpack_publicize_connections":[],"jetpack_sharing_enabled":true,"jetpack_likes_enabled":true,"jetpack-related-posts":[{"id":10927,"url":"http:\/\/astehshop.com\/index.php\/product\/gnc-office-kuciste-sa-napajanjem-500w-2y\/","url_meta":{"origin":10925,"position":0},"title":"GNC OFFICE, Ku\u0107i\u0161te sa napajanjem 500W, 2Y","date":"9. srpnja 2025.","format":false,"excerpt":"Procesor (CPU): Intel Core i5-10400, 6 jezgra \/ 12 niti, 2.90GHz baza \/ 4.30GHz turbo, 12MB Smart Cache Mati\u010dna plo\u010da: H510M (LGA1200 socket, DDR4 podr\u0161ka, microATX format) RAM: 8GB DDR4, 3200MHz SSD: 480GB SATA III Grafi\u010dka kartica (GPU): Intel UHD Graphics 630 (integrisana u procesor)","rel":"","context":"Srodne objave","img":{"alt_text":"","src":"https:\/\/i1.wp.com\/astehshop.com\/wp-content\/uploads\/2025\/07\/0114637_gnc-office-intel-core-i5-10400-290ghz-12mb-up-to-43-ghz-win-10-pro-mb-h510m-ram-8gb-ddr4-ssd-480gb-k.jpeg?fit=900%2C900&resize=350%2C200","width":350,"height":200},"classes":[]},{"id":10923,"url":"http:\/\/astehshop.com\/index.php\/product\/gnc-business-kuciste-sharkoon-vs4\/","url_meta":{"origin":10925,"position":1},"title":"GNC BUSINESS. KU\u0106I\u0160TE SHARKOON VS4","date":"9. srpnja 2025.","format":false,"excerpt":"Procesor (CPU): Intel Core i3-10105, 4 jezgra \/ 8 niti, 3.70GHz baza \/ 4.40GHz turbo, 6MB Smart Cache Mati\u010dna plo\u010da: H510M (LGA1200 socket, DDR4 podr\u0161ka, microATX format) RAM: 8GB DDR4, 2666MHz SSD: 240GB SATA III Grafi\u010dka kartica (GPU): Intel UHD Graphics 630 (integrisana u procesor) Ku\u0107i\u0161te: Sharkoon VS4 Operativni sistem:\u2026","rel":"","context":"Srodne objave","img":{"alt_text":"","src":"https:\/\/i0.wp.com\/astehshop.com\/wp-content\/uploads\/2025\/07\/0123236_gnc-business-i3-10105-370ghz-mb-h510m-ram-ddr4-8gb-2666mhz-ssd-240-gb-kuciste-sharkoon-vs4-win-11-pr.jpeg?fit=900%2C900&resize=350%2C200","width":350,"height":200},"classes":[]},{"id":10919,"url":"http:\/\/astehshop.com\/index.php\/product\/gnc-office-kuciste-gnc-ez-cool-napojna-500w-no-os-2y\/","url_meta":{"origin":10925,"position":2},"title":"GNC OFFICE Ku\u0107i\u0161te GNC + EZ Cool napojna 500W, NO OS, 2Y","date":"9. srpnja 2025.","format":false,"excerpt":"Procesor (CPU): Intel Core i3-10105, 4 jezgra \/ 8 niti, 3.70GHz baza, do 4.40GHz turbo, 6MB Smart Cache Mati\u010dna plo\u010da: Intel H510 \u010dipset (verovatno model H510M, LGA1200 socket, DDR4 podr\u0161ka) RAM memorija: 16GB DDR4, 2666MHz SSD: 480GB SATA III Grafi\u010dka kartica: Intel UHD Graphics 630 (integrisana u procesor)","rel":"","context":"Srodne objave","img":{"alt_text":"","src":"https:\/\/i2.wp.com\/astehshop.com\/wp-content\/uploads\/2025\/07\/0116475_gnc-office-i3-10105-370ghz-mb-h470-ram-16-gb-ddr4-2666-mhz-ssd-480-gb-kuciste-gnc-ez-cool-napojna-50.jpeg?fit=900%2C900&resize=350%2C200","width":350,"height":200},"classes":[]},{"id":10921,"url":"http:\/\/astehshop.com\/index.php\/product\/gnc-office-win-10-kuciste-sa-napajanjem-500w-2y\/","url_meta":{"origin":10925,"position":3},"title":"GNC OFFICE WIN 10 Ku\u0107i\u0161te sa napajanjem 500W, 2Y","date":"9. srpnja 2025.","format":false,"excerpt":"Procesor (CPU): Intel Core i3-10105, 4 jezgra \/ 8 niti, 3.70GHz baza \/ 4.40GHz turbo, 6MB Smart Cache Mati\u010dna plo\u010da: H510M (LGA1200 socket, DDR4 podr\u0161ka, microATX format) RAM: 8GB DDR4, 2666MHz SSD: 240GB, 2.5\" SATA III Grafi\u010dka kartica (GPU): Intel UHD Graphics 630 (integrisana u procesor) Ku\u0107i\u0161te: GNC Office ku\u0107i\u0161te\u2026","rel":"","context":"Srodne objave","img":{"alt_text":"","src":"https:\/\/i2.wp.com\/astehshop.com\/wp-content\/uploads\/2025\/07\/0114650_gnc-office-win-10-pro-i3-10105-370ghz-mb-h510m-ram-8gb-ddr4-ssd-25-240gb-kuciste-sa-napajanjem-500w-.jpeg?fit=900%2C900&resize=350%2C200","width":350,"height":200},"classes":[]},{"id":10929,"url":"http:\/\/astehshop.com\/index.php\/product\/gnc-perfect\/","url_meta":{"origin":10925,"position":4},"title":"GNC PERFECT","date":"9. srpnja 2025.","format":false,"excerpt":"Procesor (CPU): Intel Core i3-12100, 4 jezgra \/ 8 niti, 3.30GHz baza \/ 4.30GHz turbo, 12MB Smart Cache Mati\u010dna plo\u010da: H610MHP (LGA1700 socket, DDR4 podr\u0161ka, microATX format) RAM: 8GB DDR4, 2666MHz SSD: 500GB NVMe PCIe (Kingston NV2) Grafi\u010dka kartica (GPU): Intel UHD Graphics 730 (integrisana u procesor) Ku\u0107i\u0161te: IG-MAX T5912","rel":"","context":"Srodne objave","img":{"alt_text":"","src":"https:\/\/i1.wp.com\/astehshop.com\/wp-content\/uploads\/2025\/07\/0130029_gnc-perfect-win-11-pro-microsoft-office-pro-plus-2016-i3-12100-33ghz-h610mhp-ram-8gb-ddr4-2666mhz-50.png?fit=900%2C900&resize=350%2C200","width":350,"height":200},"classes":[]},{"id":10917,"url":"http:\/\/astehshop.com\/index.php\/product\/gnc-skolarac-gnc-kuciste-500w-2y\/","url_meta":{"origin":10925,"position":5},"title":"GNC \u0160KOLARAC GNC Ku\u0107i\u0161te + 500W, 2Y","date":"9. srpnja 2025.","format":false,"excerpt":"Procesor (CPU): Intel\u00ae Celeron\u00ae J4125, 4 jezgra \/ 4 niti, 2.00GHz baza \/ 2.70GHz turbo, 4MB ke\u0161 RAM: 8GB DDR4, 2666MHz Operativni sistem: Windows 11 Professional Pohrana: 256GB SSD Grafika: Intel UHD Graphics 600 (integrisana","rel":"","context":"Srodne objave","img":{"alt_text":"","src":"https:\/\/i1.wp.com\/astehshop.com\/wp-content\/uploads\/2025\/07\/0134224_gnc-skolarac-win-11-pro-intel-celquad-core-j4125-up-to-27ghz-mb-j4125nhu-ram-8-gb-ddr4-2666-mhz-ssd-.png?fit=900%2C900&resize=350%2C200","width":350,"height":200},"classes":[]}],"_links":{"self":[{"href":"http:\/\/astehshop.com\/index.php\/wp-json\/wp\/v2\/product\/10925"}],"collection":[{"href":"http:\/\/astehshop.com\/index.php\/wp-json\/wp\/v2\/product"}],"about":[{"href":"http:\/\/astehshop.com\/index.php\/wp-json\/wp\/v2\/types\/product"}],"replies":[{"embeddable":true,"href":"http:\/\/astehshop.com\/index.php\/wp-json\/wp\/v2\/comments?post=10925"}],"wp:featuredmedia":[{"embeddable":true,"href":"http:\/\/astehshop.com\/index.php\/wp-json\/wp\/v2\/media\/10926"}],"wp:attachment":[{"href":"http:\/\/astehshop.com\/index.php\/wp-json\/wp\/v2\/media?parent=10925"}],"wp:term":[{"taxonomy":"product_cat","embeddable":true,"href":"http:\/\/astehshop.com\/index.php\/wp-json\/wp\/v2\/product_cat?post=10925"},{"taxonomy":"product_tag","embeddable":true,"href":"http:\/\/astehshop.com\/index.php\/wp-json\/wp\/v2\/product_tag?post=10925"}],"curies":[{"name":"wp","href":"https:\/\/api.w.org\/{rel}","templated":true}]}}