{"id":10382,"date":"2025-05-15T09:59:45","date_gmt":"2025-05-15T07:59:45","guid":{"rendered":"http:\/\/astehshop.com\/?post_type=product&#038;p=10382"},"modified":"2026-02-07T18:39:34","modified_gmt":"2026-02-07T17:39:34","slug":"toshiba-1tb-external-hdd-2-5-usb-3-0","status":"publish","type":"product","link":"http:\/\/astehshop.com\/index.php\/product\/toshiba-1tb-external-hdd-2-5-usb-3-0\/","title":{"rendered":"Toshiba 1TB External HDD 2.5&#8243; USB 3.0"},"content":{"rendered":"<div class=\"central-inner sm:pb-lg show-more\">\n<p><strong><u>Toshiba 1TB External HDD\u00a02.5&#8243; USB 3.0<\/u><\/strong><\/p>\n<ul>\n<li>1TB,<\/li>\n<li>2.5&#8243; external hard drive,<\/li>\n<li>Matt finish,<\/li>\n<li>SuperSpeed USB 3.2 Gen 1,<\/li>\n<li>USB-powered, Max. transfer rate ~ 5.0 Gbit\/s,<\/li>\n<li>Color Black<\/li>\n<\/ul>\n<p><strong>Za sve dodatne informacije mozete nas kontaktirati na OLX poruke, 065824333 ili Viber<\/strong><\/p>\n<p><strong>\u00a0<\/strong><\/p>\n<p><strong>\u00a0NUDIMO KUPOVINU NA RATE:<\/strong><\/p>\n<p><strong>-DO 18 RATA PREKO MIKROFIN KREDITNA ORGANIZACIJA<\/strong><\/p>\n<p><strong>-DO 12 RATA PREKO \u0160OPING KARTICE UNICREDIT BANK<\/strong><\/p>\n<p><strong>\u00a0<\/strong><\/p>\n<p><strong>Trgovinska Radnja<\/strong><\/p>\n<p><strong>TECHNO SHOP BN<\/strong><\/p>\n<p><strong>Nikole Tesle 31a, Bijeljina<\/strong><\/p>\n<p><strong>(izme\u0111u Moja Apoteka i picerije Park Ne\u0161kovi\u0107)<\/strong><\/p>\n<p><strong>055\/422-599<\/strong><\/p>\n<p><strong>065\/824-333<\/strong><\/p>\n<p><strong>066\/123-234<\/strong><\/p>\n<p><strong>Radnim danima 09-19h<\/strong><\/p>\n<p><strong>Subotom 09-16h<\/strong><\/p>\n<p><strong>www.technoshopbn.com<\/strong><\/p>\n<p><strong>info@technoshopbn.com<\/strong><\/p>\n<\/div>\n","protected":false},"excerpt":{"rendered":"<p><strong><u>Toshiba 1TB External HDD\u00a02.5&#8243; USB 3.0<\/u><\/strong><\/p>\n<ul>\n<li>1TB,<\/li>\n<li>2.5&#8243; external hard drive,<\/li>\n<li>Matt finish,<\/li>\n<li>SuperSpeed USB 3.2 Gen 1,<\/li>\n<li>USB-powered, Max. transfer rate ~ 5.0 Gbit\/s,<\/li>\n<li>Color Black<\/li>\n<\/ul>\n","protected":false},"featured_media":10383,"comment_status":"open","ping_status":"closed","template":"","meta":{"_mi_skip_tracking":false,"_exactmetrics_sitenote_active":false,"_exactmetrics_sitenote_note":"","_exactmetrics_sitenote_category":0,"spay_email":""},"product_cat":[160],"product_tag":[],"brands":[{"id":8078,"name":"Toshiba","slug":"toshiba"}],"df_price":"","df_sale_price":"","df_regular_price":"","df_image_link":"https:\/\/i2.wp.com\/astehshop.com\/wp-content\/uploads\/2025\/05\/15931-Toshiba-Canvio-Basics-25-1TB-USB-30-ext-HDD-2.jpg?fit=450%2C450","jetpack_publicize_connections":[],"jetpack_sharing_enabled":true,"jetpack_likes_enabled":true,"jetpack-related-posts":[{"id":6365,"url":"http:\/\/astehshop.com\/index.php\/product\/hp-470-g7-3s8s4ea-17-3-fhd-ips-ag-intel-i5-1135g7-16gb-1tb-ssd\/","url_meta":{"origin":10382,"position":0},"title":"HP 470 G7 3S8S4EA 17.3&#8243; FHD IPS AG.Intel i5-1135G7 16GB\/1TB SSD","date":"30. rujna 2022.","format":false,"excerpt":"HP 470 G7 3S8S4EA 17.3\" FHD IPS AG.Intel i5-1135G7 16GB\/1TB SSD\/nVidia GF MX450-2GB\/WIN 10 PRO\/1god\/silver HP 470 G7 3S8S4EA 17.3 inch FHD IPS AG.Intel i5-1135G7 16GB\/1TB SSD\/nVidia GF MX450-2GB\/WIN 10 PRO\/1god\/silver Mreza Intel\u00ae Wi-Fi 6 AX201 (2x2) and Bluetooth\u00ae 5.0 combo Slotovi 2 SuperSpeed USB Type-A 5Gbps signaling rate 1\u2026","rel":"","context":"Srodne objave","img":{"alt_text":"","src":"https:\/\/i0.wp.com\/astehshop.com\/wp-content\/uploads\/2022\/09\/HP-470-G7-3S8S4EA.jpeg?fit=900%2C900&resize=350%2C200","width":350,"height":200},"classes":[]},{"id":6881,"url":"http:\/\/astehshop.com\/index.php\/product\/usb-flash-drive-32gb-usb-3-2-usb-c-usb-a-twist-line\/","url_meta":{"origin":10382,"position":1},"title":"USB Flash drive 32GB, USB 3.2, USB-C, USB-A, Twist Line","date":"25. studenoga 2022.","format":false,"excerpt":"Prakti\u010dan USB Flash Drive sa dvostrukim interfejsom, USB-C i USB-A priklju\u010dak USB Flash drive 32GB Twist Line Super Speed USB 3.2 Gen 1x1 (5 Gbit\/s, USB-C & USB-A), transfer up to 70 MB\/s Materijal izrade aluminium, boja crna","rel":"","context":"Srodne objave","img":{"alt_text":"","src":"https:\/\/i0.wp.com\/astehshop.com\/wp-content\/uploads\/2022\/11\/usb-32.jpg?fit=1147%2C1200&resize=350%2C200","width":350,"height":200},"classes":[]},{"id":11584,"url":"http:\/\/astehshop.com\/index.php\/product\/logilink-hdd-box-2-5inch-sata-usb-3-0\/","url_meta":{"origin":10382,"position":2},"title":"LOGILINK HDD BOX 2.5INCH SATA USB 3.0","date":"20. kolovoza 2025.","format":false,"excerpt":"\u00a0Za sve dodatne informacije mozete nas kontaktirati na\u00a0OLX poruke, 065824333 ili Viber NUDIMO KUPOVINU NOVE ROBE NA RATE: -DO 18 RATA PREKO MIKROFIN KREDITNA ORGANIZACIJA -DO 12 RATA PREKO \u0160OPING KARTICE UNICREDIT BANK \u00a0 Trgovinska Radnja TECHNO SHOP BN Nikole Tesle 31a, Bijeljina (izme\u0111u Moja Apoteka i picerije Park Ne\u0161kovi\u0107)\u2026","rel":"","context":"Srodne objave","img":{"alt_text":"","src":"https:\/\/i2.wp.com\/astehshop.com\/wp-content\/uploads\/2025\/08\/19446-Logilink-HDD-Box-25-SATA-USB-30-UA0275-2.jpg?fit=450%2C450&resize=350%2C200","width":350,"height":200},"classes":[]},{"id":11057,"url":"http:\/\/astehshop.com\/index.php\/product\/hdd-1-tb-wd10eurx-p\/","url_meta":{"origin":10382,"position":3},"title":"HDD 1 TB WD10EURX-P","date":"15. srpnja 2025.","format":false,"excerpt":"HDD 1 TB, WD10EURX-P, WD HDD 1TB SATA3 64MB Pull","rel":"","context":"Srodne objave","img":{"alt_text":"","src":"https:\/\/i2.wp.com\/astehshop.com\/wp-content\/uploads\/2025\/07\/0105533_hdd-1-tb-wd10eurx-p-wd-hdd-1tb-sata3-64mb-pull-1-god.jpeg?fit=900%2C900&resize=350%2C200","width":350,"height":200},"classes":[]},{"id":8692,"url":"http:\/\/astehshop.com\/index.php\/product\/racunar-licenciran-lenovo-ssd-hdd\/","url_meta":{"origin":10382,"position":4},"title":"RA\u010cUNAR LICENCIRAN LENOVO SSD + HDD","date":"4. prosinca 2023.","format":false,"excerpt":"Intel Core i3-10105, 8GB DDR4 RAM 1TB HDD 7200rpm 3.5\" + 256GB SSD M.2 2242 PCIe\u00ae 3.0x4 NVMe\u00ae, Intel UHD Graphics 630, 9.0mm DVD\u00b1RW, 4x USB 2.0, 1x HDMI\u00ae 2.0, 1x DisplayPort\u2122 1.4, 1x VGA, 1x Ethernet (RJ-45), 1x line-in (3.5mm), 1x serial (9-pin), USB mouse, NO Keyboard,, PSU: 180W,\u2026","rel":"","context":"Srodne objave","img":{"alt_text":"","src":"https:\/\/i0.wp.com\/astehshop.com\/wp-content\/uploads\/2023\/12\/img-1699863837-84b6139017eb.webp?fit=450%2C450&resize=350%2C200","width":350,"height":200},"classes":[]},{"id":11687,"url":"http:\/\/astehshop.com\/index.php\/product\/kingston-usb-c-dt70-256gb-3-2\/","url_meta":{"origin":10382,"position":5},"title":"Kingston USB-C DT70 256GB 3.2","date":"24. kolovoza 2025.","format":false,"excerpt":"Interfejs:\u00a0USB 3.2 Gen 1 Kapacitet:\u00a0256GB Dizajn:\u00a0Kompaktan, prenosiv Kompatibilnost:\u00a0Windows, Mac OS, Linux, Chrome OS","rel":"","context":"Srodne objave","img":{"alt_text":"","src":"https:\/\/i0.wp.com\/astehshop.com\/wp-content\/uploads\/2025\/08\/39300-Kingston-USB-C-DT70-256GB-32-1.webp?fit=450%2C450&resize=350%2C200","width":350,"height":200},"classes":[]}],"_links":{"self":[{"href":"http:\/\/astehshop.com\/index.php\/wp-json\/wp\/v2\/product\/10382"}],"collection":[{"href":"http:\/\/astehshop.com\/index.php\/wp-json\/wp\/v2\/product"}],"about":[{"href":"http:\/\/astehshop.com\/index.php\/wp-json\/wp\/v2\/types\/product"}],"replies":[{"embeddable":true,"href":"http:\/\/astehshop.com\/index.php\/wp-json\/wp\/v2\/comments?post=10382"}],"wp:featuredmedia":[{"embeddable":true,"href":"http:\/\/astehshop.com\/index.php\/wp-json\/wp\/v2\/media\/10383"}],"wp:attachment":[{"href":"http:\/\/astehshop.com\/index.php\/wp-json\/wp\/v2\/media?parent=10382"}],"wp:term":[{"taxonomy":"product_cat","embeddable":true,"href":"http:\/\/astehshop.com\/index.php\/wp-json\/wp\/v2\/product_cat?post=10382"},{"taxonomy":"product_tag","embeddable":true,"href":"http:\/\/astehshop.com\/index.php\/wp-json\/wp\/v2\/product_tag?post=10382"}],"curies":[{"name":"wp","href":"https:\/\/api.w.org\/{rel}","templated":true}]}}