{"id":10377,"date":"2025-05-12T20:43:56","date_gmt":"2025-05-12T18:43:56","guid":{"rendered":"http:\/\/astehshop.com\/?post_type=product&#038;p=10377"},"modified":"2025-05-12T20:43:57","modified_gmt":"2025-05-12T18:43:57","slug":"kuciste-zeiron-montreal-4120mm-rgb-mid-t","status":"publish","type":"product","link":"http:\/\/astehshop.com\/index.php\/product\/kuciste-zeiron-montreal-4120mm-rgb-mid-t\/","title":{"rendered":"Ku\u0107i\u0161te Zeiron Montreal 4*120MM RGB Mid-T"},"content":{"rendered":"<p>Gaming ku\u0107i\u0161te sa RGB osvjetljenjem<\/p>\n<p>Proizvo\u0111a\u010d: Zeiron<\/p>\n<p>Model: Montreal<\/p>\n<p>Boja: Crna<\/p>\n<p>Osvjetljenje: RGB<\/p>\n<p>Prednji ventilator 3&#215;120 mm<\/p>\n<p>Stra\u017enji ventilator 1x 120 mm<\/p>\n<p><strong>Za sve dodatne informacije mozete nas kontaktirati na OLX poruke, 065824333 ili Viber<\/strong><\/p>\n<p><strong>NUDIMO KUPOVINU NOVE ROBE NA RATE:<\/strong><\/p>\n<p><strong>-DO 18 RATA PREKO MIKROFIN KREDITNA ORGANIZACIJA<\/strong><\/p>\n<p><strong>-DO 12 RATA PREKO \u0160OPING KARTICE UNICREDIT BANK<\/strong><\/p>\n<p><strong>\u00a0<\/strong><\/p>\n<p><strong>Trgovinska Radnja<\/strong><\/p>\n<p><strong>TECHNO SHOP BN<\/strong><\/p>\n<p><strong>Nikole Tesle 31a, Bijeljina<\/strong><\/p>\n<p><strong>(izme\u0111u Moja Apoteka i picerije Park Ne\u0161kovi\u0107)<\/strong><\/p>\n<p><strong>055\/422-599<\/strong><\/p>\n<p><strong>065\/824-333<\/strong><\/p>\n<p><strong>066\/123-234<\/strong><\/p>\n<p><strong>Radnim danima 09-19h<\/strong><\/p>\n<p><strong>Subotom 09-16h<\/strong><\/p>\n","protected":false},"excerpt":{"rendered":"<p>Gaming ku\u0107i\u0161te sa RGB osvjetljenjem<\/p>\n<p>Proizvo\u0111a\u010d: Zeiron<\/p>\n<p>Model: Montreal<\/p>\n<p>Boja: Crna<\/p>\n<p>Osvjetljenje: RGB<\/p>\n<p>Prednji ventilator 3&#215;120 mm<\/p>\n<p>Stra\u017enji ventilator 1x 120 mm<\/p>\n","protected":false},"featured_media":10378,"comment_status":"open","ping_status":"closed","template":"","meta":{"_mi_skip_tracking":false,"_exactmetrics_sitenote_active":false,"_exactmetrics_sitenote_note":"","_exactmetrics_sitenote_category":0,"spay_email":""},"product_cat":[1129],"product_tag":[],"brands":[{"id":2439,"name":"rampage","slug":"rampage"}],"df_price":109,"df_sale_price":"","df_regular_price":109,"df_image_link":"https:\/\/i0.wp.com\/astehshop.com\/wp-content\/uploads\/2025\/05\/img-1747043092-d99ad69a9177.jpg?fit=450%2C450","jetpack_publicize_connections":[],"jetpack_sharing_enabled":true,"jetpack_likes_enabled":true,"jetpack-related-posts":[{"id":10380,"url":"http:\/\/astehshop.com\/index.php\/product\/kuciste-zeiron-z-master-x100-mid-t-2usb2-0\/","url_meta":{"origin":10377,"position":0},"title":"Ku\u0107i\u0161te Zeiron Z-MASTER X100 Mid-T 2*USB2.0+","date":"12. svibnja 2025.","format":false,"excerpt":"Gaming ku\u0107i\u0161te sa RGB osvjetljenjem Proizvo\u0111a\u010d: Zeiron Model: Z-Master Boja: Crna Osvjetljenje: RGB Prednji ventilator 3x120 mm Stra\u017enji ventilator 1x120 mm","rel":"","context":"Srodne objave","img":{"alt_text":"","src":"https:\/\/i0.wp.com\/astehshop.com\/wp-content\/uploads\/2025\/05\/img-1747043476-0a1b28d32ab4.jpg?fit=1024%2C1024&resize=350%2C200","width":350,"height":200},"classes":[]},{"id":10362,"url":"http:\/\/astehshop.com\/index.php\/product\/kuciste-rampage-plaid-v5-mesh-600w-412cm\/","url_meta":{"origin":10377,"position":1},"title":"Ku\u0107i\u0161te Rampage PLAID V5 Mesh 600W 4*12cm","date":"12. svibnja 2025.","format":false,"excerpt":"Gaming ku\u0107i\u0161te sa RGB osvjetljenjem Proizvo\u0111a\u010d: Rampage Model: PLAID V5 Mesh Ventilatori: 4x12cm RGB Boja: Crna Dimenzije (Vx\u0160xD): 375*200*452 mm Napajanje: 600W","rel":"","context":"Srodne objave","img":{"alt_text":"","src":"https:\/\/i0.wp.com\/astehshop.com\/wp-content\/uploads\/2025\/05\/img-1747042945-7c8d63763f63.jpg?fit=1024%2C1024&resize=350%2C200","width":350,"height":200},"classes":[]},{"id":4796,"url":"http:\/\/astehshop.com\/index.php\/product\/rampage-gaming-podloga-za-mis-mp-19-sa-rgb-osvjetljenjem\/","url_meta":{"origin":10377,"position":2},"title":"Rampage gaming podloga za mi\u0161 MP-19 sa RGB osvjetljenjem","date":"27. rujna 2020.","format":false,"excerpt":"Addison Rampage MP-19 Dimenzija: 3mm x 295mm x 770mm Boja: Mat crna Osvjetljenje: LED RGB","rel":"","context":"Srodne objave","img":{"alt_text":"","src":"https:\/\/i0.wp.com\/astehshop.com\/wp-content\/uploads\/2020\/09\/MP-19.jpg?fit=550%2C415&resize=350%2C200","width":350,"height":200},"classes":[]},{"id":4798,"url":"http:\/\/astehshop.com\/index.php\/product\/rampage-gaming-podloga-za-mis-mp-18-sa-rgb-osvjetljenjem\/","url_meta":{"origin":10377,"position":3},"title":"Rampage gaming podloga za mi\u0161 MP-18 sa RGB osvjetljenjem","date":"27. rujna 2020.","format":false,"excerpt":"Addison Rampage MP-18 Dimenzija: 72mm x 167mm x 331mm Boja: Mat Crna Osvjetljenje: LED RGB","rel":"","context":"Srodne objave","img":{"alt_text":"","src":"https:\/\/i1.wp.com\/astehshop.com\/wp-content\/uploads\/2020\/09\/Rampage-gaming-podloga-za-mis-MP-18-sa-RGB-osvjetljenjem.jpg?fit=700%2C500&resize=350%2C200","width":350,"height":200},"classes":[]},{"id":5889,"url":"http:\/\/astehshop.com\/index.php\/product\/ventilator-sharkoon-gaming-shark-lights-rgb-fan-120mm\/","url_meta":{"origin":10377,"position":4},"title":"Ventilator SHARKOON gaming, SHARK Lights RGB fan, 120mm","date":"29. sije\u010dnja 2022.","format":false,"excerpt":"Ventilator SHARKOON gaming, SHARK Lights RGB fan, 120mm","rel":"","context":"Srodne objave","img":{"alt_text":"","src":"https:\/\/i1.wp.com\/astehshop.com\/wp-content\/uploads\/2022\/01\/0107656_ventilator-sharkoon-gaming-shark-lights-rgb-fan-120mm.jpeg?fit=900%2C900&resize=350%2C200","width":350,"height":200},"classes":[]},{"id":5893,"url":"http:\/\/astehshop.com\/index.php\/product\/ventilator-corsair-icue-sp-120-rgb-elite-fan-co-9050108-ww\/","url_meta":{"origin":10377,"position":5},"title":"Ventilator CORSAIR iCUE SP 120 RGB ELITE Fan, CO-9050108-WW","date":"29. sije\u010dnja 2022.","format":false,"excerpt":"Ventilator CORSAIR iCUE SP 120 RGB ELITE Fan, CO-9050108-WW","rel":"","context":"Srodne objave","img":{"alt_text":"","src":"https:\/\/i2.wp.com\/astehshop.com\/wp-content\/uploads\/2022\/01\/0107483_corsair-icue-sp-120-rgb-elite-fan-co-9050108-ww.jpeg?fit=900%2C900&resize=350%2C200","width":350,"height":200},"classes":[]}],"_links":{"self":[{"href":"http:\/\/astehshop.com\/index.php\/wp-json\/wp\/v2\/product\/10377"}],"collection":[{"href":"http:\/\/astehshop.com\/index.php\/wp-json\/wp\/v2\/product"}],"about":[{"href":"http:\/\/astehshop.com\/index.php\/wp-json\/wp\/v2\/types\/product"}],"replies":[{"embeddable":true,"href":"http:\/\/astehshop.com\/index.php\/wp-json\/wp\/v2\/comments?post=10377"}],"wp:featuredmedia":[{"embeddable":true,"href":"http:\/\/astehshop.com\/index.php\/wp-json\/wp\/v2\/media\/10378"}],"wp:attachment":[{"href":"http:\/\/astehshop.com\/index.php\/wp-json\/wp\/v2\/media?parent=10377"}],"wp:term":[{"taxonomy":"product_cat","embeddable":true,"href":"http:\/\/astehshop.com\/index.php\/wp-json\/wp\/v2\/product_cat?post=10377"},{"taxonomy":"product_tag","embeddable":true,"href":"http:\/\/astehshop.com\/index.php\/wp-json\/wp\/v2\/product_tag?post=10377"}],"curies":[{"name":"wp","href":"https:\/\/api.w.org\/{rel}","templated":true}]}}