{"id":10362,"date":"2025-05-12T20:00:55","date_gmt":"2025-05-12T18:00:55","guid":{"rendered":"http:\/\/astehshop.com\/?post_type=product&#038;p=10362"},"modified":"2025-05-12T20:00:56","modified_gmt":"2025-05-12T18:00:56","slug":"kuciste-rampage-plaid-v5-mesh-600w-412cm","status":"publish","type":"product","link":"http:\/\/astehshop.com\/index.php\/product\/kuciste-rampage-plaid-v5-mesh-600w-412cm\/","title":{"rendered":"Ku\u0107i\u0161te Rampage PLAID V5 Mesh 600W 4*12cm"},"content":{"rendered":"<p>Gaming ku\u0107i\u0161te sa RGB osvjetljenjem<\/p>\n<p>Proizvo\u0111a\u010d: Rampage<\/p>\n<p>Model: PLAID V5 Mesh<\/p>\n<p>Ventilatori: 4x12cm RGB<\/p>\n<p>Boja: Crna<\/p>\n<p>Dimenzije (Vx\u0160xD): 375*200*452 mm<\/p>\n<p>Napajanje: 600W<\/p>\n<p><strong>Za sve dodatne informacije mozete nas kontaktirati na OLX poruke, 065824333 ili Viber<\/strong><\/p>\n<p><strong>\u00a0<\/strong><\/p>\n<p><strong>\u00a0NUDIMO KUPOVINU NOVE ROBE NA RATE:<\/strong><\/p>\n<p><strong>-DO 18 RATA PREKO MIKROFIN KREDITNA ORGANIZACIJA<\/strong><\/p>\n<p><strong>-DO 12 RATA PREKO \u0160OPING KARTICE UNICREDIT BANK<\/strong><\/p>\n<p><strong>\u00a0<\/strong><\/p>\n<p><strong>Trgovinska Radnja<\/strong><\/p>\n<p><strong>TECHNO SHOP BN<\/strong><\/p>\n<p><strong>Nikole Tesle 31a, Bijeljina<\/strong><\/p>\n<p><strong>(izme\u0111u Moja Apoteka i picerije Park Ne\u0161kovi\u0107)<\/strong><\/p>\n<p><strong>055\/422-599<\/strong><\/p>\n<p><strong>065\/824-333<\/strong><\/p>\n<p><strong>066\/123-234<\/strong><\/p>\n<p><strong>Radnim danima 09-19h<\/strong><\/p>\n<p><strong>Subotom 09-16h<\/strong><\/p>\n","protected":false},"excerpt":{"rendered":"<p>Gaming ku\u0107i\u0161te sa RGB osvjetljenjem<\/p>\n<p>Proizvo\u0111a\u010d: Rampage<\/p>\n<p>Model: PLAID V5 Mesh<\/p>\n<p>Ventilatori: 4x12cm RGB<\/p>\n<p>Boja: Crna<\/p>\n<p>Dimenzije (Vx\u0160xD): 375*200*452 mm<\/p>\n<p>Napajanje: 600W<\/p>\n","protected":false},"featured_media":10363,"comment_status":"open","ping_status":"closed","template":"","meta":{"_mi_skip_tracking":false,"_exactmetrics_sitenote_active":false,"_exactmetrics_sitenote_note":"","_exactmetrics_sitenote_category":0,"spay_email":""},"product_cat":[1129],"product_tag":[],"brands":[{"id":2439,"name":"rampage","slug":"rampage"}],"df_price":209,"df_sale_price":"","df_regular_price":209,"df_image_link":"https:\/\/i0.wp.com\/astehshop.com\/wp-content\/uploads\/2025\/05\/img-1747042945-7c8d63763f63.jpg?fit=450%2C450","jetpack_publicize_connections":[],"jetpack_sharing_enabled":true,"jetpack_likes_enabled":true,"jetpack-related-posts":[{"id":10377,"url":"http:\/\/astehshop.com\/index.php\/product\/kuciste-zeiron-montreal-4120mm-rgb-mid-t\/","url_meta":{"origin":10362,"position":0},"title":"Ku\u0107i\u0161te Zeiron Montreal 4*120MM RGB Mid-T","date":"12. svibnja 2025.","format":false,"excerpt":"Gaming ku\u0107i\u0161te sa RGB osvjetljenjem Proizvo\u0111a\u010d: Zeiron Model: Montreal Boja: Crna Osvjetljenje: RGB Prednji ventilator 3x120 mm Stra\u017enji ventilator 1x 120 mm","rel":"","context":"Srodne objave","img":{"alt_text":"","src":"https:\/\/i0.wp.com\/astehshop.com\/wp-content\/uploads\/2025\/05\/img-1747043092-d99ad69a9177.jpg?fit=1024%2C1024&resize=350%2C200","width":350,"height":200},"classes":[]},{"id":10380,"url":"http:\/\/astehshop.com\/index.php\/product\/kuciste-zeiron-z-master-x100-mid-t-2usb2-0\/","url_meta":{"origin":10362,"position":1},"title":"Ku\u0107i\u0161te Zeiron Z-MASTER X100 Mid-T 2*USB2.0+","date":"12. svibnja 2025.","format":false,"excerpt":"Gaming ku\u0107i\u0161te sa RGB osvjetljenjem Proizvo\u0111a\u010d: Zeiron Model: Z-Master Boja: Crna Osvjetljenje: RGB Prednji ventilator 3x120 mm Stra\u017enji ventilator 1x120 mm","rel":"","context":"Srodne objave","img":{"alt_text":"","src":"https:\/\/i0.wp.com\/astehshop.com\/wp-content\/uploads\/2025\/05\/img-1747043476-0a1b28d32ab4.jpg?fit=1024%2C1024&resize=350%2C200","width":350,"height":200},"classes":[]},{"id":4796,"url":"http:\/\/astehshop.com\/index.php\/product\/rampage-gaming-podloga-za-mis-mp-19-sa-rgb-osvjetljenjem\/","url_meta":{"origin":10362,"position":2},"title":"Rampage gaming podloga za mi\u0161 MP-19 sa RGB osvjetljenjem","date":"27. rujna 2020.","format":false,"excerpt":"Addison Rampage MP-19 Dimenzija: 3mm x 295mm x 770mm Boja: Mat crna Osvjetljenje: LED RGB","rel":"","context":"Srodne objave","img":{"alt_text":"","src":"https:\/\/i0.wp.com\/astehshop.com\/wp-content\/uploads\/2020\/09\/MP-19.jpg?fit=550%2C415&resize=350%2C200","width":350,"height":200},"classes":[]},{"id":4798,"url":"http:\/\/astehshop.com\/index.php\/product\/rampage-gaming-podloga-za-mis-mp-18-sa-rgb-osvjetljenjem\/","url_meta":{"origin":10362,"position":3},"title":"Rampage gaming podloga za mi\u0161 MP-18 sa RGB osvjetljenjem","date":"27. rujna 2020.","format":false,"excerpt":"Addison Rampage MP-18 Dimenzija: 72mm x 167mm x 331mm Boja: Mat Crna Osvjetljenje: LED RGB","rel":"","context":"Srodne objave","img":{"alt_text":"","src":"https:\/\/i1.wp.com\/astehshop.com\/wp-content\/uploads\/2020\/09\/Rampage-gaming-podloga-za-mis-MP-18-sa-RGB-osvjetljenjem.jpg?fit=700%2C500&resize=350%2C200","width":350,"height":200},"classes":[]},{"id":5072,"url":"http:\/\/astehshop.com\/index.php\/product\/rampage-gaming-headset-7-1-sa-rgb-osvjetljenjem-i-mikrofonom-za-pc-i-ps4\/","url_meta":{"origin":10362,"position":4},"title":"Rampage gaming headset 7.1 sa RGB osvjetljenjem i mikrofonom za PC i PS4","date":"30. studenoga 2020.","format":false,"excerpt":"Brand: Rampage Model: RM-K27 X-JAMMER Boja: Crna Kompatibilne sa: Windows\/Mac OS\/Linux i Playstation 4 i XBOX Povezivanje: USB, AUX 3,5mm Osvjetljenje: RGB Frekvencijski raspon: 20Hz-20KHz Impedancija: 16 Ohms Struktura: Virtual 7.1 ili Stereo kanal Mikrofon: Da Osjetljivost mikrofona: -38dB \u00b13dB Impedancija mikrofona: 2.2K Ohm Diameter zvu\u010dnika: 50mm Material: Metal, Plastika\u2026","rel":"","context":"Srodne objave","img":{"alt_text":"","src":"https:\/\/i2.wp.com\/astehshop.com\/wp-content\/uploads\/2020\/11\/RM-K27-X-JAMMER.jpg?fit=700%2C500&resize=350%2C200","width":350,"height":200},"classes":[]},{"id":6649,"url":"http:\/\/astehshop.com\/index.php\/product\/stolica-x-trike-me-gc-907-gaming-crna-s-rgb-svjetlima\/","url_meta":{"origin":10362,"position":5},"title":"Stolica X-trike me GC-907 gaming, crna s RGB svjetlima","date":"17. studenoga 2022.","format":false,"excerpt":"Materijal: sinteti\u010dka ko\u017ea Sustav prilago\u0111avanja visine: 100 cm Dimenzije naslona za le\u0111a: 58 x 82 cm Visina naslona za ruke: 25 cm Dimenzije sjede\u0107eg dijela: 57 x 48 cm Prilago\u0111avanje visine sjede\u0107eg dijela: 43 - 53 cm Visina stolice: 126 - 136 cm Maksimalna nosivost: 150 kg Neto te\u017eina: 20\u2026","rel":"","context":"Srodne objave","img":{"alt_text":"","src":"https:\/\/i2.wp.com\/astehshop.com\/wp-content\/uploads\/2022\/11\/medium_119794519_2b2aeda4f6b3589db4b53b72dd01341fcyX.png?fit=400%2C400&resize=350%2C200","width":350,"height":200},"classes":[]}],"_links":{"self":[{"href":"http:\/\/astehshop.com\/index.php\/wp-json\/wp\/v2\/product\/10362"}],"collection":[{"href":"http:\/\/astehshop.com\/index.php\/wp-json\/wp\/v2\/product"}],"about":[{"href":"http:\/\/astehshop.com\/index.php\/wp-json\/wp\/v2\/types\/product"}],"replies":[{"embeddable":true,"href":"http:\/\/astehshop.com\/index.php\/wp-json\/wp\/v2\/comments?post=10362"}],"wp:featuredmedia":[{"embeddable":true,"href":"http:\/\/astehshop.com\/index.php\/wp-json\/wp\/v2\/media\/10363"}],"wp:attachment":[{"href":"http:\/\/astehshop.com\/index.php\/wp-json\/wp\/v2\/media?parent=10362"}],"wp:term":[{"taxonomy":"product_cat","embeddable":true,"href":"http:\/\/astehshop.com\/index.php\/wp-json\/wp\/v2\/product_cat?post=10362"},{"taxonomy":"product_tag","embeddable":true,"href":"http:\/\/astehshop.com\/index.php\/wp-json\/wp\/v2\/product_tag?post=10362"}],"curies":[{"name":"wp","href":"https:\/\/api.w.org\/{rel}","templated":true}]}}