{"id":10340,"date":"2025-05-02T11:00:00","date_gmt":"2025-05-02T09:00:00","guid":{"rendered":"http:\/\/astehshop.com\/?post_type=product&#038;p=10340"},"modified":"2025-05-02T11:00:02","modified_gmt":"2025-05-02T09:00:02","slug":"rastjerivac-zivotinja-pir-senzor-alarm-solarno-napajanje","status":"publish","type":"product","link":"http:\/\/astehshop.com\/index.php\/product\/rastjerivac-zivotinja-pir-senzor-alarm-solarno-napajanje\/","title":{"rendered":"Rastjeriva\u010d \u017eivotinja, PIR senzor, alarm, solarno napajanje"},"content":{"rendered":"<p>Tra\u017eite li u\u010dinkovito rje\u0161enje za sprje\u010davanje nepo\u017eeljnih \u017eivotinja u va\u0161em vrtu? Home AR02 \u0161tap za odvra\u0107anje \u017eivotinja slu\u017ei upravo tome, jer u\u010dinkovito odvra\u0107a male glodavce, ve\u0107e \u017eivotinje, pa \u010dak i ptice.<\/p>\n<p>Ovaj ure\u0111aj radi u \u0161irokom frekvencijskom rasponu (13,5 kHz &#8211; 23,5 kHz), \u0161to vam omogu\u0107uje precizno pode\u0161avanje za\u0161tite od \u017eeljene \u017eivotinjske vrste.<\/p>\n<p>Ima PIR senzor pokreta koji detektira kretanje s udaljenosti do 8 metara, tako da se alarm za \u017eivotinje aktivira samo kada je to potrebno, \u0161tede\u0107i energiju.<\/p>\n<p>Ugra\u0111eni solarni panel i prilo\u017eeni USB kabel za punjenje osiguravaju da je potrebna energija uvijek dostupna.<\/p>\n<p>Osim toga, ovaj se \u0161tap mo\u017ee zabiti u zemlju ili \u010dak objesiti, pa se mo\u017ee izuzetno fleksibilno koristiti u razli\u010ditim dijelovima vrta.<\/p>\n<p>Zamjenjive NiMH baterije dodatno pove\u0107avaju udobnost i vrijeme kori\u0161tenja.<\/p>\n<p>Ne dopustite da vam \u017eivotinje remete mir u vrtu: odaberite Home AR02 \u0161tap za odvra\u0107anje \u017eivotinja i u\u017eivajte u neometanom \u017eivotu u vrtu!<\/p>\n<p>\u2022 u\u010dinkovit sa svojim frekvencijskim pojasima koji se mogu birati,<br \/>\n\u2022 prikladan je za tjeranje malih glodavaca, mi\u0161eva, \u0161takora ili ve\u0107ih pasa, lisica, ma\u010daka i ptica<br \/>\n\u2022 postavljanje u zemlju ili vje\u0161anje<br \/>\n\u2022 13.5kHz \u2013 23.5kHz LED bljeskalica<br \/>\n\u2022 senzor pokreta BLUSH<br \/>\n\u2022 ugra\u0111eni solarni panel \u2022 opcijski bljeskalica<br \/>\n\u2022 za\u0161tita od vode IPX4: za\u0161ti\u0107ena od prskanja vode (iz svih smjerova)<br \/>\n\u2022 domet 110\u00b0 lepezasto, 5 &#8211; 8 met<br \/>\n\u2022 pogodan za vanjsku upotrebu<br \/>\n\u2022 napajanje 3 x 1,2 V 400 mAh NiMH (AA) zamjenjive baterije, uklju\u010dene u pakiranje<br \/>\n\u2022 dimenzija 90 x (130\/380) x 68 mm<br \/>\n\u2022 pribor: USB kabel za punjenje<\/p>\n","protected":false},"excerpt":{"rendered":"<p>Tra\u017eite li u\u010dinkovito rje\u0161enje za sprje\u010davanje nepo\u017eeljnih \u017eivotinja u va\u0161em vrtu? Home AR02 \u0161tap za odvra\u0107anje \u017eivotinja slu\u017ei upravo tome, jer u\u010dinkovito odvra\u0107a male glodavce, ve\u0107e \u017eivotinje, pa \u010dak i ptice.<\/p>\n<p>Ovaj ure\u0111aj radi u \u0161irokom frekvencijskom rasponu (13,5 kHz &#8211; 23,5 kHz), \u0161to vam omogu\u0107uje precizno pode\u0161avanje za\u0161tite od \u017eeljene \u017eivotinjske vrste.<\/p>\n<p>Ima PIR senzor pokreta koji detektira kretanje s udaljenosti do 8 metara, tako da se alarm za \u017eivotinje aktivira samo kada je to potrebno, \u0161tede\u0107i energiju.<\/p>\n<p>Ugra\u0111eni solarni panel i prilo\u017eeni USB kabel za punjenje osiguravaju da je potrebna energija uvijek dostupna.<\/p>\n<p>Osim toga, ovaj se \u0161tap mo\u017ee zabiti u zemlju ili \u010dak objesiti, pa se mo\u017ee izuzetno fleksibilno koristiti u razli\u010ditim dijelovima vrta.<\/p>\n<p>Zamjenjive NiMH baterije dodatno pove\u0107avaju udobnost i vrijeme kori\u0161tenja.<\/p>\n<p>Ne dopustite da vam \u017eivotinje remete mir u vrtu: odaberite Home AR02 \u0161tap za odvra\u0107anje \u017eivotinja i u\u017eivajte u neometanom \u017eivotu u vrtu!<\/p>\n<p>\u2022 u\u010dinkovit sa svojim frekvencijskim pojasima koji se mogu birati,<br \/>\n\u2022 prikladan je za tjeranje malih glodavaca, mi\u0161eva, \u0161takora ili ve\u0107ih pasa, lisica, ma\u010daka i ptica<br \/>\n\u2022 postavljanje u zemlju ili vje\u0161anje<br \/>\n\u2022 13.5kHz \u2013 23.5kHz LED bljeskalica<br \/>\n\u2022 senzor pokreta BLUSH<br \/>\n\u2022 ugra\u0111eni solarni panel \u2022 opcijski bljeskalica<br \/>\n\u2022 za\u0161tita od vode IPX4: za\u0161ti\u0107ena od prskanja vode (iz svih smjerova)<br \/>\n\u2022 domet 110\u00b0 lepezasto, 5 &#8211; 8 met<br \/>\n\u2022 pogodan za vanjsku upotrebu<br \/>\n\u2022 napajanje 3 x 1,2 V 400 mAh NiMH (AA) zamjenjive baterije, uklju\u010dene u pakiranje<br \/>\n\u2022 dimenzija 90 x (130\/380) x 68 mm<br \/>\n\u2022 pribor: USB kabel za punjenje<\/p>\n","protected":false},"featured_media":10341,"comment_status":"open","ping_status":"closed","template":"","meta":{"_mi_skip_tracking":false,"_exactmetrics_sitenote_active":false,"_exactmetrics_sitenote_note":"","_exactmetrics_sitenote_category":0,"spay_email":""},"product_cat":[8032],"product_tag":[280,8047,8046,8048],"brands":[],"df_price":69,"df_sale_price":"","df_regular_price":69,"df_image_link":"https:\/\/i0.wp.com\/astehshop.com\/wp-content\/uploads\/2025\/05\/45783_1723623859sft147iej9.png?fit=450%2C450","jetpack_publicize_connections":[],"jetpack_sharing_enabled":true,"jetpack_likes_enabled":true,"jetpack-related-posts":[{"id":7928,"url":"http:\/\/astehshop.com\/index.php\/product\/pametni-wifi-detektor-pokreta-360-stepeni\/","url_meta":{"origin":10340,"position":0},"title":"Pametni WIFI detektor pokreta 360 stepeni","date":"10. lipnja 2023.","format":false,"excerpt":"PIR detektor pokreta WiFi montiran na strop sa \u0161irokim vidnim poljem od 360\u00b0 Tuya Pir Smart WiFi Motion Sensor je WiFi stropni detektor provale s PIR tehnologijom. Ure\u0111aj je dizajniran za stropnu ili zidnu monta\u017eu. Mo\u017ee otkriti temperaturu ljudskog tijela u \u010duvanom prostoru, definiranom krugom od 360 \u00b0. Detektor koristi\u2026","rel":"","context":"Srodne objave","img":{"alt_text":"","src":"https:\/\/i2.wp.com\/astehshop.com\/wp-content\/uploads\/2023\/06\/tuya-senzor-pokreta-wifi.jpg?fit=800%2C800&resize=350%2C200","width":350,"height":200},"classes":[]},{"id":5984,"url":"http:\/\/astehshop.com\/index.php\/product\/jablotron-ja-115p-pir-senzor-360\/","url_meta":{"origin":10340,"position":1},"title":"Jablotron JA-115P PIR Senzor 360\u00b0","date":"13. velja\u010de 2022.","format":false,"excerpt":"JA-115P plafonski detektor pokreta.Ugao pokrivenosti je 360\u00b0 sa radijusom pokrivenosti do 5.5 m sa visine od 3.5 m.Podesiv na dva nivoa osetljivosti.Kru\u017eni odstojnik-dozna (PLV-P-ST) razvijen je kao potvr\u0111en dodatak za detektore postavljene na plafonu tako da se kabel mo\u017ee sakriti u slu\u010dajevima kada se ne mo\u017ee uredno sakriti u plafonu.","rel":"","context":"Srodne objave","img":{"alt_text":"","src":"https:\/\/i1.wp.com\/astehshop.com\/wp-content\/uploads\/2022\/02\/JA-115P-PIR-Senzor-360\u00b0.png?fit=600%2C569&resize=350%2C200","width":350,"height":200},"classes":[]},{"id":7150,"url":"http:\/\/astehshop.com\/index.php\/product\/paradox-alarm-komplet-sa-2-senzora-i-sirenom-sp5500\/","url_meta":{"origin":10340,"position":2},"title":"Paradox alarm komplet sa 2 senzora i sirenom SP5500+","date":"21. sije\u010dnja 2023.","format":false,"excerpt":"Alarmni komplet za firme, poslovne prostore, ku\u0107e, stanove 1 x Paradox centrala SP5500+ novi model 2 x Paradox NV5 senzora sa nosa\u010dem 1 x Paradox tastatura K10 LED 1 x Solo vanjska sirena ( najbolja u klasi ) 1 x Trafox 220 na 16.5 V 1 x metalna kutija za\u2026","rel":"","context":"Srodne objave","img":{"alt_text":"","src":"https:\/\/i2.wp.com\/astehshop.com\/wp-content\/uploads\/2023\/01\/paradox-sa-2-senzora.jpg?fit=1200%2C953&resize=350%2C200","width":350,"height":200},"classes":[]},{"id":2891,"url":"http:\/\/astehshop.com\/index.php\/product\/detektor-topline\/","url_meta":{"origin":10340,"position":3},"title":"Detektor topline","date":"8. listopada 2018.","format":false,"excerpt":"Alarmira za temp. iznad 54C Ovaj detektor topline se uklju\u010duje kada detektira toplinu ve\u0107u od 54C. Pogodan je za postavljanje u prostorije u kojima se ne smiju primjenjivati dimni alarmi, kao \u0161to je kuhinja. Sirena alarma je preko 85 dB. Uz glasnu sirenu, alarm je tako\u0111er opremljen i gumbom za\u2026","rel":"","context":"Srodne objave","img":{"alt_text":"","src":"https:\/\/i0.wp.com\/astehshop.com\/wp-content\/uploads\/2018\/10\/detektor-topline.jpg?fit=974%2C1048&resize=350%2C200","width":350,"height":200},"classes":[]},{"id":7064,"url":"http:\/\/astehshop.com\/index.php\/product\/ajax-alarm-komplet-starter-sa-1-senzorom-kontrola-putem-telefona\/","url_meta":{"origin":10340,"position":4},"title":"Ajax alarm komplet Starter sa 1 senzorom &#8211; kontrola putem telefona","date":"10. prosinca 2022.","format":false,"excerpt":"Alarmni komplet za firme, poslovne prostore, ku\u0107e, stanove 1 x AJAX Hub WH alarmna centrala 1 x AJAX MotionProtect WH be\u017ei\u010dni PIR detektor Ajax\u00a0 alarmni komplet sa po jednim PIR senzorom nudi mogu\u0107nost da pokrijete ulaz u ku\u0107u ili dvori\u0161te, odnosno manji lokal ili trafiku koji mo\u017eete spojiti na internet\u2026","rel":"","context":"Srodne objave","img":{"alt_text":"","src":"https:\/\/i0.wp.com\/astehshop.com\/wp-content\/uploads\/2022\/12\/ajax-alarm-1-senzor.jpg?fit=1200%2C953&resize=350%2C200","width":350,"height":200},"classes":[]},{"id":7068,"url":"http:\/\/astehshop.com\/index.php\/product\/ajax-alarm-komplet-sa-1-senzorom-i-sirenom-kontrola-putem-telefona\/","url_meta":{"origin":10340,"position":5},"title":"Ajax alarm komplet sa 1 senzorom i sirenom &#8211; kontrola putem telefona","date":"10. prosinca 2022.","format":false,"excerpt":"Alarmni komplet za firme, poslovne prostore, ku\u0107e, stanove 1 x AJAX Hub WH alarmna centrala 1 x AJAX MotionProtect WH be\u017ei\u010dni PIR detektor 1 x AJAX SpaceControl WH daljinski upravlja\u010d 1 x AJAX HomeSiren WH Ajax\u00a0 alarmni komplet sa po jednim PIR senzorom nudi mogu\u0107nost da pokrijete ulaz u ku\u0107u\u2026","rel":"","context":"Srodne objave","img":{"alt_text":"","src":"https:\/\/i1.wp.com\/astehshop.com\/wp-content\/uploads\/2022\/12\/ajax-sa-sirenom.jpg?fit=1200%2C953&resize=350%2C200","width":350,"height":200},"classes":[]}],"_links":{"self":[{"href":"http:\/\/astehshop.com\/index.php\/wp-json\/wp\/v2\/product\/10340"}],"collection":[{"href":"http:\/\/astehshop.com\/index.php\/wp-json\/wp\/v2\/product"}],"about":[{"href":"http:\/\/astehshop.com\/index.php\/wp-json\/wp\/v2\/types\/product"}],"replies":[{"embeddable":true,"href":"http:\/\/astehshop.com\/index.php\/wp-json\/wp\/v2\/comments?post=10340"}],"wp:featuredmedia":[{"embeddable":true,"href":"http:\/\/astehshop.com\/index.php\/wp-json\/wp\/v2\/media\/10341"}],"wp:attachment":[{"href":"http:\/\/astehshop.com\/index.php\/wp-json\/wp\/v2\/media?parent=10340"}],"wp:term":[{"taxonomy":"product_cat","embeddable":true,"href":"http:\/\/astehshop.com\/index.php\/wp-json\/wp\/v2\/product_cat?post=10340"},{"taxonomy":"product_tag","embeddable":true,"href":"http:\/\/astehshop.com\/index.php\/wp-json\/wp\/v2\/product_tag?post=10340"}],"curies":[{"name":"wp","href":"https:\/\/api.w.org\/{rel}","templated":true}]}}