{"id":10338,"date":"2025-05-02T10:57:25","date_gmt":"2025-05-02T08:57:25","guid":{"rendered":"http:\/\/astehshop.com\/?post_type=product&#038;p=10338"},"modified":"2025-05-02T10:57:26","modified_gmt":"2025-05-02T08:57:26","slug":"elektricna-zamka-za-insekte-uv-svjetlost-7w","status":"publish","type":"product","link":"http:\/\/astehshop.com\/index.php\/product\/elektricna-zamka-za-insekte-uv-svjetlost-7w\/","title":{"rendered":"Elektri\u010dna zamka za insekte, UV svjetlost 7W"},"content":{"rendered":"<p>Elektri\u010dna zamka za insekte ( Svjetiljka Protiv Komaraca ) uz pomo\u0107 UV svjetla privla\u010di insekte (muhe, moljci, komarci). UV svjetiljka je u potpunosti sigurna za ljude i ku\u0107ne ljubimce.<br \/>\nKo\u0161ara za sakupljanje insekata, zamka usisava insekte koje se u ko\u0161ari su\u0161e bez ikakve pomo\u0107i toksina. Idealno rje\u0161enje za doma\u010dinstva, ljetnikovce i vikendice.<br \/>\nPodru\u010dje aktivnog rada 50m\u00b2, UV ljubi\u010dasta lampa 7W, napajanje 230 VAC \/ 50Hz, dimenzije 265 x 295 x 265 mm<\/p>\n","protected":false},"excerpt":{"rendered":"<p>Elektri\u010dna zamka za insekte ( Svjetiljka Protiv Komaraca ) uz pomo\u0107 UV svjetla privla\u010di insekte (muhe, moljci, komarci). UV svjetiljka je u potpunosti sigurna za ljude i ku\u0107ne ljubimce.<br \/>\nKo\u0161ara za sakupljanje insekata, zamka usisava insekte koje se u ko\u0161ari su\u0161e bez ikakve pomo\u0107i toksina. Idealno rje\u0161enje za doma\u010dinstva, ljetnikovce i vikendice.<br \/>\nPodru\u010dje aktivnog rada 50m\u00b2, UV ljubi\u010dasta lampa 7W, napajanje 230 VAC \/ 50Hz, dimenzije 265 x 295 x 265 mm<\/p>\n","protected":false},"featured_media":10339,"comment_status":"open","ping_status":"closed","template":"","meta":{"_mi_skip_tracking":false,"_exactmetrics_sitenote_active":false,"_exactmetrics_sitenote_note":"","_exactmetrics_sitenote_category":0,"spay_email":""},"product_cat":[8032],"product_tag":[8033,8045],"brands":[],"df_price":89,"df_sale_price":"","df_regular_price":89,"df_image_link":"https:\/\/i2.wp.com\/astehshop.com\/wp-content\/uploads\/2025\/05\/17688_16862501651imlks9kj3.png?fit=450%2C450","jetpack_publicize_connections":[],"jetpack_sharing_enabled":true,"jetpack_likes_enabled":true,"jetpack-related-posts":[{"id":10334,"url":"http:\/\/astehshop.com\/index.php\/product\/elektricna-zamka-za-insekte-uv-svjetlost-18-w\/","url_meta":{"origin":10338,"position":0},"title":"Elektri\u010dna zamka za insekte, UV svjetlost 18 W","date":"2. svibnja 2025.","format":false,"excerpt":"Svjetiljka Protiv Komaraca . Ova zamka radi na principu UV-A svjetlosti kojim privla\u010di insekte osjetljive na svjetlost kao \u0161to su: muhe, komarci, moljci. Visokonaponska mre\u017eica strujnim udarom uni\u0161tava insekte. Specijalna UV-A fluo cijev je potpuno bezopasna za ljude i ku\u0107ne ljubimce. Spoljna za\u0161titna mre\u017eica spre\u010dava dodirivanje visokonaponske mre\u017eice. Ova zamka\u2026","rel":"","context":"Srodne objave","img":{"alt_text":"","src":"https:\/\/i0.wp.com\/astehshop.com\/wp-content\/uploads\/2025\/05\/11695_1686226343eteb9nubif.png?fit=1200%2C1200&resize=350%2C200","width":350,"height":200},"classes":[]},{"id":10336,"url":"http:\/\/astehshop.com\/index.php\/product\/elektricna-zamka-za-insekte-uv-svjetlost-8w\/","url_meta":{"origin":10338,"position":1},"title":"Elektri\u010dna zamka za insekte, UV svjetlost 8W","date":"2. svibnja 2025.","format":false,"excerpt":"Svjetiljka Protiv Komaraca . Ova zamka radi na principu UV-A svjetlosti kojim privla\u010di insekte osjetljive na svjetlost kao \u0161to su: muhe, komarci, moljci. Visokonaponska mre\u017eica strujnim udarom uni\u0161tava insekte. Specijalna UV-A fluo cijev je potpuno bezopasna za ljude i ku\u0107ne ljubimce. Spoljna za\u0161titna mre\u017eica spre\u010dava dodirivanje visokonaponske mre\u017eice. Ova zamka\u2026","rel":"","context":"Srodne objave","img":{"alt_text":"","src":"https:\/\/i2.wp.com\/astehshop.com\/wp-content\/uploads\/2025\/05\/9497_1686172263fjloysormm.png?fit=1200%2C1200&resize=350%2C200","width":350,"height":200},"classes":[]},{"id":5707,"url":"http:\/\/astehshop.com\/index.php\/product\/xiaomi-mi-pametna-lampa-2\/","url_meta":{"origin":10338,"position":2},"title":"Xiaomi Mi pametna lampa 2","date":"5. prosinca 2021.","format":false,"excerpt":"\u2022\u00a0Osvjetljenje cijelog tijela lampe \u010dini je svjetlijom\u00a0- Mi No\u0107na svjetiljka 2 nudi virtualni kaleidoskop boja. Prilagodite osvjetljenje svom raspolo\u017eenju. Postavite ga za igre, \u010ditanje ili bilo koju drugu aktivnost. Kako biste pobolj\u0161ali obrasce spavanja i razinu udobnosti brzo i jednostavno prilagodite svjetlinu. \u2022\u00a0Nadogra\u0111eno svjetlo i tama, udovoljavaju razli\u010ditim potrebama za\u2026","rel":"","context":"Srodne objave","img":{"alt_text":"","src":"https:\/\/i2.wp.com\/astehshop.com\/wp-content\/uploads\/2021\/12\/Xiaomi-Mi-pametna-lampa-2.jpg?fit=800%2C800&resize=350%2C200","width":350,"height":200},"classes":[]},{"id":8268,"url":"http:\/\/astehshop.com\/index.php\/product\/konvektorska-grijalica-green-tech-1500w-elektricna\/","url_meta":{"origin":10338,"position":3},"title":"Konvektorska grijalica Green Tech 1500W, elektri\u010dna","date":"24. rujna 2023.","format":false,"excerpt":"Snaga grija\u010da: 1500 W 2 postavke topline: 750 \/ 1500 W Podesiva kontrola termostata Za\u0161tita od pregrijavanja (automatsko isklju\u010divanje u slu\u010daju pregrijavanja: da, termostat za za\u0161titu od previsoke temperature: da) Aluminijski grija\u0107i element u obliku slova X Indikator napajanja Vrsta kontrole: mehani\u010dka Tajmer: ne Daljinski upravlja\u010d: ne Automatski prekida\u010d: da\u2026","rel":"","context":"Srodne objave","img":{"alt_text":"","src":"https:\/\/i2.wp.com\/astehshop.com\/wp-content\/uploads\/2023\/09\/HCN-2000_5243.png?fit=1200%2C1074&resize=350%2C200","width":350,"height":200},"classes":[]},{"id":2841,"url":"http:\/\/astehshop.com\/index.php\/product\/senzor-detektor-pokreta\/","url_meta":{"origin":10338,"position":4},"title":"Senzor detektor pokreta","date":"22. srpnja 2018.","format":false,"excerpt":"Detektor pokreta neosjetljiv na ku\u0107ne ljubimce do 25 kilograma, \u010detiri (Quad) PIR elementa za detekciju, digitalno procesiranje signala, podesivo podru\u010dje detekcije od 5m do 15m, napajanje 9,6 do 16 Vdc, kontakti C i NC, tamper prekida\u010d","rel":"","context":"Srodne objave","img":{"alt_text":"","src":"https:\/\/i1.wp.com\/astehshop.com\/wp-content\/uploads\/2018\/07\/LC100PI.jpg?fit=965%2C1200&resize=350%2C200","width":350,"height":200},"classes":[]},{"id":8411,"url":"http:\/\/astehshop.com\/index.php\/product\/bft-motor-za-kliznu-kapiju-ares-veloce-smart-bt-kit-a500-int\/","url_meta":{"origin":10338,"position":5},"title":"BFT Motor za kliznu kapiju ARES VELOCE  SMART BT KIT  A500 INT","date":"22. listopada 2023.","format":false,"excerpt":"Motor za kliznu kapiju ARES VELOCE 500. Za kapije do 500 kg. Cijena je U kit-u i uz motor dolaze 2 x daljinski , lampa bljeskaliva i fotocelije.BRZI motor 25 m\/miv.","rel":"","context":"Srodne objave","img":{"alt_text":"","src":"https:\/\/i0.wp.com\/astehshop.com\/wp-content\/uploads\/2023\/10\/kit-completo-bft-ares-veloce-smart-bt-a500-500kg-24v-uso-intensivo-fast-rapido-r925340-00001.jpg?fit=1200%2C1081&resize=350%2C200","width":350,"height":200},"classes":[]}],"_links":{"self":[{"href":"http:\/\/astehshop.com\/index.php\/wp-json\/wp\/v2\/product\/10338"}],"collection":[{"href":"http:\/\/astehshop.com\/index.php\/wp-json\/wp\/v2\/product"}],"about":[{"href":"http:\/\/astehshop.com\/index.php\/wp-json\/wp\/v2\/types\/product"}],"replies":[{"embeddable":true,"href":"http:\/\/astehshop.com\/index.php\/wp-json\/wp\/v2\/comments?post=10338"}],"wp:featuredmedia":[{"embeddable":true,"href":"http:\/\/astehshop.com\/index.php\/wp-json\/wp\/v2\/media\/10339"}],"wp:attachment":[{"href":"http:\/\/astehshop.com\/index.php\/wp-json\/wp\/v2\/media?parent=10338"}],"wp:term":[{"taxonomy":"product_cat","embeddable":true,"href":"http:\/\/astehshop.com\/index.php\/wp-json\/wp\/v2\/product_cat?post=10338"},{"taxonomy":"product_tag","embeddable":true,"href":"http:\/\/astehshop.com\/index.php\/wp-json\/wp\/v2\/product_tag?post=10338"}],"curies":[{"name":"wp","href":"https:\/\/api.w.org\/{rel}","templated":true}]}}