{"id":10313,"date":"2025-05-02T09:44:11","date_gmt":"2025-05-02T07:44:11","guid":{"rendered":"http:\/\/astehshop.com\/?post_type=product&#038;p=10313"},"modified":"2025-05-02T09:44:12","modified_gmt":"2025-05-02T07:44:12","slug":"tv-box-amazon-fire-tv-stick-firestick-hd-1080p-wifi-5-8gb","status":"publish","type":"product","link":"http:\/\/astehshop.com\/index.php\/product\/tv-box-amazon-fire-tv-stick-firestick-hd-1080p-wifi-5-8gb\/","title":{"rendered":"TV BOX Amazon Fire TV Stick Firestick HD 1080p WiFi 5, 8GB"},"content":{"rendered":"<p>Amazon Fire TV Stick HD (2024) predstavlja novu generaciju popularnih streaming ure\u0111aja, idealnu za korisnike koji tra\u017ee pristupa\u010dno rje\u0161enje za visokokvalitetno gledanje sadr\u017eaja. Ovaj model podr\u017eava Full HD 1080p rezoluciju uz HDR10, HDR10+ i HLG za bogate boje i o\u0161tru sliku.<\/p>\n<p>&nbsp;<\/p>\n<p>Pogonjen \u010detverojezgrenim MediaTek MT8695D procesorom (1.7 GHz) i PowerVR GE8300 GPU-om, ovaj ure\u0111aj osigurava fluidan rad i brzo pokretanje aplikacija. Uz 1GB RAM-a i 8GB interne memorije, omogu\u0107ava pohranu va\u0161ih omiljenih aplikacija i sadr\u017eaja.<\/p>\n<p>&nbsp;<\/p>\n<p>Uz ugra\u0111eni Wi-Fi 5 (802.11ac), Fire TV Stick HD pru\u017ea brzu i stabilnu mre\u017enu vezu, dok HDMI Dolby passthrough podr\u017eava kvalitetan zvuk za ve\u0107inu audio sistema. Najnoviji Alexa Voice Remote dolazi s integrisanim TV kontrolama, omogu\u0107avaju\u0107i upravljanje ja\u010dinom zvuka i napajanjem direktno s jednog ure\u0111aja.<\/p>\n<p>&nbsp;<\/p>\n<p>Dimenzije ure\u0111aja (86 mm x 30 mm x 13 mm) i te\u017eina od samo 32 g \u010dine ga kompaktnim dodatkom za svaki TV setup. Fire OS 7 osigurava intuitivno korisni\u010dko iskustvo, dok Alexa asistencija omogu\u0107ava upravljanje glasom za br\u017ei pristup omiljenim sadr\u017eajima.<\/p>\n<p>&nbsp;<\/p>\n<p>Specifikacije:<\/p>\n<p>&nbsp;<\/p>\n<ul>\n<li>Proizvo\u0111a\u010d:\u00a0Amazon<\/li>\n<li>Model:\u00a0Fire TV Stick HD (2024)<\/li>\n<li>Rezolucija:\u00a0Full HD 1080p<\/li>\n<li>HDR podr\u0161ka:\u00a0HDR10, HDR10+, HLG<\/li>\n<li>Procesor:\u00a0MediaTek MT8695D, \u010detverojezgreni (1.7 GHz)<\/li>\n<li>GPU:\u00a0PowerVR GE8300<\/li>\n<li>RAM:\u00a01 GB<\/li>\n<li>Interna memorija:\u00a08 GB<\/li>\n<li>Povezivanje:\u00a0Wi-Fi 5 (802.11ac, 2&#215;2 MIMO)<\/li>\n<li>Audio:\u00a0HDMI Dolby passthrough<\/li>\n<li>OS:\u00a0Fire OS 7<\/li>\n<li>Upravlja\u010d:\u00a0Alexa Voice Remote s TV kontrolama<\/li>\n<\/ul>\n","protected":false},"excerpt":{"rendered":"<p>Amazon Fire TV Stick HD (2024) predstavlja novu generaciju popularnih streaming ure\u0111aja, idealnu za korisnike koji tra\u017ee pristupa\u010dno rje\u0161enje za visokokvalitetno gledanje sadr\u017eaja. Ovaj model podr\u017eava Full HD 1080p rezoluciju uz HDR10, HDR10+ i HLG za bogate boje i o\u0161tru sliku.<\/p>\n<p>&nbsp;<\/p>\n<p>Pogonjen \u010detverojezgrenim MediaTek MT8695D procesorom (1.7 GHz) i PowerVR GE8300 GPU-om, ovaj ure\u0111aj osigurava fluidan rad i brzo pokretanje aplikacija. Uz 1GB RAM-a i 8GB interne memorije, omogu\u0107ava pohranu va\u0161ih omiljenih aplikacija i sadr\u017eaja.<\/p>\n<p>&nbsp;<\/p>\n<p>Uz ugra\u0111eni Wi-Fi 5 (802.11ac), Fire TV Stick HD pru\u017ea brzu i stabilnu mre\u017enu vezu, dok HDMI Dolby passthrough podr\u017eava kvalitetan zvuk za ve\u0107inu audio sistema. Najnoviji Alexa Voice Remote dolazi s integrisanim TV kontrolama, omogu\u0107avaju\u0107i upravljanje ja\u010dinom zvuka i napajanjem direktno s jednog ure\u0111aja.<\/p>\n<p>&nbsp;<\/p>\n<p>Dimenzije ure\u0111aja (86 mm x 30 mm x 13 mm) i te\u017eina od samo 32 g \u010dine ga kompaktnim dodatkom za svaki TV setup. Fire OS 7 osigurava intuitivno korisni\u010dko iskustvo, dok Alexa asistencija omogu\u0107ava upravljanje glasom za br\u017ei pristup omiljenim sadr\u017eajima.<\/p>\n<p>&nbsp;<\/p>\n<p>Specifikacije:<\/p>\n<p>&nbsp;<\/p>\n<ul>\n<li>Proizvo\u0111a\u010d:\u00a0Amazon<\/li>\n<li>Model:\u00a0Fire TV Stick HD (2024)<\/li>\n<li>Rezolucija:\u00a0Full HD 1080p<\/li>\n<li>HDR podr\u0161ka:\u00a0HDR10, HDR10+, HLG<\/li>\n<li>Procesor:\u00a0MediaTek MT8695D, \u010detverojezgreni (1.7 GHz)<\/li>\n<li>GPU:\u00a0PowerVR GE8300<\/li>\n<li>RAM:\u00a01 GB<\/li>\n<li>Interna memorija:\u00a08 GB<\/li>\n<li>Povezivanje:\u00a0Wi-Fi 5 (802.11ac, 2&#215;2 MIMO)<\/li>\n<li>Audio:\u00a0HDMI Dolby passthrough<\/li>\n<li>OS:\u00a0Fire OS 7<\/li>\n<li>Upravlja\u010d:\u00a0Alexa Voice Remote s TV kontrolama<\/li>\n<\/ul>\n","protected":false},"featured_media":10314,"comment_status":"open","ping_status":"closed","template":"","meta":{"_mi_skip_tracking":false,"_exactmetrics_sitenote_active":false,"_exactmetrics_sitenote_note":"","_exactmetrics_sitenote_category":0,"spay_email":""},"product_cat":[156],"product_tag":[4355,7994],"brands":[],"df_price":139,"df_sale_price":"","df_regular_price":139,"df_image_link":"https:\/\/i2.wp.com\/astehshop.com\/wp-content\/uploads\/2025\/05\/0134745_tv-box-amazon-fire-tv-stick-firestick-hd-1080p-wifi-5-8gb.png?fit=450%2C450","jetpack_publicize_connections":[],"jetpack_sharing_enabled":true,"jetpack_likes_enabled":true,"jetpack-related-posts":[{"id":11093,"url":"http:\/\/astehshop.com\/index.php\/product\/tv-box-amazon-fire-tv-stick\/","url_meta":{"origin":10313,"position":0},"title":"TV BOX Amazon Fire TV Stick","date":"16. srpnja 2025.","format":false,"excerpt":"TV BOX Amazon Fire TV Stick Firestick HD 1080p WiFi 5, 8GB","rel":"","context":"Srodne objave","img":{"alt_text":"","src":"https:\/\/i0.wp.com\/astehshop.com\/wp-content\/uploads\/2025\/07\/0134745_tv-box-amazon-fire-tv-stick-firestick-hd-1080p-wifi-5-8gb.png?fit=900%2C900&resize=350%2C200","width":350,"height":200},"classes":[]},{"id":11085,"url":"http:\/\/astehshop.com\/index.php\/product\/tv-box-amazon-fire-tv-stick-firestick-4k-2nd-generation-8gb\/","url_meta":{"origin":10313,"position":1},"title":"TV BOX Amazon Fire TV Stick Firestick 4K, 2nd Generation, 8GB","date":"15. srpnja 2025.","format":false,"excerpt":"Za sve dodatne informacije mozete nas kontaktirati na\u00a0OLX poruke, 065824333 ili Viber \u00a0 NUDIMO KUPOVINU NOVE ROBE NA RATE: -DO 18 RATA PREKO MIKROFIN KREDITNA ORGANIZACIJA -DO 12 RATA PREKO \u0160OPING KARTICE UNICREDIT BANK \u00a0 Trgovinska Radnja TECHNO SHOP BN Nikole Tesle 31a, Bijeljina (izme\u0111u Moja Apoteka i picerije Park\u2026","rel":"","context":"Srodne objave","img":{"alt_text":"","src":"https:\/\/i1.wp.com\/astehshop.com\/wp-content\/uploads\/2025\/07\/0131354_tv-box-amazon-firestick-4k-2nd-generation.png?fit=900%2C900&resize=350%2C200","width":350,"height":200},"classes":[]},{"id":5919,"url":"http:\/\/astehshop.com\/index.php\/product\/philips-39-phs6707-hd-android\/","url_meta":{"origin":10313,"position":2},"title":"Philips 39&#8243; PHS6707 HD Android","date":"30. sije\u010dnja 2022.","format":false,"excerpt":"Philips 39\"\"PHS6707 LED HD TV; Android; 39\"(98cm); HDR10; Pixel Plus HD; Processing Power: Quad Core; DVB-T\/T2\/T2-HD\/C\/S\/S2; HDMIx3; USBx2; boja crna","rel":"","context":"Srodne objave","img":{"alt_text":"","src":"https:\/\/i1.wp.com\/astehshop.com\/wp-content\/uploads\/2022\/01\/39PHS670712_1-scaled.jpg?fit=1200%2C718&resize=350%2C200","width":350,"height":200},"classes":[]},{"id":11950,"url":"http:\/\/astehshop.com\/index.php\/product\/xiaomi-poco-c71-3gb-64gb-black-eu\/","url_meta":{"origin":10313,"position":3},"title":"Xiaomi Poco C71 3GB 64GB Black EU","date":"7. prosinca 2025.","format":false,"excerpt":"Xiaomi Poco C71 3GB 64GB Black EU Xiaomi Poco C71\u00a0je pristupa\u010dan pametni telefon iz popularne Poco serije, namijenjen korisnicima koji tra\u017ee pouzdan ure\u0111aj za svakodnevne aktivnosti, sa modernim dizajnom i solidnim performansama po vrlo povoljnoj cijeni. Ovaj model je idealan za osnovnu upotrebu, poput surfanja internetom, kori\u0161tenja dru\u0161tvenih mre\u017ea i\u2026","rel":"","context":"Srodne objave","img":{"alt_text":"","src":"https:\/\/i1.wp.com\/astehshop.com\/wp-content\/uploads\/2025\/12\/Xiaomi-Poco-C71-3GB-64GB-Black-EU.jpg?fit=800%2C800&resize=350%2C200","width":350,"height":200},"classes":[]},{"id":11728,"url":"http:\/\/astehshop.com\/index.php\/product\/philips-tv-qled-50pus7810-12-126-cm-50\/","url_meta":{"origin":10313,"position":4},"title":"Philips TV QLED 50PUS7810\/12 126 cm 50&#8243;","date":"19. rujna 2025.","format":false,"excerpt":"Philips TV QLED 50PUS7810\/12, 126 cm (50\") TV, Pixel Precise Ultra HD, Titan OS smart platform, Dolby Atmos sound. HDR10+","rel":"","context":"Srodne objave","img":{"alt_text":"","src":"https:\/\/i2.wp.com\/astehshop.com\/wp-content\/uploads\/2025\/09\/Philips-TV-QLED-50PUS7810.png?fit=900%2C900&resize=350%2C200","width":350,"height":200},"classes":[]},{"id":11731,"url":"http:\/\/astehshop.com\/index.php\/product\/philips-tv-qled-55pus7810-12-139-cm-55\/","url_meta":{"origin":10313,"position":5},"title":"Philips TV QLED 55PUS7810\/12, 139 cm 55&#8243;","date":"19. rujna 2025.","format":false,"excerpt":"Philips TV QLED 55PUS7810\/12, 139 cm (55\"), Pixel Precise Ultra HD, Titan OS smart platform, Dolby Atmos sound. HDR10+","rel":"","context":"Srodne objave","img":{"alt_text":"","src":"https:\/\/i2.wp.com\/astehshop.com\/wp-content\/uploads\/2025\/09\/Philips-TV-QLED-50PUS7810.png?fit=900%2C900&resize=350%2C200","width":350,"height":200},"classes":[]}],"_links":{"self":[{"href":"http:\/\/astehshop.com\/index.php\/wp-json\/wp\/v2\/product\/10313"}],"collection":[{"href":"http:\/\/astehshop.com\/index.php\/wp-json\/wp\/v2\/product"}],"about":[{"href":"http:\/\/astehshop.com\/index.php\/wp-json\/wp\/v2\/types\/product"}],"replies":[{"embeddable":true,"href":"http:\/\/astehshop.com\/index.php\/wp-json\/wp\/v2\/comments?post=10313"}],"wp:featuredmedia":[{"embeddable":true,"href":"http:\/\/astehshop.com\/index.php\/wp-json\/wp\/v2\/media\/10314"}],"wp:attachment":[{"href":"http:\/\/astehshop.com\/index.php\/wp-json\/wp\/v2\/media?parent=10313"}],"wp:term":[{"taxonomy":"product_cat","embeddable":true,"href":"http:\/\/astehshop.com\/index.php\/wp-json\/wp\/v2\/product_cat?post=10313"},{"taxonomy":"product_tag","embeddable":true,"href":"http:\/\/astehshop.com\/index.php\/wp-json\/wp\/v2\/product_tag?post=10313"}],"curies":[{"name":"wp","href":"https:\/\/api.w.org\/{rel}","templated":true}]}}