{"id":10310,"date":"2025-05-02T09:39:26","date_gmt":"2025-05-02T07:39:26","guid":{"rendered":"http:\/\/astehshop.com\/?post_type=product&#038;p=10310"},"modified":"2025-05-02T09:39:28","modified_gmt":"2025-05-02T07:39:28","slug":"tablet-blackview-tab-a6-kids-4gb-128gb-wifi-10-ocean-blue","status":"publish","type":"product","link":"http:\/\/astehshop.com\/index.php\/product\/tablet-blackview-tab-a6-kids-4gb-128gb-wifi-10-ocean-blue\/","title":{"rendered":"Tablet Blackview Tab A6 kids 4GB 128GB WiFi 10&#8243; Ocean Blue"},"content":{"rendered":"<table class=\"table table-sm\" cellspacing=\"0\">\n<tbody>\n<tr class=\"specification mt-3 table-group-divider\">\n<td class=\"border-end text-dark fw-bold\" rowspan=\"1\">Procesor (CPU)<\/td>\n<td class=\"spec-value\">Allwinner A523 \/ Octa-Core \/ 1.80 GHz<\/td>\n<\/tr>\n<tr class=\"specification\">\n<td class=\"border-end text-dark fw-bold\" rowspan=\"1\">Memorija (RAM)<\/td>\n<td class=\"spec-value\">4GB<\/td>\n<\/tr>\n<tr class=\"specification\">\n<td class=\"border-end text-dark fw-bold\" rowspan=\"1\">Ekran (Display)<\/td>\n<td class=\"spec-value\">10.1&#8221; \/ IPS LCD \/ 60Hz<\/td>\n<\/tr>\n<tr class=\"specification\">\n<td class=\"border-end text-dark fw-bold\" rowspan=\"1\">Operativni Sistem<\/td>\n<td class=\"spec-value\">Android 14<\/td>\n<\/tr>\n<tr class=\"specification\">\n<td class=\"border-end text-dark fw-bold\" rowspan=\"1\">Pohrana podataka (Storage)<\/td>\n<td class=\"spec-value\">128GB EMMC<\/td>\n<\/tr>\n<tr class=\"specification\">\n<td class=\"border-end text-dark fw-bold\" rowspan=\"1\">Grafi\u010dka karta (GPU)<\/td>\n<td class=\"spec-value\">ARM Mali-G57 MP1<\/td>\n<\/tr>\n<tr class=\"specification\">\n<td class=\"border-end text-dark fw-bold\" rowspan=\"1\">Zadnja kamera<\/td>\n<td class=\"spec-value\">8MP<\/td>\n<\/tr>\n<tr class=\"specification\">\n<td class=\"border-end text-dark fw-bold\" rowspan=\"1\">Prednja kamera<\/td>\n<td class=\"spec-value\">5MP<\/td>\n<\/tr>\n<tr class=\"specification\">\n<td class=\"border-end text-dark fw-bold\" rowspan=\"1\">Baterija<\/td>\n<td class=\"spec-value\">5100mAh<\/td>\n<\/tr>\n<\/tbody>\n<\/table>\n","protected":false},"excerpt":{"rendered":"<table class=\"table table-sm\" cellspacing=\"0\">\n<tbody>\n<tr class=\"specification mt-3 table-group-divider\">\n<td class=\"border-end text-dark fw-bold\" rowspan=\"1\">Procesor (CPU)<\/td>\n<td class=\"spec-value\">Allwinner A523 \/ Octa-Core \/ 1.80 GHz<\/td>\n<\/tr>\n<tr class=\"specification\">\n<td class=\"border-end text-dark fw-bold\" rowspan=\"1\">Memorija (RAM)<\/td>\n<td class=\"spec-value\">4GB<\/td>\n<\/tr>\n<tr class=\"specification\">\n<td class=\"border-end text-dark fw-bold\" rowspan=\"1\">Ekran (Display)<\/td>\n<td class=\"spec-value\">10.1&#8221; \/ IPS LCD \/ 60Hz<\/td>\n<\/tr>\n<tr class=\"specification\">\n<td class=\"border-end text-dark fw-bold\" rowspan=\"1\">Operativni Sistem<\/td>\n<td class=\"spec-value\">Android 14<\/td>\n<\/tr>\n<tr class=\"specification\">\n<td class=\"border-end text-dark fw-bold\" rowspan=\"1\">Pohrana podataka (Storage)<\/td>\n<td class=\"spec-value\">128GB EMMC<\/td>\n<\/tr>\n<tr class=\"specification\">\n<td class=\"border-end text-dark fw-bold\" rowspan=\"1\">Grafi\u010dka karta (GPU)<\/td>\n<td class=\"spec-value\">ARM Mali-G57 MP1<\/td>\n<\/tr>\n<tr class=\"specification\">\n<td class=\"border-end text-dark fw-bold\" rowspan=\"1\">Zadnja kamera<\/td>\n<td class=\"spec-value\">8MP<\/td>\n<\/tr>\n<tr class=\"specification\">\n<td class=\"border-end text-dark fw-bold\" rowspan=\"1\">Prednja kamera<\/td>\n<td class=\"spec-value\">5MP<\/td>\n<\/tr>\n<tr class=\"specification\">\n<td class=\"border-end text-dark fw-bold\" rowspan=\"1\">Baterija<\/td>\n<td class=\"spec-value\">5100mAh<\/td>\n<\/tr>\n<\/tbody>\n<\/table>\n","protected":false},"featured_media":10312,"comment_status":"open","ping_status":"closed","template":"","meta":{"_mi_skip_tracking":false,"_exactmetrics_sitenote_active":false,"_exactmetrics_sitenote_note":"","_exactmetrics_sitenote_category":0,"spay_email":""},"product_cat":[1347],"product_tag":[2376,7453,2732,7993,1351],"brands":[],"df_price":249,"df_sale_price":"","df_regular_price":249,"df_image_link":"https:\/\/i1.wp.com\/astehshop.com\/wp-content\/uploads\/2025\/05\/Tablet-Blackview-Tab-A6-kids-4GB-128GB-WiFi.png?fit=450%2C450","jetpack_publicize_connections":[],"jetpack_sharing_enabled":true,"jetpack_likes_enabled":true,"jetpack-related-posts":[{"id":6826,"url":"http:\/\/astehshop.com\/index.php\/product\/xiaomi-redmi-9a-4gb-64gb-black\/","url_meta":{"origin":10310,"position":0},"title":"Xiaomi Redmi 9A 4GB 64GB Black","date":"25. studenoga 2022.","format":false,"excerpt":"Xiaomi Redmi 9A u crnoj boji. IPS LCD ekran veli\u010dine 6.53 in\u010da. Te\u017eina 196g. Zadnja kamera 13 MP, prednja kamera 5MP. Android 10 operativni sistem i octa-core procesor.Interna memorija iznosi 64GB. RAM 4GB. Baterija 5000 mAh. Dual SIM (Nano-SIM, dual stand-by).","rel":"","context":"Srodne objave","img":{"alt_text":"","src":"https:\/\/i1.wp.com\/astehshop.com\/wp-content\/uploads\/2022\/11\/xiaomi-redmi-9a-4gb-64gb-black-noeu.jpg?fit=800%2C800&resize=350%2C200","width":350,"height":200},"classes":[]},{"id":6841,"url":"http:\/\/astehshop.com\/index.php\/product\/xiaomi-redmi-note-11s-6gb-128gb-blue\/","url_meta":{"origin":10310,"position":1},"title":"Xiaomi Redmi Note 11s 6GB 128GB Blue","date":"25. studenoga 2022.","format":false,"excerpt":"Veli\u010dina ekrana 6.43'' Procesor Octa-core (2x2.05 GHz Cortex-A76 & 6x2.0 GHz Cortex-A55) RAM 6GB Pohrana 128GB Kamera 108MP Baterija 5000mAh","rel":"","context":"Srodne objave","img":{"alt_text":"","src":"https:\/\/i2.wp.com\/astehshop.com\/wp-content\/uploads\/2022\/11\/xiaomi-redmi-note-11s-6gb-128gb-blue-noeu-ind.png?fit=800%2C800&resize=350%2C200","width":350,"height":200},"classes":[]},{"id":6834,"url":"http:\/\/astehshop.com\/index.php\/product\/xiaomi-redmi-10a-sport-6gb-128gb\/","url_meta":{"origin":10310,"position":2},"title":"Xiaomi Redmi 10A Sport 6GB 128GB","date":"25. studenoga 2022.","format":false,"excerpt":"Veli\u010dina ekrana 6.53'' Procesor MediaTek Helio G25 Octa-core processor RAM 6GB Pohrana 128GB Kamera 13MP Baterija 5000mAh","rel":"","context":"Srodne objave","img":{"alt_text":"","src":"https:\/\/i2.wp.com\/astehshop.com\/wp-content\/uploads\/2022\/11\/xiaomi-redmi-10a-sport-6gb-128gb-blue.jpg?fit=800%2C800&resize=350%2C200","width":350,"height":200},"classes":[]},{"id":6557,"url":"http:\/\/astehshop.com\/index.php\/product\/laptop-dell-inspiron-3502-15-6-fhd-pentium-n5030-quad-core-4gb-128gb-win10s\/","url_meta":{"origin":10310,"position":3},"title":"Laptop DELL Inspiron 3502 15.6&#8221; FHD Pentium N5030-Quad Core 4GB 128GB Win10S","date":"17. studenoga 2022.","format":false,"excerpt":"CPU Brend:\u00a0Intel CPU Model:\u00a0N5030 4Cores VGA:\u00a0Intel\u00ae UHD Graphics 605 RAM:\u00a04GB Ekran:\u00a015.6'' FHD (FULL HD) SSD:\u00a0128GB Web Kamera:\u00a0Da MicroSD:\u00a0Da OS:\u00a0Windows 10 Standard","rel":"","context":"Srodne objave","img":{"alt_text":"","src":"https:\/\/i0.wp.com\/astehshop.com\/wp-content\/uploads\/2022\/11\/dell-inspiron-3502-156-pentium-silver-n5030-4gb-128gb-win10s.jpg?fit=800%2C800&resize=350%2C200","width":350,"height":200},"classes":[]},{"id":6843,"url":"http:\/\/astehshop.com\/index.php\/product\/xiaomi-redmi-note-11s-8gb-128gb-black\/","url_meta":{"origin":10310,"position":4},"title":"Xiaomi Redmi Note 11s 8GB 128GB Black","date":"25. studenoga 2022.","format":false,"excerpt":"Veli\u010dina ekrana 6.43'' Procesor MediaTek Helio G96 Octa-core processor RAM 8GB Pohrana 128GB Kamera 108MP Baterija 5000mAh","rel":"","context":"Srodne objave","img":{"alt_text":"","src":"https:\/\/i0.wp.com\/astehshop.com\/wp-content\/uploads\/2022\/11\/xiaomi-redmi-note-11s-8gb-128gb-noeu-ind.png?fit=800%2C800&resize=350%2C200","width":350,"height":200},"classes":[]},{"id":6828,"url":"http:\/\/astehshop.com\/index.php\/product\/xiaomi-redmi-10a-4gb-64gb-grey\/","url_meta":{"origin":10310,"position":5},"title":"Xiaomi Redmi 10A 4GB 64GB Grey","date":"25. studenoga 2022.","format":false,"excerpt":"Veli\u010dina ekrana 6.53 Procesor MediaTek Helio G25 Octa-core processor RAM 4GB Pohrana 64GB Kamera 13MP Baterija 5000mAh","rel":"","context":"Srodne objave","img":{"alt_text":"","src":"https:\/\/i0.wp.com\/astehshop.com\/wp-content\/uploads\/2022\/11\/xiaomi-redmi-9a-4gb-64gb-black-noeu-1.jpg?fit=800%2C800&resize=350%2C200","width":350,"height":200},"classes":[]}],"_links":{"self":[{"href":"http:\/\/astehshop.com\/index.php\/wp-json\/wp\/v2\/product\/10310"}],"collection":[{"href":"http:\/\/astehshop.com\/index.php\/wp-json\/wp\/v2\/product"}],"about":[{"href":"http:\/\/astehshop.com\/index.php\/wp-json\/wp\/v2\/types\/product"}],"replies":[{"embeddable":true,"href":"http:\/\/astehshop.com\/index.php\/wp-json\/wp\/v2\/comments?post=10310"}],"wp:featuredmedia":[{"embeddable":true,"href":"http:\/\/astehshop.com\/index.php\/wp-json\/wp\/v2\/media\/10312"}],"wp:attachment":[{"href":"http:\/\/astehshop.com\/index.php\/wp-json\/wp\/v2\/media?parent=10310"}],"wp:term":[{"taxonomy":"product_cat","embeddable":true,"href":"http:\/\/astehshop.com\/index.php\/wp-json\/wp\/v2\/product_cat?post=10310"},{"taxonomy":"product_tag","embeddable":true,"href":"http:\/\/astehshop.com\/index.php\/wp-json\/wp\/v2\/product_tag?post=10310"}],"curies":[{"name":"wp","href":"https:\/\/api.w.org\/{rel}","templated":true}]}}