{"id":10275,"date":"2025-04-16T10:16:26","date_gmt":"2025-04-16T08:16:26","guid":{"rendered":"http:\/\/astehshop.com\/?post_type=product&#038;p=10275"},"modified":"2025-04-16T10:16:29","modified_gmt":"2025-04-16T08:16:29","slug":"logilink-kvm-switch-2port-usb-cs22u-aten","status":"publish","type":"product","link":"http:\/\/astehshop.com\/index.php\/product\/logilink-kvm-switch-2port-usb-cs22u-aten\/","title":{"rendered":"LogiLink KVM Switch 2port USB CS22U ATEN"},"content":{"rendered":"<p>Computer Connections 2x,<br \/>\nConsole: Remote Port Selector,<br \/>\n2 x USB Type A Female,<br \/>\nKVM Ports: 1 x HDB-15 Female,<br \/>\n4 x USB Type A Male, 2 x HDB-15 Male,<br \/>\n2048 x 1536, DDC2B, Plastic,<br \/>\n Weight: 0.30 kg,<br \/>\nDimensions (L x W x H): 8.24 x 7.01 x 2.46 cm<\/p>\n","protected":false},"excerpt":{"rendered":"<p>Computer Connections 2x,<br \/>\nConsole: Remote Port Selector,<br \/>\n2 x USB Type A Female,<br \/>\nKVM Ports: 1 x HDB-15 Female,<br \/>\n4 x USB Type A Male, 2 x HDB-15 Male,<br \/>\n2048 x 1536, DDC2B, Plastic,<br \/>\n Weight: 0.30 kg,<br \/>\nDimensions (L x W x H): 8.24 x 7.01 x 2.46 cm<\/p>\n","protected":false},"featured_media":10276,"comment_status":"open","ping_status":"closed","template":"","meta":{"_mi_skip_tracking":false,"_exactmetrics_sitenote_active":false,"_exactmetrics_sitenote_note":"","_exactmetrics_sitenote_category":0,"spay_email":""},"product_cat":[15],"product_tag":[],"brands":[],"df_price":64,"df_sale_price":"","df_regular_price":64,"df_image_link":"https:\/\/i1.wp.com\/astehshop.com\/wp-content\/uploads\/2025\/04\/4113-LogiLink-KVM-Switch-2port-USB-CS22U-ATEN-1.jpg?fit=450%2C450","jetpack_publicize_connections":[],"jetpack_sharing_enabled":true,"jetpack_likes_enabled":true,"jetpack-related-posts":[{"id":11694,"url":"http:\/\/astehshop.com\/index.php\/product\/kingston-usb-memorija-dtxs-64gb-usb-3-2\/","url_meta":{"origin":10275,"position":0},"title":"Kingston USB Memorija DTXS 64GB USB 3.2","date":"24. kolovoza 2025.","format":false,"excerpt":"Model DTXS\/64GB, Kapacitet 64GB, Brzina \u010citanja\/Pisanja Podataka USB 3.2 G1, Dimensions: 57mm x 19mm x 11.8mm","rel":"","context":"Srodne objave","img":{"alt_text":"","src":"https:\/\/i2.wp.com\/astehshop.com\/wp-content\/uploads\/2025\/08\/39263-Kingston-USB-Memorija-DataTraveler-Exodia-S-64GB-USB-32-1.webp?fit=450%2C450&resize=350%2C200","width":350,"height":200},"classes":[]},{"id":10308,"url":"http:\/\/astehshop.com\/index.php\/product\/racunar-all-in-one-hp-22-dg0011ny-aio-pc-a02qdea\/","url_meta":{"origin":10275,"position":1},"title":"Ra\u010dunar All in One HP 22-dg0011ny AIO PC A02QDEA","date":"2. svibnja 2025.","format":false,"excerpt":"Intel N100, 21.5\" 1920 x 1080 display, 8GB DDR5 RAM, 256GB SSD, Intel UHD Graphics, WebCam, WiFi, Bluetooth, HDMI, 2x USB 2.0, 2x USB 3.2 Type-A, USB Type-C, Audio\/microphone combo, HP Wired Keyboard and mouse combo, Boja: Crna,","rel":"","context":"Srodne objave","img":{"alt_text":"","src":"https:\/\/i2.wp.com\/astehshop.com\/wp-content\/uploads\/2025\/05\/HP-22-dg0011ny-AIO-PC-A02QDEA.jpg?fit=1024%2C768&resize=350%2C200","width":350,"height":200},"classes":[]},{"id":6945,"url":"http:\/\/astehshop.com\/index.php\/product\/wacom-graficki-tablet-intuos-s-bluetooth-black-manga\/","url_meta":{"origin":10275,"position":2},"title":"Wacom Grafi\u010dki Tablet Intuos S Bluetooth Black Manga","date":"6. prosinca 2022.","format":false,"excerpt":"Size: 200 x 160 x 8.8 mm \/ 7.87 x 6.3 x 0.35 in, Active area: 152.0 x 95.0 mm (6.0 x 3.7 in), Weight: 230g (8.1 oz), Pen: Wacom Pen 4K (LP-1100K), Cable included: Yes - 1.5 m (4.9 ft), PVC-free, USB Type A to Micro, Resolution: 2540 lpi,\u2026","rel":"","context":"Srodne objave","img":{"alt_text":"","src":"https:\/\/i1.wp.com\/astehshop.com\/wp-content\/uploads\/2022\/12\/Intuos-S-Bluetooth.png?fit=300%2C300&resize=350%2C200","width":350,"height":200},"classes":[]},{"id":7214,"url":"http:\/\/astehshop.com\/index.php\/product\/strujna-uticnica-schuko-sa-2-x-usb-port-za-punjenje\/","url_meta":{"origin":10275,"position":3},"title":"Strujna uti\u010dnica, schuko, sa 2 x USB port za punjenje","date":"9. velja\u010de 2023.","format":false,"excerpt":"Maclean MCE237 ugradna Schuko uti\u010dnica ima 2 USB uti\u010dnice za punjenje. 2 x USB ulaza s max. 2.4A omogu\u0107uje punjenje do dva ure\u0111aja u isto vrijeme. Za jednostavno punjenje svih mobilnih ure\u0111aja koji imaju USB su\u010delje, kao \u0161to su iPhone, iPad i pametni telefoni. Sigurnosni sustav osigurava ispravan priklju\u010dak struje.\u2026","rel":"","context":"Srodne objave","img":{"alt_text":"","src":"https:\/\/i2.wp.com\/astehshop.com\/wp-content\/uploads\/2023\/02\/5902211112006.png?fit=1200%2C1117&resize=350%2C200","width":350,"height":200},"classes":[]},{"id":6448,"url":"http:\/\/astehshop.com\/index.php\/product\/solarni-prijenosni-set-green-tech-sps-300-fm-tf-bluetooth-usb\/","url_meta":{"origin":10275,"position":4},"title":"Solarni prijenosni set Green Tech SPS-300, FM, TF, Bluetooth, USB","date":"23. listopada 2022.","format":false,"excerpt":"LED: Snaga: 3 W + 3 W + 3 W \/ LED \u017earulje uklju\u010dene u pakiranje Boja svjetlosti: 4000 K Napon: AC 85 - 265 V \/ 50 - 60 Hz FLUX: 300 lm LED diode: SMD Kut svjetlosti: 120 \u00b0 UGR: < 19 Radni vijek: 20 000 radnih sati\u2026","rel":"","context":"Srodne objave","img":{"alt_text":"","src":"https:\/\/i0.wp.com\/astehshop.com\/wp-content\/uploads\/2022\/10\/7937_bf9df51dc75f5892c0b67bfbdb43f6f85av.png?fit=800%2C800&resize=350%2C200","width":350,"height":200},"classes":[]},{"id":6385,"url":"http:\/\/astehshop.com\/index.php\/product\/fm-modulator-e62bluetooth\/","url_meta":{"origin":10275,"position":5},"title":"FM modulator  E62,Bluetooth","date":"30. rujna 2022.","format":false,"excerpt":"E62 Brzi, auto punja\u010d, BT v5.0, FM transmiter, s USB QC 18W i Type-C PD 20W izlazom FM modulator (Transmitter), be\u017ei\u010dno povezivanje na bilo koji auto radio (87,5 - 108 MHz), Bluetooth veza za telefon v 5.0 - Handsfree , Bluetooth stereo reprodukcija glazbe, MP3, WMA reprodukcija, reprodukcija sa USB-a\u2026","rel":"","context":"Srodne objave","img":{"alt_text":"","src":"https:\/\/i1.wp.com\/astehshop.com\/wp-content\/uploads\/2022\/09\/FM-modulator-E62Bluetooth.png?fit=1162%2C1200&resize=350%2C200","width":350,"height":200},"classes":[]}],"_links":{"self":[{"href":"http:\/\/astehshop.com\/index.php\/wp-json\/wp\/v2\/product\/10275"}],"collection":[{"href":"http:\/\/astehshop.com\/index.php\/wp-json\/wp\/v2\/product"}],"about":[{"href":"http:\/\/astehshop.com\/index.php\/wp-json\/wp\/v2\/types\/product"}],"replies":[{"embeddable":true,"href":"http:\/\/astehshop.com\/index.php\/wp-json\/wp\/v2\/comments?post=10275"}],"wp:featuredmedia":[{"embeddable":true,"href":"http:\/\/astehshop.com\/index.php\/wp-json\/wp\/v2\/media\/10276"}],"wp:attachment":[{"href":"http:\/\/astehshop.com\/index.php\/wp-json\/wp\/v2\/media?parent=10275"}],"wp:term":[{"taxonomy":"product_cat","embeddable":true,"href":"http:\/\/astehshop.com\/index.php\/wp-json\/wp\/v2\/product_cat?post=10275"},{"taxonomy":"product_tag","embeddable":true,"href":"http:\/\/astehshop.com\/index.php\/wp-json\/wp\/v2\/product_tag?post=10275"}],"curies":[{"name":"wp","href":"https:\/\/api.w.org\/{rel}","templated":true}]}}