{"id":10255,"date":"2025-04-12T15:49:29","date_gmt":"2025-04-12T13:49:29","guid":{"rendered":"http:\/\/astehshop.com\/?post_type=product&#038;p=10255"},"modified":"2026-01-10T14:32:19","modified_gmt":"2026-01-10T13:32:19","slug":"gree-aovia-gdn24be-odvlazivac-vazduha","status":"publish","type":"product","link":"http:\/\/astehshop.com\/index.php\/product\/gree-aovia-gdn24be-odvlazivac-vazduha\/","title":{"rendered":"Gree Aovia GDN24BE odvla\u017eiva\u010d vazduha"},"content":{"rendered":"<p>U\u010dinak odvla\u017eivanja 12,2 (l\/dan)<br \/>\nApsorbirana snaga: 355 W<br \/>\nTe\u017eina: 15,5 kg<br \/>\nGarancija : 2 godine<\/p>\n<div>\n<h3>GREE ODVLA\u017dIVA\u010c AOVIA<\/h3>\n<p>Odr\u017eite va\u0161 dom ugodnim tijekom cijele godine s ovim jedinstvenim\u00a0 odvla\u017eiva\u010dima. Odlikuje ih visoka u\u010dinkovitost i tihi rad.<br \/>\nIzuzetno prakti\u010dni odvla\u017eiva\u010di zraka, malenih dimenzija s vrlo modernim izgledom. Uz elegantan dizajn, ovi odvla\u017eiva\u010di ujedno imaju preglednu upravlja\u010dku plo\u010du.<\/p>\n<\/div>\n<div>\nStandardne karakteristike koje klima posjeduje:<\/p>\n<ul>\n<li>Za\u0161tita od istjecanja vode<\/li>\n<li>Zaslon za postotak vlage<\/li>\n<li>Filteri za pro\u010di\u0161\u0107avanje vode<\/li>\n<\/ul>\n<\/div>\n","protected":false},"excerpt":{"rendered":"<p>U\u010dinak odvla\u017eivanja 12,2 (l\/dan)<br \/>\nApsorbirana snaga: 355 W<br \/>\nTe\u017eina: 15,5 kg<br \/>\nGarancija : 2 godine<\/p>\n<div>\n<h3>GREE ODVLA\u017dIVA\u010c AOVIA<\/h3>\n<p>Odr\u017eite va\u0161 dom ugodnim tijekom cijele godine s ovim jedinstvenim\u00a0 odvla\u017eiva\u010dima. Odlikuje ih visoka u\u010dinkovitost i tihi rad.<br \/>\nIzuzetno prakti\u010dni odvla\u017eiva\u010di zraka, malenih dimenzija s vrlo modernim izgledom. Uz elegantan dizajn, ovi odvla\u017eiva\u010di ujedno imaju preglednu upravlja\u010dku plo\u010du.<\/p>\n<\/div>\n<div>\nStandardne karakteristike koje klima posjeduje:<\/p>\n<ul>\n<li>Za\u0161tita od istjecanja vode<\/li>\n<li>Zaslon za postotak vlage<\/li>\n<li>Filteri za pro\u010di\u0161\u0107avanje vode<\/li>\n<\/ul>\n<\/div>\n","protected":false},"featured_media":10252,"comment_status":"open","ping_status":"closed","template":"","meta":{"_mi_skip_tracking":false,"_exactmetrics_sitenote_active":false,"_exactmetrics_sitenote_note":"","_exactmetrics_sitenote_category":0,"spay_email":""},"product_cat":[2458],"product_tag":[7983,7984,7981,7980,7954,7745,7970,7973,7982],"brands":[{"id":7715,"name":"gree","slug":"gree"}],"df_price":599,"df_sale_price":"","df_regular_price":599,"df_image_link":"https:\/\/i1.wp.com\/astehshop.com\/wp-content\/uploads\/2025\/04\/gree-aovia.jpg?fit=450%2C320","jetpack_publicize_connections":[],"jetpack_sharing_enabled":true,"jetpack_likes_enabled":true,"jetpack-related-posts":[{"id":10253,"url":"http:\/\/astehshop.com\/index.php\/product\/gree-aovia-odvlazivac-vazduha-gdn20be\/","url_meta":{"origin":10255,"position":0},"title":"Gree Aovia odvla\u017eiva\u010d vazduha GDN20BE","date":"12. travnja 2025.","format":false,"excerpt":"U\u010dinak odvla\u017eivanja 12 (l\/dan) Apsorbirana snaga: 350 W Te\u017eina: 15,5 kg Garancija : 2 godine Odr\u017eite va\u0161 dom ugodnim tijekom cijele godine s ovim jedinstvenim\u00a0 odvla\u017eiva\u010dima. Odlikuje ih visoka u\u010dinkovitost i tihi rad. Izuzetno prakti\u010dni odvla\u017eiva\u010di zraka, malenih dimenzija s vrlo modernim izgledom. Uz elegantan dizajn, ovi odvla\u017eiva\u010di ujedno imaju\u2026","rel":"","context":"Srodne objave","img":{"alt_text":"","src":"https:\/\/i1.wp.com\/astehshop.com\/wp-content\/uploads\/2025\/04\/gree-aovia.jpg?fit=1200%2C852&resize=350%2C200","width":350,"height":200},"classes":[]},{"id":10251,"url":"http:\/\/astehshop.com\/index.php\/product\/gree-aovia-odvlazivac-zraka-gdn16be\/","url_meta":{"origin":10255,"position":1},"title":"Gree Aovia odvla\u017eiva\u010d zraka GDN16BE","date":"12. travnja 2025.","format":false,"excerpt":"U\u010dinak odvla\u017eivanja 9,6 (l\/dan) Apsorbirana snaga: 315 W Te\u017eina: 15,5 kg Garancija : 2 godine Odr\u017eite va\u0161 dom ugodnim tijekom cijele godine s ovim jedinstvenim\u00a0 odvla\u017eiva\u010dima. Odlikuje ih visoka u\u010dinkovitost i tihi rad. Izuzetno prakti\u010dni odvla\u017eiva\u010di zraka, malenih dimenzija s vrlo modernim izgledom. Uz elegantan dizajn, ovi odvla\u017eiva\u010di ujedno imaju\u2026","rel":"","context":"Srodne objave","img":{"alt_text":"","src":"https:\/\/i1.wp.com\/astehshop.com\/wp-content\/uploads\/2025\/04\/gree-aovia.jpg?fit=1200%2C852&resize=350%2C200","width":350,"height":200},"classes":[]},{"id":10249,"url":"http:\/\/astehshop.com\/index.php\/product\/gree-mona-gph12ao-k5nna1d-prijenosna-klima\/","url_meta":{"origin":10255,"position":2},"title":"Gree Mona GPH12AO-K5NNA1D  prijenosna klima","date":"12. travnja 2025.","format":false,"excerpt":"Udobnost i prakti\u010dnost su klju\u010dni aspekti suvremenog \u017eivota, a GREE Mona GPH12AO-K5NNA1D (WiFi) prijenosni klima ure\u0111aj predstavlja savr\u0161eno rje\u0161enje za odr\u017eavanje \u017eeljene temperature u va\u0161em domu ili uredu. Ovaj inovativni ure\u0111aj nudi \u0161irok spektar mogu\u0107nosti, pru\u017eaju\u0107i vam potpunu kontrolu nad klimatizacijom prostora. Jedna od izvanrednih karakteristika GREE Mona klima ure\u0111aja\u2026","rel":"","context":"Srodne objave","img":{"alt_text":"","src":"https:\/\/i2.wp.com\/astehshop.com\/wp-content\/uploads\/2025\/04\/Prijenosna-klima-uredaj-GREE-Mona-GPH12AN-1-1.png?fit=990%2C1010&resize=350%2C200","width":350,"height":200},"classes":[]},{"id":10230,"url":"http:\/\/astehshop.com\/index.php\/product\/gree-cosmo-regular-klima-uredaj-gwh18awdxd-k6dna1a\/","url_meta":{"origin":10255,"position":3},"title":"Gree Cosmo Regular Klima Ure\u0111aj GWH18AWDXD-K6DNA1A","date":"12. travnja 2025.","format":false,"excerpt":"U\u010dinak hla\u0111enja: 5,3kW (1 - 6,4) kW U\u010dinak grijanja: 5,6kW (1,2 - 6,8) kW Freon : R32 Grije do -25\u00b0C vanjske temperature! Preporuka za primarno grijanje na vrlo niskim vanjskim temperaturama! Prikladno za prostor do 50m2 Energetska klasa: A++ Wi-Fi upravljanje je uklju\u010deno u cijenu Garancija : 5 godina (3\u2026","rel":"","context":"Srodne objave","img":{"alt_text":"","src":"https:\/\/i1.wp.com\/astehshop.com\/wp-content\/uploads\/2025\/04\/cosmo-regular.png?fit=580%2C584&resize=350%2C200","width":350,"height":200},"classes":[]},{"id":6219,"url":"http:\/\/astehshop.com\/index.php\/product\/smartlife-wifi-detektor-vode-sirena-50db-na-baterije\/","url_meta":{"origin":10255,"position":4},"title":"SmartLife WiFi Detektor Vode | Sirena 50dB | Na Baterije","date":"7. travnja 2022.","format":false,"excerpt":"Olak\u0161ava pra\u0107enje curenja vode na te\u0161ko dostupnim mjestima Jednostavan za rukovanje, ali rje\u0161ava vrlo slo\u017een problem. Ve\u0107ina curenja vode po\u010dinje na te\u0161ko dostupnim mjestima ispod podnih plo\u010da. Kona\u010dno, sada mo\u017eete pratiti rizi\u010dna podru\u010dja i dobiti rano upozorenje ako se voda otkrije, prije nego \u0161to postane veliki problem. Ako be\u017ei\u010dni detektor\u2026","rel":"","context":"Srodne objave","img":{"alt_text":"","src":"https:\/\/i2.wp.com\/astehshop.com\/wp-content\/uploads\/2022\/04\/WIFIDW10WT.jpg?fit=400%2C400&resize=350%2C200","width":350,"height":200},"classes":[]},{"id":10110,"url":"http:\/\/astehshop.com\/index.php\/product\/gree-cosmo-regular-gwh09awcxb-k6dna1g\/","url_meta":{"origin":10255,"position":5},"title":"Gree Cosmo Regular GWH09AWCXB-K6DNA1G","date":"30. o\u017eujka 2025.","format":false,"excerpt":"GREE inverter klima ure\u0111aj GWH09AWCXB COSMO Regular 9-ka \u2013 ure\u0111aj kapaciteta 9000 BTU, sa ugra\u0111enim WiFi modulom. Izvrstan model koji vas ne\u0107e iznevjeriti u svim vremenskim ekstremima, bilo rije\u010d o hla\u0111enju ili grijanju. Visoku udobnost prostora osigurava izuzetno tihi rad, Cold plasma ionizator koji \u0107e ukloniti \u010dak 90 % bakterija\u2026","rel":"","context":"Srodne objave","img":{"alt_text":"","src":"https:\/\/i0.wp.com\/astehshop.com\/wp-content\/uploads\/2025\/03\/cosmo-re-600x600-1.png?fit=600%2C600&resize=350%2C200","width":350,"height":200},"classes":[]}],"_links":{"self":[{"href":"http:\/\/astehshop.com\/index.php\/wp-json\/wp\/v2\/product\/10255"}],"collection":[{"href":"http:\/\/astehshop.com\/index.php\/wp-json\/wp\/v2\/product"}],"about":[{"href":"http:\/\/astehshop.com\/index.php\/wp-json\/wp\/v2\/types\/product"}],"replies":[{"embeddable":true,"href":"http:\/\/astehshop.com\/index.php\/wp-json\/wp\/v2\/comments?post=10255"}],"wp:featuredmedia":[{"embeddable":true,"href":"http:\/\/astehshop.com\/index.php\/wp-json\/wp\/v2\/media\/10252"}],"wp:attachment":[{"href":"http:\/\/astehshop.com\/index.php\/wp-json\/wp\/v2\/media?parent=10255"}],"wp:term":[{"taxonomy":"product_cat","embeddable":true,"href":"http:\/\/astehshop.com\/index.php\/wp-json\/wp\/v2\/product_cat?post=10255"},{"taxonomy":"product_tag","embeddable":true,"href":"http:\/\/astehshop.com\/index.php\/wp-json\/wp\/v2\/product_tag?post=10255"}],"curies":[{"name":"wp","href":"https:\/\/api.w.org\/{rel}","templated":true}]}}