{"id":10253,"date":"2025-04-12T15:47:34","date_gmt":"2025-04-12T13:47:34","guid":{"rendered":"http:\/\/astehshop.com\/?post_type=product&#038;p=10253"},"modified":"2026-01-10T14:32:19","modified_gmt":"2026-01-10T13:32:19","slug":"gree-aovia-odvlazivac-vazduha-gdn20be","status":"publish","type":"product","link":"http:\/\/astehshop.com\/index.php\/product\/gree-aovia-odvlazivac-vazduha-gdn20be\/","title":{"rendered":"Gree Aovia odvla\u017eiva\u010d vazduha GDN20BE"},"content":{"rendered":"<p>U\u010dinak odvla\u017eivanja 12 (l\/dan)<br \/>\nApsorbirana snaga: 350 W<br \/>\nTe\u017eina: 15,5 kg<br \/>\nGarancija : 2 godine<\/p>\n<div>Odr\u017eite va\u0161 dom ugodnim tijekom cijele godine s ovim jedinstvenim\u00a0 odvla\u017eiva\u010dima. Odlikuje ih visoka u\u010dinkovitost i tihi rad.<br \/>\nIzuzetno prakti\u010dni odvla\u017eiva\u010di zraka, malenih dimenzija s vrlo modernim izgledom. Uz elegantan dizajn, ovi odvla\u017eiva\u010di ujedno imaju preglednu upravlja\u010dku plo\u010du.<\/p>\n<\/div>\n<div>\nStandardne karakteristike koje klima posjeduje:<\/p>\n<ul>\n<li>Za\u0161tita od istjecanja vode<\/li>\n<li>Zaslon za postotak vlage<\/li>\n<li>Filteri za pro\u010di\u0161\u0107avanje vode<\/li>\n<\/ul>\n<\/div>\n","protected":false},"excerpt":{"rendered":"<p>U\u010dinak odvla\u017eivanja 12 (l\/dan)<br \/>\nApsorbirana snaga: 350 W<br \/>\nTe\u017eina: 15,5 kg<br \/>\nGarancija : 2 godine<\/p>\n<div>Odr\u017eite va\u0161 dom ugodnim tijekom cijele godine s ovim jedinstvenim\u00a0 odvla\u017eiva\u010dima. Odlikuje ih visoka u\u010dinkovitost i tihi rad.<br \/>\nIzuzetno prakti\u010dni odvla\u017eiva\u010di zraka, malenih dimenzija s vrlo modernim izgledom. Uz elegantan dizajn, ovi odvla\u017eiva\u010di ujedno imaju preglednu upravlja\u010dku plo\u010du.<\/p>\n<\/div>\n<div>\nStandardne karakteristike koje klima posjeduje:<\/p>\n<ul>\n<li>Za\u0161tita od istjecanja vode<\/li>\n<li>Zaslon za postotak vlage<\/li>\n<li>Filteri za pro\u010di\u0161\u0107avanje vode<\/li>\n<\/ul>\n<\/div>\n","protected":false},"featured_media":10252,"comment_status":"open","ping_status":"closed","template":"","meta":{"_mi_skip_tracking":false,"_exactmetrics_sitenote_active":false,"_exactmetrics_sitenote_note":"","_exactmetrics_sitenote_category":0,"spay_email":""},"product_cat":[7968],"product_tag":[7977,7971,7980,7978,7979],"brands":[{"id":7715,"name":"gree","slug":"gree"}],"df_price":555,"df_sale_price":"","df_regular_price":555,"df_image_link":"https:\/\/i1.wp.com\/astehshop.com\/wp-content\/uploads\/2025\/04\/gree-aovia.jpg?fit=450%2C320","jetpack_publicize_connections":[],"jetpack_sharing_enabled":true,"jetpack_likes_enabled":true,"jetpack-related-posts":[{"id":10251,"url":"http:\/\/astehshop.com\/index.php\/product\/gree-aovia-odvlazivac-zraka-gdn16be\/","url_meta":{"origin":10253,"position":0},"title":"Gree Aovia odvla\u017eiva\u010d zraka GDN16BE","date":"12. travnja 2025.","format":false,"excerpt":"U\u010dinak odvla\u017eivanja 9,6 (l\/dan) Apsorbirana snaga: 315 W Te\u017eina: 15,5 kg Garancija : 2 godine Odr\u017eite va\u0161 dom ugodnim tijekom cijele godine s ovim jedinstvenim\u00a0 odvla\u017eiva\u010dima. Odlikuje ih visoka u\u010dinkovitost i tihi rad. Izuzetno prakti\u010dni odvla\u017eiva\u010di zraka, malenih dimenzija s vrlo modernim izgledom. Uz elegantan dizajn, ovi odvla\u017eiva\u010di ujedno imaju\u2026","rel":"","context":"Srodne objave","img":{"alt_text":"","src":"https:\/\/i1.wp.com\/astehshop.com\/wp-content\/uploads\/2025\/04\/gree-aovia.jpg?fit=1200%2C852&resize=350%2C200","width":350,"height":200},"classes":[]},{"id":10255,"url":"http:\/\/astehshop.com\/index.php\/product\/gree-aovia-gdn24be-odvlazivac-vazduha\/","url_meta":{"origin":10253,"position":1},"title":"Gree Aovia GDN24BE odvla\u017eiva\u010d vazduha","date":"12. travnja 2025.","format":false,"excerpt":"U\u010dinak odvla\u017eivanja 12,2 (l\/dan) Apsorbirana snaga: 355 W Te\u017eina: 15,5 kg Garancija : 2 godine GREE ODVLA\u017dIVA\u010c AOVIA Odr\u017eite va\u0161 dom ugodnim tijekom cijele godine s ovim jedinstvenim\u00a0 odvla\u017eiva\u010dima. Odlikuje ih visoka u\u010dinkovitost i tihi rad. Izuzetno prakti\u010dni odvla\u017eiva\u010di zraka, malenih dimenzija s vrlo modernim izgledom. Uz elegantan dizajn, ovi\u2026","rel":"","context":"Srodne objave","img":{"alt_text":"","src":"https:\/\/i1.wp.com\/astehshop.com\/wp-content\/uploads\/2025\/04\/gree-aovia.jpg?fit=1200%2C852&resize=350%2C200","width":350,"height":200},"classes":[]},{"id":10171,"url":"http:\/\/astehshop.com\/index.php\/product\/azuri-prijenosni-klima-uredaj-azo-mp25va-samo-hladenje\/","url_meta":{"origin":10253,"position":2},"title":"AZURI PRIJENOSNI KLIMA URE\u0110AJ AZO-MP25VA &#8211; samo hla\u0111enje","date":"6. travnja 2025.","format":false,"excerpt":"Prijenosni Azuri Eco Design\u00a0klima ure\u0111aj posjeduje brojne pozitivne odlike. Primjerice svojim zakrivljenim povr\u0161inama Elegantno dizajniran i ugla\u0111en Azuri, odaje elegantan dojam. Fleksibilni kota\u010di\u0107i omogu\u0107avaju olak\u0161ano pomicanje ure\u0111aja. Osim daljinskim ure\u0111ajem Eco Design\u00a0daje mogu\u0107nost kontrole performansa na samom ure\u0111aju.","rel":"","context":"Srodne objave","img":{"alt_text":"","src":"https:\/\/i1.wp.com\/astehshop.com\/wp-content\/uploads\/2025\/04\/azuri-azo-mo35vd-klima-uredaj_3e6e27db.jpeg?fit=650%2C650&resize=350%2C200","width":350,"height":200},"classes":[]},{"id":6219,"url":"http:\/\/astehshop.com\/index.php\/product\/smartlife-wifi-detektor-vode-sirena-50db-na-baterije\/","url_meta":{"origin":10253,"position":3},"title":"SmartLife WiFi Detektor Vode | Sirena 50dB | Na Baterije","date":"7. travnja 2022.","format":false,"excerpt":"Olak\u0161ava pra\u0107enje curenja vode na te\u0161ko dostupnim mjestima Jednostavan za rukovanje, ali rje\u0161ava vrlo slo\u017een problem. Ve\u0107ina curenja vode po\u010dinje na te\u0161ko dostupnim mjestima ispod podnih plo\u010da. Kona\u010dno, sada mo\u017eete pratiti rizi\u010dna podru\u010dja i dobiti rano upozorenje ako se voda otkrije, prije nego \u0161to postane veliki problem. Ako be\u017ei\u010dni detektor\u2026","rel":"","context":"Srodne objave","img":{"alt_text":"","src":"https:\/\/i2.wp.com\/astehshop.com\/wp-content\/uploads\/2022\/04\/WIFIDW10WT.jpg?fit=400%2C400&resize=350%2C200","width":350,"height":200},"classes":[]},{"id":10249,"url":"http:\/\/astehshop.com\/index.php\/product\/gree-mona-gph12ao-k5nna1d-prijenosna-klima\/","url_meta":{"origin":10253,"position":4},"title":"Gree Mona GPH12AO-K5NNA1D  prijenosna klima","date":"12. travnja 2025.","format":false,"excerpt":"Udobnost i prakti\u010dnost su klju\u010dni aspekti suvremenog \u017eivota, a GREE Mona GPH12AO-K5NNA1D (WiFi) prijenosni klima ure\u0111aj predstavlja savr\u0161eno rje\u0161enje za odr\u017eavanje \u017eeljene temperature u va\u0161em domu ili uredu. Ovaj inovativni ure\u0111aj nudi \u0161irok spektar mogu\u0107nosti, pru\u017eaju\u0107i vam potpunu kontrolu nad klimatizacijom prostora. Jedna od izvanrednih karakteristika GREE Mona klima ure\u0111aja\u2026","rel":"","context":"Srodne objave","img":{"alt_text":"","src":"https:\/\/i2.wp.com\/astehshop.com\/wp-content\/uploads\/2025\/04\/Prijenosna-klima-uredaj-GREE-Mona-GPH12AN-1-1.png?fit=990%2C1010&resize=350%2C200","width":350,"height":200},"classes":[]},{"id":8527,"url":"http:\/\/astehshop.com\/index.php\/product\/ovlazivac-zraka-green-tech-go-2235-3-5l-s-daljinskim-upravljacem\/","url_meta":{"origin":10253,"position":5},"title":"Ovla\u017eiva\u010d zraka Green Tech GO-2235, 3.5l, s daljinskim upravlja\u010dem","date":"2. studenoga 2023.","format":false,"excerpt":"Snaga: 23 W Kapacitet spremnika: 3,5 l Maksimalno radno vrijeme s jednim spremnikom vode: 20 sati Izlaz maglice: 250 ml\/h 3 razine maglice: niska, srednja i visoka Ultrazvu\u010dna frekvencija: 1,7 MHz Mogu\u0107nost postavljanja timera: 1 - 12 sati LED zaslon na dodir IR daljinski upravlja\u010d Poseban na\u010din rada prilago\u0111en za\u2026","rel":"","context":"Srodne objave","img":{"alt_text":"","src":"https:\/\/i1.wp.com\/astehshop.com\/wp-content\/uploads\/2023\/11\/GO-2235_6733.png?fit=800%2C800&resize=350%2C200","width":350,"height":200},"classes":[]}],"_links":{"self":[{"href":"http:\/\/astehshop.com\/index.php\/wp-json\/wp\/v2\/product\/10253"}],"collection":[{"href":"http:\/\/astehshop.com\/index.php\/wp-json\/wp\/v2\/product"}],"about":[{"href":"http:\/\/astehshop.com\/index.php\/wp-json\/wp\/v2\/types\/product"}],"replies":[{"embeddable":true,"href":"http:\/\/astehshop.com\/index.php\/wp-json\/wp\/v2\/comments?post=10253"}],"wp:featuredmedia":[{"embeddable":true,"href":"http:\/\/astehshop.com\/index.php\/wp-json\/wp\/v2\/media\/10252"}],"wp:attachment":[{"href":"http:\/\/astehshop.com\/index.php\/wp-json\/wp\/v2\/media?parent=10253"}],"wp:term":[{"taxonomy":"product_cat","embeddable":true,"href":"http:\/\/astehshop.com\/index.php\/wp-json\/wp\/v2\/product_cat?post=10253"},{"taxonomy":"product_tag","embeddable":true,"href":"http:\/\/astehshop.com\/index.php\/wp-json\/wp\/v2\/product_tag?post=10253"}],"curies":[{"name":"wp","href":"https:\/\/api.w.org\/{rel}","templated":true}]}}