{"id":10251,"date":"2025-04-12T15:46:02","date_gmt":"2025-04-12T13:46:02","guid":{"rendered":"http:\/\/astehshop.com\/?post_type=product&#038;p=10251"},"modified":"2026-01-10T14:32:20","modified_gmt":"2026-01-10T13:32:20","slug":"gree-aovia-odvlazivac-zraka-gdn16be","status":"publish","type":"product","link":"http:\/\/astehshop.com\/index.php\/product\/gree-aovia-odvlazivac-zraka-gdn16be\/","title":{"rendered":"Gree Aovia odvla\u017eiva\u010d zraka GDN16BE"},"content":{"rendered":"<p>U\u010dinak odvla\u017eivanja 9,6 (l\/dan)<br \/>\nApsorbirana snaga: 315 W<br \/>\nTe\u017eina: 15,5 kg<br \/>\nGarancija : 2 godine<\/p>\n<div>Odr\u017eite va\u0161 dom ugodnim tijekom cijele godine s ovim jedinstvenim\u00a0 odvla\u017eiva\u010dima. Odlikuje ih visoka u\u010dinkovitost i tihi rad.<br \/>\nIzuzetno prakti\u010dni odvla\u017eiva\u010di zraka, malenih dimenzija s vrlo modernim izgledom. Uz elegantan dizajn, ovi odvla\u017eiva\u010di ujedno imaju preglednu upravlja\u010dku plo\u010du.<\/p>\n<\/div>\n<div>\nStandardne karakteristike koje klima posjeduje:<\/p>\n<ul>\n<li>Za\u0161tita od istjecanja vode<\/li>\n<li>Zaslon za postotak vlage<\/li>\n<li>Filteri za pro\u010di\u0161\u0107avanje vode<\/li>\n<\/ul>\n<\/div>\n","protected":false},"excerpt":{"rendered":"<p>U\u010dinak odvla\u017eivanja 9,6 (l\/dan)<br \/>\nApsorbirana snaga: 315 W<br \/>\nTe\u017eina: 15,5 kg<br \/>\nGarancija : 2 godine<\/p>\n<div>Odr\u017eite va\u0161 dom ugodnim tijekom cijele godine s ovim jedinstvenim\u00a0 odvla\u017eiva\u010dima. Odlikuje ih visoka u\u010dinkovitost i tihi rad.<br \/>\nIzuzetno prakti\u010dni odvla\u017eiva\u010di zraka, malenih dimenzija s vrlo modernim izgledom. Uz elegantan dizajn, ovi odvla\u017eiva\u010di ujedno imaju preglednu upravlja\u010dku plo\u010du.<\/p>\n<\/div>\n<div>\nStandardne karakteristike koje klima posjeduje:<\/p>\n<ul>\n<li>Za\u0161tita od istjecanja vode<\/li>\n<li>Zaslon za postotak vlage<\/li>\n<li>Filteri za pro\u010di\u0161\u0107avanje vode<\/li>\n<\/ul>\n<\/div>\n","protected":false},"featured_media":10252,"comment_status":"open","ping_status":"closed","template":"","meta":{"_mi_skip_tracking":false,"_exactmetrics_sitenote_active":false,"_exactmetrics_sitenote_note":"","_exactmetrics_sitenote_category":0,"spay_email":""},"product_cat":[7968],"product_tag":[7972,435,7975,7974,7969,7971,7970,7620,7973,7976,7622],"brands":[{"id":7715,"name":"gree","slug":"gree"}],"df_price":508,"df_sale_price":"","df_regular_price":508,"df_image_link":"https:\/\/i1.wp.com\/astehshop.com\/wp-content\/uploads\/2025\/04\/gree-aovia.jpg?fit=450%2C320","jetpack_publicize_connections":[],"jetpack_sharing_enabled":true,"jetpack_likes_enabled":true,"jetpack-related-posts":[{"id":10253,"url":"http:\/\/astehshop.com\/index.php\/product\/gree-aovia-odvlazivac-vazduha-gdn20be\/","url_meta":{"origin":10251,"position":0},"title":"Gree Aovia odvla\u017eiva\u010d vazduha GDN20BE","date":"12. travnja 2025.","format":false,"excerpt":"U\u010dinak odvla\u017eivanja 12 (l\/dan) Apsorbirana snaga: 350 W Te\u017eina: 15,5 kg Garancija : 2 godine Odr\u017eite va\u0161 dom ugodnim tijekom cijele godine s ovim jedinstvenim\u00a0 odvla\u017eiva\u010dima. Odlikuje ih visoka u\u010dinkovitost i tihi rad. Izuzetno prakti\u010dni odvla\u017eiva\u010di zraka, malenih dimenzija s vrlo modernim izgledom. Uz elegantan dizajn, ovi odvla\u017eiva\u010di ujedno imaju\u2026","rel":"","context":"Srodne objave","img":{"alt_text":"","src":"https:\/\/i1.wp.com\/astehshop.com\/wp-content\/uploads\/2025\/04\/gree-aovia.jpg?fit=1200%2C852&resize=350%2C200","width":350,"height":200},"classes":[]},{"id":10255,"url":"http:\/\/astehshop.com\/index.php\/product\/gree-aovia-gdn24be-odvlazivac-vazduha\/","url_meta":{"origin":10251,"position":1},"title":"Gree Aovia GDN24BE odvla\u017eiva\u010d vazduha","date":"12. travnja 2025.","format":false,"excerpt":"U\u010dinak odvla\u017eivanja 12,2 (l\/dan) Apsorbirana snaga: 355 W Te\u017eina: 15,5 kg Garancija : 2 godine GREE ODVLA\u017dIVA\u010c AOVIA Odr\u017eite va\u0161 dom ugodnim tijekom cijele godine s ovim jedinstvenim\u00a0 odvla\u017eiva\u010dima. Odlikuje ih visoka u\u010dinkovitost i tihi rad. Izuzetno prakti\u010dni odvla\u017eiva\u010di zraka, malenih dimenzija s vrlo modernim izgledom. Uz elegantan dizajn, ovi\u2026","rel":"","context":"Srodne objave","img":{"alt_text":"","src":"https:\/\/i1.wp.com\/astehshop.com\/wp-content\/uploads\/2025\/04\/gree-aovia.jpg?fit=1200%2C852&resize=350%2C200","width":350,"height":200},"classes":[]},{"id":10171,"url":"http:\/\/astehshop.com\/index.php\/product\/azuri-prijenosni-klima-uredaj-azo-mp25va-samo-hladenje\/","url_meta":{"origin":10251,"position":2},"title":"AZURI PRIJENOSNI KLIMA URE\u0110AJ AZO-MP25VA &#8211; samo hla\u0111enje","date":"6. travnja 2025.","format":false,"excerpt":"Prijenosni Azuri Eco Design\u00a0klima ure\u0111aj posjeduje brojne pozitivne odlike. Primjerice svojim zakrivljenim povr\u0161inama Elegantno dizajniran i ugla\u0111en Azuri, odaje elegantan dojam. Fleksibilni kota\u010di\u0107i omogu\u0107avaju olak\u0161ano pomicanje ure\u0111aja. Osim daljinskim ure\u0111ajem Eco Design\u00a0daje mogu\u0107nost kontrole performansa na samom ure\u0111aju.","rel":"","context":"Srodne objave","img":{"alt_text":"","src":"https:\/\/i1.wp.com\/astehshop.com\/wp-content\/uploads\/2025\/04\/azuri-azo-mo35vd-klima-uredaj_3e6e27db.jpeg?fit=650%2C650&resize=350%2C200","width":350,"height":200},"classes":[]},{"id":10249,"url":"http:\/\/astehshop.com\/index.php\/product\/gree-mona-gph12ao-k5nna1d-prijenosna-klima\/","url_meta":{"origin":10251,"position":3},"title":"Gree Mona GPH12AO-K5NNA1D  prijenosna klima","date":"12. travnja 2025.","format":false,"excerpt":"Udobnost i prakti\u010dnost su klju\u010dni aspekti suvremenog \u017eivota, a GREE Mona GPH12AO-K5NNA1D (WiFi) prijenosni klima ure\u0111aj predstavlja savr\u0161eno rje\u0161enje za odr\u017eavanje \u017eeljene temperature u va\u0161em domu ili uredu. Ovaj inovativni ure\u0111aj nudi \u0161irok spektar mogu\u0107nosti, pru\u017eaju\u0107i vam potpunu kontrolu nad klimatizacijom prostora. Jedna od izvanrednih karakteristika GREE Mona klima ure\u0111aja\u2026","rel":"","context":"Srodne objave","img":{"alt_text":"","src":"https:\/\/i2.wp.com\/astehshop.com\/wp-content\/uploads\/2025\/04\/Prijenosna-klima-uredaj-GREE-Mona-GPH12AN-1-1.png?fit=990%2C1010&resize=350%2C200","width":350,"height":200},"classes":[]},{"id":10230,"url":"http:\/\/astehshop.com\/index.php\/product\/gree-cosmo-regular-klima-uredaj-gwh18awdxd-k6dna1a\/","url_meta":{"origin":10251,"position":4},"title":"Gree Cosmo Regular Klima Ure\u0111aj GWH18AWDXD-K6DNA1A","date":"12. travnja 2025.","format":false,"excerpt":"U\u010dinak hla\u0111enja: 5,3kW (1 - 6,4) kW U\u010dinak grijanja: 5,6kW (1,2 - 6,8) kW Freon : R32 Grije do -25\u00b0C vanjske temperature! Preporuka za primarno grijanje na vrlo niskim vanjskim temperaturama! Prikladno za prostor do 50m2 Energetska klasa: A++ Wi-Fi upravljanje je uklju\u010deno u cijenu Garancija : 5 godina (3\u2026","rel":"","context":"Srodne objave","img":{"alt_text":"","src":"https:\/\/i1.wp.com\/astehshop.com\/wp-content\/uploads\/2025\/04\/cosmo-regular.png?fit=580%2C584&resize=350%2C200","width":350,"height":200},"classes":[]},{"id":10143,"url":"http:\/\/astehshop.com\/index.php\/product\/azuri-aries-25-3-5kw-12k-25-za-do-40-kvadrata\/","url_meta":{"origin":10251,"position":5},"title":"Azuri Aries -25 3.5kW 12K -25 za do 40 kvadrata","date":"6. travnja 2025.","format":false,"excerpt":"Wi-Fi upravljanje klima ure\u0111ajem omogu\u0107ava potpunu kontrolu putem aplikacije na pametnom telefonu, uklju\u010duju\u0107i pode\u0161avanje temperature i na\u010dina rada sa bilo kojeg mjesta. Ure\u0111aj nudi napredne funkcije poput odvla\u017eivanja, samodijagnoze, visokotemperaturne sterilizacije i tihog na\u010dina rada. Ove opcije osiguravaju zdravlje, udobnost i energetsku u\u010dinkovitost, smanjuju\u0107i potro\u0161nju energije i pobolj\u0161avaju\u0107i kvalitetu zraka\u2026","rel":"","context":"Srodne objave","img":{"alt_text":"","src":"https:\/\/i1.wp.com\/astehshop.com\/wp-content\/uploads\/2025\/04\/azuri-aries.png?fit=598%2C587&resize=350%2C200","width":350,"height":200},"classes":[]}],"_links":{"self":[{"href":"http:\/\/astehshop.com\/index.php\/wp-json\/wp\/v2\/product\/10251"}],"collection":[{"href":"http:\/\/astehshop.com\/index.php\/wp-json\/wp\/v2\/product"}],"about":[{"href":"http:\/\/astehshop.com\/index.php\/wp-json\/wp\/v2\/types\/product"}],"replies":[{"embeddable":true,"href":"http:\/\/astehshop.com\/index.php\/wp-json\/wp\/v2\/comments?post=10251"}],"wp:featuredmedia":[{"embeddable":true,"href":"http:\/\/astehshop.com\/index.php\/wp-json\/wp\/v2\/media\/10252"}],"wp:attachment":[{"href":"http:\/\/astehshop.com\/index.php\/wp-json\/wp\/v2\/media?parent=10251"}],"wp:term":[{"taxonomy":"product_cat","embeddable":true,"href":"http:\/\/astehshop.com\/index.php\/wp-json\/wp\/v2\/product_cat?post=10251"},{"taxonomy":"product_tag","embeddable":true,"href":"http:\/\/astehshop.com\/index.php\/wp-json\/wp\/v2\/product_tag?post=10251"}],"curies":[{"name":"wp","href":"https:\/\/api.w.org\/{rel}","templated":true}]}}