{"id":10245,"date":"2025-04-12T15:36:35","date_gmt":"2025-04-12T13:36:35","guid":{"rendered":"http:\/\/astehshop.com\/?post_type=product&#038;p=10245"},"modified":"2026-01-10T14:32:24","modified_gmt":"2026-01-10T13:32:24","slug":"gree-console-parapetna-klima-geh12aa-k6dna1a","status":"publish","type":"product","link":"http:\/\/astehshop.com\/index.php\/product\/gree-console-parapetna-klima-geh12aa-k6dna1a\/","title":{"rendered":"Gree Console parapetna klima GEH12AA-K6DNA1A"},"content":{"rendered":"<p>GREE KLIMA PODNA CONSOLE GEH12AA\/K6DNA1A\/I GEH12AA\/K6DNA1A\/O 3,5kW\/3,8kW<\/p>\n<ul>\n<li><strong>Hla\u0111enje:<\/strong>\u00a03.52 kW<\/li>\n<li><strong>Grijanje:<\/strong>\u00a03.80 kW<\/li>\n<li><strong>Energetska klasa hla\u0111enja:<\/strong>\u00a0A++<\/li>\n<li><strong>Energetska klasa grijanja:<\/strong>\u00a0A+<\/li>\n<li><strong>WI-FI upravljanje:<\/strong>\u00a0DA<\/li>\n<li>Grijac vanjske jedinice<\/li>\n<\/ul>\n<p>Unutarnja podno-parapetna jedinica inverter sustava grijanja\/hla\u0111enja<\/p>\n<p>opremljena je izmjenjiva\u010dem topline s direktnom ekspanzijom freona,<\/p>\n<p>maskom, te svim potrebnim elementima za za\u0161titu,<\/p>\n<p>kontrolu i regulaciju ure\u0111aja i temperature.<\/p>\n<p>Vanjska jedinica inverter sustava grijanja\/hla\u0111enja (reverzibilna dizalica topline)<\/p>\n<p>opremljena je s inverterskim kompresorom, te regulacijom snage i potro\u0161nje.<\/p>\n<p>Ure\u0111aj je sljede\u0107ih tehni\u010dkih zna\u010dajki:<br \/>\nnominalni u\u010dinak hla\u0111enja: Qg= 3.52\u00a0kW<br \/>\nu\u010dinak hla\u0111enja (min. \u2013 max.) Qh = 0.8 \u2013 4.4 kW<br \/>\napsorbirana snaga u hla\u0111enju: 1 kW<br \/>\nsezonska energetska u\u010dinkovitost: SEER = 7<br \/>\nenergetski razred u hla\u0111enju: A++<br \/>\nnominalni u\u010dinak grijanja: Qg = 3.8 kW<br \/>\nu\u010dinak grijanja (min. \u2013 max.): Qg = 1.1 \u2013 4.4 kW<br \/>\napsorbirana snaga u grijanju: 0.96 kW<br \/>\nsezonska energetska u\u010dinkovitost: SCOP = 4.1<br \/>\nenergetski razred u grijanju: A+<br \/>\ngodi\u0161nja potro\u0161nja u hla\u0111enju: 175 kWh\/god<br \/>\ngodi\u0161nja potro\u0161nja u grijanju: 1093 kWh\/god<br \/>\nrazina zvu\u010dnog tlaka UJ (SPL) pri brzinama \u2013 hla\u0111enje: 25 \u2013 29 \u2013 33 \u2013 36 \u2013 38 \u2013 40 \u2013 44 dB(A)<br \/>\nrazina zvu\u010dnog tlaka UJ (SPL) pri brzinama \u2013 grijanje: 25- 29 \u2013 33 \u2013 36 \u2013 38 \u2013 40 \u2013 44 dB(A)<br \/>\nrazina zvu\u010dne snage UJ (PWL) \u2013 hla\u0111enje: 35 \u2013 39 \u2013 43- 46 \u2013 48 \u2013 50 \u2013 54 dB(A)<br \/>\nrazina zvu\u010dne snage UJ (PWL) \u2013 grijanje: 35 \u2013 39 \u2013 43- 46 \u2013 48 \u2013 50 \u2013 54 dB(A)<br \/>\nkoli\u010dina zraka UJ: V= 4.67 \u2013 6 \u2013 6.67 \u2013 7.33 \u2013 8 \u2013 8.67 \u2013 10 m3\/min<br \/>\nrazina zvu\u010dnog tlaka VJ (SPL) \u2013 grijanje: 52 dB(A)<br \/>\nrazina zvu\u010dnog tlaka VJ (SPL) \u2013 hla\u0111enje: 52 dB(A)<br \/>\nrazina zvu\u010dne snage VJ (PWL) \u2013 grijanje: 62 dB(A)<br \/>\nrazina zvu\u010dne snage VJ (PWL) \u2013 hla\u0111enje: 62 dB(A)<br \/>\nnapajanje: 220 \u2013 240 \/ 1 faza \/ 50 Hz<br \/>\nradni medij: R32<br \/>\ndimenzije UJ: V \u00d7 \u0160 \u00d7 D = 600 x 700 x 215 mm<br \/>\ndimenzije VJ: V \u00d7 \u0160 \u00d7 D = 596 x 848 x 320 mm<br \/>\nmasa UJ: 15.5 kg<br \/>\nmasa VJ: 30.5 kg<br \/>\nprotok zraka VJ \u2013 hla\u0111enje: 36.67 m3\/min<br \/>\nprotok zraka VJ \u2013 grijanje: 36.67 m3\/min<br \/>\npodru\u010dje hla\u0111enja: -15\u00b0C do 43\u00b0C<br \/>\npodru\u010dje grijanja: -22\u00b0C do 24\u00b0C<br \/>\nmaksimalna dozvoljena duljina cijevnog razvoda: 20 m<br \/>\nmaksimalna dozvoljena visina cijevnog razvoda: 10 m<\/p>\n<div>\n<div>\n<p>&nbsp;<\/p>\n<div><\/div>\n<div><a href=\"https:\/\/register.deltron.ba\/\">Registruj svoj GREE ure\u0111aj klikom ovdje<\/a><\/div>\n<div><\/div>\n<div>MONTA\u017dA MONO-SPLIT KLIMA URE\u0110AJA jedne unutarnje i jedne vanjske jedinice<\/div>\n<div>Na web shopu TechnoShopBN monta\u017ea nije uklju\u010dena u cijenu klima ure\u0111aja.<br \/>\nOvla\u0161tenu monta\u017eu klima ure\u0111aja obavljamo na podru\u010dju Bijeljine i okoline do 20KM<br \/>\nAko \u017eelite ovla\u0161tenu monta\u017eu dodajte je u korpu i platite zajedno sa klima ure\u0111ajem koji izaberete<br \/>\nNakon pla\u0107anja klima ure\u0111aja i ukoliko \u017eelite monta\u017eu, ostavite nam kontakt podatke kako bi Vas monta\u017eer mogao kontaktirati<br \/>\nGarancija monta\u017eu vrijedi do isteka garancije na klima ure\u0111aj.Standardna monta\u017ea mono-split klima ure\u0111aja podrazumijeva monta\u017eu unutarnje i vanjske jedinice na visini do 5 metara, bez upotrebe skele ili auto dizalice.<br \/>\nKod ve\u0107ih visina dodatno se napla\u0107uju visinski radovi ili se anga\u017euje auto korpa ili postavlja skela koju dodatno pla\u0107a i osigurava kupac.<br \/>\nAko je potrebno demontirati i po potrebi ekolo\u0161ki zbrinuti stari klima ure\u0111aj, demonta\u017ea se dodatno pla\u0107a prema<br \/>\nMolimo Vas da nas prema potrebi kontaktirate za detalje kako bi prije izvo\u0111enja dobili sve informacije o potrebnim radovima i cijeni&nbsp;<\/p>\n<p>U standardnu monta\u017eu klima ure\u0111aja uklju\u010deno je:<\/p>\n<p>Dobava i postavljanje do 3 metra plinskih i elektro instalacija izme\u0111u unutarnje i vanjske jedinice<br \/>\nDobava i postavljanje do 3 metra PVC kanala za postavljanje instalacije izme\u0111u unutarnje i vanjske jedinice \u2013 nadgradno<br \/>\nDobava i postavljanje do 3 metra PVC kanala sa elektri\u010dnim kabelom za napajanje klima ure\u0111aja \u2013 nadgradno<br \/>\nDobava i postavljanje do 3 metra cijevi za odvod vode-kondenzata, slobodnim padom u pripremljeni odvod<br \/>\nDobava i postavljanje 1 par pocin\u010danih nosa\u010da za monta\u017eu vanjske jedinice (ukoliko nosa\u010di ve\u0107 postoje, to ne umanjuje cijenu usluge)<br \/>\nPotro\u0161ni materijal (\u0161arafi, tiplovi, izolacijska traka, vezice, silikon, gips i ostali potrebni materijal za monta\u017eu)<br \/>\n1 probijanje zida fi 55, debljine do 40cm (ukoliko rupa ve\u0107 postoji, to ne umanjuje cijenu usluge)<br \/>\nMonta\u017ea unutarnje i vanjske jedinice<br \/>\nSpajanje plinskih i elektro instalacija na unutarnjoj i vanjskoj jedinici<br \/>\nSpajanje napajanja na postoje\u0107u elektri\u010dnu instalaciju<br \/>\nVakumiranje<br \/>\nPu\u0161tanje u rad<br \/>\nTestiranje rada klime<br \/>\n\u010ci\u0161\u0107enje mijesta rada<br \/>\nOvjera garancije<\/p>\n<p><strong>Ukoliko monta\u017eu obavi osoba ili firma koju anga\u017euje kupac, a koja nije ovla\u0161tena za monta\u017eu klima ure\u0111aja, ista preuzima i odgovornost za eventualne kvarove i neispravnost na ure\u0111aju i monta\u017ei te u tom slu\u010daju Prodavatelj nije odgovoran za nastalu \u0161tetu a kupac gubi garanciju.<\/strong><\/p>\n<\/div>\n<\/div>\n<\/div>\n","protected":false},"excerpt":{"rendered":"<p>GREE KLIMA PODNA CONSOLE GEH12AA\/K6DNA1A\/I GEH12AA\/K6DNA1A\/O 3,5kW\/3,8kW<\/p>\n<ul>\n<li><strong>Hla\u0111enje:<\/strong>\u00a03.52 kW<\/li>\n<li><strong>Grijanje:<\/strong>\u00a03.80 kW<\/li>\n<li><strong>Energetska klasa hla\u0111enja:<\/strong>\u00a0A++<\/li>\n<li><strong>Energetska klasa grijanja:<\/strong>\u00a0A+<\/li>\n<li><strong>WI-FI upravljanje:<\/strong>\u00a0DA<\/li>\n<li>Grijac vanjske jedinice<\/li>\n<\/ul>\n<p>Unutarnja podno-parapetna jedinica inverter sustava grijanja\/hla\u0111enja<\/p>\n<p>opremljena je izmjenjiva\u010dem topline s direktnom ekspanzijom freona,<\/p>\n<p>maskom, te svim potrebnim elementima za za\u0161titu,<\/p>\n<p>kontrolu i regulaciju ure\u0111aja i temperature.<\/p>\n<p>Vanjska jedinica inverter sustava grijanja\/hla\u0111enja (reverzibilna dizalica topline)<\/p>\n<p>opremljena je s inverterskim kompresorom, te regulacijom snage i potro\u0161nje.<\/p>\n<p>Ure\u0111aj je sljede\u0107ih tehni\u010dkih zna\u010dajki:<br \/>\nnominalni u\u010dinak hla\u0111enja: Qg= 3.52\u00a0kW<br \/>\nu\u010dinak hla\u0111enja (min. \u2013 max.) Qh = 0.8 \u2013 4.4 kW<br \/>\napsorbirana snaga u hla\u0111enju: 1 kW<br \/>\nsezonska energetska u\u010dinkovitost: SEER = 7<br \/>\nenergetski razred u hla\u0111enju: A++<br \/>\nnominalni u\u010dinak grijanja: Qg = 3.8 kW<br \/>\nu\u010dinak grijanja (min. \u2013 max.): Qg = 1.1 \u2013 4.4 kW<br \/>\napsorbirana snaga u grijanju: 0.96 kW<br \/>\nsezonska energetska u\u010dinkovitost: SCOP = 4.1<br \/>\nenergetski razred u grijanju: A+<br \/>\ngodi\u0161nja potro\u0161nja u hla\u0111enju: 175 kWh\/god<br \/>\ngodi\u0161nja potro\u0161nja u grijanju: 1093 kWh\/god<br \/>\nrazina zvu\u010dnog tlaka UJ (SPL) pri brzinama \u2013 hla\u0111enje: 25 \u2013 29 \u2013 33 \u2013 36 \u2013 38 \u2013 40 \u2013 44 dB(A)<br \/>\nrazina zvu\u010dnog tlaka UJ (SPL) pri brzinama \u2013 grijanje: 25- 29 \u2013 33 \u2013 36 \u2013 38 \u2013 40 \u2013 44 dB(A)<br \/>\nrazina zvu\u010dne snage UJ (PWL) \u2013 hla\u0111enje: 35 \u2013 39 \u2013 43- 46 \u2013 48 \u2013 50 \u2013 54 dB(A)<br \/>\nrazina zvu\u010dne snage UJ (PWL) \u2013 grijanje: 35 \u2013 39 \u2013 43- 46 \u2013 48 \u2013 50 \u2013 54 dB(A)<br \/>\nkoli\u010dina zraka UJ: V= 4.67 \u2013 6 \u2013 6.67 \u2013 7.33 \u2013 8 \u2013 8.67 \u2013 10 m3\/min<br \/>\nrazina zvu\u010dnog tlaka VJ (SPL) \u2013 grijanje: 52 dB(A)<br \/>\nrazina zvu\u010dnog tlaka VJ (SPL) \u2013 hla\u0111enje: 52 dB(A)<br \/>\nrazina zvu\u010dne snage VJ (PWL) \u2013 grijanje: 62 dB(A)<br \/>\nrazina zvu\u010dne snage VJ (PWL) \u2013 hla\u0111enje: 62 dB(A)<br \/>\nnapajanje: 220 \u2013 240 \/ 1 faza \/ 50 Hz<br \/>\nradni medij: R32<br \/>\ndimenzije UJ: V \u00d7 \u0160 \u00d7 D = 600 x 700 x 215 mm<br \/>\ndimenzije VJ: V \u00d7 \u0160 \u00d7 D = 596 x 848 x 320 mm<br \/>\nmasa UJ: 15.5 kg<br \/>\nmasa VJ: 30.5 kg<br \/>\nprotok zraka VJ \u2013 hla\u0111enje: 36.67 m3\/min<br \/>\nprotok zraka VJ \u2013 grijanje: 36.67 m3\/min<br \/>\npodru\u010dje hla\u0111enja: -15\u00b0C do 43\u00b0C<br \/>\npodru\u010dje grijanja: -22\u00b0C do 24\u00b0C<br \/>\nmaksimalna dozvoljena duljina cijevnog razvoda: 20 m<br \/>\nmaksimalna dozvoljena visina cijevnog razvoda: 10 m<\/p>\n<div>\n<div>\n<p>&nbsp;<\/p>\n<div><\/div>\n<div><a href=\"https:\/\/register.deltron.ba\/\">Registruj svoj GREE ure\u0111aj klikom ovdje<\/a><\/div>\n<div><\/div>\n<div>MONTA\u017dA MONO-SPLIT KLIMA URE\u0110AJA jedne unutarnje i jedne vanjske jedinice<\/div>\n<div>Na web shopu TechnoShopBN monta\u017ea nije uklju\u010dena u cijenu klima ure\u0111aja.<br \/>\nOvla\u0161tenu monta\u017eu klima ure\u0111aja obavljamo na podru\u010dju Bijeljine i okoline do 20KM<br \/>\nAko \u017eelite ovla\u0161tenu monta\u017eu dodajte je u korpu i platite zajedno sa klima ure\u0111ajem koji izaberete<br \/>\nNakon pla\u0107anja klima ure\u0111aja i ukoliko \u017eelite monta\u017eu, ostavite nam kontakt podatke kako bi Vas monta\u017eer mogao kontaktirati<br \/>\nGarancija monta\u017eu vrijedi do isteka garancije na klima ure\u0111aj.Standardna monta\u017ea mono-split klima ure\u0111aja podrazumijeva monta\u017eu unutarnje i vanjske jedinice na visini do 5 metara, bez upotrebe skele ili auto dizalice.<br \/>\nKod ve\u0107ih visina dodatno se napla\u0107uju visinski radovi ili se anga\u017euje auto korpa ili postavlja skela koju dodatno pla\u0107a i osigurava kupac.<br \/>\nAko je potrebno demontirati i po potrebi ekolo\u0161ki zbrinuti stari klima ure\u0111aj, demonta\u017ea se dodatno pla\u0107a prema<br \/>\nMolimo Vas da nas prema potrebi kontaktirate za detalje kako bi prije izvo\u0111enja dobili sve informacije o potrebnim radovima i cijeni&nbsp;<\/p>\n<p>U standardnu monta\u017eu klima ure\u0111aja uklju\u010deno je:<\/p>\n<p>Dobava i postavljanje do 3 metra plinskih i elektro instalacija izme\u0111u unutarnje i vanjske jedinice<br \/>\nDobava i postavljanje do 3 metra PVC kanala za postavljanje instalacije izme\u0111u unutarnje i vanjske jedinice \u2013 nadgradno<br \/>\nDobava i postavljanje do 3 metra PVC kanala sa elektri\u010dnim kabelom za napajanje klima ure\u0111aja \u2013 nadgradno<br \/>\nDobava i postavljanje do 3 metra cijevi za odvod vode-kondenzata, slobodnim padom u pripremljeni odvod<br \/>\nDobava i postavljanje 1 par pocin\u010danih nosa\u010da za monta\u017eu vanjske jedinice (ukoliko nosa\u010di ve\u0107 postoje, to ne umanjuje cijenu usluge)<br \/>\nPotro\u0161ni materijal (\u0161arafi, tiplovi, izolacijska traka, vezice, silikon, gips i ostali potrebni materijal za monta\u017eu)<br \/>\n1 probijanje zida fi 55, debljine do 40cm (ukoliko rupa ve\u0107 postoji, to ne umanjuje cijenu usluge)<br \/>\nMonta\u017ea unutarnje i vanjske jedinice<br \/>\nSpajanje plinskih i elektro instalacija na unutarnjoj i vanjskoj jedinici<br \/>\nSpajanje napajanja na postoje\u0107u elektri\u010dnu instalaciju<br \/>\nVakumiranje<br \/>\nPu\u0161tanje u rad<br \/>\nTestiranje rada klime<br \/>\n\u010ci\u0161\u0107enje mijesta rada<br \/>\nOvjera garancije<\/p>\n<p><strong>Ukoliko monta\u017eu obavi osoba ili firma koju anga\u017euje kupac, a koja nije ovla\u0161tena za monta\u017eu klima ure\u0111aja, ista preuzima i odgovornost za eventualne kvarove i neispravnost na ure\u0111aju i monta\u017ei te u tom slu\u010daju Prodavatelj nije odgovoran za nastalu \u0161tetu a kupac gubi garanciju.<\/strong><\/p>\n<\/div>\n<\/div>\n<\/div>\n","protected":false},"featured_media":10244,"comment_status":"open","ping_status":"closed","template":"","meta":{"_mi_skip_tracking":false,"_exactmetrics_sitenote_active":false,"_exactmetrics_sitenote_note":"","_exactmetrics_sitenote_category":0,"spay_email":""},"product_cat":[2458],"product_tag":[7960,7957,7094,7839,7841],"brands":[{"id":7715,"name":"gree","slug":"gree"}],"df_price":1810,"df_sale_price":"","df_regular_price":1810,"df_image_link":"https:\/\/i1.wp.com\/astehshop.com\/wp-content\/uploads\/2025\/04\/inverter-air-conditioner-gree-geh09-aa-k3-dna1-d-floor-standing-1.png?fit=450%2C450","jetpack_publicize_connections":[],"jetpack_sharing_enabled":true,"jetpack_likes_enabled":true,"jetpack-related-posts":[{"id":3431,"url":"http:\/\/astehshop.com\/index.php\/product\/klima-vivax-acp-12ch35aex-a-klasa\/","url_meta":{"origin":10245,"position":0},"title":"Klima VIVAX ACP-12CH35AEX A klasa","date":"23. lipnja 2019.","format":false,"excerpt":"Kapacitet hla\u0111enja: 3,517 kW. Energetska klasa hla\u0111enja: A. Kapacitet grijanja: 3,810 kWh. Energetska klasa grijanja: A. Podru\u010dje rada od -7C do +43C. Inteligentno napajanje. Indikator istjecanja rashladnog medija. EER: 3,21 COP: 3,61","rel":"","context":"Srodne objave","img":{"alt_text":"","src":"https:\/\/i0.wp.com\/astehshop.com\/wp-content\/uploads\/2019\/06\/ACP-12CH35AEX.jpg?fit=600%2C600&resize=350%2C200","width":350,"height":200},"classes":[]},{"id":10167,"url":"http:\/\/astehshop.com\/index.php\/product\/azuri-console-parapetni-klima-uredaj-azi-fo25vd\/","url_meta":{"origin":10245,"position":1},"title":"AZURI CONSOLE Parapetni KLIMA URE\u0110AJ AZI-FO25VD","date":"6. travnja 2025.","format":false,"excerpt":"Podna unutarnja i vanjska jedinica U\u010dinak hla\u0111enja: 2,7kW (0,70 - 3,40) kW U\u010dinak grijanja: 2,9kW (0,60 - 3,50) kW Prikladno za prostor: do 25m2 Energetska klasa: A++ Wi-Fi upravljanje je uklju\u010deno u cijenu Garancija : 5 godina (3 god. osnovno + 2 god. uz registraciju) AZURI klima ure\u0111aji odlikuju se\u2026","rel":"","context":"Srodne objave","img":{"alt_text":"","src":"https:\/\/i0.wp.com\/astehshop.com\/wp-content\/uploads\/2025\/04\/parapetna-klima.png?fit=867%2C650&resize=350%2C200","width":350,"height":200},"classes":[]},{"id":7769,"url":"http:\/\/astehshop.com\/index.php\/product\/klima-uredaj-24000btu-premium-20-wifi-inverter-a-a\/","url_meta":{"origin":10245,"position":2},"title":"Klima ure\u0111aj, 24000Btu, premium -20\u00b0, Wifi, Inverter, A++\/A+","date":"15. svibnja 2023.","format":false,"excerpt":"Klima ure\u0111aj TAC-24CHSD\/LFI, 24000 Btu, kapacitet hla\u0111enja 6.84 ( 1.83 - 7.82 ) kW, kapacitet grijanja 7.05 ( 1.85 - 7.96 ) kW Protok zraka 1100 m\u00b3\/h, temperaturni opseg u modu hla\u0111enja -15\u00b0C - 53\u00b0C, premium -20\u00b0, grija\u010d vanjske jedinice, temperaturni opseg u modu grijanja -20\u00b0C - +30\u00b0C Rashladni plin\u2026","rel":"","context":"Srodne objave","img":{"alt_text":"","src":"https:\/\/i1.wp.com\/astehshop.com\/wp-content\/uploads\/2023\/05\/frozzini-24-bez-nosaca-scaled.jpg?fit=1200%2C936&resize=350%2C200","width":350,"height":200},"classes":[]},{"id":7771,"url":"http:\/\/astehshop.com\/index.php\/product\/klima-uredaj-18000btu-premium-20-wifi-inverter-a-a\/","url_meta":{"origin":10245,"position":3},"title":"Klima ure\u0111aj, 18000Btu, premium -20\u00b0, Wifi, Inverter, A++\/A+","date":"15. svibnja 2023.","format":false,"excerpt":"Klima ure\u0111aj TAC-18CHSD\/LFI, 18000 Btu, kapacitet hla\u0111enja 5.1 ( 1.25 - 5.90 ) kW, kapacitet grijanja 5.13 ( 1.25 - 6.08 ) kW Protok zraka 820 m\u00b3\/h, temperaturni opseg u modu hla\u0111enja -15\u00b0C - 53\u00b0C, premium -20\u00b0, grija\u010d vanjske jedinice, temperaturni opseg u modu grijanja -20\u00b0C - +30\u00b0C Rashladni plin\u2026","rel":"","context":"Srodne objave","img":{"alt_text":"","src":"https:\/\/i1.wp.com\/astehshop.com\/wp-content\/uploads\/2023\/05\/frozini-24-scaled.jpg?fit=1200%2C888&resize=350%2C200","width":350,"height":200},"classes":[]},{"id":10344,"url":"http:\/\/astehshop.com\/index.php\/product\/max-klima-12-on-off-mac12cw\/","url_meta":{"origin":10245,"position":4},"title":"Max klima 12&#8221; ON OFF MAC12CW","date":"7. svibnja 2025.","format":false,"excerpt":"Model MAC12CW Kapacitet hla\u0111enja (BTU\/H) 11000 Kapacitet hla\u0111enja (W) 3230 Kapacitet grejanja (BTU\/H) 11500 Kapacitet grejanja (W) 3370 EER za hla\u0111enje (W) 3,21 Energetska klasa hla\u0111enja A COP za grejanje (W) 3,61 Energetska klasa grejanja A Radna supstanca (freon) R410A","rel":"","context":"Srodne objave","img":{"alt_text":"","src":"https:\/\/i0.wp.com\/astehshop.com\/wp-content\/uploads\/2025\/05\/max-klima-bijeljina.jpg?fit=960%2C1200&resize=350%2C200","width":350,"height":200},"classes":[]},{"id":10230,"url":"http:\/\/astehshop.com\/index.php\/product\/gree-cosmo-regular-klima-uredaj-gwh18awdxd-k6dna1a\/","url_meta":{"origin":10245,"position":5},"title":"Gree Cosmo Regular Klima Ure\u0111aj GWH18AWDXD-K6DNA1A","date":"12. travnja 2025.","format":false,"excerpt":"U\u010dinak hla\u0111enja: 5,3kW (1 - 6,4) kW U\u010dinak grijanja: 5,6kW (1,2 - 6,8) kW Freon : R32 Grije do -25\u00b0C vanjske temperature! Preporuka za primarno grijanje na vrlo niskim vanjskim temperaturama! Prikladno za prostor do 50m2 Energetska klasa: A++ Wi-Fi upravljanje je uklju\u010deno u cijenu Garancija : 5 godina (3\u2026","rel":"","context":"Srodne objave","img":{"alt_text":"","src":"https:\/\/i1.wp.com\/astehshop.com\/wp-content\/uploads\/2025\/04\/cosmo-regular.png?fit=580%2C584&resize=350%2C200","width":350,"height":200},"classes":[]}],"_links":{"self":[{"href":"http:\/\/astehshop.com\/index.php\/wp-json\/wp\/v2\/product\/10245"}],"collection":[{"href":"http:\/\/astehshop.com\/index.php\/wp-json\/wp\/v2\/product"}],"about":[{"href":"http:\/\/astehshop.com\/index.php\/wp-json\/wp\/v2\/types\/product"}],"replies":[{"embeddable":true,"href":"http:\/\/astehshop.com\/index.php\/wp-json\/wp\/v2\/comments?post=10245"}],"wp:featuredmedia":[{"embeddable":true,"href":"http:\/\/astehshop.com\/index.php\/wp-json\/wp\/v2\/media\/10244"}],"wp:attachment":[{"href":"http:\/\/astehshop.com\/index.php\/wp-json\/wp\/v2\/media?parent=10245"}],"wp:term":[{"taxonomy":"product_cat","embeddable":true,"href":"http:\/\/astehshop.com\/index.php\/wp-json\/wp\/v2\/product_cat?post=10245"},{"taxonomy":"product_tag","embeddable":true,"href":"http:\/\/astehshop.com\/index.php\/wp-json\/wp\/v2\/product_tag?post=10245"}],"curies":[{"name":"wp","href":"https:\/\/api.w.org\/{rel}","templated":true}]}}