{"id":10243,"date":"2025-04-12T15:34:04","date_gmt":"2025-04-12T13:34:04","guid":{"rendered":"http:\/\/astehshop.com\/?post_type=product&#038;p=10243"},"modified":"2026-01-10T14:32:26","modified_gmt":"2026-01-10T13:32:26","slug":"gree-console-parapetna-klima-geh09aa-k6dna1f","status":"publish","type":"product","link":"http:\/\/astehshop.com\/index.php\/product\/gree-console-parapetna-klima-geh09aa-k6dna1f\/","title":{"rendered":"Gree Console parapetna klima GEH09AA-K6DNA1F"},"content":{"rendered":"<div>Podno &#8211; parapetna unutarnja i vanjska jedinica<\/div>\n<div>U\u010dinak hla\u0111enja:\u00a02,7 (0,70 &#8211; 3,40)\u00a0kW<\/div>\n<div>U\u010dinak grijanja:\u00a02,9 (0,60 &#8211; 3,5)\u00a0kW<\/div>\n<div>Grijanje do -22\u00b0C vanjske temperature!<br \/>\nPreporuka za primarno grijanje na vrlo niskim vanjskim temperaturama!<\/div>\n<p>Prikladno za prostor: 25 m2<br \/>\nEnergetska klasa: A++<br \/>\nWi-Fi upravljanje je uklju\u010deno u cijenu<\/p>\n<div>Garancija : 5 godina (3 god. osnovno + 2 god. uz registraciju)<\/div>\n<div>\n<div>Unutarnja podno-parapetna jedinica inverter sustava grijanja\/hla\u0111enja, opremljena svim potrebnim elementima za za\u0161titu, kontrolu i regulaciju ure\u0111aja i temperature te maskom.<\/div>\n<div>\nTanak ure\u0111aj i fleksibilna instalacija pogodna je za razli\u010dite varijante interijera, te zadovoljava sve va\u0161e potrebe za udobno\u0161\u0107u.<br \/>\nFunkcija grijanja nogu; prilikom grijanja topli zrak struji direktno prema podu i osigurava ugodan osje\u0107aj va\u0161im nogama.<\/div>\n<div><\/div>\n<h4>.<\/h4>\n<h2>Standardne karakteristike koje klima posjeduje:<\/h2>\n<div><\/div>\n<ul>\n<li>Wi-Fi su\u010delje<\/li>\n<li>Led display<\/li>\n<li>7 brzina ventilatora<\/li>\n<li>No\u0107ni na\u010din rada (3 no\u0107ne krivulje)<\/li>\n<li>I-Feel funkcija<\/li>\n<li>Cold Plasma filter za ioniziranje zraka<\/li>\n<li>Inteligentno predzagrijavanje i odmrzavanje<\/li>\n<li>Samodijagnoza<\/li>\n<li>Grija\u010d vanjske jedinice<\/li>\n<li>Tihi rad<\/li>\n<li>Timer<\/li>\n<li>Turbo tipka<\/li>\n<\/ul>\n<h4>.<\/h4>\n<h3>Opcionalne karakteristike koje klima posjeduje:<\/h3>\n<ul>\n<li>I Feel<\/li>\n<li>Filteri za pro\u010di\u0161\u0107avanje zraka<\/li>\n<li>Cold plasma<\/li>\n<li>U\u0161teda energije<\/li>\n<\/ul>\n<div>\n<div>\n<p>&nbsp;<\/p>\n<div><\/div>\n<div><a href=\"https:\/\/register.deltron.ba\/\">Registruj svoj GREE ure\u0111aj klikom ovdje<\/a><\/div>\n<div><\/div>\n<div>MONTA\u017dA MONO-SPLIT KLIMA URE\u0110AJA jedne unutarnje i jedne vanjske jedinice<\/div>\n<div>Na web shopu TechnoShopBN monta\u017ea nije uklju\u010dena u cijenu klima ure\u0111aja.<br \/>\nOvla\u0161tenu monta\u017eu klima ure\u0111aja obavljamo na podru\u010dju Bijeljine i okoline do 20KM<br \/>\nAko \u017eelite ovla\u0161tenu monta\u017eu dodajte je u korpu i platite zajedno sa klima ure\u0111ajem koji izaberete<br \/>\nNakon pla\u0107anja klima ure\u0111aja i ukoliko \u017eelite monta\u017eu, ostavite nam kontakt podatke kako bi Vas monta\u017eer mogao kontaktirati<br \/>\nGarancija monta\u017eu vrijedi do isteka garancije na klima ure\u0111aj.Standardna monta\u017ea mono-split klima ure\u0111aja podrazumijeva monta\u017eu unutarnje i vanjske jedinice na visini do 5 metara, bez upotrebe skele ili auto dizalice.<br \/>\nKod ve\u0107ih visina dodatno se napla\u0107uju visinski radovi ili se anga\u017euje auto korpa ili postavlja skela koju dodatno pla\u0107a i osigurava kupac.<br \/>\nAko je potrebno demontirati i po potrebi ekolo\u0161ki zbrinuti stari klima ure\u0111aj, demonta\u017ea se dodatno pla\u0107a prema<br \/>\nMolimo Vas da nas prema potrebi kontaktirate za detalje kako bi prije izvo\u0111enja dobili sve informacije o potrebnim radovima i cijeni&nbsp;<\/p>\n<p>U standardnu monta\u017eu klima ure\u0111aja uklju\u010deno je:<\/p>\n<p>Dobava i postavljanje do 3 metra plinskih i elektro instalacija izme\u0111u unutarnje i vanjske jedinice<br \/>\nDobava i postavljanje do 3 metra PVC kanala za postavljanje instalacije izme\u0111u unutarnje i vanjske jedinice \u2013 nadgradno<br \/>\nDobava i postavljanje do 3 metra PVC kanala sa elektri\u010dnim kabelom za napajanje klima ure\u0111aja \u2013 nadgradno<br \/>\nDobava i postavljanje do 3 metra cijevi za odvod vode-kondenzata, slobodnim padom u pripremljeni odvod<br \/>\nDobava i postavljanje 1 par pocin\u010danih nosa\u010da za monta\u017eu vanjske jedinice (ukoliko nosa\u010di ve\u0107 postoje, to ne umanjuje cijenu usluge)<br \/>\nPotro\u0161ni materijal (\u0161arafi, tiplovi, izolacijska traka, vezice, silikon, gips i ostali potrebni materijal za monta\u017eu)<br \/>\n1 probijanje zida fi 55, debljine do 40cm (ukoliko rupa ve\u0107 postoji, to ne umanjuje cijenu usluge)<br \/>\nMonta\u017ea unutarnje i vanjske jedinice<br \/>\nSpajanje plinskih i elektro instalacija na unutarnjoj i vanjskoj jedinici<br \/>\nSpajanje napajanja na postoje\u0107u elektri\u010dnu instalaciju<br \/>\nVakumiranje<br \/>\nPu\u0161tanje u rad<br \/>\nTestiranje rada klime<br \/>\n\u010ci\u0161\u0107enje mijesta rada<br \/>\nOvjera garancije<\/p>\n<p><strong>Ukoliko monta\u017eu obavi osoba ili firma koju anga\u017euje kupac, a koja nije ovla\u0161tena za monta\u017eu klima ure\u0111aja, ista preuzima i odgovornost za eventualne kvarove i neispravnost na ure\u0111aju i monta\u017ei te u tom slu\u010daju Prodavatelj nije odgovoran za nastalu \u0161tetu a kupac gubi garanciju<\/strong><\/p>\n<\/div>\n<\/div>\n<\/div>\n<\/div>\n","protected":false},"excerpt":{"rendered":"<div>Podno &#8211; parapetna unutarnja i vanjska jedinica<\/div>\n<div>U\u010dinak hla\u0111enja:\u00a02,7 (0,70 &#8211; 3,40)\u00a0kW<\/div>\n<div>U\u010dinak grijanja:\u00a02,9 (0,60 &#8211; 3,5)\u00a0kW<\/div>\n<div>Grijanje do -22\u00b0C vanjske temperature!<br \/>\nPreporuka za primarno grijanje na vrlo niskim vanjskim temperaturama!<\/div>\n<p>Prikladno za prostor: 25 m2<br \/>\nEnergetska klasa: A++<br \/>\nWi-Fi upravljanje je uklju\u010deno u cijenu<\/p>\n<div>Garancija : 5 godina (3 god. osnovno + 2 god. uz registraciju)<\/div>\n<div>\n<div>Unutarnja podno-parapetna jedinica inverter sustava grijanja\/hla\u0111enja, opremljena svim potrebnim elementima za za\u0161titu, kontrolu i regulaciju ure\u0111aja i temperature te maskom.<\/div>\n<div>\nTanak ure\u0111aj i fleksibilna instalacija pogodna je za razli\u010dite varijante interijera, te zadovoljava sve va\u0161e potrebe za udobno\u0161\u0107u.<br \/>\nFunkcija grijanja nogu; prilikom grijanja topli zrak struji direktno prema podu i osigurava ugodan osje\u0107aj va\u0161im nogama.<\/div>\n<div><\/div>\n<h4>.<\/h4>\n<h2>Standardne karakteristike koje klima posjeduje:<\/h2>\n<div><\/div>\n<ul>\n<li>Wi-Fi su\u010delje<\/li>\n<li>Led display<\/li>\n<li>7 brzina ventilatora<\/li>\n<li>No\u0107ni na\u010din rada (3 no\u0107ne krivulje)<\/li>\n<li>I-Feel funkcija<\/li>\n<li>Cold Plasma filter za ioniziranje zraka<\/li>\n<li>Inteligentno predzagrijavanje i odmrzavanje<\/li>\n<li>Samodijagnoza<\/li>\n<li>Grija\u010d vanjske jedinice<\/li>\n<li>Tihi rad<\/li>\n<li>Timer<\/li>\n<li>Turbo tipka<\/li>\n<\/ul>\n<h4>.<\/h4>\n<h3>Opcionalne karakteristike koje klima posjeduje:<\/h3>\n<ul>\n<li>I Feel<\/li>\n<li>Filteri za pro\u010di\u0161\u0107avanje zraka<\/li>\n<li>Cold plasma<\/li>\n<li>U\u0161teda energije<\/li>\n<\/ul>\n<div>\n<div>\n<p>&nbsp;<\/p>\n<div><\/div>\n<div><a href=\"https:\/\/register.deltron.ba\/\">Registruj svoj GREE ure\u0111aj klikom ovdje<\/a><\/div>\n<div><\/div>\n<div>MONTA\u017dA MONO-SPLIT KLIMA URE\u0110AJA jedne unutarnje i jedne vanjske jedinice<\/div>\n<div>Na web shopu TechnoShopBN monta\u017ea nije uklju\u010dena u cijenu klima ure\u0111aja.<br \/>\nOvla\u0161tenu monta\u017eu klima ure\u0111aja obavljamo na podru\u010dju Bijeljine i okoline do 20KM<br \/>\nAko \u017eelite ovla\u0161tenu monta\u017eu dodajte je u korpu i platite zajedno sa klima ure\u0111ajem koji izaberete<br \/>\nNakon pla\u0107anja klima ure\u0111aja i ukoliko \u017eelite monta\u017eu, ostavite nam kontakt podatke kako bi Vas monta\u017eer mogao kontaktirati<br \/>\nGarancija monta\u017eu vrijedi do isteka garancije na klima ure\u0111aj.Standardna monta\u017ea mono-split klima ure\u0111aja podrazumijeva monta\u017eu unutarnje i vanjske jedinice na visini do 5 metara, bez upotrebe skele ili auto dizalice.<br \/>\nKod ve\u0107ih visina dodatno se napla\u0107uju visinski radovi ili se anga\u017euje auto korpa ili postavlja skela koju dodatno pla\u0107a i osigurava kupac.<br \/>\nAko je potrebno demontirati i po potrebi ekolo\u0161ki zbrinuti stari klima ure\u0111aj, demonta\u017ea se dodatno pla\u0107a prema<br \/>\nMolimo Vas da nas prema potrebi kontaktirate za detalje kako bi prije izvo\u0111enja dobili sve informacije o potrebnim radovima i cijeni&nbsp;<\/p>\n<p>U standardnu monta\u017eu klima ure\u0111aja uklju\u010deno je:<\/p>\n<p>Dobava i postavljanje do 3 metra plinskih i elektro instalacija izme\u0111u unutarnje i vanjske jedinice<br \/>\nDobava i postavljanje do 3 metra PVC kanala za postavljanje instalacije izme\u0111u unutarnje i vanjske jedinice \u2013 nadgradno<br \/>\nDobava i postavljanje do 3 metra PVC kanala sa elektri\u010dnim kabelom za napajanje klima ure\u0111aja \u2013 nadgradno<br \/>\nDobava i postavljanje do 3 metra cijevi za odvod vode-kondenzata, slobodnim padom u pripremljeni odvod<br \/>\nDobava i postavljanje 1 par pocin\u010danih nosa\u010da za monta\u017eu vanjske jedinice (ukoliko nosa\u010di ve\u0107 postoje, to ne umanjuje cijenu usluge)<br \/>\nPotro\u0161ni materijal (\u0161arafi, tiplovi, izolacijska traka, vezice, silikon, gips i ostali potrebni materijal za monta\u017eu)<br \/>\n1 probijanje zida fi 55, debljine do 40cm (ukoliko rupa ve\u0107 postoji, to ne umanjuje cijenu usluge)<br \/>\nMonta\u017ea unutarnje i vanjske jedinice<br \/>\nSpajanje plinskih i elektro instalacija na unutarnjoj i vanjskoj jedinici<br \/>\nSpajanje napajanja na postoje\u0107u elektri\u010dnu instalaciju<br \/>\nVakumiranje<br \/>\nPu\u0161tanje u rad<br \/>\nTestiranje rada klime<br \/>\n\u010ci\u0161\u0107enje mijesta rada<br \/>\nOvjera garancije<\/p>\n<p><strong>Ukoliko monta\u017eu obavi osoba ili firma koju anga\u017euje kupac, a koja nije ovla\u0161tena za monta\u017eu klima ure\u0111aja, ista preuzima i odgovornost za eventualne kvarove i neispravnost na ure\u0111aju i monta\u017ei te u tom slu\u010daju Prodavatelj nije odgovoran za nastalu \u0161tetu a kupac gubi garanciju<\/strong><\/p>\n<\/div>\n<\/div>\n<\/div>\n<\/div>\n","protected":false},"featured_media":10244,"comment_status":"open","ping_status":"closed","template":"","meta":{"_mi_skip_tracking":false,"_exactmetrics_sitenote_active":false,"_exactmetrics_sitenote_note":"","_exactmetrics_sitenote_category":0,"spay_email":""},"product_cat":[2458],"product_tag":[7956,7957,7958,7959,7094,7839,7841],"brands":[{"id":7715,"name":"gree","slug":"gree"}],"df_price":1665,"df_sale_price":"","df_regular_price":1665,"df_image_link":"https:\/\/i1.wp.com\/astehshop.com\/wp-content\/uploads\/2025\/04\/inverter-air-conditioner-gree-geh09-aa-k3-dna1-d-floor-standing-1.png?fit=450%2C450","jetpack_publicize_connections":[],"jetpack_sharing_enabled":true,"jetpack_likes_enabled":true,"jetpack-related-posts":[{"id":10167,"url":"http:\/\/astehshop.com\/index.php\/product\/azuri-console-parapetni-klima-uredaj-azi-fo25vd\/","url_meta":{"origin":10243,"position":0},"title":"AZURI CONSOLE Parapetni KLIMA URE\u0110AJ AZI-FO25VD","date":"6. travnja 2025.","format":false,"excerpt":"Podna unutarnja i vanjska jedinica U\u010dinak hla\u0111enja: 2,7kW (0,70 - 3,40) kW U\u010dinak grijanja: 2,9kW (0,60 - 3,50) kW Prikladno za prostor: do 25m2 Energetska klasa: A++ Wi-Fi upravljanje je uklju\u010deno u cijenu Garancija : 5 godina (3 god. osnovno + 2 god. uz registraciju) AZURI klima ure\u0111aji odlikuju se\u2026","rel":"","context":"Srodne objave","img":{"alt_text":"","src":"https:\/\/i0.wp.com\/astehshop.com\/wp-content\/uploads\/2025\/04\/parapetna-klima.png?fit=867%2C650&resize=350%2C200","width":350,"height":200},"classes":[]},{"id":7769,"url":"http:\/\/astehshop.com\/index.php\/product\/klima-uredaj-24000btu-premium-20-wifi-inverter-a-a\/","url_meta":{"origin":10243,"position":1},"title":"Klima ure\u0111aj, 24000Btu, premium -20\u00b0, Wifi, Inverter, A++\/A+","date":"15. svibnja 2023.","format":false,"excerpt":"Klima ure\u0111aj TAC-24CHSD\/LFI, 24000 Btu, kapacitet hla\u0111enja 6.84 ( 1.83 - 7.82 ) kW, kapacitet grijanja 7.05 ( 1.85 - 7.96 ) kW Protok zraka 1100 m\u00b3\/h, temperaturni opseg u modu hla\u0111enja -15\u00b0C - 53\u00b0C, premium -20\u00b0, grija\u010d vanjske jedinice, temperaturni opseg u modu grijanja -20\u00b0C - +30\u00b0C Rashladni plin\u2026","rel":"","context":"Srodne objave","img":{"alt_text":"","src":"https:\/\/i1.wp.com\/astehshop.com\/wp-content\/uploads\/2023\/05\/frozzini-24-bez-nosaca-scaled.jpg?fit=1200%2C936&resize=350%2C200","width":350,"height":200},"classes":[]},{"id":10247,"url":"http:\/\/astehshop.com\/index.php\/product\/gree-console-parapetna-klima-geh18aa-k6dna1f\/","url_meta":{"origin":10243,"position":2},"title":"Gree Console parapetna klima GEH18AA-K6DNA1F","date":"12. travnja 2025.","format":false,"excerpt":"Podno - parapetna unutarnja i vanjska jedinica U\u010dinak hla\u0111enja: 5,20 (1,26 - 6,60) kW U\u010dinak grijanja: 5,33 (1,12 - 6,80) kW Prikladno za prostor do: 50 m2 Energetska klasa: A++ Wi-Fi upravljanje je uklju\u010deno u cijenu Garancija : 5 godina (3 god. osnovno + 2 god. uz registraciju) Unutarnja podno-parapetna\u2026","rel":"","context":"Srodne objave","img":{"alt_text":"","src":"https:\/\/i1.wp.com\/astehshop.com\/wp-content\/uploads\/2025\/04\/inverter-air-conditioner-gree-geh09-aa-k3-dna1-d-floor-standing-1.png?fit=800%2C800&resize=350%2C200","width":350,"height":200},"classes":[]},{"id":10245,"url":"http:\/\/astehshop.com\/index.php\/product\/gree-console-parapetna-klima-geh12aa-k6dna1a\/","url_meta":{"origin":10243,"position":3},"title":"Gree Console parapetna klima GEH12AA-K6DNA1A","date":"12. travnja 2025.","format":false,"excerpt":"GREE KLIMA PODNA CONSOLE GEH12AA\/K6DNA1A\/I GEH12AA\/K6DNA1A\/O 3,5kW\/3,8kW Hla\u0111enje:\u00a03.52 kW Grijanje:\u00a03.80 kW Energetska klasa hla\u0111enja:\u00a0A++ Energetska klasa grijanja:\u00a0A+ WI-FI upravljanje:\u00a0DA Grijac vanjske jedinice Unutarnja podno-parapetna jedinica inverter sustava grijanja\/hla\u0111enja opremljena je izmjenjiva\u010dem topline s direktnom ekspanzijom freona, maskom, te svim potrebnim elementima za za\u0161titu, kontrolu i regulaciju ure\u0111aja i temperature. Vanjska\u2026","rel":"","context":"Srodne objave","img":{"alt_text":"","src":"https:\/\/i1.wp.com\/astehshop.com\/wp-content\/uploads\/2025\/04\/inverter-air-conditioner-gree-geh09-aa-k3-dna1-d-floor-standing-1.png?fit=800%2C800&resize=350%2C200","width":350,"height":200},"classes":[]},{"id":7771,"url":"http:\/\/astehshop.com\/index.php\/product\/klima-uredaj-18000btu-premium-20-wifi-inverter-a-a\/","url_meta":{"origin":10243,"position":4},"title":"Klima ure\u0111aj, 18000Btu, premium -20\u00b0, Wifi, Inverter, A++\/A+","date":"15. svibnja 2023.","format":false,"excerpt":"Klima ure\u0111aj TAC-18CHSD\/LFI, 18000 Btu, kapacitet hla\u0111enja 5.1 ( 1.25 - 5.90 ) kW, kapacitet grijanja 5.13 ( 1.25 - 6.08 ) kW Protok zraka 820 m\u00b3\/h, temperaturni opseg u modu hla\u0111enja -15\u00b0C - 53\u00b0C, premium -20\u00b0, grija\u010d vanjske jedinice, temperaturni opseg u modu grijanja -20\u00b0C - +30\u00b0C Rashladni plin\u2026","rel":"","context":"Srodne objave","img":{"alt_text":"","src":"https:\/\/i1.wp.com\/astehshop.com\/wp-content\/uploads\/2023\/05\/frozini-24-scaled.jpg?fit=1200%2C888&resize=350%2C200","width":350,"height":200},"classes":[]},{"id":10189,"url":"http:\/\/astehshop.com\/index.php\/product\/azuri-supra-klima-uredaj-azi-wo25vg-multi-split-unutrasnja-jedinica\/","url_meta":{"origin":10243,"position":5},"title":"AZURI Supra KLIMA URE\u0110AJ AZI-WO25VG Multi Split unutra\u0161nja jedinica","date":"6. travnja 2025.","format":false,"excerpt":"Unutarnja zidna jedinica za multi sustav U\u010dinak hla\u0111enja: 2,7 kW (0,45-3,50) kW U\u010dinak grijanja: 3 kW (0,50-4,20) kW Prikladno za prostor: do 25m2 Wi-Fi upravljanje je uklju\u010deno u cijenu Garancija: 5 godina (3 god. osnovno + 2 god. uz registraciju) AZURI klima ure\u0111aji odlikuju se modernim dizajnom i visokom energetskom\u2026","rel":"","context":"Srodne objave","img":{"alt_text":"","src":"https:\/\/i2.wp.com\/astehshop.com\/wp-content\/uploads\/2025\/04\/SUPRA-1.png?fit=1024%2C1024&resize=350%2C200","width":350,"height":200},"classes":[]}],"_links":{"self":[{"href":"http:\/\/astehshop.com\/index.php\/wp-json\/wp\/v2\/product\/10243"}],"collection":[{"href":"http:\/\/astehshop.com\/index.php\/wp-json\/wp\/v2\/product"}],"about":[{"href":"http:\/\/astehshop.com\/index.php\/wp-json\/wp\/v2\/types\/product"}],"replies":[{"embeddable":true,"href":"http:\/\/astehshop.com\/index.php\/wp-json\/wp\/v2\/comments?post=10243"}],"wp:featuredmedia":[{"embeddable":true,"href":"http:\/\/astehshop.com\/index.php\/wp-json\/wp\/v2\/media\/10244"}],"wp:attachment":[{"href":"http:\/\/astehshop.com\/index.php\/wp-json\/wp\/v2\/media?parent=10243"}],"wp:term":[{"taxonomy":"product_cat","embeddable":true,"href":"http:\/\/astehshop.com\/index.php\/wp-json\/wp\/v2\/product_cat?post=10243"},{"taxonomy":"product_tag","embeddable":true,"href":"http:\/\/astehshop.com\/index.php\/wp-json\/wp\/v2\/product_tag?post=10243"}],"curies":[{"name":"wp","href":"https:\/\/api.w.org\/{rel}","templated":true}]}}