{"id":10237,"date":"2025-04-12T14:35:40","date_gmt":"2025-04-12T12:35:40","guid":{"rendered":"http:\/\/astehshop.com\/?post_type=product&#038;p=10237"},"modified":"2026-01-10T14:32:30","modified_gmt":"2026-01-10T13:32:30","slug":"gree-cosmo-economical-gwh18awdxb-k6dna3a-klima-uredaj","status":"publish","type":"product","link":"http:\/\/astehshop.com\/index.php\/product\/gree-cosmo-economical-gwh18awdxb-k6dna3a-klima-uredaj\/","title":{"rendered":"Gree Cosmo Economical GWH18AWDXB-K6DNA3A klima ure\u0111aj"},"content":{"rendered":"<p>Zidna unutarnja i vanjska jedinica<br \/>\nU\u010dinak hla\u0111enja: 4,6kW (1 &#8211; 5,4) kW<br \/>\nU\u010dinak grijanja: 5,2kW (0,75 &#8211; 5,8) kW<br \/>\nPrikladno za prostor: 40m2<br \/>\nEnergetska klasa: A++<br \/>\nWi-Fi upravljanje je uklju\u010deno u cijenu<br \/>\nGarancija : 5 godina (3 god. osnovno + 2 god. uz registraciju)<\/p>\n<h4>Jedinica Cosmo Economical je opremljena izmjenjiva\u010dem topline s direktnom ekspanzijom freona, ukrasnom maskom besprijekornog dizajna, te svim potrebnim elementima za za\u0161titu, kontrolu i regulaciju ure\u0111aja i temperature.<\/h4>\n<h4>Jedinica je opremljena s be\u017ei\u010dnim daljinskim upravlja\u010dem s LED pozadinskim osvjetljenjem.<\/h4>\n<div>\n<div>WI-FI SU\u010cELJE<\/div>\n<div>Preuzimanjem Gree + aplikacije na Apple ili Android pametne ure\u0111aje i povez\u030cite svoje ure\u0111aje za upravljanje i kontroliranje ure\u0111aja sa bilo koje lokacije i bilo kada.<\/div>\n<div><\/div>\n<div>LED DISPLAY<\/div>\n<div>U realnom vremenu prikazuje temperaturu prostorije ili \u017eeljenu temperaturu.<\/div>\n<div><\/div>\n<div>7 BRZINA VENTILATORA<\/div>\n<div>7 automatskih brzina ventilatora unutarnje jedinice.<\/div>\n<div><\/div>\n<div>\u00a0I-FEEL FUNKCIJA (FOLLOW ME)<\/div>\n<div>Klima ure\u0111aj automatski prilago\u0111ava temperaturu na \u017eeljenu razinu uz pomo\u0107 dodatnog senzora na daljinskom upravlja\u010du.<\/div>\n<div><\/div>\n<div>SAMODIJAGNOZA &#8211; Detekcija i prikaz gre\u0161ke<\/div>\n<div>Omogu\u0107uje prikazivanje opisa gre\u0161ke radi br\u017eeg i lak\u0161eg rje\u0161avanja nastalog problema.<\/div>\n<div><\/div>\n<div>NO\u0106NI NA\u010cIN RADA (3 NO\u0106NE KRIVULJE)<\/div>\n<div>Kada je no\u0107ni na\u010din rada aktiviran tijekom hla\u0111enja, klima ure\u0111aj automatski podi\u017ee sobnu temperaturu za 1 \u00b0C prva dva sata, nakon \u010dega ostaje fiksna. Kada je tijekom grijanja uklju\u010den no\u0107ni na\u010din rada, klima ure\u0111aj automatski sni\u017eava sobnu temperaturu za 1\u00b0C prva dva sata, nakon \u010dega ostaje fiksna.<\/div>\n<div><\/div>\n<div>VERTIKALNO I HORIZONTALNO ZAKRETANJE KRILACA<\/div>\n<div>Mo\u017eete na daljinskom upravlja\u010du kontrolirati smjer puhanja po vertikali i po horizontali.<\/div>\n<div><\/div>\n<div>COLD PLASMA FILTER ZA IONIZIRANJE ZRAKA<\/div>\n<div>Otpu\u0161ta negativne ione, eliminira neugodne mirise, pra\u0161inu, dim i pelud. Osigurava svje\u017e i \u010dist zrak.<\/div>\n<div><\/div>\n<div>\u00a0INTELIGENTNO PREDZAGRIJAVANJE I ODMRZAVANJE<\/div>\n<div>Ukoliko je potrebno, automatski se aktivira otapanje. Pospje\u0161uje u\u010dinkovitost ure\u0111aja pri grijanju i \u0161tedi energiju.<\/div>\n<div><\/div>\n<div><\/div>\n<div><\/div>\n<p>Podru\u010dje rada u hla\u0111enju: od\u00a0-15\u00b0C\u00a0do\u00a0+43\u00b0C,\u00a0podru\u010dje rada u grijanju: od\u00a0-15\u00b0C\u00a0do\u00a0+24\u00b0C.<\/p>\n<p>Maksimalno dozvoljena duljina instalacije izme\u0111u unutarnje i vanjske jedinice je 15 do 25m ovisno o snazi.<\/p>\n<p>Maksimalna visinska razlika izme\u0111u unutarnje i vanjske jedinice do 10m \u010dini ga odli\u010dnim izborom za specifi\u010dne objekte i zahtjevnije situacije.<\/p>\n<p><a href=\"https:\/\/i1.wp.com\/astehshop.com\/wp-content\/uploads\/2025\/04\/funkcija-samociscenja.jpg\" data-rel=\"lightbox-image-0\" data-rl_title=\"\" data-rl_caption=\"\" title=\"\"><img data-attachment-id=\"10231\" data-permalink=\"http:\/\/astehshop.com\/?attachment_id=10231\" data-orig-file=\"https:\/\/i1.wp.com\/astehshop.com\/wp-content\/uploads\/2025\/04\/funkcija-samociscenja.jpg?fit=1920%2C1080\" data-orig-size=\"1920,1080\" data-comments-opened=\"1\" data-image-meta=\"{&quot;aperture&quot;:&quot;0&quot;,&quot;credit&quot;:&quot;&quot;,&quot;camera&quot;:&quot;&quot;,&quot;caption&quot;:&quot;&quot;,&quot;created_timestamp&quot;:&quot;0&quot;,&quot;copyright&quot;:&quot;&quot;,&quot;focal_length&quot;:&quot;0&quot;,&quot;iso&quot;:&quot;0&quot;,&quot;shutter_speed&quot;:&quot;0&quot;,&quot;title&quot;:&quot;&quot;,&quot;orientation&quot;:&quot;1&quot;}\" data-image-title=\"funkcija samociscenja\" data-image-description=\"\" data-image-caption=\"\" data-medium-file=\"https:\/\/i1.wp.com\/astehshop.com\/wp-content\/uploads\/2025\/04\/funkcija-samociscenja.jpg?fit=450%2C253\" data-large-file=\"https:\/\/i1.wp.com\/astehshop.com\/wp-content\/uploads\/2025\/04\/funkcija-samociscenja.jpg?fit=1024%2C576\" decoding=\"async\" loading=\"lazy\" class=\"alignnone size-medium wp-image-10231\" src=\"https:\/\/i1.wp.com\/astehshop.com\/wp-content\/uploads\/2025\/04\/funkcija-samociscenja.jpg?resize=450%2C253\" alt=\"\" width=\"450\" height=\"253\" srcset=\"https:\/\/i1.wp.com\/astehshop.com\/wp-content\/uploads\/2025\/04\/funkcija-samociscenja.jpg?resize=450%2C253 450w, https:\/\/i1.wp.com\/astehshop.com\/wp-content\/uploads\/2025\/04\/funkcija-samociscenja.jpg?resize=1024%2C576 1024w, https:\/\/i1.wp.com\/astehshop.com\/wp-content\/uploads\/2025\/04\/funkcija-samociscenja.jpg?resize=768%2C432 768w, https:\/\/i1.wp.com\/astehshop.com\/wp-content\/uploads\/2025\/04\/funkcija-samociscenja.jpg?resize=1536%2C864 1536w, https:\/\/i1.wp.com\/astehshop.com\/wp-content\/uploads\/2025\/04\/funkcija-samociscenja.jpg?resize=300%2C169 300w, https:\/\/i1.wp.com\/astehshop.com\/wp-content\/uploads\/2025\/04\/funkcija-samociscenja.jpg?resize=1170%2C658 1170w, https:\/\/i1.wp.com\/astehshop.com\/wp-content\/uploads\/2025\/04\/funkcija-samociscenja.jpg?resize=128%2C72 128w, https:\/\/i1.wp.com\/astehshop.com\/wp-content\/uploads\/2025\/04\/funkcija-samociscenja.jpg?resize=600%2C338 600w, https:\/\/i1.wp.com\/astehshop.com\/wp-content\/uploads\/2025\/04\/funkcija-samociscenja.jpg?w=1920 1920w\" sizes=\"(max-width: 450px) 100vw, 450px\" data-recalc-dims=\"1\" \/><\/a><\/p>\n<p>&nbsp;<\/p>\n<div><\/div>\n<div><a href=\"https:\/\/register.deltron.ba\/\">Registruj svoj GREE ure\u0111aj klikom ovdje<\/a><\/div>\n<div><\/div>\n<div>MONTA\u017dA MONO-SPLIT KLIMA URE\u0110AJA jedne unutarnje i jedne vanjske jedinice<\/div>\n<div>Na web shopu TechnoShopBN monta\u017ea nije uklju\u010dena u cijenu klima ure\u0111aja.<br \/>\nOvla\u0161tenu monta\u017eu klima ure\u0111aja obavljamo na podru\u010dju Bijeljine i okoline do 20KM<br \/>\nAko \u017eelite ovla\u0161tenu monta\u017eu dodajte je u korpu i platite zajedno sa klima ure\u0111ajem koji izaberete<br \/>\nNakon pla\u0107anja klima ure\u0111aja i ukoliko \u017eelite monta\u017eu, ostavite nam kontakt podatke kako bi Vas monta\u017eer mogao kontaktirati<br \/>\nGarancija monta\u017eu vrijedi do isteka garancije na klima ure\u0111aj.Standardna monta\u017ea mono-split klima ure\u0111aja podrazumijeva monta\u017eu unutarnje i vanjske jedinice na visini do 5 metara, bez upotrebe skele ili auto dizalice.<br \/>\nKod ve\u0107ih visina dodatno se napla\u0107uju visinski radovi ili se anga\u017euje auto korpa ili postavlja skela koju dodatno pla\u0107a i osigurava kupac.<br \/>\nAko je potrebno demontirati i po potrebi ekolo\u0161ki zbrinuti stari klima ure\u0111aj, demonta\u017ea se dodatno pla\u0107a prema<br \/>\nMolimo Vas da nas prema potrebi kontaktirate za detalje kako bi prije izvo\u0111enja dobili sve informacije o potrebnim radovima i cijeni&nbsp;<\/p>\n<p>U standardnu monta\u017eu klima ure\u0111aja uklju\u010deno je:<\/p>\n<p>Dobava i postavljanje do 3 metra plinskih i elektro instalacija izme\u0111u unutarnje i vanjske jedinice<br \/>\nDobava i postavljanje do 3 metra PVC kanala za postavljanje instalacije izme\u0111u unutarnje i vanjske jedinice \u2013 nadgradno<br \/>\nDobava i postavljanje do 3 metra PVC kanala sa elektri\u010dnim kabelom za napajanje klima ure\u0111aja \u2013 nadgradno<br \/>\nDobava i postavljanje do 3 metra cijevi za odvod vode-kondenzata, slobodnim padom u pripremljeni odvod<br \/>\nDobava i postavljanje 1 par pocin\u010danih nosa\u010da za monta\u017eu vanjske jedinice (ukoliko nosa\u010di ve\u0107 postoje, to ne umanjuje cijenu usluge)<br \/>\nPotro\u0161ni materijal (\u0161arafi, tiplovi, izolacijska traka, vezice, silikon, gips i ostali potrebni materijal za monta\u017eu)<br \/>\n1 probijanje zida fi 55, debljine do 40cm (ukoliko rupa ve\u0107 postoji, to ne umanjuje cijenu usluge)<br \/>\nMonta\u017ea unutarnje i vanjske jedinice<br \/>\nSpajanje plinskih i elektro instalacija na unutarnjoj i vanjskoj jedinici<br \/>\nSpajanje napajanja na postoje\u0107u elektri\u010dnu instalaciju<br \/>\nVakumiranje<br \/>\nPu\u0161tanje u rad<br \/>\nTestiranje rada klime<br \/>\n\u010ci\u0161\u0107enje mijesta rada<br \/>\nOvjera garancije<\/p>\n<p><strong>Ukoliko monta\u017eu obavi osoba ili firma koju anga\u017euje kupac, a koja nije ovla\u0161tena za monta\u017eu klima ure\u0111aja, ista preuzima i odgovornost za eventualne kvarove i neispravnost na ure\u0111aju i monta\u017ei te u tom slu\u010daju Prodavatelj nije odgovoran za nastalu \u0161tetu a kupac gubi garanciju.<\/strong><\/p>\n<\/div>\n<\/div>\n","protected":false},"excerpt":{"rendered":"<p>Zidna unutarnja i vanjska jedinica<br \/>\nU\u010dinak hla\u0111enja: 4,6kW (1 &#8211; 5,4) kW<br \/>\nU\u010dinak grijanja: 5,2kW (0,75 &#8211; 5,8) kW<br \/>\nPrikladno za prostor: 40m2<br \/>\nEnergetska klasa: A++<br \/>\nWi-Fi upravljanje je uklju\u010deno u cijenu<br \/>\nGarancija : 5 godina (3 god. osnovno + 2 god. uz registraciju)<\/p>\n<h4>Jedinica Cosmo Economical je opremljena izmjenjiva\u010dem topline s direktnom ekspanzijom freona, ukrasnom maskom besprijekornog dizajna, te svim potrebnim elementima za za\u0161titu, kontrolu i regulaciju ure\u0111aja i temperature.<\/h4>\n<h4>Jedinica je opremljena s be\u017ei\u010dnim daljinskim upravlja\u010dem s LED pozadinskim osvjetljenjem.<\/h4>\n<div>\n<div>WI-FI SU\u010cELJE<\/div>\n<div>Preuzimanjem Gree + aplikacije na Apple ili Android pametne ure\u0111aje i povez\u030cite svoje ure\u0111aje za upravljanje i kontroliranje ure\u0111aja sa bilo koje lokacije i bilo kada.<\/div>\n<div><\/div>\n<div>LED DISPLAY<\/div>\n<div>U realnom vremenu prikazuje temperaturu prostorije ili \u017eeljenu temperaturu.<\/div>\n<div><\/div>\n<div>7 BRZINA VENTILATORA<\/div>\n<div>7 automatskih brzina ventilatora unutarnje jedinice.<\/div>\n<div><\/div>\n<div>\u00a0I-FEEL FUNKCIJA (FOLLOW ME)<\/div>\n<div>Klima ure\u0111aj automatski prilago\u0111ava temperaturu na \u017eeljenu razinu uz pomo\u0107 dodatnog senzora na daljinskom upravlja\u010du.<\/div>\n<div><\/div>\n<div>SAMODIJAGNOZA &#8211; Detekcija i prikaz gre\u0161ke<\/div>\n<div>Omogu\u0107uje prikazivanje opisa gre\u0161ke radi br\u017eeg i lak\u0161eg rje\u0161avanja nastalog problema.<\/div>\n<div><\/div>\n<div>NO\u0106NI NA\u010cIN RADA (3 NO\u0106NE KRIVULJE)<\/div>\n<div>Kada je no\u0107ni na\u010din rada aktiviran tijekom hla\u0111enja, klima ure\u0111aj automatski podi\u017ee sobnu temperaturu za 1 \u00b0C prva dva sata, nakon \u010dega ostaje fiksna. Kada je tijekom grijanja uklju\u010den no\u0107ni na\u010din rada, klima ure\u0111aj automatski sni\u017eava sobnu temperaturu za 1\u00b0C prva dva sata, nakon \u010dega ostaje fiksna.<\/div>\n<div><\/div>\n<div>VERTIKALNO I HORIZONTALNO ZAKRETANJE KRILACA<\/div>\n<div>Mo\u017eete na daljinskom upravlja\u010du kontrolirati smjer puhanja po vertikali i po horizontali.<\/div>\n<div><\/div>\n<div>COLD PLASMA FILTER ZA IONIZIRANJE ZRAKA<\/div>\n<div>Otpu\u0161ta negativne ione, eliminira neugodne mirise, pra\u0161inu, dim i pelud. Osigurava svje\u017e i \u010dist zrak.<\/div>\n<div><\/div>\n<div>\u00a0INTELIGENTNO PREDZAGRIJAVANJE I ODMRZAVANJE<\/div>\n<div>Ukoliko je potrebno, automatski se aktivira otapanje. Pospje\u0161uje u\u010dinkovitost ure\u0111aja pri grijanju i \u0161tedi energiju.<\/div>\n<div><\/div>\n<div><\/div>\n<div><\/div>\n<p>Podru\u010dje rada u hla\u0111enju: od\u00a0-15\u00b0C\u00a0do\u00a0+43\u00b0C,\u00a0podru\u010dje rada u grijanju: od\u00a0-15\u00b0C\u00a0do\u00a0+24\u00b0C.<\/p>\n<p>Maksimalno dozvoljena duljina instalacije izme\u0111u unutarnje i vanjske jedinice je 15 do 25m ovisno o snazi.<\/p>\n<p>Maksimalna visinska razlika izme\u0111u unutarnje i vanjske jedinice do 10m \u010dini ga odli\u010dnim izborom za specifi\u010dne objekte i zahtjevnije situacije.<\/p>\n<p><a href=\"http:\/\/astehshop.com\/wp-content\/uploads\/2025\/04\/funkcija-samociscenja.jpg\"><img decoding=\"async\" loading=\"lazy\" class=\"alignnone size-medium wp-image-10231\" src=\"http:\/\/astehshop.com\/wp-content\/uploads\/2025\/04\/funkcija-samociscenja-450x253.jpg\" alt=\"\" width=\"450\" height=\"253\" srcset=\"https:\/\/i1.wp.com\/astehshop.com\/wp-content\/uploads\/2025\/04\/funkcija-samociscenja.jpg?resize=450%2C253 450w, https:\/\/i1.wp.com\/astehshop.com\/wp-content\/uploads\/2025\/04\/funkcija-samociscenja.jpg?resize=1024%2C576 1024w, https:\/\/i1.wp.com\/astehshop.com\/wp-content\/uploads\/2025\/04\/funkcija-samociscenja.jpg?resize=768%2C432 768w, https:\/\/i1.wp.com\/astehshop.com\/wp-content\/uploads\/2025\/04\/funkcija-samociscenja.jpg?resize=1536%2C864 1536w, https:\/\/i1.wp.com\/astehshop.com\/wp-content\/uploads\/2025\/04\/funkcija-samociscenja.jpg?resize=300%2C169 300w, https:\/\/i1.wp.com\/astehshop.com\/wp-content\/uploads\/2025\/04\/funkcija-samociscenja.jpg?resize=1170%2C658 1170w, https:\/\/i1.wp.com\/astehshop.com\/wp-content\/uploads\/2025\/04\/funkcija-samociscenja.jpg?resize=128%2C72 128w, https:\/\/i1.wp.com\/astehshop.com\/wp-content\/uploads\/2025\/04\/funkcija-samociscenja.jpg?resize=600%2C338 600w, https:\/\/i1.wp.com\/astehshop.com\/wp-content\/uploads\/2025\/04\/funkcija-samociscenja.jpg?w=1920 1920w\" sizes=\"(max-width: 450px) 100vw, 450px\" \/><\/a><\/p>\n<p>&nbsp;<\/p>\n<div><\/div>\n<div><a href=\"https:\/\/register.deltron.ba\/\">Registruj svoj GREE ure\u0111aj klikom ovdje<\/a><\/div>\n<div><\/div>\n<div>MONTA\u017dA MONO-SPLIT KLIMA URE\u0110AJA jedne unutarnje i jedne vanjske jedinice<\/div>\n<div>Na web shopu TechnoShopBN monta\u017ea nije uklju\u010dena u cijenu klima ure\u0111aja.<br \/>\nOvla\u0161tenu monta\u017eu klima ure\u0111aja obavljamo na podru\u010dju Bijeljine i okoline do 20KM<br \/>\nAko \u017eelite ovla\u0161tenu monta\u017eu dodajte je u korpu i platite zajedno sa klima ure\u0111ajem koji izaberete<br \/>\nNakon pla\u0107anja klima ure\u0111aja i ukoliko \u017eelite monta\u017eu, ostavite nam kontakt podatke kako bi Vas monta\u017eer mogao kontaktirati<br \/>\nGarancija monta\u017eu vrijedi do isteka garancije na klima ure\u0111aj.Standardna monta\u017ea mono-split klima ure\u0111aja podrazumijeva monta\u017eu unutarnje i vanjske jedinice na visini do 5 metara, bez upotrebe skele ili auto dizalice.<br \/>\nKod ve\u0107ih visina dodatno se napla\u0107uju visinski radovi ili se anga\u017euje auto korpa ili postavlja skela koju dodatno pla\u0107a i osigurava kupac.<br \/>\nAko je potrebno demontirati i po potrebi ekolo\u0161ki zbrinuti stari klima ure\u0111aj, demonta\u017ea se dodatno pla\u0107a prema<br \/>\nMolimo Vas da nas prema potrebi kontaktirate za detalje kako bi prije izvo\u0111enja dobili sve informacije o potrebnim radovima i cijeni&nbsp;<\/p>\n<p>U standardnu monta\u017eu klima ure\u0111aja uklju\u010deno je:<\/p>\n<p>Dobava i postavljanje do 3 metra plinskih i elektro instalacija izme\u0111u unutarnje i vanjske jedinice<br \/>\nDobava i postavljanje do 3 metra PVC kanala za postavljanje instalacije izme\u0111u unutarnje i vanjske jedinice \u2013 nadgradno<br \/>\nDobava i postavljanje do 3 metra PVC kanala sa elektri\u010dnim kabelom za napajanje klima ure\u0111aja \u2013 nadgradno<br \/>\nDobava i postavljanje do 3 metra cijevi za odvod vode-kondenzata, slobodnim padom u pripremljeni odvod<br \/>\nDobava i postavljanje 1 par pocin\u010danih nosa\u010da za monta\u017eu vanjske jedinice (ukoliko nosa\u010di ve\u0107 postoje, to ne umanjuje cijenu usluge)<br \/>\nPotro\u0161ni materijal (\u0161arafi, tiplovi, izolacijska traka, vezice, silikon, gips i ostali potrebni materijal za monta\u017eu)<br \/>\n1 probijanje zida fi 55, debljine do 40cm (ukoliko rupa ve\u0107 postoji, to ne umanjuje cijenu usluge)<br \/>\nMonta\u017ea unutarnje i vanjske jedinice<br \/>\nSpajanje plinskih i elektro instalacija na unutarnjoj i vanjskoj jedinici<br \/>\nSpajanje napajanja na postoje\u0107u elektri\u010dnu instalaciju<br \/>\nVakumiranje<br \/>\nPu\u0161tanje u rad<br \/>\nTestiranje rada klime<br \/>\n\u010ci\u0161\u0107enje mijesta rada<br \/>\nOvjera garancije<\/p>\n<p><strong>Ukoliko monta\u017eu obavi osoba ili firma koju anga\u017euje kupac, a koja nije ovla\u0161tena za monta\u017eu klima ure\u0111aja, ista preuzima i odgovornost za eventualne kvarove i neispravnost na ure\u0111aju i monta\u017ei te u tom slu\u010daju Prodavatelj nije odgovoran za nastalu \u0161tetu a kupac gubi garanciju.<\/strong><\/p>\n<\/div>\n<\/div>\n","protected":false},"featured_media":10235,"comment_status":"open","ping_status":"closed","template":"","meta":{"_mi_skip_tracking":false,"_exactmetrics_sitenote_active":false,"_exactmetrics_sitenote_note":"","_exactmetrics_sitenote_category":0,"spay_email":""},"product_cat":[2458],"product_tag":[7909,7915,7917,5687,657,7920,7919,7918,7808,7916,7117,7175,7057,2462,7793],"brands":[{"id":7715,"name":"gree","slug":"gree"}],"df_price":1589,"df_sale_price":"","df_regular_price":1589,"df_image_link":"https:\/\/i2.wp.com\/astehshop.com\/wp-content\/uploads\/2025\/04\/Cosmo-Economical.webp?fit=450%2C450","jetpack_publicize_connections":[],"jetpack_sharing_enabled":true,"jetpack_likes_enabled":true,"jetpack-related-posts":[{"id":10230,"url":"http:\/\/astehshop.com\/index.php\/product\/gree-cosmo-regular-klima-uredaj-gwh18awdxd-k6dna1a\/","url_meta":{"origin":10237,"position":0},"title":"Gree Cosmo Regular Klima Ure\u0111aj GWH18AWDXD-K6DNA1A","date":"12. travnja 2025.","format":false,"excerpt":"U\u010dinak hla\u0111enja: 5,3kW (1 - 6,4) kW U\u010dinak grijanja: 5,6kW (1,2 - 6,8) kW Freon : R32 Grije do -25\u00b0C vanjske temperature! Preporuka za primarno grijanje na vrlo niskim vanjskim temperaturama! Prikladno za prostor do 50m2 Energetska klasa: A++ Wi-Fi upravljanje je uklju\u010deno u cijenu Garancija : 5 godina (3\u2026","rel":"","context":"Srodne objave","img":{"alt_text":"","src":"https:\/\/i1.wp.com\/astehshop.com\/wp-content\/uploads\/2025\/04\/cosmo-regular.png?fit=580%2C584&resize=350%2C200","width":350,"height":200},"classes":[]},{"id":10249,"url":"http:\/\/astehshop.com\/index.php\/product\/gree-mona-gph12ao-k5nna1d-prijenosna-klima\/","url_meta":{"origin":10237,"position":1},"title":"Gree Mona GPH12AO-K5NNA1D  prijenosna klima","date":"12. travnja 2025.","format":false,"excerpt":"Udobnost i prakti\u010dnost su klju\u010dni aspekti suvremenog \u017eivota, a GREE Mona GPH12AO-K5NNA1D (WiFi) prijenosni klima ure\u0111aj predstavlja savr\u0161eno rje\u0161enje za odr\u017eavanje \u017eeljene temperature u va\u0161em domu ili uredu. Ovaj inovativni ure\u0111aj nudi \u0161irok spektar mogu\u0107nosti, pru\u017eaju\u0107i vam potpunu kontrolu nad klimatizacijom prostora. Jedna od izvanrednih karakteristika GREE Mona klima ure\u0111aja\u2026","rel":"","context":"Srodne objave","img":{"alt_text":"","src":"https:\/\/i2.wp.com\/astehshop.com\/wp-content\/uploads\/2025\/04\/Prijenosna-klima-uredaj-GREE-Mona-GPH12AN-1-1.png?fit=990%2C1010&resize=350%2C200","width":350,"height":200},"classes":[]},{"id":10167,"url":"http:\/\/astehshop.com\/index.php\/product\/azuri-console-parapetni-klima-uredaj-azi-fo25vd\/","url_meta":{"origin":10237,"position":2},"title":"AZURI CONSOLE Parapetni KLIMA URE\u0110AJ AZI-FO25VD","date":"6. travnja 2025.","format":false,"excerpt":"Podna unutarnja i vanjska jedinica U\u010dinak hla\u0111enja: 2,7kW (0,70 - 3,40) kW U\u010dinak grijanja: 2,9kW (0,60 - 3,50) kW Prikladno za prostor: do 25m2 Energetska klasa: A++ Wi-Fi upravljanje je uklju\u010deno u cijenu Garancija : 5 godina (3 god. osnovno + 2 god. uz registraciju) AZURI klima ure\u0111aji odlikuju se\u2026","rel":"","context":"Srodne objave","img":{"alt_text":"","src":"https:\/\/i0.wp.com\/astehshop.com\/wp-content\/uploads\/2025\/04\/parapetna-klima.png?fit=867%2C650&resize=350%2C200","width":350,"height":200},"classes":[]},{"id":10189,"url":"http:\/\/astehshop.com\/index.php\/product\/azuri-supra-klima-uredaj-azi-wo25vg-multi-split-unutrasnja-jedinica\/","url_meta":{"origin":10237,"position":3},"title":"AZURI Supra KLIMA URE\u0110AJ AZI-WO25VG Multi Split unutra\u0161nja jedinica","date":"6. travnja 2025.","format":false,"excerpt":"Unutarnja zidna jedinica za multi sustav U\u010dinak hla\u0111enja: 2,7 kW (0,45-3,50) kW U\u010dinak grijanja: 3 kW (0,50-4,20) kW Prikladno za prostor: do 25m2 Wi-Fi upravljanje je uklju\u010deno u cijenu Garancija: 5 godina (3 god. osnovno + 2 god. uz registraciju) AZURI klima ure\u0111aji odlikuju se modernim dizajnom i visokom energetskom\u2026","rel":"","context":"Srodne objave","img":{"alt_text":"","src":"https:\/\/i2.wp.com\/astehshop.com\/wp-content\/uploads\/2025\/04\/SUPRA-1.png?fit=1024%2C1024&resize=350%2C200","width":350,"height":200},"classes":[]},{"id":10193,"url":"http:\/\/astehshop.com\/index.php\/product\/azuri-supra-klima-uredaj-azi-wo25vb-unutrasnja-multi-split-jedinica-antracit\/","url_meta":{"origin":10237,"position":4},"title":"AZURI Supra KLIMA URE\u0110AJ AZI-WO25VB Unutra\u0161nja Multi Split jedinica antracit","date":"6. travnja 2025.","format":false,"excerpt":"Unutarnja zidna jedinica za multi sustav U\u010dinak hla\u0111enja: 2,7 kW (0,45-3,50) kW U\u010dinak grijanja: 3 kW (0,50-4,20) kW Prikladno za prostor: do 25m2 Wi-Fi upravljanje je uklju\u010deno u cijenu Garancija : 5 godina (3 god. osnovno + 2 god. uz registraciju) \u00a0 AZURI klima ure\u0111aji odlikuju se modernim dizajnom i\u2026","rel":"","context":"Srodne objave","img":{"alt_text":"","src":"https:\/\/i2.wp.com\/astehshop.com\/wp-content\/uploads\/2025\/04\/supra-black-2-ast-3276390-d.png?fit=1162%2C1120&resize=350%2C200","width":350,"height":200},"classes":[]},{"id":10188,"url":"http:\/\/astehshop.com\/index.php\/product\/azuri-nora-azi-we50vh-multisplit-unutrasnja-jedinica\/","url_meta":{"origin":10237,"position":5},"title":"AZURI NORA AZI-WE50VH MultiSplit unutra\u0161nja jedinica","date":"6. travnja 2025.","format":false,"excerpt":"Zidna unutarnja jedinica za multi sustav U\u010dinak hla\u0111enja: 4,6 kW U\u010dinak grijanja: 5,2 kW Prikladno za prostor: do 50m2 Wi-Fi upravljanje je uklju\u010deno u cijenu Garancija : 5 godina (3 god. osnovno + 2 god. uz registraciju) AZURI klima ure\u0111aji odlikuju se modernim dizajnom i visokom energetskom u\u010dinkovito\u0161\u0107u. Zahvaljuju\u0107i inverter\u2026","rel":"","context":"Srodne objave","img":{"alt_text":"","src":"https:\/\/i0.wp.com\/astehshop.com\/wp-content\/uploads\/2025\/04\/AZI-WE25VH-unutrasnja.png?fit=1200%2C1200&resize=350%2C200","width":350,"height":200},"classes":[]}],"_links":{"self":[{"href":"http:\/\/astehshop.com\/index.php\/wp-json\/wp\/v2\/product\/10237"}],"collection":[{"href":"http:\/\/astehshop.com\/index.php\/wp-json\/wp\/v2\/product"}],"about":[{"href":"http:\/\/astehshop.com\/index.php\/wp-json\/wp\/v2\/types\/product"}],"replies":[{"embeddable":true,"href":"http:\/\/astehshop.com\/index.php\/wp-json\/wp\/v2\/comments?post=10237"}],"wp:featuredmedia":[{"embeddable":true,"href":"http:\/\/astehshop.com\/index.php\/wp-json\/wp\/v2\/media\/10235"}],"wp:attachment":[{"href":"http:\/\/astehshop.com\/index.php\/wp-json\/wp\/v2\/media?parent=10237"}],"wp:term":[{"taxonomy":"product_cat","embeddable":true,"href":"http:\/\/astehshop.com\/index.php\/wp-json\/wp\/v2\/product_cat?post=10237"},{"taxonomy":"product_tag","embeddable":true,"href":"http:\/\/astehshop.com\/index.php\/wp-json\/wp\/v2\/product_tag?post=10237"}],"curies":[{"name":"wp","href":"https:\/\/api.w.org\/{rel}","templated":true}]}}