{"id":10234,"date":"2025-04-12T14:25:00","date_gmt":"2025-04-12T12:25:00","guid":{"rendered":"http:\/\/astehshop.com\/?post_type=product&#038;p=10234"},"modified":"2026-01-10T14:32:31","modified_gmt":"2026-01-10T13:32:31","slug":"gree-cosmo-economical-gwh09awaxb-k6dna3b-klima-uredaj","status":"publish","type":"product","link":"http:\/\/astehshop.com\/index.php\/product\/gree-cosmo-economical-gwh09awaxb-k6dna3b-klima-uredaj\/","title":{"rendered":"Gree Cosmo Economical GWH09AWAXB-K6DNA3B klima ure\u0111aj"},"content":{"rendered":"<div class=\"woocommerce-product-details__short-description\">\n<p>Wi-Fi su\u010delje<\/p>\n<p>LED display<\/p>\n<p>7 brzina ventilatora<\/p>\n<p>I-Feel funkcija<\/p>\n<p>Samodijagnoza<\/p>\n<p>Vertikalno i horizontalno zakretanje krilaca<\/p>\n<p>Cold Plasma filter za ioniziranje zraka<\/p>\n<p>Grija\u010d vanjske jedinice<\/p>\n<p>Inteligentno predzagrijavanje i odmrzavanje<\/p>\n<p>No\u0107ni na\u010din rada<\/p>\n<p>Nominalni kapacitet grijanja: 2,80 kW<br \/>\nNominalni kapacitet hla\u0111enja: 2,5 kW<br \/>\nU\u010dinak grijanja (min\/nom\/max): 0,5 &#8211; 2,8 &#8211; 3,7 kW<br \/>\nU\u010dinak hla\u0111enja (min\/nom\/max): 0,5 &#8211; 2,5 &#8211; 3,25 kW<br \/>\nCOP : 3,84<br \/>\nEER : 3,68<br \/>\nEnergetski razred &#8211; grijanje : A+<br \/>\nEnergetski razred &#8211; hla\u0111enje : A++<br \/>\nSCOP : 4,1<br \/>\nSEER : 6,6<br \/>\nProtok zraka unutarnje jedinice &#8211; grijanje : 4,17 &#8211; 4,5 &#8211; 5,3 &#8211; 6,5 &#8211; 7,17 &#8211; 7,83 &#8211; 8,33 m\u00b3\/min<br \/>\nProtok zraka unutarnje jedinice &#8211; hla\u0111enje : 4,17 &#8211; 4,5 &#8211; 5,3 &#8211; 6,5 &#8211; 7,17 &#8211; 7,83 &#8211; 8,33 m\u00b3\/min<br \/>\nProtok zraka vanjske jedinice &#8211; grijanje : 32,5 m\u00b3\/min<br \/>\nProtok zraka vanjske jedinice &#8211; hla\u0111enje : 32,5 m\u00b3\/min<br \/>\nTemperaturni raspon rada &#8211; grijanje (min &#8211; max) : -15 ~ 24 \u00b0C<br \/>\nTemperaturni raspon rada &#8211; hla\u0111enje (min &#8211; max) : -15 ~ 43 \u00b0C<br \/>\nRadni medij : R32<br \/>\nPrednapunjena duljina cijevi : 5 m<br \/>\nNadopuna plina : 16 g\/m<br \/>\nPriklju\u010dak cijevi &#8211; plin : 9,52 mm<br \/>\nPriklju\u010dak cijevi &#8211; teku\u0107ina : 6,35 mm<br \/>\nMax duljina cjevovoda : 15 m<br \/>\nMax visinka razlika izme\u0111u vanjske &#8211; unutarnje jedinice : 10 m<br \/>\nNapajanje : 220-240\/1\/50 V\/Ph\/Hz<br \/>\nNapajanje na vanjsku jedinicu : 3 x 1,0 mm\u00b2<br \/>\nMe\u0111uveza vanjske i unutarnje jedinice : PP00 5 x 1,5 mm\u00b2<br \/>\nOsigura\u010d : 10 A<\/p>\n<p>&nbsp;<\/p>\n<div><\/div>\n<div><a href=\"https:\/\/register.deltron.ba\/\">Registruj svoj GREE ure\u0111aj klikom ovdje<\/a><\/div>\n<div><\/div>\n<div>MONTA\u017dA MONO-SPLIT KLIMA URE\u0110AJA jedne unutarnje i jedne vanjske jediniceNa web shopu TechnoShopBN monta\u017ea nije uklju\u010dena u cijenu klima ure\u0111aja.<br \/>\nOvla\u0161tenu monta\u017eu klima ure\u0111aja obavljamo na podru\u010dju Bijeljine i okoline do 20KM<br \/>\nAko \u017eelite ovla\u0161tenu monta\u017eu dodajte je u korpu i platite zajedno sa klima ure\u0111ajem koji izaberete<br \/>\nNakon pla\u0107anja klima ure\u0111aja i ukoliko \u017eelite monta\u017eu, ostavite nam kontakt podatke kako bi Vas monta\u017eer mogao kontaktirati<br \/>\nGarancija monta\u017eu vrijedi do isteka garancije na klima ure\u0111aj.Standardna monta\u017ea mono-split klima ure\u0111aja podrazumijeva monta\u017eu unutarnje i vanjske jedinice na visini do 5 metara, bez upotrebe skele ili auto dizalice.<br \/>\nKod ve\u0107ih visina dodatno se napla\u0107uju visinski radovi ili se anga\u017euje auto korpa ili postavlja skela koju dodatno pla\u0107a i osigurava kupac.<br \/>\nAko je potrebno demontirati i po potrebi ekolo\u0161ki zbrinuti stari klima ure\u0111aj, demonta\u017ea se dodatno pla\u0107a prema<br \/>\nMolimo Vas da nas prema potrebi kontaktirate za detalje kako bi prije izvo\u0111enja dobili sve informacije o potrebnim radovima i cijenihttps:\/\/www.youtube.com\/watch?v=_b35LB9MQMA&nbsp;<\/p>\n<p>U standardnu monta\u017eu klima ure\u0111aja uklju\u010deno je:<\/p>\n<p>Dobava i postavljanje do 3 metra plinskih i elektro instalacija izme\u0111u unutarnje i vanjske jedinice<br \/>\nDobava i postavljanje do 3 metra PVC kanala za postavljanje instalacije izme\u0111u unutarnje i vanjske jedinice \u2013 nadgradno<br \/>\nDobava i postavljanje do 3 metra PVC kanala sa elektri\u010dnim kabelom za napajanje klima ure\u0111aja \u2013 nadgradno<br \/>\nDobava i postavljanje do 3 metra cijevi za odvod vode-kondenzata, slobodnim padom u pripremljeni odvod<br \/>\nDobava i postavljanje 1 par pocin\u010danih nosa\u010da za monta\u017eu vanjske jedinice (ukoliko nosa\u010di ve\u0107 postoje, to ne umanjuje cijenu usluge)<br \/>\nPotro\u0161ni materijal (\u0161arafi, tiplovi, izolacijska traka, vezice, silikon, gips i ostali potrebni materijal za monta\u017eu)<br \/>\n1 probijanje zida fi 55, debljine do 40cm (ukoliko rupa ve\u0107 postoji, to ne umanjuje cijenu usluge)<br \/>\nMonta\u017ea unutarnje i vanjske jedinice<br \/>\nSpajanje plinskih i elektro instalacija na unutarnjoj i vanjskoj jedinici<br \/>\nSpajanje napajanja na postoje\u0107u elektri\u010dnu instalaciju<br \/>\nVakumiranje<br \/>\nPu\u0161tanje u rad<br \/>\nTestiranje rada klime<br \/>\n\u010ci\u0161\u0107enje mijesta rada<br \/>\nOvjera garancije<\/p>\n<p><strong>Ukoliko monta\u017eu obavi osoba ili firma koju anga\u017euje kupac, a koja nije ovla\u0161tena za monta\u017eu klima ure\u0111aja, ista preuzima i odgovornost za eventualne kvarove i neispravnost na ure\u0111aju i monta\u017ei te u tom slu\u010daju Prodavatelj nije odgovoran za nastalu \u0161tetu a kupac gubi garanciju.<\/strong><\/p>\n<\/div>\n<\/div>\n","protected":false},"excerpt":{"rendered":"<div class=\"woocommerce-product-details__short-description\">\n<p>Wi-Fi su\u010delje<\/p>\n<p>LED display<\/p>\n<p>7 brzina ventilatora<\/p>\n<p>I-Feel funkcija<\/p>\n<p>Samodijagnoza<\/p>\n<p>Vertikalno i horizontalno zakretanje krilaca<\/p>\n<p>Cold Plasma filter za ioniziranje zraka<\/p>\n<p>Grija\u010d vanjske jedinice<\/p>\n<p>Inteligentno predzagrijavanje i odmrzavanje<\/p>\n<p>No\u0107ni na\u010din rada<\/p>\n<p>Nominalni kapacitet grijanja: 2,80 kW<br \/>\nNominalni kapacitet hla\u0111enja: 2,5 kW<br \/>\nU\u010dinak grijanja (min\/nom\/max): 0,5 &#8211; 2,8 &#8211; 3,7 kW<br \/>\nU\u010dinak hla\u0111enja (min\/nom\/max): 0,5 &#8211; 2,5 &#8211; 3,25 kW<br \/>\nCOP : 3,84<br \/>\nEER : 3,68<br \/>\nEnergetski razred &#8211; grijanje : A+<br \/>\nEnergetski razred &#8211; hla\u0111enje : A++<br \/>\nSCOP : 4,1<br \/>\nSEER : 6,6<br \/>\nProtok zraka unutarnje jedinice &#8211; grijanje : 4,17 &#8211; 4,5 &#8211; 5,3 &#8211; 6,5 &#8211; 7,17 &#8211; 7,83 &#8211; 8,33 m\u00b3\/min<br \/>\nProtok zraka unutarnje jedinice &#8211; hla\u0111enje : 4,17 &#8211; 4,5 &#8211; 5,3 &#8211; 6,5 &#8211; 7,17 &#8211; 7,83 &#8211; 8,33 m\u00b3\/min<br \/>\nProtok zraka vanjske jedinice &#8211; grijanje : 32,5 m\u00b3\/min<br \/>\nProtok zraka vanjske jedinice &#8211; hla\u0111enje : 32,5 m\u00b3\/min<br \/>\nTemperaturni raspon rada &#8211; grijanje (min &#8211; max) : -15 ~ 24 \u00b0C<br \/>\nTemperaturni raspon rada &#8211; hla\u0111enje (min &#8211; max) : -15 ~ 43 \u00b0C<br \/>\nRadni medij : R32<br \/>\nPrednapunjena duljina cijevi : 5 m<br \/>\nNadopuna plina : 16 g\/m<br \/>\nPriklju\u010dak cijevi &#8211; plin : 9,52 mm<br \/>\nPriklju\u010dak cijevi &#8211; teku\u0107ina : 6,35 mm<br \/>\nMax duljina cjevovoda : 15 m<br \/>\nMax visinka razlika izme\u0111u vanjske &#8211; unutarnje jedinice : 10 m<br \/>\nNapajanje : 220-240\/1\/50 V\/Ph\/Hz<br \/>\nNapajanje na vanjsku jedinicu : 3 x 1,0 mm\u00b2<br \/>\nMe\u0111uveza vanjske i unutarnje jedinice : PP00 5 x 1,5 mm\u00b2<br \/>\nOsigura\u010d : 10 A<\/p>\n<p>&nbsp;<\/p>\n<div><\/div>\n<div><a href=\"https:\/\/register.deltron.ba\/\">Registruj svoj GREE ure\u0111aj klikom ovdje<\/a><\/div>\n<div><\/div>\n<div>MONTA\u017dA MONO-SPLIT KLIMA URE\u0110AJA jedne unutarnje i jedne vanjske jediniceNa web shopu TechnoShopBN monta\u017ea nije uklju\u010dena u cijenu klima ure\u0111aja.<br \/>\nOvla\u0161tenu monta\u017eu klima ure\u0111aja obavljamo na podru\u010dju Bijeljine i okoline do 20KM<br \/>\nAko \u017eelite ovla\u0161tenu monta\u017eu dodajte je u korpu i platite zajedno sa klima ure\u0111ajem koji izaberete<br \/>\nNakon pla\u0107anja klima ure\u0111aja i ukoliko \u017eelite monta\u017eu, ostavite nam kontakt podatke kako bi Vas monta\u017eer mogao kontaktirati<br \/>\nGarancija monta\u017eu vrijedi do isteka garancije na klima ure\u0111aj.Standardna monta\u017ea mono-split klima ure\u0111aja podrazumijeva monta\u017eu unutarnje i vanjske jedinice na visini do 5 metara, bez upotrebe skele ili auto dizalice.<br \/>\nKod ve\u0107ih visina dodatno se napla\u0107uju visinski radovi ili se anga\u017euje auto korpa ili postavlja skela koju dodatno pla\u0107a i osigurava kupac.<br \/>\nAko je potrebno demontirati i po potrebi ekolo\u0161ki zbrinuti stari klima ure\u0111aj, demonta\u017ea se dodatno pla\u0107a prema<br \/>\nMolimo Vas da nas prema potrebi kontaktirate za detalje kako bi prije izvo\u0111enja dobili sve informacije o potrebnim radovima i cijenihttps:\/\/www.youtube.com\/watch?v=_b35LB9MQMA&nbsp;<\/p>\n<p>U standardnu monta\u017eu klima ure\u0111aja uklju\u010deno je:<\/p>\n<p>Dobava i postavljanje do 3 metra plinskih i elektro instalacija izme\u0111u unutarnje i vanjske jedinice<br \/>\nDobava i postavljanje do 3 metra PVC kanala za postavljanje instalacije izme\u0111u unutarnje i vanjske jedinice \u2013 nadgradno<br \/>\nDobava i postavljanje do 3 metra PVC kanala sa elektri\u010dnim kabelom za napajanje klima ure\u0111aja \u2013 nadgradno<br \/>\nDobava i postavljanje do 3 metra cijevi za odvod vode-kondenzata, slobodnim padom u pripremljeni odvod<br \/>\nDobava i postavljanje 1 par pocin\u010danih nosa\u010da za monta\u017eu vanjske jedinice (ukoliko nosa\u010di ve\u0107 postoje, to ne umanjuje cijenu usluge)<br \/>\nPotro\u0161ni materijal (\u0161arafi, tiplovi, izolacijska traka, vezice, silikon, gips i ostali potrebni materijal za monta\u017eu)<br \/>\n1 probijanje zida fi 55, debljine do 40cm (ukoliko rupa ve\u0107 postoji, to ne umanjuje cijenu usluge)<br \/>\nMonta\u017ea unutarnje i vanjske jedinice<br \/>\nSpajanje plinskih i elektro instalacija na unutarnjoj i vanjskoj jedinici<br \/>\nSpajanje napajanja na postoje\u0107u elektri\u010dnu instalaciju<br \/>\nVakumiranje<br \/>\nPu\u0161tanje u rad<br \/>\nTestiranje rada klime<br \/>\n\u010ci\u0161\u0107enje mijesta rada<br \/>\nOvjera garancije<\/p>\n<p><strong>Ukoliko monta\u017eu obavi osoba ili firma koju anga\u017euje kupac, a koja nije ovla\u0161tena za monta\u017eu klima ure\u0111aja, ista preuzima i odgovornost za eventualne kvarove i neispravnost na ure\u0111aju i monta\u017ei te u tom slu\u010daju Prodavatelj nije odgovoran za nastalu \u0161tetu a kupac gubi garanciju.<\/strong><\/p>\n<\/div>\n<\/div>\n","protected":false},"featured_media":10235,"comment_status":"open","ping_status":"closed","template":"","meta":{"_mi_skip_tracking":false,"_exactmetrics_sitenote_active":false,"_exactmetrics_sitenote_note":"","_exactmetrics_sitenote_category":0,"spay_email":""},"product_cat":[2458],"product_tag":[7908,7911,7717,7909,7907,1615,7805,7806,7807,7055,1619,7111,7910,7137,1617],"brands":[{"id":7715,"name":"gree","slug":"gree"}],"df_price":985,"df_sale_price":"","df_regular_price":985,"df_image_link":"https:\/\/i2.wp.com\/astehshop.com\/wp-content\/uploads\/2025\/04\/Cosmo-Economical.webp?fit=450%2C450","jetpack_publicize_connections":[],"jetpack_sharing_enabled":true,"jetpack_likes_enabled":true,"jetpack-related-posts":[{"id":7769,"url":"http:\/\/astehshop.com\/index.php\/product\/klima-uredaj-24000btu-premium-20-wifi-inverter-a-a\/","url_meta":{"origin":10234,"position":0},"title":"Klima ure\u0111aj, 24000Btu, premium -20\u00b0, Wifi, Inverter, A++\/A+","date":"15. svibnja 2023.","format":false,"excerpt":"Klima ure\u0111aj TAC-24CHSD\/LFI, 24000 Btu, kapacitet hla\u0111enja 6.84 ( 1.83 - 7.82 ) kW, kapacitet grijanja 7.05 ( 1.85 - 7.96 ) kW Protok zraka 1100 m\u00b3\/h, temperaturni opseg u modu hla\u0111enja -15\u00b0C - 53\u00b0C, premium -20\u00b0, grija\u010d vanjske jedinice, temperaturni opseg u modu grijanja -20\u00b0C - +30\u00b0C Rashladni plin\u2026","rel":"","context":"Srodne objave","img":{"alt_text":"","src":"https:\/\/i1.wp.com\/astehshop.com\/wp-content\/uploads\/2023\/05\/frozzini-24-bez-nosaca-scaled.jpg?fit=1200%2C936&resize=350%2C200","width":350,"height":200},"classes":[]},{"id":7771,"url":"http:\/\/astehshop.com\/index.php\/product\/klima-uredaj-18000btu-premium-20-wifi-inverter-a-a\/","url_meta":{"origin":10234,"position":1},"title":"Klima ure\u0111aj, 18000Btu, premium -20\u00b0, Wifi, Inverter, A++\/A+","date":"15. svibnja 2023.","format":false,"excerpt":"Klima ure\u0111aj TAC-18CHSD\/LFI, 18000 Btu, kapacitet hla\u0111enja 5.1 ( 1.25 - 5.90 ) kW, kapacitet grijanja 5.13 ( 1.25 - 6.08 ) kW Protok zraka 820 m\u00b3\/h, temperaturni opseg u modu hla\u0111enja -15\u00b0C - 53\u00b0C, premium -20\u00b0, grija\u010d vanjske jedinice, temperaturni opseg u modu grijanja -20\u00b0C - +30\u00b0C Rashladni plin\u2026","rel":"","context":"Srodne objave","img":{"alt_text":"","src":"https:\/\/i1.wp.com\/astehshop.com\/wp-content\/uploads\/2023\/05\/frozini-24-scaled.jpg?fit=1200%2C888&resize=350%2C200","width":350,"height":200},"classes":[]},{"id":7767,"url":"http:\/\/astehshop.com\/index.php\/product\/klima-uredaj-split-sistem-12000btu-32kw-a\/","url_meta":{"origin":10234,"position":2},"title":"Klima ure\u0111aj, split sistem, 12000Btu, 3,2kW, A","date":"15. svibnja 2023.","format":false,"excerpt":"Klima ure\u0111aj, split sistem, kapacitet hla\u0111enje 3,2kW, grijanje 3,5kW, protok zraka 630m\u00b3\/h, razina buke unutarnja jedinica 38dB, vanjska jedinica 54dB, ECO plin R410A, energetski razred A+ \/ A. Mitsubishi kompresor.","rel":"","context":"Srodne objave","img":{"alt_text":"","src":"https:\/\/i0.wp.com\/astehshop.com\/wp-content\/uploads\/2023\/05\/frozzini-12-scaled.jpg?fit=1200%2C1012&resize=350%2C200","width":350,"height":200},"classes":[]},{"id":10242,"url":"http:\/\/astehshop.com\/index.php\/product\/gree-s-cool-klima-uredaj-gwh12apaxe-k6dna3a\/","url_meta":{"origin":10234,"position":3},"title":"Gree S-COOL klima ure\u0111aj GWH12APAXE-K6DNA3A","date":"12. travnja 2025.","format":false,"excerpt":"Klimatizacijski ure\u0111aj S-cool \u2013 Va\u0161 savr\u0161eni izbor za ugodan dom Upoznajte novi model\u00a0 Gree proizvodnje S-cool, dizajniran za nenadma\u0161ivu energetsku efikasnost\u00a0 i vrhunski ugo\u0111aj. Klju\u010dne prednosti: *Energetska efikasnost: Odr\u017eava \u017eeljenu temperaturu uz minimalnu potro\u0161nju energije. Energetski razredi\u00a0 \u00a0A+++ i za grijanje i hla\u0111enje *Ekolo\u0161ki prihvatljiv: Rashladni medij R32 sa niskim\u2026","rel":"","context":"Srodne objave","img":{"alt_text":"","src":"https:\/\/i1.wp.com\/astehshop.com\/wp-content\/uploads\/2025\/04\/s-cool-kpl-2-ast-3258601-p.png?fit=900%2C900&resize=350%2C200","width":350,"height":200},"classes":[]},{"id":10239,"url":"http:\/\/astehshop.com\/index.php\/product\/gree-s-cool-klima-uredaj-gwh09apaxe-k6dna3a\/","url_meta":{"origin":10234,"position":4},"title":"Gree S-COOL klima ure\u0111aj GWH09APAXE-K6DNA3A","date":"12. travnja 2025.","format":false,"excerpt":"Klimatizacijski ure\u0111aj S-cool \u2013 Va\u0161 savr\u0161eni izbor za ugodan dom Upoznajte novi model\u00a0 Gree proizvodnje S-cool, dizajniran za nenadma\u0161ivu energetsku efikasnost\u00a0 i vrhunski ugo\u0111aj. Klju\u010dne prednosti: *Energetska efikasnost: Odr\u017eava \u017eeljenu temperaturu uz minimalnu potro\u0161nju energije. Energetski razredi\u00a0 \u00a0 A+++ i za grijanje i hla\u0111enje *Ekolo\u0161ki prihvatljiv: Rashladni medij R32 sa\u2026","rel":"","context":"Srodne objave","img":{"alt_text":"","src":"https:\/\/i1.wp.com\/astehshop.com\/wp-content\/uploads\/2025\/04\/s-cool-kpl-2-ast-3258601-p.png?fit=900%2C900&resize=350%2C200","width":350,"height":200},"classes":[]},{"id":10232,"url":"http:\/\/astehshop.com\/index.php\/product\/gree-cosmo-regular-klima-uredaj-gwh24awexf-k6dna1a\/","url_meta":{"origin":10234,"position":5},"title":"Gree Cosmo Regular klima ure\u0111aj GWH24AWEXF-K6DNA1A","date":"12. travnja 2025.","format":false,"excerpt":"GREE klima ure\u0111aj GWH24AWEXF COSMO REGULAR | Namjena za prostor od: 51 do 75 m2 | Rashladno sredstvo: R32 | Tip klime: Inverter | Energetska hla\u0111enja: A++ | Energetska grijanja: A+ | Grija\u010d vanjske jedinice | WiFi: Da Grija\u010d vanjske jedinice! Jedinice su opremljene vertikalnim i horizontalnim krilcima. \u2022 Maksimalna\u2026","rel":"","context":"Srodne objave","img":{"alt_text":"","src":"https:\/\/i1.wp.com\/astehshop.com\/wp-content\/uploads\/2025\/04\/cosmo-regular.png?fit=580%2C584&resize=350%2C200","width":350,"height":200},"classes":[]}],"_links":{"self":[{"href":"http:\/\/astehshop.com\/index.php\/wp-json\/wp\/v2\/product\/10234"}],"collection":[{"href":"http:\/\/astehshop.com\/index.php\/wp-json\/wp\/v2\/product"}],"about":[{"href":"http:\/\/astehshop.com\/index.php\/wp-json\/wp\/v2\/types\/product"}],"replies":[{"embeddable":true,"href":"http:\/\/astehshop.com\/index.php\/wp-json\/wp\/v2\/comments?post=10234"}],"wp:featuredmedia":[{"embeddable":true,"href":"http:\/\/astehshop.com\/index.php\/wp-json\/wp\/v2\/media\/10235"}],"wp:attachment":[{"href":"http:\/\/astehshop.com\/index.php\/wp-json\/wp\/v2\/media?parent=10234"}],"wp:term":[{"taxonomy":"product_cat","embeddable":true,"href":"http:\/\/astehshop.com\/index.php\/wp-json\/wp\/v2\/product_cat?post=10234"},{"taxonomy":"product_tag","embeddable":true,"href":"http:\/\/astehshop.com\/index.php\/wp-json\/wp\/v2\/product_tag?post=10234"}],"curies":[{"name":"wp","href":"https:\/\/api.w.org\/{rel}","templated":true}]}}