{"id":10227,"date":"2025-04-12T14:08:32","date_gmt":"2025-04-12T12:08:32","guid":{"rendered":"http:\/\/astehshop.com\/?post_type=product&#038;p=10227"},"modified":"2026-01-14T18:39:14","modified_gmt":"2026-01-14T17:39:14","slug":"gree-comso-regular-gwh12awcxd-k6dna","status":"publish","type":"product","link":"http:\/\/astehshop.com\/index.php\/product\/gree-comso-regular-gwh12awcxd-k6dna\/","title":{"rendered":"Gree Comso Regular GWH12AWCXD-K6DNA"},"content":{"rendered":"<p>GREE klima ure\u0111aj GWH12AWCXD COSMO REGULAR | Namjena za prostor od: 26 do 35 m2 | Rashladno sredstvo: R32 | Tip klime: Inverter | Energetska hla\u0111enja: A++ | Energetska grijanja: A+ | Grija\u010d vanjske jedinice | WiFi: Da<\/p>\n<h2>Grija\u010d vanjske jedinice!<\/h2>\n<h3>Jedinice su opremljene vertikalnim i horizontalnim krilcima.<\/h3>\n<p>\u2022 Maksimalna udobnost \u2013 prilagodba distribucije zraka prema preferencijama korisnika<br \/>\n\u2022 Ravnomjerna i konzistentna raspodjela temperature<br \/>\n\u2022 Pobolj\u0161ana u\u010dinkovitost<\/p>\n<h3>Funkcija samo\u010di\u0161\u0107enja<\/h3>\n<p>Inovativna tehnologija samo\u010di\u0161\u0107enja ispariva\u010da kroz proces od 4 koraka omogu\u0107ava uklanjanje prljav\u0161tine i sprje\u010dava \u0161irenje neugodnih mirisa iz jedinice.<\/p>\n<p>1. Kondezacija vlage iz zraka<br \/>\n2. Smrzavanje izmjenjiva\u010da i vezivanje ne\u010disto\u0107a izme\u0111u rebara<br \/>\n3. Odmrzavanje izmjenjiva\u010da, uklanjanje vlage i ne\u010disto\u0107a u posudu za odvod kondenzata te temperaturna dezinfekcija<br \/>\n4. Su\u0161enje izmjenjiva\u010da<\/p>\n<h3>Cold Plasma sustav filtracije<\/h3>\n<p>Princip rada Cold Plasma sustava filtracije jedinica Cosmo serije:<\/p>\n<p>1. Kada zrak u\u0111e u unutarnju jedinicu pokre\u0107e se proces stvaranja pozitivnih i negativnih iona koji se otpu\u0161taju u zrak okru\u017eeni molekulama vode<br \/>\n2. Ioni prianjaju na stijenke bakterija, virusa, molekula alergena i plijesni iz zraka te razbijaju njihove za\u0161titne membrane, razgra\u0111uju proteine i potpuno uni\u0161tavaju njihove stani\u010dne strukture<br \/>\n3. Ekstrahirani atomi vodika reagiraju s hidroksilnim radikalima stvaraju\u0107i molekule vode koja se ispu\u0161ta u zrak<br \/>\nStopa sterilizacije do 93% po satu!<\/p>\n<p>\u200b<\/p>\n<p>&nbsp;<\/p>\n<p>\u200b\u200b<\/p>\n<p>Apsorbirana snaga:<\/p>\n<ul>\n<li>Grijanje: 0,95 kW (minimalna\/nominalna\/maksimalna)<\/li>\n<li>Hla\u0111enje: 0,962 kW (minimalna\/nominalna\/maksimalna)<\/li>\n<\/ul>\n<p>Godi\u0161nja potro\u0161nja:<\/p>\n<ul>\n<li>Grijanje: 1093 kWh\/god<\/li>\n<li>Hla\u0111enje: 173 kWh\/god<\/li>\n<\/ul>\n<p>Napon i struja:<\/p>\n<ul>\n<li>Napajanje: 220-240V, 1 fazno, 50 Hz<\/li>\n<li>Osigura\u010d: 10 A<\/li>\n<\/ul>\n<p>U\u010dinkovitost:<\/p>\n<ul>\n<li>COP (Koeficijent izvedbe) za grijanje: 4<\/li>\n<li>EER (Koeficijent energetske u\u010dinkovitosti) za hla\u0111enje: 3.65<\/li>\n<li>SCOP (Sezonski koeficijent izvedbe) za grijanje: 4.1<\/li>\n<li>SEER (Sezonski koeficijent energetske u\u010dinkovitosti) za hla\u0111enje: 7.1<\/li>\n<\/ul>\n<p>Nominalni kapaciteti:<\/p>\n<ul>\n<li>Grijanje: 3,81 kW<\/li>\n<li>Hla\u0111enje: 3,51 kW<\/li>\n<\/ul>\n<p>Dimenzije jedinica:<\/p>\n<ul>\n<li>Unutarnja jedinica: 206 mm dubine, 276 mm visine, 867 mm \u0161irine, masa 9 kg<\/li>\n<li>Vanjska jedinica: 330 mm dubine, 555 mm visine, 732 mm \u0161irine, masa 25.5 kg<\/li>\n<\/ul>\n<p>Plin i cijevi:<\/p>\n<ul>\n<li>Radni medij: R32<\/li>\n<li>Duljina prednapunjene cijevi: 5 m<\/li>\n<li>Priklju\u010dci cijevi: Plin &#8211; 9,52 mm, Teku\u0107ina &#8211; 6,35 mm<\/li>\n<\/ul>\n<p>Temperaturni rasponi rada:<\/p>\n<ul>\n<li>Grijanje: -25 ~ 30 \u00b0C<\/li>\n<li>Hla\u0111enje: -15 ~ 50 \u00b0C<\/li>\n<\/ul>\n<p>&nbsp;<\/p>\n<div><\/div>\n<div><a href=\"https:\/\/register.deltron.ba\/\">Registruj svoj GREE ure\u0111aj klikom ovdje<\/a><\/div>\n<div><\/div>\n<div>MONTA\u017dA MONO-SPLIT KLIMA URE\u0110AJA jedne unutarnje i jedne vanjske jediniceNa web shopu TechnoShopBN monta\u017ea nije uklju\u010dena u cijenu klima ure\u0111aja.<br \/>\nOvla\u0161tenu monta\u017eu klima ure\u0111aja obavljamo na podru\u010dju Bijeljine i okoline do 20KM<br \/>\nAko \u017eelite ovla\u0161tenu monta\u017eu dodajte je u korpu i platite zajedno sa klima ure\u0111ajem koji izaberete<br \/>\nNakon pla\u0107anja klima ure\u0111aja i ukoliko \u017eelite monta\u017eu, ostavite nam kontakt podatke kako bi Vas monta\u017eer mogao kontaktirati<br \/>\nGarancija monta\u017eu vrijedi do isteka garancije na klima ure\u0111aj.Standardna monta\u017ea mono-split klima ure\u0111aja podrazumijeva monta\u017eu unutarnje i vanjske jedinice na visini do 5 metara, bez upotrebe skele ili auto dizalice.<br \/>\nKod ve\u0107ih visina dodatno se napla\u0107uju visinski radovi ili se anga\u017euje auto korpa ili postavlja skela koju dodatno pla\u0107a i osigurava kupac.<br \/>\nAko je potrebno demontirati i po potrebi ekolo\u0161ki zbrinuti stari klima ure\u0111aj, demonta\u017ea se dodatno pla\u0107a prema<br \/>\nMolimo Vas da nas prema potrebi kontaktirate za detalje kako bi prije izvo\u0111enja dobili sve informacije o potrebnim radovima i cijenihttps:\/\/www.youtube.com\/watch?v=_b35LB9MQMA&nbsp;<\/p>\n<p>U standardnu monta\u017eu klima ure\u0111aja uklju\u010deno je:<\/p>\n<p>Dobava i postavljanje do 3 metra plinskih i elektro instalacija izme\u0111u unutarnje i vanjske jedinice<br \/>\nDobava i postavljanje do 3 metra PVC kanala za postavljanje instalacije izme\u0111u unutarnje i vanjske jedinice \u2013 nadgradno<br \/>\nDobava i postavljanje do 3 metra PVC kanala sa elektri\u010dnim kabelom za napajanje klima ure\u0111aja \u2013 nadgradno<br \/>\nDobava i postavljanje do 3 metra cijevi za odvod vode-kondenzata, slobodnim padom u pripremljeni odvod<br \/>\nDobava i postavljanje 1 par pocin\u010danih nosa\u010da za monta\u017eu vanjske jedinice (ukoliko nosa\u010di ve\u0107 postoje, to ne umanjuje cijenu usluge)<br \/>\nPotro\u0161ni materijal (\u0161arafi, tiplovi, izolacijska traka, vezice, silikon, gips i ostali potrebni materijal za monta\u017eu)<br \/>\n1 probijanje zida fi 55, debljine do 40cm (ukoliko rupa ve\u0107 postoji, to ne umanjuje cijenu usluge)<br \/>\nMonta\u017ea unutarnje i vanjske jedinice<br \/>\nSpajanje plinskih i elektro instalacija na unutarnjoj i vanjskoj jedinici<br \/>\nSpajanje napajanja na postoje\u0107u elektri\u010dnu instalaciju<br \/>\nVakumiranje<br \/>\nPu\u0161tanje u rad<br \/>\nTestiranje rada klime<br \/>\n\u010ci\u0161\u0107enje mijesta rada<br \/>\nOvjera garancije<\/p>\n<p><strong>Ukoliko monta\u017eu obavi osoba ili firma koju anga\u017euje kupac, a koja nije ovla\u0161tena za monta\u017eu klima ure\u0111aja, ista preuzima i odgovornost za eventualne kvarove i neispravnost na ure\u0111aju i monta\u017ei te u tom slu\u010daju Prodavatelj nije odgovoran za nastalu \u0161tetu a kupac gubi garanciju.<\/strong><\/p>\n<\/div>\n","protected":false},"excerpt":{"rendered":"<p>GREE klima ure\u0111aj GWH12AWCXD COSMO REGULAR | Namjena za prostor od: 26 do 35 m2 | Rashladno sredstvo: R32 | Tip klime: Inverter | Energetska hla\u0111enja: A++ | Energetska grijanja: A+ | Grija\u010d vanjske jedinice | WiFi: Da<\/p>\n<h2>Grija\u010d vanjske jedinice!<\/h2>\n<h3>Jedinice su opremljene vertikalnim i horizontalnim krilcima.<\/h3>\n<p>\u2022 Maksimalna udobnost \u2013 prilagodba distribucije zraka prema preferencijama korisnika<br \/>\n\u2022 Ravnomjerna i konzistentna raspodjela temperature<br \/>\n\u2022 Pobolj\u0161ana u\u010dinkovitost<\/p>\n<h3>Funkcija samo\u010di\u0161\u0107enja<\/h3>\n<p>Inovativna tehnologija samo\u010di\u0161\u0107enja ispariva\u010da kroz proces od 4 koraka omogu\u0107ava uklanjanje prljav\u0161tine i sprje\u010dava \u0161irenje neugodnih mirisa iz jedinice.<\/p>\n<p>1. Kondezacija vlage iz zraka<br \/>\n2. Smrzavanje izmjenjiva\u010da i vezivanje ne\u010disto\u0107a izme\u0111u rebara<br \/>\n3. Odmrzavanje izmjenjiva\u010da, uklanjanje vlage i ne\u010disto\u0107a u posudu za odvod kondenzata te temperaturna dezinfekcija<br \/>\n4. Su\u0161enje izmjenjiva\u010da<\/p>\n<h3>Cold Plasma sustav filtracije<\/h3>\n<p>Princip rada Cold Plasma sustava filtracije jedinica Cosmo serije:<\/p>\n<p>1. Kada zrak u\u0111e u unutarnju jedinicu pokre\u0107e se proces stvaranja pozitivnih i negativnih iona koji se otpu\u0161taju u zrak okru\u017eeni molekulama vode<br \/>\n2. Ioni prianjaju na stijenke bakterija, virusa, molekula alergena i plijesni iz zraka te razbijaju njihove za\u0161titne membrane, razgra\u0111uju proteine i potpuno uni\u0161tavaju njihove stani\u010dne strukture<br \/>\n3. Ekstrahirani atomi vodika reagiraju s hidroksilnim radikalima stvaraju\u0107i molekule vode koja se ispu\u0161ta u zrak<br \/>\nStopa sterilizacije do 93% po satu!<\/p>\n<p>\u200b<\/p>\n<p>&nbsp;<\/p>\n<p>\u200b\u200b<\/p>\n<p>Apsorbirana snaga:<\/p>\n<ul>\n<li>Grijanje: 0,95 kW (minimalna\/nominalna\/maksimalna)<\/li>\n<li>Hla\u0111enje: 0,962 kW (minimalna\/nominalna\/maksimalna)<\/li>\n<\/ul>\n<p>Godi\u0161nja potro\u0161nja:<\/p>\n<ul>\n<li>Grijanje: 1093 kWh\/god<\/li>\n<li>Hla\u0111enje: 173 kWh\/god<\/li>\n<\/ul>\n<p>Napon i struja:<\/p>\n<ul>\n<li>Napajanje: 220-240V, 1 fazno, 50 Hz<\/li>\n<li>Osigura\u010d: 10 A<\/li>\n<\/ul>\n<p>U\u010dinkovitost:<\/p>\n<ul>\n<li>COP (Koeficijent izvedbe) za grijanje: 4<\/li>\n<li>EER (Koeficijent energetske u\u010dinkovitosti) za hla\u0111enje: 3.65<\/li>\n<li>SCOP (Sezonski koeficijent izvedbe) za grijanje: 4.1<\/li>\n<li>SEER (Sezonski koeficijent energetske u\u010dinkovitosti) za hla\u0111enje: 7.1<\/li>\n<\/ul>\n<p>Nominalni kapaciteti:<\/p>\n<ul>\n<li>Grijanje: 3,81 kW<\/li>\n<li>Hla\u0111enje: 3,51 kW<\/li>\n<\/ul>\n<p>Dimenzije jedinica:<\/p>\n<ul>\n<li>Unutarnja jedinica: 206 mm dubine, 276 mm visine, 867 mm \u0161irine, masa 9 kg<\/li>\n<li>Vanjska jedinica: 330 mm dubine, 555 mm visine, 732 mm \u0161irine, masa 25.5 kg<\/li>\n<\/ul>\n<p>Plin i cijevi:<\/p>\n<ul>\n<li>Radni medij: R32<\/li>\n<li>Duljina prednapunjene cijevi: 5 m<\/li>\n<li>Priklju\u010dci cijevi: Plin &#8211; 9,52 mm, Teku\u0107ina &#8211; 6,35 mm<\/li>\n<\/ul>\n<p>Temperaturni rasponi rada:<\/p>\n<ul>\n<li>Grijanje: -25 ~ 30 \u00b0C<\/li>\n<li>Hla\u0111enje: -15 ~ 50 \u00b0C<\/li>\n<\/ul>\n<p>&nbsp;<\/p>\n<div><\/div>\n<div><a href=\"https:\/\/register.deltron.ba\/\">Registruj svoj GREE ure\u0111aj klikom ovdje<\/a><\/div>\n<div><\/div>\n<div>MONTA\u017dA MONO-SPLIT KLIMA URE\u0110AJA jedne unutarnje i jedne vanjske jediniceNa web shopu TechnoShopBN monta\u017ea nije uklju\u010dena u cijenu klima ure\u0111aja.<br \/>\nOvla\u0161tenu monta\u017eu klima ure\u0111aja obavljamo na podru\u010dju Bijeljine i okoline do 20KM<br \/>\nAko \u017eelite ovla\u0161tenu monta\u017eu dodajte je u korpu i platite zajedno sa klima ure\u0111ajem koji izaberete<br \/>\nNakon pla\u0107anja klima ure\u0111aja i ukoliko \u017eelite monta\u017eu, ostavite nam kontakt podatke kako bi Vas monta\u017eer mogao kontaktirati<br \/>\nGarancija monta\u017eu vrijedi do isteka garancije na klima ure\u0111aj.Standardna monta\u017ea mono-split klima ure\u0111aja podrazumijeva monta\u017eu unutarnje i vanjske jedinice na visini do 5 metara, bez upotrebe skele ili auto dizalice.<br \/>\nKod ve\u0107ih visina dodatno se napla\u0107uju visinski radovi ili se anga\u017euje auto korpa ili postavlja skela koju dodatno pla\u0107a i osigurava kupac.<br \/>\nAko je potrebno demontirati i po potrebi ekolo\u0161ki zbrinuti stari klima ure\u0111aj, demonta\u017ea se dodatno pla\u0107a prema<br \/>\nMolimo Vas da nas prema potrebi kontaktirate za detalje kako bi prije izvo\u0111enja dobili sve informacije o potrebnim radovima i cijenihttps:\/\/www.youtube.com\/watch?v=_b35LB9MQMA&nbsp;<\/p>\n<p>U standardnu monta\u017eu klima ure\u0111aja uklju\u010deno je:<\/p>\n<p>Dobava i postavljanje do 3 metra plinskih i elektro instalacija izme\u0111u unutarnje i vanjske jedinice<br \/>\nDobava i postavljanje do 3 metra PVC kanala za postavljanje instalacije izme\u0111u unutarnje i vanjske jedinice \u2013 nadgradno<br \/>\nDobava i postavljanje do 3 metra PVC kanala sa elektri\u010dnim kabelom za napajanje klima ure\u0111aja \u2013 nadgradno<br \/>\nDobava i postavljanje do 3 metra cijevi za odvod vode-kondenzata, slobodnim padom u pripremljeni odvod<br \/>\nDobava i postavljanje 1 par pocin\u010danih nosa\u010da za monta\u017eu vanjske jedinice (ukoliko nosa\u010di ve\u0107 postoje, to ne umanjuje cijenu usluge)<br \/>\nPotro\u0161ni materijal (\u0161arafi, tiplovi, izolacijska traka, vezice, silikon, gips i ostali potrebni materijal za monta\u017eu)<br \/>\n1 probijanje zida fi 55, debljine do 40cm (ukoliko rupa ve\u0107 postoji, to ne umanjuje cijenu usluge)<br \/>\nMonta\u017ea unutarnje i vanjske jedinice<br \/>\nSpajanje plinskih i elektro instalacija na unutarnjoj i vanjskoj jedinici<br \/>\nSpajanje napajanja na postoje\u0107u elektri\u010dnu instalaciju<br \/>\nVakumiranje<br \/>\nPu\u0161tanje u rad<br \/>\nTestiranje rada klime<br \/>\n\u010ci\u0161\u0107enje mijesta rada<br \/>\nOvjera garancije<\/p>\n<p><strong>Ukoliko monta\u017eu obavi osoba ili firma koju anga\u017euje kupac, a koja nije ovla\u0161tena za monta\u017eu klima ure\u0111aja, ista preuzima i odgovornost za eventualne kvarove i neispravnost na ure\u0111aju i monta\u017ei te u tom slu\u010daju Prodavatelj nije odgovoran za nastalu \u0161tetu a kupac gubi garanciju.<\/strong><\/p>\n<\/div>\n","protected":false},"featured_media":10228,"comment_status":"open","ping_status":"closed","template":"","meta":{"_mi_skip_tracking":false,"_exactmetrics_sitenote_active":false,"_exactmetrics_sitenote_note":"","_exactmetrics_sitenote_category":0,"spay_email":""},"product_cat":[2458],"product_tag":[7744,7903,7717,7901,7904,7902,657,2468],"brands":[{"id":7715,"name":"gree","slug":"gree"}],"df_price":1250,"df_sale_price":"","df_regular_price":1250,"df_image_link":"https:\/\/i1.wp.com\/astehshop.com\/wp-content\/uploads\/2025\/04\/cosmo-regular.png?fit=447%2C450","jetpack_publicize_connections":[],"jetpack_sharing_enabled":true,"jetpack_likes_enabled":true,"jetpack-related-posts":[{"id":10232,"url":"http:\/\/astehshop.com\/index.php\/product\/gree-cosmo-regular-klima-uredaj-gwh24awexf-k6dna1a\/","url_meta":{"origin":10227,"position":0},"title":"Gree Cosmo Regular klima ure\u0111aj GWH24AWEXF-K6DNA1A","date":"12. travnja 2025.","format":false,"excerpt":"GREE klima ure\u0111aj GWH24AWEXF COSMO REGULAR | Namjena za prostor od: 51 do 75 m2 | Rashladno sredstvo: R32 | Tip klime: Inverter | Energetska hla\u0111enja: A++ | Energetska grijanja: A+ | Grija\u010d vanjske jedinice | WiFi: Da Grija\u010d vanjske jedinice! Jedinice su opremljene vertikalnim i horizontalnim krilcima. \u2022 Maksimalna\u2026","rel":"","context":"Srodne objave","img":{"alt_text":"","src":"https:\/\/i1.wp.com\/astehshop.com\/wp-content\/uploads\/2025\/04\/cosmo-regular.png?fit=580%2C584&resize=350%2C200","width":350,"height":200},"classes":[]},{"id":10236,"url":"http:\/\/astehshop.com\/index.php\/product\/gree-cosmo-economical-klima-uredaj-gwh12awbxb-k6dna1d\/","url_meta":{"origin":10227,"position":1},"title":"Gree Cosmo Economical klima ure\u0111aj GWH12AWBXB-K6DNA1D","date":"12. travnja 2025.","format":false,"excerpt":"GREE klima ure\u0111aj GWH12AWBXB COSMO ECONOMICAL | Namjena za prostor od: 26 do 35 m2 | Rashladno sredstvo: R32 | Tip klime: Inverter | Energetska hla\u0111enja: A++ | Energetska grijanja: A+ | WiFi: Da \u00a0 Jedinice su opremljene vertikalnim i horizontalnim krilcima. \u2022 Maksimalna udobnost \u2013 prilagodba distribucije zraka prema\u2026","rel":"","context":"Srodne objave","img":{"alt_text":"","src":"https:\/\/i2.wp.com\/astehshop.com\/wp-content\/uploads\/2025\/04\/Cosmo-Economical.webp?fit=900%2C900&resize=350%2C200","width":350,"height":200},"classes":[]},{"id":10242,"url":"http:\/\/astehshop.com\/index.php\/product\/gree-s-cool-klima-uredaj-gwh12apaxe-k6dna3a\/","url_meta":{"origin":10227,"position":2},"title":"Gree S-COOL klima ure\u0111aj GWH12APAXE-K6DNA3A","date":"12. travnja 2025.","format":false,"excerpt":"Klimatizacijski ure\u0111aj S-cool \u2013 Va\u0161 savr\u0161eni izbor za ugodan dom Upoznajte novi model\u00a0 Gree proizvodnje S-cool, dizajniran za nenadma\u0161ivu energetsku efikasnost\u00a0 i vrhunski ugo\u0111aj. Klju\u010dne prednosti: *Energetska efikasnost: Odr\u017eava \u017eeljenu temperaturu uz minimalnu potro\u0161nju energije. Energetski razredi\u00a0 \u00a0A+++ i za grijanje i hla\u0111enje *Ekolo\u0161ki prihvatljiv: Rashladni medij R32 sa niskim\u2026","rel":"","context":"Srodne objave","img":{"alt_text":"","src":"https:\/\/i1.wp.com\/astehshop.com\/wp-content\/uploads\/2025\/04\/s-cool-kpl-2-ast-3258601-p.png?fit=900%2C900&resize=350%2C200","width":350,"height":200},"classes":[]},{"id":10230,"url":"http:\/\/astehshop.com\/index.php\/product\/gree-cosmo-regular-klima-uredaj-gwh18awdxd-k6dna1a\/","url_meta":{"origin":10227,"position":3},"title":"Gree Cosmo Regular Klima Ure\u0111aj GWH18AWDXD-K6DNA1A","date":"12. travnja 2025.","format":false,"excerpt":"U\u010dinak hla\u0111enja: 5,3kW (1 - 6,4) kW U\u010dinak grijanja: 5,6kW (1,2 - 6,8) kW Freon : R32 Grije do -25\u00b0C vanjske temperature! Preporuka za primarno grijanje na vrlo niskim vanjskim temperaturama! Prikladno za prostor do 50m2 Energetska klasa: A++ Wi-Fi upravljanje je uklju\u010deno u cijenu Garancija : 5 godina (3\u2026","rel":"","context":"Srodne objave","img":{"alt_text":"","src":"https:\/\/i1.wp.com\/astehshop.com\/wp-content\/uploads\/2025\/04\/cosmo-regular.png?fit=580%2C584&resize=350%2C200","width":350,"height":200},"classes":[]},{"id":10239,"url":"http:\/\/astehshop.com\/index.php\/product\/gree-s-cool-klima-uredaj-gwh09apaxe-k6dna3a\/","url_meta":{"origin":10227,"position":4},"title":"Gree S-COOL klima ure\u0111aj GWH09APAXE-K6DNA3A","date":"12. travnja 2025.","format":false,"excerpt":"Klimatizacijski ure\u0111aj S-cool \u2013 Va\u0161 savr\u0161eni izbor za ugodan dom Upoznajte novi model\u00a0 Gree proizvodnje S-cool, dizajniran za nenadma\u0161ivu energetsku efikasnost\u00a0 i vrhunski ugo\u0111aj. Klju\u010dne prednosti: *Energetska efikasnost: Odr\u017eava \u017eeljenu temperaturu uz minimalnu potro\u0161nju energije. Energetski razredi\u00a0 \u00a0 A+++ i za grijanje i hla\u0111enje *Ekolo\u0161ki prihvatljiv: Rashladni medij R32 sa\u2026","rel":"","context":"Srodne objave","img":{"alt_text":"","src":"https:\/\/i1.wp.com\/astehshop.com\/wp-content\/uploads\/2025\/04\/s-cool-kpl-2-ast-3258601-p.png?fit=900%2C900&resize=350%2C200","width":350,"height":200},"classes":[]},{"id":10238,"url":"http:\/\/astehshop.com\/index.php\/product\/gree-cosmo-economical-gwh24awdxe-k6dna3a-klima-uredaj\/","url_meta":{"origin":10227,"position":5},"title":"Gree Cosmo Economical GWH24AWDXE-K6DNA3A klima ure\u0111aj","date":"12. travnja 2025.","format":false,"excerpt":"ree Cosmo Economical klima ure\u0111aj \u2013 Idealno rje\u0161enje za Va\u0161 dom Kako se ljeto pribli\u017eava i temperature rastu, potro\u0161a\u010di \u0161irom Bosne i Hercegovine tra\u017ee efikasna i pristupa\u010dna rje\u0161enja za hla\u0111enje svojih domova. Me\u0111u brojnim opcijama na tr\u017ei\u0161tu, Gree Cosmo Economical klima ure\u0111aj isti\u010de se kao jedan od najboljih izbora zahvaljuju\u0107i\u2026","rel":"","context":"Srodne objave","img":{"alt_text":"","src":"https:\/\/i2.wp.com\/astehshop.com\/wp-content\/uploads\/2025\/04\/Cosmo-Economical.webp?fit=900%2C900&resize=350%2C200","width":350,"height":200},"classes":[]}],"_links":{"self":[{"href":"http:\/\/astehshop.com\/index.php\/wp-json\/wp\/v2\/product\/10227"}],"collection":[{"href":"http:\/\/astehshop.com\/index.php\/wp-json\/wp\/v2\/product"}],"about":[{"href":"http:\/\/astehshop.com\/index.php\/wp-json\/wp\/v2\/types\/product"}],"replies":[{"embeddable":true,"href":"http:\/\/astehshop.com\/index.php\/wp-json\/wp\/v2\/comments?post=10227"}],"wp:featuredmedia":[{"embeddable":true,"href":"http:\/\/astehshop.com\/index.php\/wp-json\/wp\/v2\/media\/10228"}],"wp:attachment":[{"href":"http:\/\/astehshop.com\/index.php\/wp-json\/wp\/v2\/media?parent=10227"}],"wp:term":[{"taxonomy":"product_cat","embeddable":true,"href":"http:\/\/astehshop.com\/index.php\/wp-json\/wp\/v2\/product_cat?post=10227"},{"taxonomy":"product_tag","embeddable":true,"href":"http:\/\/astehshop.com\/index.php\/wp-json\/wp\/v2\/product_tag?post=10227"}],"curies":[{"name":"wp","href":"https:\/\/api.w.org\/{rel}","templated":true}]}}