{"id":10218,"date":"2025-04-11T17:13:59","date_gmt":"2025-04-11T15:13:59","guid":{"rendered":"http:\/\/astehshop.com\/?post_type=product&#038;p=10218"},"modified":"2025-04-11T17:14:01","modified_gmt":"2025-04-11T15:14:01","slug":"gaming-racunar-pc-ryzen-5-7600x-32gb-ddr5-rtx-4060","status":"publish","type":"product","link":"http:\/\/astehshop.com\/index.php\/product\/gaming-racunar-pc-ryzen-5-7600x-32gb-ddr5-rtx-4060\/","title":{"rendered":"GAMING RA\u010cUNAR PC Ryzen 5 7600x 32GB DDR5 RTX 4060"},"content":{"rendered":"<p>ULTIMATIVAN GAMING RA\u010cUNAR RYZEN 5 7600x, DDR5 32GB<\/p>\n<p>NOV GAMING RA\u010cUNAR  <\/p>\n<p>SKLOPLJENO PROFESIONALNO, KABLIRANO PEDANTNO<\/p>\n<p>GAMING GRAFIKA RTX 4060 8GB &#8211;  POKRE\u0106E SVE NA HIGH!<\/p>\n<p> GAMING RA\u010cUNAR PC RYZEN 5 7600x 32GB RTX 4060 8GB<\/p>\n<p>AMD RYZEN 5 7600x 6\/12 Cores<br \/>\nColler ThermalTake UX200 ARGB<br \/>\nASUS PRIME A620M-K ARGB<br \/>\nSSD M.2 NVMe 1TB gen4<br \/>\nRAM DDR5 32GB 5600MHz<br \/>\nGRAFIKA RTX 4060 2x 8GB<br \/>\nKu\u0107i\u0161te ThermalTake Versa H16 ARGB<br \/>\nWINDOWS 11, Steam, EpicGame, Discord\u2026<\/p>\n<p>Za sve dodatne informacije mozete nas kontaktirati na OLX poruke, 065824333 ili Viber<\/p>\n<p> NUDIMO KUPOVINU NOVE ROBE NA RATE:<\/p>\n<p>-DO 18 RATA PREKO MIKROFIN KREDITNA ORGANIZACIJA<\/p>\n<p>-DO 12 RATA PREKO \u0160OPING KARTICE UNICREDIT BANK<\/p>\n<p>Trgovinska RadnjaTECHNO SHOP BN<\/p>\n<p>Nikole Tesle 31a,<\/p>\n<p>Bijeljina(izme\u0111u Moja Apoteka i picerije Park Ne\u0161kovi\u0107)<\/p>\n<p>055\/422-599<\/p>\n<p>065\/824-333<\/p>\n<p>066\/123-234<\/p>\n<p>Radnim danima 09-19h<\/p>\n<p>Subotom 09-16h<\/p>\n<p>www.technoshopbn.com<\/p>\n<p>info@technoshopbn.com <\/p>\n","protected":false},"excerpt":{"rendered":"<p> GAMING RA\u010cUNAR PC RYZEN 5 7600x 32GB RTX 4060 8GB<\/p>\n<p>AMD RYZEN 5 7600x 6\/12 Cores<br \/>\nColler ThermalTake UX200 ARGB<br \/>\nASUS PRIME A620M-K ARGB<br \/>\nSSD M.2 NVMe 1TB gen4<br \/>\nRAM DDR5 32GB 5600MHz<br \/>\nGRAFIKA RTX 4060 2x 8GB<br \/>\nKu\u0107i\u0161te ThermalTake Versa H16 ARGB<br \/>\nWINDOWS 11, Steam, EpicGame, Discord\u2026<\/p>\n","protected":false},"featured_media":10222,"comment_status":"open","ping_status":"closed","template":"","meta":{"_mi_skip_tracking":false,"_exactmetrics_sitenote_active":false,"_exactmetrics_sitenote_note":"","_exactmetrics_sitenote_category":0,"spay_email":""},"product_cat":[5140],"product_tag":[],"brands":[{"id":5147,"name":"ASUS","slug":"asus"}],"df_price":2099,"df_sale_price":"","df_regular_price":2099,"df_image_link":"https:\/\/i0.wp.com\/astehshop.com\/wp-content\/uploads\/2025\/04\/img-1744366369-0785db5e1d45.jpg?fit=450%2C338","jetpack_publicize_connections":[],"jetpack_sharing_enabled":true,"jetpack_likes_enabled":true,"jetpack-related-posts":[{"id":9895,"url":"http:\/\/astehshop.com\/index.php\/product\/gaming-racunar-thermaltake-i5-12400f-32gb-rtx-4060\/","url_meta":{"origin":10218,"position":0},"title":"GAMING RA\u010cUNAR Thermaltake AH T200 i5-12400F 32GB RTX 4060","date":"7. sije\u010dnja 2025.","format":false,"excerpt":"GAMING RA\u010cUNAR PC i5-12400F 32GB RTX 4060 8GB Intel i5-12400F - 6\/12 Cores Be Quiet Pure Rock 2 CPU Cooler 120mm MB H610 SSD M.2 NVMe 1TB RAM DDR4 32GB GRAFIKA MSI RTX 4060 8GB Dual Ku\u0107i\u0161te Thermaltake AH T200 Black mATX WINDOWS 11, Steam, EpicGame, Discord\u2026","rel":"","context":"Srodne objave","img":{"alt_text":"","src":"https:\/\/i0.wp.com\/astehshop.com\/wp-content\/uploads\/2025\/01\/CA-1R4-00S1WN-00_241204021221693.jpg?fit=1024%2C768&resize=350%2C200","width":350,"height":200},"classes":[]},{"id":8712,"url":"http:\/\/astehshop.com\/index.php\/product\/gaming-racunar-ms-v705-ryzen7-5700x-32gb-rtx-3070-8gb\/","url_meta":{"origin":10218,"position":1},"title":"GAMING RA\u010cUNAR MS V705 Ryzen7 5700x 32GB RTX 3070 8GB","date":"23. prosinca 2023.","format":false,"excerpt":"GAMING RA\u010cUNAR PC RYZEN 7 32GB RX 5700XT 8GB AMD RYZEN 7 5700x - 16threads CollerMaster CPU Cooler Gigabyte MB B450M K G10 AM4 SSD M.2 NVMe 1TB + HDD 1TB Novo RAM DDR4 32GB 3600MHz Novo GRAFIKA GIGABYTE RTX 3070 8GB \u2013 Polovna Ku\u0107i\u0161te MS Industrial ARMOR V705 Gaming\u2026","rel":"","context":"Srodne objave","img":{"alt_text":"","src":"https:\/\/i0.wp.com\/astehshop.com\/wp-content\/uploads\/2023\/12\/img-1703350354-02aed3b0fc55.jpg?fit=762%2C719&resize=350%2C200","width":350,"height":200},"classes":[]},{"id":9465,"url":"http:\/\/astehshop.com\/index.php\/product\/gaming-racunar-pc-ryzen-7-32-1000gb-gtx-4060\/","url_meta":{"origin":10218,"position":2},"title":"GAMING RA\u010cUNAR PC Ryzen 7 32\/1000GB GTX 4060","date":"31. kolovoza 2024.","format":false,"excerpt":"AMD RYZEN 7\u00a05700x - 16threads CollerMaster CPU Cooler Gigabyte MB B550M K G10 AM4 SSD M.2 NVMe 1TB + HDD 1TB RAM DDR4 32GB 3600MHz RGB GRAFIKA ASUS GTX 4600 8GB GDDR6 Ku\u0107i\u0161te Case Gaming Archon 2 Mesh RGB WHITE WINDOWS 11, Steam, EpicGame, Discord\u2026","rel":"","context":"Srodne objave","img":{"alt_text":"","src":"https:\/\/i1.wp.com\/astehshop.com\/wp-content\/uploads\/2024\/08\/image-9.jpg?fit=800%2C800&resize=350%2C200","width":350,"height":200},"classes":[]},{"id":7263,"url":"http:\/\/astehshop.com\/index.php\/product\/gaming-racunar-pc-ryzen-7-16gb-rtx-3060-ti\/","url_meta":{"origin":10218,"position":3},"title":"GAMING RA\u010cUNAR PC RYZEN 7 16GB RTX 3060 Ti","date":"2. o\u017eujka 2023.","format":false,"excerpt":"GAMING RA\u010cUNAR PC RYZEN 7 16GB RTX 3060 Ti AMD RYZEN 7\u00a0 5700x Gigabyte MB A520M K G10 AM4 SSD M.2 NVMe 512GB + HDD 1TB Novo RAM DDR4 16GB 3200MHz Novo GRAFIKA ASUS RTX 3060 Ti 8GB - Polovna Ku\u0107i\u0161te MS Industrial ARMOR V705 Gaming Case\u00a0 Novo WINDOWS 11,\u2026","rel":"","context":"Srodne objave","img":{"alt_text":"","src":"https:\/\/i1.wp.com\/astehshop.com\/wp-content\/uploads\/2023\/03\/loRiBt744GARP0dDrb1W.jpg?fit=762%2C719&resize=350%2C200","width":350,"height":200},"classes":[]},{"id":8636,"url":"http:\/\/astehshop.com\/index.php\/product\/gaming-racunar-ryzen-7-32gb-rx-5700-xt\/","url_meta":{"origin":10218,"position":4},"title":"GAMING RA\u010cUNAR RYZEN 7 32GB RX 5700 XT","date":"14. studenoga 2023.","format":false,"excerpt":"GAMING RA\u010cUNAR PC RYZEN 7 32GB RX 5700XT 8GB AMD RYZEN 7 5700x - 16threads CollerMaster CPU Cooler Gigabyte MB B450M K G10 AM4 SSD M.2 NVMe 1TB + HDD 1TB Novo RAM DDR4 32GB 3600MHz Novo GRAFIKA ASUS RX 5700 XT 8GB \u2013 Polovna Ku\u0107i\u0161te MS Industrial ARMOR V705\u2026","rel":"","context":"Srodne objave","img":{"alt_text":"","src":"https:\/\/i1.wp.com\/astehshop.com\/wp-content\/uploads\/2023\/11\/99tQEOdfipIhdA2oetld.jpg?fit=762%2C719&resize=350%2C200","width":350,"height":200},"classes":[]},{"id":8640,"url":"http:\/\/astehshop.com\/index.php\/product\/gaming-racunar-ryzen-5-16gb-rtx-2060-super-8gb\/","url_meta":{"origin":10218,"position":5},"title":"GAMING RA\u010cUNAR Ryzen 5 16GB RTX 2060 Super 8GB","date":"14. studenoga 2023.","format":false,"excerpt":"AMD RYZEN 5 5500 - 12threads Coller AMD CPU Orig. Gigabyte MB B450M K G10 AM4 SSD M.2 NVMe 1TB RAM DDR4 16GB 3200MHz Novo GRAFIKA ASUS RTX 2060 Super 8GB \u2013 Novo Ku\u0107i\u0161te Chieftec HUNTER Gaming Case Novo WINDOWS 11, Steam, EpicGame, Discord\u2026","rel":"","context":"Srodne objave","img":{"alt_text":"","src":"https:\/\/i0.wp.com\/astehshop.com\/wp-content\/uploads\/2023\/11\/img-1699434785-fe673c195964.jpg?fit=800%2C800&resize=350%2C200","width":350,"height":200},"classes":[]}],"_links":{"self":[{"href":"http:\/\/astehshop.com\/index.php\/wp-json\/wp\/v2\/product\/10218"}],"collection":[{"href":"http:\/\/astehshop.com\/index.php\/wp-json\/wp\/v2\/product"}],"about":[{"href":"http:\/\/astehshop.com\/index.php\/wp-json\/wp\/v2\/types\/product"}],"replies":[{"embeddable":true,"href":"http:\/\/astehshop.com\/index.php\/wp-json\/wp\/v2\/comments?post=10218"}],"wp:featuredmedia":[{"embeddable":true,"href":"http:\/\/astehshop.com\/index.php\/wp-json\/wp\/v2\/media\/10222"}],"wp:attachment":[{"href":"http:\/\/astehshop.com\/index.php\/wp-json\/wp\/v2\/media?parent=10218"}],"wp:term":[{"taxonomy":"product_cat","embeddable":true,"href":"http:\/\/astehshop.com\/index.php\/wp-json\/wp\/v2\/product_cat?post=10218"},{"taxonomy":"product_tag","embeddable":true,"href":"http:\/\/astehshop.com\/index.php\/wp-json\/wp\/v2\/product_tag?post=10218"}],"curies":[{"name":"wp","href":"https:\/\/api.w.org\/{rel}","templated":true}]}}