{"id":10197,"date":"2025-04-06T17:15:31","date_gmt":"2025-04-06T15:15:31","guid":{"rendered":"http:\/\/astehshop.com\/?post_type=product&#038;p=10197"},"modified":"2026-01-14T18:39:16","modified_gmt":"2026-01-14T17:39:16","slug":"azuri-toplotna-pumpa-azi-cq6-0pdg-nhh2-e-all-in-one","status":"publish","type":"product","link":"http:\/\/astehshop.com\/index.php\/product\/azuri-toplotna-pumpa-azi-cq6-0pdg-nhh2-e-all-in-one\/","title":{"rendered":"Azuri toplotna pumpa AZI-CQ6.0PdG\/NhH2-E ALL IN ONE"},"content":{"rendered":"<p><strong>VEZURI III dizalice topline \u201cALL IN ONE\u201d<\/strong><\/p>\n<p>Ovaj se komplet sastoji od vanjske jedinice, hidrauli\u010dkog modula i spremnika tople vode volumena 200 L.<\/p>\n<p>Koristi se za grijanje i hla\u0111enje prostora te grijanje potro\u0161ne vode do 60\u00baC.<\/p>\n<p>Su\u010delje za daljinsko upravljanje.<\/p>\n","protected":false},"excerpt":{"rendered":"<p><strong>VEZURI III dizalice topline \u201cALL IN ONE\u201d<\/strong><\/p>\n<p>Ovaj se komplet sastoji od vanjske jedinice, hidrauli\u010dkog modula i spremnika tople vode volumena 200 L.<\/p>\n<p>Koristi se za grijanje i hla\u0111enje prostora te grijanje potro\u0161ne vode do 60\u00baC.<\/p>\n<p>Su\u010delje za daljinsko upravljanje.<\/p>\n<p>All in One izvedba se<br \/>\nsastoji od tri dijela: vanjske<br \/>\njedinice, hidrauli\u010dkog<br \/>\nmodula i spremnika tople<br \/>\nvode volumena 200 l<br \/>\n&#8211; su\u010delje za daljinsko<br \/>\nupravljanje<br \/>\n&#8211; grijanje i hla\u0111enje prostora<br \/>\nte grijanje potro\u0161ne tople<br \/>\nvode do 60\u02daC<\/p>\n<p>DIZALICA TOPLINE ZRAK-VODA, ALL-IN-ONE<\/p>\n<p>&nbsp;<\/p>\n<div><\/div>\n<div><a href=\"https:\/\/register.deltron.ba\/\">Registruj svoj AZURI ure\u0111aj klikom ovdje<\/a><\/div>\n<div><\/div>\n<div>MONTA\u017dA MONO-SPLIT KLIMA URE\u0110AJA jedne unutarnje i jedne vanjske jediniceNa web shopu TechnoShopBN monta\u017ea nije uklju\u010dena u cijenu klima ure\u0111aja.<br \/>\nOvla\u0161tenu monta\u017eu klima ure\u0111aja obavljamo na podru\u010dju Bijeljine i okoline do 20KM<br \/>\nAko \u017eelite ovla\u0161tenu monta\u017eu dodajte je u korpu i platite zajedno sa klima ure\u0111ajem koji izaberete<br \/>\nNakon pla\u0107anja klima ure\u0111aja i ukoliko \u017eelite monta\u017eu, ostavite nam kontakt podatke kako bi Vas monta\u017eer mogao kontaktirati<br \/>\nGarancija monta\u017eu vrijedi do isteka garancije na klima ure\u0111aj.Standardna monta\u017ea mono-split klima ure\u0111aja podrazumijeva monta\u017eu unutarnje i vanjske jedinice na visini do 5 metara, bez upotrebe skele ili auto dizalice.<br \/>\nKod ve\u0107ih visina dodatno se napla\u0107uju visinski radovi ili se anga\u017euje auto korpa ili postavlja skela koju dodatno pla\u0107a i osigurava kupac.<br \/>\nAko je potrebno demontirati i po potrebi ekolo\u0161ki zbrinuti stari klima ure\u0111aj, demonta\u017ea se dodatno pla\u0107a prema<br \/>\nMolimo Vas da nas prema potrebi kontaktirate za detalje kako bi prije izvo\u0111enja dobili sve informacije o potrebnim radovima i cijenihttps:\/\/www.youtube.com\/watch?v=_b35LB9MQMA&nbsp;<\/p>\n<p>&nbsp;<\/p>\n<p>U standardnu monta\u017eu klima ure\u0111aja uklju\u010deno je:<\/p>\n<p>Dobava i postavljanje do 3 metra plinskih i elektro instalacija izme\u0111u unutarnje i vanjske jedinice<br \/>\nDobava i postavljanje do 3 metra PVC kanala za postavljanje instalacije izme\u0111u unutarnje i vanjske jedinice \u2013 nadgradno<br \/>\nDobava i postavljanje do 3 metra PVC kanala sa elektri\u010dnim kabelom za napajanje klima ure\u0111aja \u2013 nadgradno<br \/>\nDobava i postavljanje do 3 metra cijevi za odvod vode-kondenzata, slobodnim padom u pripremljeni odvod<br \/>\nDobava i postavljanje 1 par pocin\u010danih nosa\u010da za monta\u017eu vanjske jedinice (ukoliko nosa\u010di ve\u0107 postoje, to ne umanjuje cijenu usluge)<br \/>\nPotro\u0161ni materijal (\u0161arafi, tiplovi, izolacijska traka, vezice, silikon, gips i ostali potrebni materijal za monta\u017eu)<br \/>\n1 probijanje zida fi 55, debljine do 40cm (ukoliko rupa ve\u0107 postoji, to ne umanjuje cijenu usluge)<br \/>\nMonta\u017ea unutarnje i vanjske jedinice<br \/>\nSpajanje plinskih i elektro instalacija na unutarnjoj i vanjskoj jedinici<br \/>\nSpajanje napajanja na postoje\u0107u elektri\u010dnu instalaciju<br \/>\nVakumiranje<br \/>\nPu\u0161tanje u rad<br \/>\nTestiranje rada klime<br \/>\n\u010ci\u0161\u0107enje mijesta rada<br \/>\nOvjera garancije<\/p>\n<p><strong>Ukoliko monta\u017eu obavi osoba ili firma koju anga\u017euje kupac, a koja nije ovla\u0161tena za monta\u017eu klima ure\u0111aja, ista preuzima i odgovornost za eventualne kvarove i neispravnost na ure\u0111aju i monta\u017ei te u tom slu\u010daju Prodavatelj nije odgovoran za nastalu \u0161tetu a kupac gubi garanciju.<\/strong><\/p>\n<p>&nbsp;<\/p>\n<\/div>\n<p>&nbsp;<\/p>\n","protected":false},"featured_media":10198,"comment_status":"open","ping_status":"closed","template":"","meta":{"_mi_skip_tracking":false,"_exactmetrics_sitenote_active":false,"_exactmetrics_sitenote_note":"","_exactmetrics_sitenote_category":0,"spay_email":""},"product_cat":[7891],"product_tag":[7892,7894,7893],"brands":[{"id":7847,"name":"Azuri","slug":"azuri"}],"df_price":13080,"df_sale_price":"","df_regular_price":13080,"df_image_link":"https:\/\/i0.wp.com\/astehshop.com\/wp-content\/uploads\/2025\/04\/Screenshot-2025-04-06-at-17-11-34-AZURI-dizalica-topline-komplet-VEZURI-3-AllInOne-AZI-CQ6.0Pd_NhH2-EO_AZI-CQ6.0PdG_NhH2-EI-6-kW-Klima-shop.png?fit=450%2C409","jetpack_publicize_connections":[],"jetpack_sharing_enabled":true,"jetpack_likes_enabled":true,"jetpack-related-posts":[{"id":10200,"url":"http:\/\/astehshop.com\/index.php\/product\/azuri-toplotna-pumpa-vezuri-iii-all-in-one-azi-cq8-0pdg-nhh2-e\/","url_meta":{"origin":10197,"position":0},"title":"AZURI Toplotna pumpa VEZURI III \u201cALL IN ONE\u201d; AZI-CQ8.0PdG\/NhH2-E","date":"6. travnja 2025.","format":false,"excerpt":"VEZURI III dizalice topline \u201cALL IN ONE\u201d Ovaj se komplet sastoji od vanjske jedinice, hidrauli\u010dkog modula i spremnika tople vode volumena 200 L. Koristi se za grijanje i hla\u0111enje prostora te grijanje potro\u0161ne vode do 60\u00baC. Su\u010delje za daljinsko upravljanje. All in One izvedba se sastoji od tri dijela: vanjske\u2026","rel":"","context":"Srodne objave","img":{"alt_text":"","src":"https:\/\/i0.wp.com\/astehshop.com\/wp-content\/uploads\/2025\/04\/Screenshot-2025-04-06-at-17-11-34-AZURI-dizalica-topline-komplet-VEZURI-3-AllInOne-AZI-CQ6.0Pd_NhH2-EO_AZI-CQ6.0PdG_NhH2-EI-6-kW-Klima-shop.png?fit=711%2C646&resize=350%2C200","width":350,"height":200},"classes":[]},{"id":10242,"url":"http:\/\/astehshop.com\/index.php\/product\/gree-s-cool-klima-uredaj-gwh12apaxe-k6dna3a\/","url_meta":{"origin":10197,"position":1},"title":"Gree S-COOL klima ure\u0111aj GWH12APAXE-K6DNA3A","date":"12. travnja 2025.","format":false,"excerpt":"Klimatizacijski ure\u0111aj S-cool \u2013 Va\u0161 savr\u0161eni izbor za ugodan dom Upoznajte novi model\u00a0 Gree proizvodnje S-cool, dizajniran za nenadma\u0161ivu energetsku efikasnost\u00a0 i vrhunski ugo\u0111aj. Klju\u010dne prednosti: *Energetska efikasnost: Odr\u017eava \u017eeljenu temperaturu uz minimalnu potro\u0161nju energije. Energetski razredi\u00a0 \u00a0A+++ i za grijanje i hla\u0111enje *Ekolo\u0161ki prihvatljiv: Rashladni medij R32 sa niskim\u2026","rel":"","context":"Srodne objave","img":{"alt_text":"","src":"https:\/\/i1.wp.com\/astehshop.com\/wp-content\/uploads\/2025\/04\/s-cool-kpl-2-ast-3258601-p.png?fit=900%2C900&resize=350%2C200","width":350,"height":200},"classes":[]},{"id":10239,"url":"http:\/\/astehshop.com\/index.php\/product\/gree-s-cool-klima-uredaj-gwh09apaxe-k6dna3a\/","url_meta":{"origin":10197,"position":2},"title":"Gree S-COOL klima ure\u0111aj GWH09APAXE-K6DNA3A","date":"12. travnja 2025.","format":false,"excerpt":"Klimatizacijski ure\u0111aj S-cool \u2013 Va\u0161 savr\u0161eni izbor za ugodan dom Upoznajte novi model\u00a0 Gree proizvodnje S-cool, dizajniran za nenadma\u0161ivu energetsku efikasnost\u00a0 i vrhunski ugo\u0111aj. Klju\u010dne prednosti: *Energetska efikasnost: Odr\u017eava \u017eeljenu temperaturu uz minimalnu potro\u0161nju energije. Energetski razredi\u00a0 \u00a0 A+++ i za grijanje i hla\u0111enje *Ekolo\u0161ki prihvatljiv: Rashladni medij R32 sa\u2026","rel":"","context":"Srodne objave","img":{"alt_text":"","src":"https:\/\/i1.wp.com\/astehshop.com\/wp-content\/uploads\/2025\/04\/s-cool-kpl-2-ast-3258601-p.png?fit=900%2C900&resize=350%2C200","width":350,"height":200},"classes":[]},{"id":10154,"url":"http:\/\/astehshop.com\/index.php\/product\/azuri-supra-klima-uredaj-azi-wo25vg-22\/","url_meta":{"origin":10197,"position":3},"title":"AZURI SUPRA KLIMA URE\u0110AJ AZI-WO25VG -22","date":"6. travnja 2025.","format":false,"excerpt":"AZURI klima ure\u0111aji odlikuju se modernim dizajnom i visokom energetskom u\u010dinkovito\u0161\u0107u. Zahvaljuju\u0107i inverter tehnologiji i posebno dizajniranim ventilatorom unutarnje jedinice ucinkovito, brzo i pouzdano udovoljavaju zahtjevima stambenih i uredskih prostora. AZURI klima ure\u0111aji odlikuju se visokom energetskom u\u010dinkovitosti, niskom razinom buke unutarnje i vanjske jedinice, sukladni su najnovijim Ecodesign normama\u2026","rel":"","context":"Srodne objave","img":{"alt_text":"","src":"https:\/\/i1.wp.com\/astehshop.com\/wp-content\/uploads\/2025\/04\/azuri-supra.jpg?fit=900%2C900&resize=350%2C200","width":350,"height":200},"classes":[]},{"id":9391,"url":"http:\/\/astehshop.com\/index.php\/product\/klima-uredaj-favorit-18000-btu-qb-he-hb-inverter-gratis-nosaci\/","url_meta":{"origin":10197,"position":4},"title":"Klima ure\u0111aj FAVORIT 18000 BTU QB HE HB INVERTER -35 stepeni","date":"22. lipnja 2024.","format":false,"excerpt":"kapacitet hla\u0111enje kw: 5.28(1.3-5.9) kapacitet hla\u0111enje BTU: 18015 kapacitet grijanje kw: 5.8(1.3-6.1) kapacitet grijanje BTU: 19107 SEER hla\u0111enje: 8.5 Predstavljamo vam na\u0161 najnoviji HVAC sistem, koji ima kapacitet hla\u0111enja od 3.5 kW (11942 BTU) i kapacitet grijanja od 4.2 kW (14330 BTU). Sa SEER-om efikasnosti hla\u0111enja ocenjenim na 1.7 i\u2026","rel":"","context":"Srodne objave","img":{"alt_text":"","src":"https:\/\/i2.wp.com\/astehshop.com\/wp-content\/uploads\/2024\/06\/klima-fav-35-18.png?fit=1080%2C1080&resize=350%2C200","width":350,"height":200},"classes":[]},{"id":10227,"url":"http:\/\/astehshop.com\/index.php\/product\/gree-comso-regular-gwh12awcxd-k6dna\/","url_meta":{"origin":10197,"position":5},"title":"Gree Comso Regular GWH12AWCXD-K6DNA","date":"12. travnja 2025.","format":false,"excerpt":"GREE klima ure\u0111aj GWH12AWCXD COSMO REGULAR | Namjena za prostor od: 26 do 35 m2 | Rashladno sredstvo: R32 | Tip klime: Inverter | Energetska hla\u0111enja: A++ | Energetska grijanja: A+ | Grija\u010d vanjske jedinice | WiFi: Da Grija\u010d vanjske jedinice! Jedinice su opremljene vertikalnim i horizontalnim krilcima. \u2022 Maksimalna\u2026","rel":"","context":"Srodne objave","img":{"alt_text":"","src":"https:\/\/i1.wp.com\/astehshop.com\/wp-content\/uploads\/2025\/04\/cosmo-regular.png?fit=580%2C584&resize=350%2C200","width":350,"height":200},"classes":[]}],"_links":{"self":[{"href":"http:\/\/astehshop.com\/index.php\/wp-json\/wp\/v2\/product\/10197"}],"collection":[{"href":"http:\/\/astehshop.com\/index.php\/wp-json\/wp\/v2\/product"}],"about":[{"href":"http:\/\/astehshop.com\/index.php\/wp-json\/wp\/v2\/types\/product"}],"replies":[{"embeddable":true,"href":"http:\/\/astehshop.com\/index.php\/wp-json\/wp\/v2\/comments?post=10197"}],"wp:featuredmedia":[{"embeddable":true,"href":"http:\/\/astehshop.com\/index.php\/wp-json\/wp\/v2\/media\/10198"}],"wp:attachment":[{"href":"http:\/\/astehshop.com\/index.php\/wp-json\/wp\/v2\/media?parent=10197"}],"wp:term":[{"taxonomy":"product_cat","embeddable":true,"href":"http:\/\/astehshop.com\/index.php\/wp-json\/wp\/v2\/product_cat?post=10197"},{"taxonomy":"product_tag","embeddable":true,"href":"http:\/\/astehshop.com\/index.php\/wp-json\/wp\/v2\/product_tag?post=10197"}],"curies":[{"name":"wp","href":"https:\/\/api.w.org\/{rel}","templated":true}]}}