{"id":10173,"date":"2025-04-06T16:18:23","date_gmt":"2025-04-06T14:18:23","guid":{"rendered":"http:\/\/astehshop.com\/?post_type=product&#038;p=10173"},"modified":"2026-01-14T18:40:20","modified_gmt":"2026-01-14T17:40:20","slug":"azuri-azi-or40vc-multi-inverter-vanjska-jedinica","status":"publish","type":"product","link":"http:\/\/astehshop.com\/index.php\/product\/azuri-azi-or40vc-multi-inverter-vanjska-jedinica\/","title":{"rendered":"AZURI AZI-OR40VC multi inverter &#8211; vanjska jedinica"},"content":{"rendered":"<p>U\u010dinak hla\u0111enja: 4,10 (2,052 &#8211; 4,396) kW<br \/>\nU\u010dinak grijanja: 4,40 (2,491 &#8211; 5,422) kW<br \/>\nPrikladno za prostor: do 40 m2<br \/>\nEnergetska klasa: A++<br \/>\nFreon : R-32<br \/>\nMogu\u0107nost spajanja do 2 unutarnje jedinice<br \/>\nGarancija : 5 godina (3 god. osnovno + 2 god. uz registraciju)<\/p>\n<h4>Vrijednosti sezonske u\u010dinkovitosti do A++ za hla\u0111enje i A+ za grijanje zahvaljuju\u0107i najmodernijoj tehnologiji i ugra\u0111enoj inteligenciji.<\/h4>\n<h4>Na 1 multi vanjsku jedinicu mogu\u0107e je spojiti do 2 unutarnje jedinice. Svim unutarnjim jedinicama upravlja se pojedina\u010dno i ne moraju biti instalirane u istom prostoru u isto vrijeme.<br \/>\nOdabirom R-32 proizvoda, smanjuje se utjecaj na okoli\u0161 do 68%, u usporedbi s R-410A i izravno dovodi do smanjenja potro\u0161nje energije zahvaljuju\u0107i njegovoj visokoj energetskoj u\u010dinkovitosti.<\/h4>\n<h4>Mogu se spojiti razli\u010dite vrste unutarnjih jedinica: npr. zidne jedinice, kutne kazetne jedinice, kanalne jedinice.<br \/>\nVanjske jedinice imaju swing kompresore poznate po njihovoj niskoj razini buke i visokoj energetskoj u\u010dinkovitosti.<\/h4>\n<p><a href=\"https:\/\/i1.wp.com\/astehshop.com\/wp-content\/uploads\/2025\/04\/dual-multi-azuri.jpg\" data-rel=\"lightbox-image-0\" data-rl_title=\"\" data-rl_caption=\"\" title=\"\"><img data-attachment-id=\"10176\" data-permalink=\"http:\/\/astehshop.com\/?attachment_id=10176\" data-orig-file=\"https:\/\/i1.wp.com\/astehshop.com\/wp-content\/uploads\/2025\/04\/dual-multi-azuri.jpg?fit=629%2C629\" data-orig-size=\"629,629\" data-comments-opened=\"1\" data-image-meta=\"{&quot;aperture&quot;:&quot;0&quot;,&quot;credit&quot;:&quot;&quot;,&quot;camera&quot;:&quot;&quot;,&quot;caption&quot;:&quot;&quot;,&quot;created_timestamp&quot;:&quot;0&quot;,&quot;copyright&quot;:&quot;&quot;,&quot;focal_length&quot;:&quot;0&quot;,&quot;iso&quot;:&quot;0&quot;,&quot;shutter_speed&quot;:&quot;0&quot;,&quot;title&quot;:&quot;&quot;,&quot;orientation&quot;:&quot;0&quot;}\" data-image-title=\"dual multi azuri\" data-image-description=\"\" data-image-caption=\"\" data-medium-file=\"https:\/\/i1.wp.com\/astehshop.com\/wp-content\/uploads\/2025\/04\/dual-multi-azuri.jpg?fit=450%2C450\" data-large-file=\"https:\/\/i1.wp.com\/astehshop.com\/wp-content\/uploads\/2025\/04\/dual-multi-azuri.jpg?fit=629%2C629\" decoding=\"async\" loading=\"lazy\" class=\"alignnone size-medium wp-image-10176\" src=\"https:\/\/i1.wp.com\/astehshop.com\/wp-content\/uploads\/2025\/04\/dual-multi-azuri.jpg?resize=450%2C450\" alt=\"\" width=\"450\" height=\"450\" srcset=\"https:\/\/i1.wp.com\/astehshop.com\/wp-content\/uploads\/2025\/04\/dual-multi-azuri.jpg?resize=450%2C450 450w, https:\/\/i1.wp.com\/astehshop.com\/wp-content\/uploads\/2025\/04\/dual-multi-azuri.jpg?resize=150%2C150 150w, https:\/\/i1.wp.com\/astehshop.com\/wp-content\/uploads\/2025\/04\/dual-multi-azuri.jpg?resize=300%2C300 300w, https:\/\/i1.wp.com\/astehshop.com\/wp-content\/uploads\/2025\/04\/dual-multi-azuri.jpg?resize=100%2C100 100w, https:\/\/i1.wp.com\/astehshop.com\/wp-content\/uploads\/2025\/04\/dual-multi-azuri.jpg?resize=600%2C600 600w, https:\/\/i1.wp.com\/astehshop.com\/wp-content\/uploads\/2025\/04\/dual-multi-azuri.jpg?w=629 629w\" sizes=\"(max-width: 450px) 100vw, 450px\" data-recalc-dims=\"1\" \/><\/a><\/p>\n<p>&nbsp;<\/p>\n<div><\/div>\n<div><a href=\"https:\/\/register.deltron.ba\/\">Registruj svoj AZURI ure\u0111aj klikom ovdje<\/a><\/div>\n<div><\/div>\n<div>MONTA\u017dA MONO-SPLIT KLIMA URE\u0110AJA jedne unutarnje i jedne vanjske jediniceNa web shopu TechnoShopBN monta\u017ea nije uklju\u010dena u cijenu klima ure\u0111aja.<br \/>\nOvla\u0161tenu monta\u017eu klima ure\u0111aja obavljamo na podru\u010dju Bijeljine i okoline do 20KM<br \/>\nAko \u017eelite ovla\u0161tenu monta\u017eu dodajte je u korpu i platite zajedno sa klima ure\u0111ajem koji izaberete<br \/>\nNakon pla\u0107anja klima ure\u0111aja i ukoliko \u017eelite monta\u017eu, ostavite nam kontakt podatke kako bi Vas monta\u017eer mogao kontaktirati<br \/>\nGarancija monta\u017eu vrijedi do isteka garancije na klima ure\u0111aj.Standardna monta\u017ea mono-split klima ure\u0111aja podrazumijeva monta\u017eu unutarnje i vanjske jedinice na visini do 5 metara, bez upotrebe skele ili auto dizalice.<br \/>\nKod ve\u0107ih visina dodatno se napla\u0107uju visinski radovi ili se anga\u017euje auto korpa ili postavlja skela koju dodatno pla\u0107a i osigurava kupac.<br \/>\nAko je potrebno demontirati i po potrebi ekolo\u0161ki zbrinuti stari klima ure\u0111aj, demonta\u017ea se dodatno pla\u0107a prema<br \/>\nMolimo Vas da nas prema potrebi kontaktirate za detalje kako bi prije izvo\u0111enja dobili sve informacije o potrebnim radovima i cijeni<\/div>\n<div>U standardnu monta\u017eu klima ure\u0111aja uklju\u010deno je:Dobava i postavljanje do 3 metra plinskih i elektro instalacija izme\u0111u unutarnje i vanjske jedinice<br \/>\nDobava i postavljanje do 3 metra PVC kanala za postavljanje instalacije izme\u0111u unutarnje i vanjske jedinice \u2013 nadgradno<br \/>\nDobava i postavljanje do 3 metra PVC kanala sa elektri\u010dnim kabelom za napajanje klima ure\u0111aja \u2013 nadgradno<br \/>\nDobava i postavljanje do 3 metra cijevi za odvod vode-kondenzata, slobodnim padom u pripremljeni odvod<br \/>\nDobava i postavljanje 1 par pocin\u010danih nosa\u010da za monta\u017eu vanjske jedinice (ukoliko nosa\u010di ve\u0107 postoje, to ne umanjuje cijenu usluge)<br \/>\nPotro\u0161ni materijal (\u0161arafi, tiplovi, izolacijska traka, vezice, silikon, gips i ostali potrebni materijal za monta\u017eu)<br \/>\n1 probijanje zida fi 55, debljine do 40cm (ukoliko rupa ve\u0107 postoji, to ne umanjuje cijenu usluge)<br \/>\nMonta\u017ea unutarnje i vanjske jedinice<br \/>\nSpajanje plinskih i elektro instalacija na unutarnjoj i vanjskoj jedinici<br \/>\nSpajanje napajanja na postoje\u0107u elektri\u010dnu instalaciju<br \/>\nVakumiranje<br \/>\nPu\u0161tanje u rad<br \/>\nTestiranje rada klime<br \/>\n\u010ci\u0161\u0107enje mijesta rada<br \/>\nOvjera garancije<\/p>\n<p><strong>Ukoliko monta\u017eu obavi osoba ili firma koju anga\u017euje kupac, a koja nije ovla\u0161tena za monta\u017eu klima ure\u0111aja, ista preuzima i odgovornost za eventualne kvarove i neispravnost na ure\u0111aju i monta\u017ei te u tom slu\u010daju Prodavatelj nije odgovoran za nastalu \u0161tetu a kupac gubi garanciju.<\/strong><\/p>\n<\/div>\n<p>&nbsp;<\/p>\n","protected":false},"excerpt":{"rendered":"<p>U\u010dinak hla\u0111enja: 4,10 (2,052 &#8211; 4,396) kW<br \/>\nU\u010dinak grijanja: 4,40 (2,491 &#8211; 5,422) kW<br \/>\nPrikladno za prostor: do 40 m2<br \/>\nEnergetska klasa: A++<br \/>\nFreon : R-32<br \/>\nMogu\u0107nost spajanja do 2 unutarnje jedinice<br \/>\nGarancija : 5 godina (3 god. osnovno + 2 god. uz registraciju)<\/p>\n<h4>Vrijednosti sezonske u\u010dinkovitosti do A++ za hla\u0111enje i A+ za grijanje zahvaljuju\u0107i najmodernijoj tehnologiji i ugra\u0111enoj inteligenciji.<\/h4>\n<h4>Na 1 multi vanjsku jedinicu mogu\u0107e je spojiti do 2 unutarnje jedinice. Svim unutarnjim jedinicama upravlja se pojedina\u010dno i ne moraju biti instalirane u istom prostoru u isto vrijeme.<br \/>\nOdabirom R-32 proizvoda, smanjuje se utjecaj na okoli\u0161 do 68%, u usporedbi s R-410A i izravno dovodi do smanjenja potro\u0161nje energije zahvaljuju\u0107i njegovoj visokoj energetskoj u\u010dinkovitosti.<\/h4>\n<h4>Mogu se spojiti razli\u010dite vrste unutarnjih jedinica: npr. zidne jedinice, kutne kazetne jedinice, kanalne jedinice.<br \/>\nVanjske jedinice imaju swing kompresore poznate po njihovoj niskoj razini buke i visokoj energetskoj u\u010dinkovitosti.<\/h4>\n<p><a href=\"http:\/\/astehshop.com\/wp-content\/uploads\/2025\/04\/dual-multi-azuri.jpg\"><img decoding=\"async\" loading=\"lazy\" class=\"alignnone size-medium wp-image-10176\" src=\"http:\/\/astehshop.com\/wp-content\/uploads\/2025\/04\/dual-multi-azuri-450x450.jpg\" alt=\"\" width=\"450\" height=\"450\" srcset=\"https:\/\/i1.wp.com\/astehshop.com\/wp-content\/uploads\/2025\/04\/dual-multi-azuri.jpg?resize=450%2C450 450w, https:\/\/i1.wp.com\/astehshop.com\/wp-content\/uploads\/2025\/04\/dual-multi-azuri.jpg?resize=150%2C150 150w, https:\/\/i1.wp.com\/astehshop.com\/wp-content\/uploads\/2025\/04\/dual-multi-azuri.jpg?resize=300%2C300 300w, https:\/\/i1.wp.com\/astehshop.com\/wp-content\/uploads\/2025\/04\/dual-multi-azuri.jpg?resize=100%2C100 100w, https:\/\/i1.wp.com\/astehshop.com\/wp-content\/uploads\/2025\/04\/dual-multi-azuri.jpg?resize=600%2C600 600w, https:\/\/i1.wp.com\/astehshop.com\/wp-content\/uploads\/2025\/04\/dual-multi-azuri.jpg?w=629 629w\" sizes=\"(max-width: 450px) 100vw, 450px\" \/><\/a><\/p>\n<p>&nbsp;<\/p>\n<div><\/div>\n<div><a href=\"https:\/\/register.deltron.ba\/\">Registruj svoj AZURI ure\u0111aj klikom ovdje<\/a><\/div>\n<div><\/div>\n<div>MONTA\u017dA MONO-SPLIT KLIMA URE\u0110AJA jedne unutarnje i jedne vanjske jediniceNa web shopu TechnoShopBN monta\u017ea nije uklju\u010dena u cijenu klima ure\u0111aja.<br \/>\nOvla\u0161tenu monta\u017eu klima ure\u0111aja obavljamo na podru\u010dju Bijeljine i okoline do 20KM<br \/>\nAko \u017eelite ovla\u0161tenu monta\u017eu dodajte je u korpu i platite zajedno sa klima ure\u0111ajem koji izaberete<br \/>\nNakon pla\u0107anja klima ure\u0111aja i ukoliko \u017eelite monta\u017eu, ostavite nam kontakt podatke kako bi Vas monta\u017eer mogao kontaktirati<br \/>\nGarancija monta\u017eu vrijedi do isteka garancije na klima ure\u0111aj.Standardna monta\u017ea mono-split klima ure\u0111aja podrazumijeva monta\u017eu unutarnje i vanjske jedinice na visini do 5 metara, bez upotrebe skele ili auto dizalice.<br \/>\nKod ve\u0107ih visina dodatno se napla\u0107uju visinski radovi ili se anga\u017euje auto korpa ili postavlja skela koju dodatno pla\u0107a i osigurava kupac.<br \/>\nAko je potrebno demontirati i po potrebi ekolo\u0161ki zbrinuti stari klima ure\u0111aj, demonta\u017ea se dodatno pla\u0107a prema<br \/>\nMolimo Vas da nas prema potrebi kontaktirate za detalje kako bi prije izvo\u0111enja dobili sve informacije o potrebnim radovima i cijeni<\/div>\n<div>U standardnu monta\u017eu klima ure\u0111aja uklju\u010deno je:Dobava i postavljanje do 3 metra plinskih i elektro instalacija izme\u0111u unutarnje i vanjske jedinice<br \/>\nDobava i postavljanje do 3 metra PVC kanala za postavljanje instalacije izme\u0111u unutarnje i vanjske jedinice \u2013 nadgradno<br \/>\nDobava i postavljanje do 3 metra PVC kanala sa elektri\u010dnim kabelom za napajanje klima ure\u0111aja \u2013 nadgradno<br \/>\nDobava i postavljanje do 3 metra cijevi za odvod vode-kondenzata, slobodnim padom u pripremljeni odvod<br \/>\nDobava i postavljanje 1 par pocin\u010danih nosa\u010da za monta\u017eu vanjske jedinice (ukoliko nosa\u010di ve\u0107 postoje, to ne umanjuje cijenu usluge)<br \/>\nPotro\u0161ni materijal (\u0161arafi, tiplovi, izolacijska traka, vezice, silikon, gips i ostali potrebni materijal za monta\u017eu)<br \/>\n1 probijanje zida fi 55, debljine do 40cm (ukoliko rupa ve\u0107 postoji, to ne umanjuje cijenu usluge)<br \/>\nMonta\u017ea unutarnje i vanjske jedinice<br \/>\nSpajanje plinskih i elektro instalacija na unutarnjoj i vanjskoj jedinici<br \/>\nSpajanje napajanja na postoje\u0107u elektri\u010dnu instalaciju<br \/>\nVakumiranje<br \/>\nPu\u0161tanje u rad<br \/>\nTestiranje rada klime<br \/>\n\u010ci\u0161\u0107enje mijesta rada<br \/>\nOvjera garancije<\/p>\n<p><strong>Ukoliko monta\u017eu obavi osoba ili firma koju anga\u017euje kupac, a koja nije ovla\u0161tena za monta\u017eu klima ure\u0111aja, ista preuzima i odgovornost za eventualne kvarove i neispravnost na ure\u0111aju i monta\u017ei te u tom slu\u010daju Prodavatelj nije odgovoran za nastalu \u0161tetu a kupac gubi garanciju.<\/strong><\/p>\n<\/div>\n<p>&nbsp;<\/p>\n","protected":false},"featured_media":10174,"comment_status":"open","ping_status":"closed","template":"","meta":{"_mi_skip_tracking":false,"_exactmetrics_sitenote_active":false,"_exactmetrics_sitenote_note":"","_exactmetrics_sitenote_category":0,"spay_email":""},"product_cat":[7851],"product_tag":[7853,7855,7854,7856,7857],"brands":[],"df_price":1635,"df_sale_price":"","df_regular_price":1635,"df_image_link":"https:\/\/i1.wp.com\/astehshop.com\/wp-content\/uploads\/2025\/04\/AZI-OR40VC.png?fit=450%2C251","jetpack_publicize_connections":[],"jetpack_sharing_enabled":true,"jetpack_likes_enabled":true,"jetpack-related-posts":[{"id":10178,"url":"http:\/\/astehshop.com\/index.php\/product\/azuri-azi-or50vc-multi-split-vanjska-jedinica\/","url_meta":{"origin":10173,"position":0},"title":"AZURI AZI-OR50VC Multi Split vanjska jedinica","date":"6. travnja 2025.","format":false,"excerpt":"U\u010dinak hla\u0111enja: 5,20 (2,140 - 5,800) kW U\u010dinak grijanja: 5,40 (2,579 - 5,920) kW Prikladno za prostor: do 50 m2 Energetska klasa: A++ Freon : R-32 Mogu\u0107nost spajanja do 2 unutarnje jedinice Garancija : 5 godina (3 god. osnovno + 2 god. uz registraciju) Vrijednosti sezonske u\u010dinkovitosti do A++ za\u2026","rel":"","context":"Srodne objave","img":{"alt_text":"","src":"https:\/\/i1.wp.com\/astehshop.com\/wp-content\/uploads\/2025\/04\/AZI-OR40VC.png?fit=1200%2C670&resize=350%2C200","width":350,"height":200},"classes":[]},{"id":10179,"url":"http:\/\/astehshop.com\/index.php\/product\/azuri-azi-or60vc-multi-inverter-do-3-unutrasnje-jedinice\/","url_meta":{"origin":10173,"position":1},"title":"AZURI AZI-OR60VC Multi Inverter do 3 unutra\u0161nje jedinice","date":"6. travnja 2025.","format":false,"excerpt":"U\u010dinak hla\u0111enja: 6,10 (2,198 - 7,327) kW U\u010dinak grijanja: 6,50 (3,605 - 8,499) kW Prikladno za prostor: do 60 m2 Energetska klasa: A++ Freon : R-32 Mogu\u0107nost spajanja do 3 unutarnje jedinice Garancija : 5 godina (3 god. osnovno + 2 god. uz registraciju) Vrijednosti sezonske u\u010dinkovitosti do A++ za\u2026","rel":"","context":"Srodne objave","img":{"alt_text":"","src":"https:\/\/i1.wp.com\/astehshop.com\/wp-content\/uploads\/2025\/04\/AZI-OR40VC.png?fit=1200%2C670&resize=350%2C200","width":350,"height":200},"classes":[]},{"id":10181,"url":"http:\/\/astehshop.com\/index.php\/product\/azuri-multisplit-azi-or80vc-do-4-unutrasnje-jedinice\/","url_meta":{"origin":10173,"position":2},"title":"AZURI MultiSplit AZI-OR80VC do 4 unutra\u0161nje jedinice","date":"6. travnja 2025.","format":false,"excerpt":"U\u010dinak hla\u0111enja: 8,00 (2,286 - 10,258) kW U\u010dinak grijanja: 9,50 (3,664 - 10,258) kW Prikladno za prostor: do 80 m2 Energetska klasa: A++ Freon : R-32 Mogu\u0107nost spajanja do 4 unutarnje jedinice Garancija : 5 godina (3 god. osnovno + 2 god. uz registraciju) \u00a0 Registruj svoj AZURI ure\u0111aj klikom\u2026","rel":"","context":"Srodne objave","img":{"alt_text":"","src":"https:\/\/i0.wp.com\/astehshop.com\/wp-content\/uploads\/2025\/04\/azuri-multi-split.png?fit=390%2C390&resize=350%2C200","width":350,"height":200},"classes":[]},{"id":10180,"url":"http:\/\/astehshop.com\/index.php\/product\/azuri-multisplit-azi-or70vc-do-3-unutrasnje-jedinice\/","url_meta":{"origin":10173,"position":3},"title":"AZURI MultiSplit AZI-OR70VC do 3 unutra\u0161nje jedinice","date":"6. travnja 2025.","format":false,"excerpt":"U\u010dinak hla\u0111enja: 7,10 (2,286 - 8,499)kW U\u010dinak grijanja: 7,10 (2,286 - 8,499)kW Prikladno za prostor: do 70 m2 Energetska klasa: A++ Freon : R-32 Mogu\u0107nost spajanja do 3 unutarnje jedinice Garancija : 5 godina (3 god. osnovno + 2 god. uz registraciju) Vrijednosti sezonske u\u010dinkovitosti do A++ za hla\u0111enje i\u2026","rel":"","context":"Srodne objave","img":{"alt_text":"","src":"https:\/\/i1.wp.com\/astehshop.com\/wp-content\/uploads\/2025\/04\/AZI-OR40VC.png?fit=1200%2C670&resize=350%2C200","width":350,"height":200},"classes":[]},{"id":10167,"url":"http:\/\/astehshop.com\/index.php\/product\/azuri-console-parapetni-klima-uredaj-azi-fo25vd\/","url_meta":{"origin":10173,"position":4},"title":"AZURI CONSOLE Parapetni KLIMA URE\u0110AJ AZI-FO25VD","date":"6. travnja 2025.","format":false,"excerpt":"Podna unutarnja i vanjska jedinica U\u010dinak hla\u0111enja: 2,7kW (0,70 - 3,40) kW U\u010dinak grijanja: 2,9kW (0,60 - 3,50) kW Prikladno za prostor: do 25m2 Energetska klasa: A++ Wi-Fi upravljanje je uklju\u010deno u cijenu Garancija : 5 godina (3 god. osnovno + 2 god. uz registraciju) AZURI klima ure\u0111aji odlikuju se\u2026","rel":"","context":"Srodne objave","img":{"alt_text":"","src":"https:\/\/i0.wp.com\/astehshop.com\/wp-content\/uploads\/2025\/04\/parapetna-klima.png?fit=867%2C650&resize=350%2C200","width":350,"height":200},"classes":[]},{"id":10189,"url":"http:\/\/astehshop.com\/index.php\/product\/azuri-supra-klima-uredaj-azi-wo25vg-multi-split-unutrasnja-jedinica\/","url_meta":{"origin":10173,"position":5},"title":"AZURI Supra KLIMA URE\u0110AJ AZI-WO25VG Multi Split unutra\u0161nja jedinica","date":"6. travnja 2025.","format":false,"excerpt":"Unutarnja zidna jedinica za multi sustav U\u010dinak hla\u0111enja: 2,7 kW (0,45-3,50) kW U\u010dinak grijanja: 3 kW (0,50-4,20) kW Prikladno za prostor: do 25m2 Wi-Fi upravljanje je uklju\u010deno u cijenu Garancija: 5 godina (3 god. osnovno + 2 god. uz registraciju) AZURI klima ure\u0111aji odlikuju se modernim dizajnom i visokom energetskom\u2026","rel":"","context":"Srodne objave","img":{"alt_text":"","src":"https:\/\/i2.wp.com\/astehshop.com\/wp-content\/uploads\/2025\/04\/SUPRA-1.png?fit=1024%2C1024&resize=350%2C200","width":350,"height":200},"classes":[]}],"_links":{"self":[{"href":"http:\/\/astehshop.com\/index.php\/wp-json\/wp\/v2\/product\/10173"}],"collection":[{"href":"http:\/\/astehshop.com\/index.php\/wp-json\/wp\/v2\/product"}],"about":[{"href":"http:\/\/astehshop.com\/index.php\/wp-json\/wp\/v2\/types\/product"}],"replies":[{"embeddable":true,"href":"http:\/\/astehshop.com\/index.php\/wp-json\/wp\/v2\/comments?post=10173"}],"wp:featuredmedia":[{"embeddable":true,"href":"http:\/\/astehshop.com\/index.php\/wp-json\/wp\/v2\/media\/10174"}],"wp:attachment":[{"href":"http:\/\/astehshop.com\/index.php\/wp-json\/wp\/v2\/media?parent=10173"}],"wp:term":[{"taxonomy":"product_cat","embeddable":true,"href":"http:\/\/astehshop.com\/index.php\/wp-json\/wp\/v2\/product_cat?post=10173"},{"taxonomy":"product_tag","embeddable":true,"href":"http:\/\/astehshop.com\/index.php\/wp-json\/wp\/v2\/product_tag?post=10173"}],"curies":[{"name":"wp","href":"https:\/\/api.w.org\/{rel}","templated":true}]}}