{"id":10167,"date":"2025-04-06T16:01:31","date_gmt":"2025-04-06T14:01:31","guid":{"rendered":"http:\/\/astehshop.com\/?post_type=product&#038;p=10167"},"modified":"2026-01-14T18:40:23","modified_gmt":"2026-01-14T17:40:23","slug":"azuri-console-parapetni-klima-uredaj-azi-fo25vd","status":"publish","type":"product","link":"http:\/\/astehshop.com\/index.php\/product\/azuri-console-parapetni-klima-uredaj-azi-fo25vd\/","title":{"rendered":"AZURI CONSOLE Parapetni KLIMA URE\u0110AJ AZI-FO25VD"},"content":{"rendered":"<p>Podna unutarnja i vanjska jedinica<br \/>\nU\u010dinak hla\u0111enja: 2,7kW (0,70 &#8211; 3,40) kW<br \/>\nU\u010dinak grijanja: 2,9kW (0,60 &#8211; 3,50) kW<br \/>\nPrikladno za prostor: do 25m2<br \/>\nEnergetska klasa: A++<br \/>\nWi-Fi upravljanje je uklju\u010deno u cijenu<br \/>\nGarancija : 5 godina (3 god. osnovno + 2 god. uz registraciju)<\/p>\n","protected":false},"excerpt":{"rendered":"<p>Podna unutarnja i vanjska jedinica<br \/>\nU\u010dinak hla\u0111enja: 2,7kW (0,70 &#8211; 3,40) kW<br \/>\nU\u010dinak grijanja: 2,9kW (0,60 &#8211; 3,50) kW<br \/>\nPrikladno za prostor: do 25m2<br \/>\nEnergetska klasa: A++<br \/>\nWi-Fi upravljanje je uklju\u010deno u cijenu<br \/>\nGarancija : 5 godina (3 god. osnovno + 2 god. uz registraciju)<\/p>\n<p>AZURI klima ure\u0111aji odlikuju se modernim dizajnom i visokom energetskom u\u010dinkovito\u0161\u0107u. Zahvaljuju\u0107i inverter tehnologiji i posebno dizajniranim ventilatorom unutarnje jedinice u\u010dinkovito, brzo i pouzdano udovoljavaju zahtjevima stambenih i uredskih prostora.<\/p>\n<p>AZURI klima ure\u0111aji odlikuju se visokom energetskom u\u010dinkovitosti, niskom razinom buke unutarnje i vanjske jedinice.<\/p>\n","protected":false},"featured_media":10168,"comment_status":"open","ping_status":"closed","template":"","meta":{"_mi_skip_tracking":false,"_exactmetrics_sitenote_active":false,"_exactmetrics_sitenote_note":"","_exactmetrics_sitenote_category":0,"spay_email":""},"product_cat":[2458],"product_tag":[7838,7840,7111,7839,7841,7842,2462,7068],"brands":[],"df_price":1650,"df_sale_price":"","df_regular_price":1650,"df_image_link":"https:\/\/i0.wp.com\/astehshop.com\/wp-content\/uploads\/2025\/04\/parapetna-klima.png?fit=450%2C337","jetpack_publicize_connections":[],"jetpack_sharing_enabled":true,"jetpack_likes_enabled":true,"jetpack-related-posts":[{"id":10189,"url":"http:\/\/astehshop.com\/index.php\/product\/azuri-supra-klima-uredaj-azi-wo25vg-multi-split-unutrasnja-jedinica\/","url_meta":{"origin":10167,"position":0},"title":"AZURI Supra KLIMA URE\u0110AJ AZI-WO25VG Multi Split unutra\u0161nja jedinica","date":"6. travnja 2025.","format":false,"excerpt":"Unutarnja zidna jedinica za multi sustav U\u010dinak hla\u0111enja: 2,7 kW (0,45-3,50) kW U\u010dinak grijanja: 3 kW (0,50-4,20) kW Prikladno za prostor: do 25m2 Wi-Fi upravljanje je uklju\u010deno u cijenu Garancija: 5 godina (3 god. osnovno + 2 god. uz registraciju) AZURI klima ure\u0111aji odlikuju se modernim dizajnom i visokom energetskom\u2026","rel":"","context":"Srodne objave","img":{"alt_text":"","src":"https:\/\/i2.wp.com\/astehshop.com\/wp-content\/uploads\/2025\/04\/SUPRA-1.png?fit=1024%2C1024&resize=350%2C200","width":350,"height":200},"classes":[]},{"id":10193,"url":"http:\/\/astehshop.com\/index.php\/product\/azuri-supra-klima-uredaj-azi-wo25vb-unutrasnja-multi-split-jedinica-antracit\/","url_meta":{"origin":10167,"position":1},"title":"AZURI Supra KLIMA URE\u0110AJ AZI-WO25VB Unutra\u0161nja Multi Split jedinica antracit","date":"6. travnja 2025.","format":false,"excerpt":"Unutarnja zidna jedinica za multi sustav U\u010dinak hla\u0111enja: 2,7 kW (0,45-3,50) kW U\u010dinak grijanja: 3 kW (0,50-4,20) kW Prikladno za prostor: do 25m2 Wi-Fi upravljanje je uklju\u010deno u cijenu Garancija : 5 godina (3 god. osnovno + 2 god. uz registraciju) \u00a0 AZURI klima ure\u0111aji odlikuju se modernim dizajnom i\u2026","rel":"","context":"Srodne objave","img":{"alt_text":"","src":"https:\/\/i2.wp.com\/astehshop.com\/wp-content\/uploads\/2025\/04\/supra-black-2-ast-3276390-d.png?fit=1162%2C1120&resize=350%2C200","width":350,"height":200},"classes":[]},{"id":10170,"url":"http:\/\/astehshop.com\/index.php\/product\/azuri-console-parapetni-klima-uredaj-azi-fo50vd\/","url_meta":{"origin":10167,"position":2},"title":"AZURI Console Parapetni KLIMA URE\u0110AJ AZI-FO50VD","date":"6. travnja 2025.","format":false,"excerpt":"Podna unutarnja i vanjska jedinica U\u010dinak hla\u0111enja: 5,2kW (1,26 - 6,60) kW U\u010dinak grijanja: 5,33kW (1,12 - 6,80) kW Prikladno za prostor: do 50m2 Energetska klasa: A++ Wi-Fi upravljanje je uklju\u010deno u cijenu Garancija : 5 godina (3 god. osnovno + 2 god. uz registraciju) \u00a0 AZURI klima ure\u0111aji odlikuju\u2026","rel":"","context":"Srodne objave","img":{"alt_text":"","src":"https:\/\/i0.wp.com\/astehshop.com\/wp-content\/uploads\/2025\/04\/parapetna-klima.png?fit=867%2C650&resize=350%2C200","width":350,"height":200},"classes":[]},{"id":10169,"url":"http:\/\/astehshop.com\/index.php\/product\/azuri-console-parapetni-klima-uredaj-azi-fo35vd\/","url_meta":{"origin":10167,"position":3},"title":"AZURI CONSOLE Parapetni KLIMA URE\u0110AJ AZI-FO35VD","date":"6. travnja 2025.","format":false,"excerpt":"Podna unutarnja i vanjska jedinica U\u010dinak hla\u0111enja: 3,52kW (0,80 - 4,40) kW U\u010dinak grijanja: 3,8kW (0,80 - 4,40) kW Prikladno za prostor: do 35m2 Energetska klasa: A++ Wi-Fi upravljanje je uklju\u010deno u cijenu Garancija : 5 godina (3 god. osnovno + 2 god. uz registraciju) AZURI klima ure\u0111aji odlikuju se\u2026","rel":"","context":"Srodne objave","img":{"alt_text":"","src":"https:\/\/i0.wp.com\/astehshop.com\/wp-content\/uploads\/2025\/04\/parapetna-klima.png?fit=867%2C650&resize=350%2C200","width":350,"height":200},"classes":[]},{"id":10191,"url":"http:\/\/astehshop.com\/index.php\/product\/azuri-supra-klima-uredaj-azi-wo35vg-multi-split-unutrasnja-jedinica\/","url_meta":{"origin":10167,"position":4},"title":"AZURI Supra KLIMA URE\u0110AJ AZI-WO35VG Multi Split unutra\u0161nja jedinica","date":"6. travnja 2025.","format":false,"excerpt":"Unutarnja zidna jedinica za multi sustav U\u010dinak hla\u0111enja: 3,5kW (0,70-4,00) kW U\u010dinak grijanja: 3,67kW (0,80-4,50) kW Prikladno za prostor: do 35m2 Wi-Fi upravljanje je uklju\u010deno u cijenu Garancija: 5 godina (3 god. osnovno + 2 god. uz registraciju) \u00a0 AZURI klima ure\u0111aji odlikuju se modernim dizajnom i visokom energetskom u\u010dinkovito\u0161\u0107u.\u2026","rel":"","context":"Srodne objave","img":{"alt_text":"","src":"https:\/\/i2.wp.com\/astehshop.com\/wp-content\/uploads\/2025\/04\/SUPRA-1.png?fit=1024%2C1024&resize=350%2C200","width":350,"height":200},"classes":[]},{"id":10195,"url":"http:\/\/astehshop.com\/index.php\/product\/azuri-supra-klima-uredaj-azi-wo35vb-multi-split-unutrasnja-jedinica-antracit\/","url_meta":{"origin":10167,"position":5},"title":"AZURI Supra KLIMA URE\u0110AJ AZI-WO35VB Multi Split unutra\u0161nja jedinica Antracit","date":"6. travnja 2025.","format":false,"excerpt":"Unutarnja zidna jedinica za multi sustav U\u010dinak hla\u0111enja: 3,5kW (0,70-4,00) kW U\u010dinak grijanja: 3,67kW (0,80-4,50) kW Prikladno za prostor: do 35m2 Wi-Fi upravljanje je uklju\u010deno u cijenu Garancija : 5 godina (3 god. osnovno + 2 god. uz registraciju) \u00a0 \u00a0 AZURI klima ure\u0111aji odlikuju se modernim dizajnom i visokom\u2026","rel":"","context":"Srodne objave","img":{"alt_text":"","src":"https:\/\/i2.wp.com\/astehshop.com\/wp-content\/uploads\/2025\/04\/supra-black-2-ast-3276390-d.png?fit=1162%2C1120&resize=350%2C200","width":350,"height":200},"classes":[]}],"_links":{"self":[{"href":"http:\/\/astehshop.com\/index.php\/wp-json\/wp\/v2\/product\/10167"}],"collection":[{"href":"http:\/\/astehshop.com\/index.php\/wp-json\/wp\/v2\/product"}],"about":[{"href":"http:\/\/astehshop.com\/index.php\/wp-json\/wp\/v2\/types\/product"}],"replies":[{"embeddable":true,"href":"http:\/\/astehshop.com\/index.php\/wp-json\/wp\/v2\/comments?post=10167"}],"wp:featuredmedia":[{"embeddable":true,"href":"http:\/\/astehshop.com\/index.php\/wp-json\/wp\/v2\/media\/10168"}],"wp:attachment":[{"href":"http:\/\/astehshop.com\/index.php\/wp-json\/wp\/v2\/media?parent=10167"}],"wp:term":[{"taxonomy":"product_cat","embeddable":true,"href":"http:\/\/astehshop.com\/index.php\/wp-json\/wp\/v2\/product_cat?post=10167"},{"taxonomy":"product_tag","embeddable":true,"href":"http:\/\/astehshop.com\/index.php\/wp-json\/wp\/v2\/product_tag?post=10167"}],"curies":[{"name":"wp","href":"https:\/\/api.w.org\/{rel}","templated":true}]}}