{"id":10156,"date":"2025-04-06T15:42:36","date_gmt":"2025-04-06T13:42:36","guid":{"rendered":"http:\/\/astehshop.com\/?post_type=product&#038;p=10156"},"modified":"2026-01-14T18:41:15","modified_gmt":"2026-01-14T17:41:15","slug":"azuri-midori-klima-uredaj-azi-wn20va","status":"publish","type":"product","link":"http:\/\/astehshop.com\/index.php\/product\/azuri-midori-klima-uredaj-azi-wn20va\/","title":{"rendered":"AZURI MIDORI KLIMA URE\u0110AJ AZI-WN20VA"},"content":{"rendered":"<p>U\u010dinak hla\u0111enja: 2,2 (0,3 &#8211; 2,85) kW<br \/>\nU\u010dinak grijanja: 2,4 (0,6 &#8211; 2,9) kW<br \/>\nPrikladno za prostor: do 20m2<br \/>\nFreon: R-32<br \/>\nEnergetska klasa: A++<br \/>\nWi-Fi upravljanje je uklju\u010deno u cijenu<br \/>\nGarancija : 5 godina (3 god. osnovno + 2 god. uz registraciju)<\/p>\n","protected":false},"excerpt":{"rendered":"<p>Azuri obitelj bogatija je za jo\u0161 jednog \u010dlana \u2013 najnoviji model Midori koji sa svojim minimalnim i suvremenim izgledom, elegantnom zavr\u0161nom obradom, koja osigurava neprimjetnu integraciju u svaki interijer te \u0161irokom paletom inteligentnih funkcija predstavlja savr\u0161en spoj stila i in\u017eenjerske izvrsno\u0107e.<\/p>\n<p>Karakteristike Midori ure\u0111aja:<\/p>\n<ul>\n<li>Wi-Fi upravljanje<\/li>\n<li>R32 radni medij<\/li>\n<li>Cold plasma ionizator<\/li>\n<li>LED display<\/li>\n<li>I-Feel funkcija<\/li>\n<li>Inteligentno automatsko pokretanje<\/li>\n<li>Samodijagnoza<\/li>\n<li>No\u0107ni na\u010din rada (3 no\u0107ne krivulje)<\/li>\n<li>Inteligentno predzagrijavanje i odmrzavanje<\/li>\n<\/ul>\n<p>Wi-Fi upravljanje<br \/>\nSvi modeli Midori serije imaju mogu\u0107nost Wi-Fi upravljanja koje omogu\u0107ava kompletno i plansko upravljanje ure\u0111ajima s udaljene lokacije. Potrebno je samo instalirati aplikaciju na pametnom telefonu, ra\u010dunalu ili tabletu i mogu\u0107e je daljinski upravljati s klima ure\u0111ajem s bilo koje lokacije na svijetu. Osim \u0161to je prakti\u010dno, rukovanje klimom uz pomo\u0107 aplikacije u kona\u010dnici pridonosi i smanjenju tro\u0161kova budu\u0107i da je u svakom trenutku mogu\u0107e provjeriti status klima ure\u0111aja, u kojem je re\u017eimu rada i druge detalje, a vra\u0107anje doma u prethodno rashla\u0111eni prostor ljeti ili zagrijan zimi vi\u0161e nije fantastika ve\u0107 realnost.<\/p>\n<p><a href=\"http:\/\/astehshop.com\/wp-content\/uploads\/2025\/04\/upravljaj-klimom-ma-gdje-god-bio.jpg\"><img decoding=\"async\" loading=\"lazy\" class=\"alignnone size-medium wp-image-10158\" src=\"http:\/\/astehshop.com\/wp-content\/uploads\/2025\/04\/upravljaj-klimom-ma-gdje-god-bio-450x254.jpg\" alt=\"\" width=\"450\" height=\"254\" srcset=\"https:\/\/i2.wp.com\/astehshop.com\/wp-content\/uploads\/2025\/04\/upravljaj-klimom-ma-gdje-god-bio.jpg?resize=450%2C254 450w, https:\/\/i2.wp.com\/astehshop.com\/wp-content\/uploads\/2025\/04\/upravljaj-klimom-ma-gdje-god-bio.jpg?resize=1024%2C577 1024w, https:\/\/i2.wp.com\/astehshop.com\/wp-content\/uploads\/2025\/04\/upravljaj-klimom-ma-gdje-god-bio.jpg?resize=768%2C433 768w, https:\/\/i2.wp.com\/astehshop.com\/wp-content\/uploads\/2025\/04\/upravljaj-klimom-ma-gdje-god-bio.jpg?resize=300%2C169 300w, https:\/\/i2.wp.com\/astehshop.com\/wp-content\/uploads\/2025\/04\/upravljaj-klimom-ma-gdje-god-bio.jpg?resize=1170%2C659 1170w, https:\/\/i2.wp.com\/astehshop.com\/wp-content\/uploads\/2025\/04\/upravljaj-klimom-ma-gdje-god-bio.jpg?resize=128%2C72 128w, https:\/\/i2.wp.com\/astehshop.com\/wp-content\/uploads\/2025\/04\/upravljaj-klimom-ma-gdje-god-bio.jpg?resize=600%2C338 600w, https:\/\/i2.wp.com\/astehshop.com\/wp-content\/uploads\/2025\/04\/upravljaj-klimom-ma-gdje-god-bio.jpg?w=1200 1200w\" sizes=\"(max-width: 450px) 100vw, 450px\" \/><\/a><br \/>\nNapredne funkcije pro\u010di\u0161\u0107avanja zraka<br \/>\nVode\u0107i ra\u010duna o kvaliteti zraka koji udi\u0161ete Midori jedinice opremljene su posebnim sustavom pro\u010di\u0161\u0107avanja zraka Cold Plasma tehnologijom koja jam\u010di u\u010dinkovitu sterilizaciju zraka osloba\u0111aju\u0107i negativne ione koji su sposobni neutralizirati bakterije, gljivice, pelud, grinje i ostale zaga\u0111iva\u010de prisutne u zraku.<br \/>\nDodatna funkcija implementirana za osiguranje visoke kvalitete zraka \u2013 X-fan funkcija omogu\u0107ava samodezinfekciju jedinice produ\u017eenjem rada ventilatora unutarnje jedinice za nekoliko minuta nakon njenog prestanka rada \u010dime se garantira savr\u0161eno su\u0161enje izmjenjiva\u010da topline, sprje\u010davaju\u0107i stvaranje plijesni i bakterija.<\/p>\n<p>Maksimalna udobnost uz I-Feel funkciju<br \/>\nImate li problema s pronala\u017eenjem i postavljanjem optimalne temperature rada klima ure\u0111aja? Zahvaljuju\u0107i pametnoj funkciji I-Feel mogu\u0107e je jednim pritiskom tipke rije\u0161iti i taj problem. Sve Midori jedinice standardno dolaze u kompletu s daljinskim upravlja\u010dem na kojem je potrebno pritisnuti tipku kako bi se aktivirao na\u010din rada I-Feel. Upravlja\u010d je opremljen s mini senzorom koji mo\u017ee osjetiti temperaturu okoline i poslati signal natrag do unutarnje jedinice. Tako jedinica mo\u017ee prilagoditi protok zraka i temperaturu kako bi se pru\u017eila najve\u0107a udobnost tijekom bilo kojeg godi\u0161njeg doba osiguravaju\u0107i da u prostoru nije ni prehladno ni prevru\u0107e.<\/p>\n<p>&nbsp;<\/p>\n<div><\/div>\n<div><a href=\"https:\/\/register.deltron.ba\/\">Registruj svoj AZURI ure\u0111aj klikom ovdje<\/a><\/div>\n<div><\/div>\n<div>MONTA\u017dA MONO-SPLIT KLIMA URE\u0110AJA jedne unutarnje i jedne vanjske jediniceNa web shopu TechnoShopBN monta\u017ea nije uklju\u010dena u cijenu klima ure\u0111aja.<br \/>\nOvla\u0161tenu monta\u017eu klima ure\u0111aja obavljamo na podru\u010dju Bijeljine i okoline do 20KM<br \/>\nAko \u017eelite ovla\u0161tenu monta\u017eu dodajte je u korpu i platite zajedno sa klima ure\u0111ajem koji izaberete<br \/>\nNakon pla\u0107anja klima ure\u0111aja i ukoliko \u017eelite monta\u017eu, ostavite nam kontakt podatke kako bi Vas monta\u017eer mogao kontaktirati<br \/>\nGarancija monta\u017eu vrijedi do isteka garancije na klima ure\u0111aj.Standardna monta\u017ea mono-split klima ure\u0111aja podrazumijeva monta\u017eu unutarnje i vanjske jedinice na visini do 5 metara, bez upotrebe skele ili auto dizalice.<br \/>\nKod ve\u0107ih visina dodatno se napla\u0107uju visinski radovi ili se anga\u017euje auto korpa ili postavlja skela koju dodatno pla\u0107a i osigurava kupac.<br \/>\nAko je potrebno demontirati i po potrebi ekolo\u0161ki zbrinuti stari klima ure\u0111aj, demonta\u017ea se dodatno pla\u0107a prema<br \/>\nMolimo Vas da nas prema potrebi kontaktirate za detalje kako bi prije izvo\u0111enja dobili sve informacije o potrebnim radovima i cijenihttps:\/\/www.youtube.com\/watch?v=_b35LB9MQMA&nbsp;<\/p>\n<p>&nbsp;<\/p>\n<p>U standardnu monta\u017eu klima ure\u0111aja uklju\u010deno je:<\/p>\n<p>Dobava i postavljanje do 3 metra plinskih i elektro instalacija izme\u0111u unutarnje i vanjske jedinice<br \/>\nDobava i postavljanje do 3 metra PVC kanala za postavljanje instalacije izme\u0111u unutarnje i vanjske jedinice \u2013 nadgradno<br \/>\nDobava i postavljanje do 3 metra PVC kanala sa elektri\u010dnim kabelom za napajanje klima ure\u0111aja \u2013 nadgradno<br \/>\nDobava i postavljanje do 3 metra cijevi za odvod vode-kondenzata, slobodnim padom u pripremljeni odvod<br \/>\nDobava i postavljanje 1 par pocin\u010danih nosa\u010da za monta\u017eu vanjske jedinice (ukoliko nosa\u010di ve\u0107 postoje, to ne umanjuje cijenu usluge)<br \/>\nPotro\u0161ni materijal (\u0161arafi, tiplovi, izolacijska traka, vezice, silikon, gips i ostali potrebni materijal za monta\u017eu)<br \/>\n1 probijanje zida fi 55, debljine do 40cm (ukoliko rupa ve\u0107 postoji, to ne umanjuje cijenu usluge)<br \/>\nMonta\u017ea unutarnje i vanjske jedinice<br \/>\nSpajanje plinskih i elektro instalacija na unutarnjoj i vanjskoj jedinici<br \/>\nSpajanje napajanja na postoje\u0107u elektri\u010dnu instalaciju<br \/>\nVakumiranje<br \/>\nPu\u0161tanje u rad<br \/>\nTestiranje rada klime<br \/>\n\u010ci\u0161\u0107enje mijesta rada<br \/>\nOvjera garancije<\/p>\n<p><strong>Ukoliko monta\u017eu obavi osoba ili firma koju anga\u017euje kupac, a koja nije ovla\u0161tena za monta\u017eu klima ure\u0111aja, ista preuzima i odgovornost za eventualne kvarove i neispravnost na ure\u0111aju i monta\u017ei te u tom slu\u010daju Prodavatelj nije odgovoran za nastalu \u0161tetu a kupac gubi garanciju.<\/strong><\/p>\n<p>&nbsp;<\/p>\n<\/div>\n","protected":false},"featured_media":10157,"comment_status":"open","ping_status":"closed","template":"","meta":{"_mi_skip_tracking":false,"_exactmetrics_sitenote_active":false,"_exactmetrics_sitenote_note":"","_exactmetrics_sitenote_category":0,"spay_email":""},"product_cat":[2458],"product_tag":[7813,7814,7816,7817,7815,7818,7819,7809,7820,2463,7054,7810,7811,7812],"brands":[],"df_price":950,"df_sale_price":"","df_regular_price":950,"df_image_link":"https:\/\/i1.wp.com\/astehshop.com\/wp-content\/uploads\/2025\/04\/azuri-supra-1.jpg?fit=450%2C450","jetpack_publicize_connections":[],"jetpack_sharing_enabled":true,"jetpack_likes_enabled":true,"jetpack-related-posts":[{"id":10167,"url":"http:\/\/astehshop.com\/index.php\/product\/azuri-console-parapetni-klima-uredaj-azi-fo25vd\/","url_meta":{"origin":10156,"position":0},"title":"AZURI CONSOLE Parapetni KLIMA URE\u0110AJ AZI-FO25VD","date":"6. travnja 2025.","format":false,"excerpt":"Podna unutarnja i vanjska jedinica U\u010dinak hla\u0111enja: 2,7kW (0,70 - 3,40) kW U\u010dinak grijanja: 2,9kW (0,60 - 3,50) kW Prikladno za prostor: do 25m2 Energetska klasa: A++ Wi-Fi upravljanje je uklju\u010deno u cijenu Garancija : 5 godina (3 god. osnovno + 2 god. uz registraciju) AZURI klima ure\u0111aji odlikuju se\u2026","rel":"","context":"Srodne objave","img":{"alt_text":"","src":"https:\/\/i0.wp.com\/astehshop.com\/wp-content\/uploads\/2025\/04\/parapetna-klima.png?fit=867%2C650&resize=350%2C200","width":350,"height":200},"classes":[]},{"id":10163,"url":"http:\/\/astehshop.com\/index.php\/product\/azuri-midori-klima-uredaj-azi-wn70va\/","url_meta":{"origin":10156,"position":1},"title":"AZURI MIDORI KLIMA URE\u0110AJ AZI-WN70VA","date":"6. travnja 2025.","format":false,"excerpt":"U\u010dinak hla\u0111enja: 6,2 kW U\u010dinak grijanja: 6,5 kW Prikladno za prostor: do 65m2 Freon : R-32 Energetska klasa: A++ Wi-Fi upravljanje je uklju\u010deno u cijenu Garancija : 5 godina (3 god. osnovno + 2 god. uz registraciju) Azuri obitelj bogatija je za jo\u0161 jednog \u010dlana \u2013 najnoviji model Midori koji\u2026","rel":"","context":"Srodne objave","img":{"alt_text":"","src":"https:\/\/i1.wp.com\/astehshop.com\/wp-content\/uploads\/2025\/04\/midori-1.jpg?fit=900%2C900&resize=350%2C200","width":350,"height":200},"classes":[]},{"id":10159,"url":"http:\/\/astehshop.com\/index.php\/product\/azuri-midori-klima-uredaj-azi-wn25va\/","url_meta":{"origin":10156,"position":2},"title":"AZURI MIDORI KLIMA URE\u0110AJ AZI-WN25VA","date":"6. travnja 2025.","format":false,"excerpt":"U\u010dinak hla\u0111enja: 2,5 (0,5 - 3,25) kW U\u010dinak grijanja: 2,8 (0,5 - 3,7) kW Prikladno za prostor: do 25m2 Freon : R-32 Energetska klasa: A++ Wi-Fi upravljanje je uklju\u010deno u cijenu Garancija : 5 godina (3 god. osnovno + 2 god. uz registraciju) \u00a0 Azuri obitelj bogatija je za jo\u0161\u2026","rel":"","context":"Srodne objave","img":{"alt_text":"","src":"https:\/\/i1.wp.com\/astehshop.com\/wp-content\/uploads\/2025\/04\/midori-1.jpg?fit=900%2C900&resize=350%2C200","width":350,"height":200},"classes":[]},{"id":10162,"url":"http:\/\/astehshop.com\/index.php\/product\/azuri-midori-inverter-klima-uredaj-azi-wn50va\/","url_meta":{"origin":10156,"position":3},"title":"AZURI MIDORI INVERTER KLIMA URE\u0110AJ AZI-WN50VA","date":"6. travnja 2025.","format":false,"excerpt":"U\u010dinak hla\u0111enja: 4,6 (1,0 - 5,4) kW U\u010dinak grijanja: 5,2 (0,75 - 5,8) kW Prikladno za prostor: do 50m2 Freon : R-32 Energetska klasa: A++ Wi-Fi upravljanje je uklju\u010deno u cijenu Garancija : 5 godina (3 god. osnovno + 2 god. uz registraciju) Azuri obitelj bogatija je za jo\u0161 jednog\u2026","rel":"","context":"Srodne objave","img":{"alt_text":"","src":"https:\/\/i1.wp.com\/astehshop.com\/wp-content\/uploads\/2025\/04\/midori-1.jpg?fit=900%2C900&resize=350%2C200","width":350,"height":200},"classes":[]},{"id":10161,"url":"http:\/\/astehshop.com\/index.php\/product\/azuri-midori-klima-uredaj-azi-wn35va\/","url_meta":{"origin":10156,"position":4},"title":"AZURI MIDORI KLIMA URE\u0110AJ AZI-WN35VA","date":"6. travnja 2025.","format":false,"excerpt":"U\u010dinak hla\u0111enja: 3,2 (0,9 - 3,6) U\u010dinak grijanja: 3,4 (0,9 - 4,0) kW Prikladno za prostor: do 35m2 Freon : R-32 Energetska klasa: A++ Wi-Fi upravljanje je uklju\u010deno u cijenu Garancija : 5 godina (3 god. osnovno + 2 god. uz registraciju), Azuri obitelj bogatija je za jo\u0161 jednog \u010dlana\u2026","rel":"","context":"Srodne objave","img":{"alt_text":"","src":"https:\/\/i1.wp.com\/astehshop.com\/wp-content\/uploads\/2025\/04\/midori-1.jpg?fit=900%2C900&resize=350%2C200","width":350,"height":200},"classes":[]},{"id":10189,"url":"http:\/\/astehshop.com\/index.php\/product\/azuri-supra-klima-uredaj-azi-wo25vg-multi-split-unutrasnja-jedinica\/","url_meta":{"origin":10156,"position":5},"title":"AZURI Supra KLIMA URE\u0110AJ AZI-WO25VG Multi Split unutra\u0161nja jedinica","date":"6. travnja 2025.","format":false,"excerpt":"Unutarnja zidna jedinica za multi sustav U\u010dinak hla\u0111enja: 2,7 kW (0,45-3,50) kW U\u010dinak grijanja: 3 kW (0,50-4,20) kW Prikladno za prostor: do 25m2 Wi-Fi upravljanje je uklju\u010deno u cijenu Garancija: 5 godina (3 god. osnovno + 2 god. uz registraciju) AZURI klima ure\u0111aji odlikuju se modernim dizajnom i visokom energetskom\u2026","rel":"","context":"Srodne objave","img":{"alt_text":"","src":"https:\/\/i2.wp.com\/astehshop.com\/wp-content\/uploads\/2025\/04\/SUPRA-1.png?fit=1024%2C1024&resize=350%2C200","width":350,"height":200},"classes":[]}],"_links":{"self":[{"href":"http:\/\/astehshop.com\/index.php\/wp-json\/wp\/v2\/product\/10156"}],"collection":[{"href":"http:\/\/astehshop.com\/index.php\/wp-json\/wp\/v2\/product"}],"about":[{"href":"http:\/\/astehshop.com\/index.php\/wp-json\/wp\/v2\/types\/product"}],"replies":[{"embeddable":true,"href":"http:\/\/astehshop.com\/index.php\/wp-json\/wp\/v2\/comments?post=10156"}],"wp:featuredmedia":[{"embeddable":true,"href":"http:\/\/astehshop.com\/index.php\/wp-json\/wp\/v2\/media\/10157"}],"wp:attachment":[{"href":"http:\/\/astehshop.com\/index.php\/wp-json\/wp\/v2\/media?parent=10156"}],"wp:term":[{"taxonomy":"product_cat","embeddable":true,"href":"http:\/\/astehshop.com\/index.php\/wp-json\/wp\/v2\/product_cat?post=10156"},{"taxonomy":"product_tag","embeddable":true,"href":"http:\/\/astehshop.com\/index.php\/wp-json\/wp\/v2\/product_tag?post=10156"}],"curies":[{"name":"wp","href":"https:\/\/api.w.org\/{rel}","templated":true}]}}