{"id":10143,"date":"2025-04-06T10:26:35","date_gmt":"2025-04-06T08:26:35","guid":{"rendered":"http:\/\/astehshop.com\/?post_type=product&#038;p=10143"},"modified":"2026-01-14T18:41:19","modified_gmt":"2026-01-14T17:41:19","slug":"azuri-aries-25-3-5kw-12k-25-za-do-40-kvadrata","status":"publish","type":"product","link":"http:\/\/astehshop.com\/index.php\/product\/azuri-aries-25-3-5kw-12k-25-za-do-40-kvadrata\/","title":{"rendered":"Azuri Aries -25 3.5kW 12K -25 za do 40 kvadrata"},"content":{"rendered":"<p><strong>Wi-Fi upravljanje klima ure\u0111ajem omogu\u0107ava potpunu kontrolu putem aplikacije na pametnom telefonu, uklju\u010duju\u0107i pode\u0161avanje temperature i na\u010dina rada sa bilo kojeg mjesta. Ure\u0111aj nudi napredne funkcije poput odvla\u017eivanja, samodijagnoze, visokotemperaturne sterilizacije i tihog na\u010dina rada. Ove opcije osiguravaju zdravlje, udobnost i energetsku u\u010dinkovitost, smanjuju\u0107i potro\u0161nju energije i pobolj\u0161avaju\u0107i kvalitetu zraka u prostoru.<\/strong><\/p>\n<p><strong>Wi-Fi upravljanje<\/strong> Vam<br \/>\nomogu\u0107ava da, upotrebom<br \/>\naplikacije na Va\u0161em pametnom<br \/>\ntelefonu, kontrolirate funkcije<br \/>\nVa\u0161eg klima ure\u0111aja. Na bilo<br \/>\nkojem mjestu s internetskom<br \/>\nmre\u017eom mo\u017eete odabrati<br \/>\nna\u010din rada Va\u0161eg ure\u0111aja,<br \/>\n\u017eeljenu temperaturu te lako i<br \/>\njednostavno uklju\u010diti ili isklju\u010diti<br \/>\nVa\u0161 ure\u0111aj.<\/p>\n<p><strong>Odvla\u017eivanje<\/strong> igra klju\u010dnu<br \/>\nulogu u pove\u0107anju udobnosti<br \/>\nuklanjanjem vi\u0161ka vlage iz<br \/>\nzraka.<br \/>\nOvaj proces ne samo da<br \/>\npoma\u017ee u odr\u017eavanju ugodnog<br \/>\nnivoa vla\u017enosti, ve\u0107 tako\u0111er<br \/>\nsprje\u010dava nastanak plijesni.<br \/>\nNi\u017ei nivoi vla\u017enosti \u010dine zrak<br \/>\nhladnijim, \u0161to omogu\u0107uje<br \/>\nefikasniji rad klima ure\u0111aja<br \/>\nu odr\u017eavanju \u017eeljene<br \/>\ntemperature.<\/p>\n<p>U slu\u010daju bilo kakvih<br \/>\nproblema ili kvarova,\u00a0 pomo\u0107u<br \/>\nfunkcije <strong>samodijagnoze<\/strong>, ure\u0111aj<br \/>\n\u0107e automatski identificirati i<br \/>\nprikazati odgovaraju\u0107u poruku<br \/>\nna zaslonu, olak\u0161avaju\u0107i<br \/>\nodr\u017eavanje i servisiranje<br \/>\nure\u0111aja.<\/p>\n<p><strong>Visokotemperaturna<\/strong><br \/>\n<strong>sterilizacija<\/strong> efikasno<br \/>\neliminira vi\u0161e od 99% \u0161tetnih<br \/>\nmikroorganizama poput<br \/>\nbakterija, virusa i plijesni.<br \/>\nOvaj proces uklju\u010duje<br \/>\nzagrijavanje unutra\u0161njih<br \/>\nkomponenti klima ure\u0111aja<br \/>\nna temperaturu koja je<br \/>\nsmrtonosna za patogene, \u010dime<br \/>\nse osigurava sigurnije i zdravije<br \/>\nokru\u017eenje. Integracijom ove napredne<br \/>\nmetode sterilizacije, zna\u010dajno<br \/>\nse smanjuje rizik od bolesti koje<br \/>\nse prenose zrakom, pove\u0107ava<br \/>\nse kvaliteta zraka i pru\u017ea<br \/>\nnapredna za\u0161tita pri kori\u0161tenju<br \/>\nure\u0111aja.<\/p>\n<p>Dizajniran za<strong> smanjenje<\/strong><br \/>\n<strong>potro\u0161nje energije<\/strong> uz<br \/>\nodr\u017eavanje optimalnih<br \/>\nperformansi hla\u0111enja.<br \/>\nOva funkcija doprinosi manjoj<br \/>\npotro\u0161nji energije, \u0161to rezultira<br \/>\nsmanjenim ra\u010dunima za struju i<br \/>\nmanjim utjecajem na okoli\u0161.<\/p>\n<p><strong>Zdravi\u00a0 filter<\/strong> uklanja \u0161tetne<br \/>\ntvari i alergene iz zraka, \u010dime<br \/>\npobolj\u0161ava kvalitetu zraka u<br \/>\nVa\u0161em prostoru.<\/p>\n<p><strong>Tihi na\u010din<\/strong> rada omogu\u0107uje<br \/>\nvam stvaranje tihog i mirnog<br \/>\nokru\u017eenja bez ugro\u017eavanja<br \/>\nefikasnosti\u00a0 hla\u0111enja.<br \/>\nOva funkcija pove\u0107ava<br \/>\nudobnost, omogu\u0107uju\u0107i<br \/>\nVam da spavate ili radite bez<br \/>\nsmetnji.<\/p>\n<p><strong>Tehni\u010dke specifikacije Azuri Aries AZI-WK35XA\/I + AZI-WK35XA\/O<\/strong><\/p>\n<p>Kapacitet hla\u0111enja 3,5 kW<br \/>\nKapacitet grijanja 3,8 kW<br \/>\nApsorbirana snaga \u2013 hla\u0111enje 1,18 kW<br \/>\nApsorbirana snaga \u2013 grijanje 1,10 kW<br \/>\nEER 2,97<br \/>\nSEER 6,1<br \/>\nRazred energetske efikasnosti \u2013 hla\u0111enje A++<br \/>\nCOP 3,45<br \/>\nSCOP 4,0<br \/>\nRazred energetske ufikasnosti \u2013 grijanje A+<br \/>\nNapajanje 230 V \/ 1 Ph \/ 50 Hz<br \/>\nRadni medij R32<br \/>\nNivo zvu\u010dne snage (unutra\u0161nja\/vanjska) 56 \/ 62 dB(A)<br \/>\nDimenzije unutra\u0161nje jedinice \u0160 x V x D 761 x 296 x 199<br \/>\nDimenzije vanjske jedinice \u0160 x V x D 705 x 530 x 280<br \/>\nTe\u017eina (unutra\u0161nja\/vanjska jedinica) 7,5 \/ 22,5 kg<br \/>\nTemperaturno radno podru\u010dje \u2013 hla\u0111enje -15\u00b0C ~ 48\u00b0C<br \/>\nTemperaturno radno podru\u010dje \u2013 grijanje -25\u00b0C ~ 32\u00b0C<br \/>\nMaksimalna dozvoljena du\u017eina cijevnog 25 m<br \/>\nMaksimalna dozvoljena visina cijevnog 15 m<br \/>\nCijevni priklju\u010dak \u2013 teku\u0107a faza 6,35 mm<br \/>\nCijevni priklju\u010dak \u2013 plinovita faza 9,52 mm<\/p>\n","protected":false},"excerpt":{"rendered":"<p><strong>Wi-Fi upravljanje klima ure\u0111ajem omogu\u0107ava potpunu kontrolu putem aplikacije na pametnom telefonu, uklju\u010duju\u0107i pode\u0161avanje temperature i na\u010dina rada sa bilo kojeg mjesta. Ure\u0111aj nudi napredne funkcije poput odvla\u017eivanja, samodijagnoze, visokotemperaturne sterilizacije i tihog na\u010dina rada. Ove opcije osiguravaju zdravlje, udobnost i energetsku u\u010dinkovitost, smanjuju\u0107i potro\u0161nju energije i pobolj\u0161avaju\u0107i kvalitetu zraka u prostoru.<\/strong><\/p>\n<p><strong>Wi-Fi upravljanje<\/strong> Vam<br \/>\nomogu\u0107ava da, upotrebom<br \/>\naplikacije na Va\u0161em pametnom<br \/>\ntelefonu, kontrolirate funkcije<br \/>\nVa\u0161eg klima ure\u0111aja. Na bilo<br \/>\nkojem mjestu s internetskom<br \/>\nmre\u017eom mo\u017eete odabrati<br \/>\nna\u010din rada Va\u0161eg ure\u0111aja,<br \/>\n\u017eeljenu temperaturu te lako i<br \/>\njednostavno uklju\u010diti ili isklju\u010diti<br \/>\nVa\u0161 ure\u0111aj.<\/p>\n<p><strong>Odvla\u017eivanje<\/strong> igra klju\u010dnu<br \/>\nulogu u pove\u0107anju udobnosti<br \/>\nuklanjanjem vi\u0161ka vlage iz<br \/>\nzraka.<br \/>\nOvaj proces ne samo da<br \/>\npoma\u017ee u odr\u017eavanju ugodnog<br \/>\nnivoa vla\u017enosti, ve\u0107 tako\u0111er<br \/>\nsprje\u010dava nastanak plijesni.<br \/>\nNi\u017ei nivoi vla\u017enosti \u010dine zrak<br \/>\nhladnijim, \u0161to omogu\u0107uje<br \/>\nefikasniji rad klima ure\u0111aja<br \/>\nu odr\u017eavanju \u017eeljene<br \/>\ntemperature.<\/p>\n<p>U slu\u010daju bilo kakvih<br \/>\nproblema ili kvarova,\u00a0 pomo\u0107u<br \/>\nfunkcije <strong>samodijagnoze<\/strong>, ure\u0111aj<br \/>\n\u0107e automatski identificirati i<br \/>\nprikazati odgovaraju\u0107u poruku<br \/>\nna zaslonu, olak\u0161avaju\u0107i<br \/>\nodr\u017eavanje i servisiranje<br \/>\nure\u0111aja.<\/p>\n<p><strong>Visokotemperaturna<\/strong><br \/>\n<strong>sterilizacija<\/strong> efikasno<br \/>\neliminira vi\u0161e od 99% \u0161tetnih<br \/>\nmikroorganizama poput<br \/>\nbakterija, virusa i plijesni.<br \/>\nOvaj proces uklju\u010duje<br \/>\nzagrijavanje unutra\u0161njih<br \/>\nkomponenti klima ure\u0111aja<br \/>\nna temperaturu koja je<br \/>\nsmrtonosna za patogene, \u010dime<br \/>\nse osigurava sigurnije i zdravije<br \/>\nokru\u017eenje. Integracijom ove napredne<br \/>\nmetode sterilizacije, zna\u010dajno<br \/>\nse smanjuje rizik od bolesti koje<br \/>\nse prenose zrakom, pove\u0107ava<br \/>\nse kvaliteta zraka i pru\u017ea<br \/>\nnapredna za\u0161tita pri kori\u0161tenju<br \/>\nure\u0111aja.<\/p>\n<p>Dizajniran za<strong> smanjenje<\/strong><br \/>\n<strong>potro\u0161nje energije<\/strong> uz<br \/>\nodr\u017eavanje optimalnih<br \/>\nperformansi hla\u0111enja.<br \/>\nOva funkcija doprinosi manjoj<br \/>\npotro\u0161nji energije, \u0161to rezultira<br \/>\nsmanjenim ra\u010dunima za struju i<br \/>\nmanjim utjecajem na okoli\u0161.<\/p>\n<p><strong>Zdravi\u00a0 filter<\/strong> uklanja \u0161tetne<br \/>\ntvari i alergene iz zraka, \u010dime<br \/>\npobolj\u0161ava kvalitetu zraka u<br \/>\nVa\u0161em prostoru.<\/p>\n<p><strong>Tihi na\u010din<\/strong> rada omogu\u0107uje<br \/>\nvam stvaranje tihog i mirnog<br \/>\nokru\u017eenja bez ugro\u017eavanja<br \/>\nefikasnosti\u00a0 hla\u0111enja.<br \/>\nOva funkcija pove\u0107ava<br \/>\nudobnost, omogu\u0107uju\u0107i<br \/>\nVam da spavate ili radite bez<br \/>\nsmetnji.<\/p>\n<p><strong>Tehni\u010dke specifikacije Azuri Aries AZI-WK35XA\/I + AZI-WK35XA\/O<\/strong><\/p>\n<p>Kapacitet hla\u0111enja 3,5 kW<br \/>\nKapacitet grijanja 3,8 kW<br \/>\nApsorbirana snaga \u2013 hla\u0111enje 1,18 kW<br \/>\nApsorbirana snaga \u2013 grijanje 1,10 kW<br \/>\nEER 2,97<br \/>\nSEER 6,1<br \/>\nRazred energetske efikasnosti \u2013 hla\u0111enje A++<br \/>\nCOP 3,45<br \/>\nSCOP 4,0<br \/>\nRazred energetske ufikasnosti \u2013 grijanje A+<br \/>\nNapajanje 230 V \/ 1 Ph \/ 50 Hz<br \/>\nRadni medij R32<br \/>\nNivo zvu\u010dne snage (unutra\u0161nja\/vanjska) 56 \/ 62 dB(A)<br \/>\nDimenzije unutra\u0161nje jedinice \u0160 x V x D 761 x 296 x 199<br \/>\nDimenzije vanjske jedinice \u0160 x V x D 705 x 530 x 280<br \/>\nTe\u017eina (unutra\u0161nja\/vanjska jedinica) 7,5 \/ 22,5 kg<br \/>\nTemperaturno radno podru\u010dje \u2013 hla\u0111enje -15\u00b0C ~ 48\u00b0C<br \/>\nTemperaturno radno podru\u010dje \u2013 grijanje -25\u00b0C ~ 32\u00b0C<br \/>\nMaksimalna dozvoljena du\u017eina cijevnog 25 m<br \/>\nMaksimalna dozvoljena visina cijevnog 15 m<br \/>\nCijevni priklju\u010dak \u2013 teku\u0107a faza 6,35 mm<br \/>\nCijevni priklju\u010dak \u2013 plinovita faza 9,52 mm<\/p>\n<p>&nbsp;<\/p>\n<p>&nbsp;<\/p>\n<div><\/div>\n<div><a href=\"https:\/\/register.deltron.ba\/\">Registruj svoj AZURI ure\u0111aj klikom ovdje<\/a><\/div>\n<div><\/div>\n<div>MONTA\u017dA MONO-SPLIT KLIMA URE\u0110AJA jedne unutarnje i jedne vanjske jediniceNa web shopu TechnoShopBN monta\u017ea nije uklju\u010dena u cijenu klima ure\u0111aja.<br \/>\nOvla\u0161tenu monta\u017eu klima ure\u0111aja obavljamo na podru\u010dju Bijeljine i okoline do 20KM<br \/>\nAko \u017eelite ovla\u0161tenu monta\u017eu dodajte je u korpu i platite zajedno sa klima ure\u0111ajem koji izaberete<br \/>\nNakon pla\u0107anja klima ure\u0111aja i ukoliko \u017eelite monta\u017eu, ostavite nam kontakt podatke kako bi Vas monta\u017eer mogao kontaktirati<br \/>\nGarancija monta\u017eu vrijedi do isteka garancije na klima ure\u0111aj.Standardna monta\u017ea mono-split klima ure\u0111aja podrazumijeva monta\u017eu unutarnje i vanjske jedinice na visini do 5 metara, bez upotrebe skele ili auto dizalice.<br \/>\nKod ve\u0107ih visina dodatno se napla\u0107uju visinski radovi ili se anga\u017euje auto korpa ili postavlja skela koju dodatno pla\u0107a i osigurava kupac.<br \/>\nAko je potrebno demontirati i po potrebi ekolo\u0161ki zbrinuti stari klima ure\u0111aj, demonta\u017ea se dodatno pla\u0107a prema<br \/>\nMolimo Vas da nas prema potrebi kontaktirate za detalje kako bi prije izvo\u0111enja dobili sve informacije o potrebnim radovima i cijenihttps:\/\/www.youtube.com\/watch?v=_b35LB9MQMA<\/p>\n<p>&nbsp;<\/p>\n<p>U standardnu monta\u017eu klima ure\u0111aja uklju\u010deno je:<\/p>\n<p>Dobava i postavljanje do 3 metra plinskih i elektro instalacija izme\u0111u unutarnje i vanjske jedinice<br \/>\nDobava i postavljanje do 3 metra PVC kanala za postavljanje instalacije izme\u0111u unutarnje i vanjske jedinice \u2013 nadgradno<br \/>\nDobava i postavljanje do 3 metra PVC kanala sa elektri\u010dnim kabelom za napajanje klima ure\u0111aja \u2013 nadgradno<br \/>\nDobava i postavljanje do 3 metra cijevi za odvod vode-kondenzata, slobodnim padom u pripremljeni odvod<br \/>\nDobava i postavljanje 1 par pocin\u010danih nosa\u010da za monta\u017eu vanjske jedinice (ukoliko nosa\u010di ve\u0107 postoje, to ne umanjuje cijenu usluge)<br \/>\nPotro\u0161ni materijal (\u0161arafi, tiplovi, izolacijska traka, vezice, silikon, gips i ostali potrebni materijal za monta\u017eu)<br \/>\n1 probijanje zida fi 55, debljine do 40cm (ukoliko rupa ve\u0107 postoji, to ne umanjuje cijenu usluge)<br \/>\nMonta\u017ea unutarnje i vanjske jedinice<br \/>\nSpajanje plinskih i elektro instalacija na unutarnjoj i vanjskoj jedinici<br \/>\nSpajanje napajanja na postoje\u0107u elektri\u010dnu instalaciju<br \/>\nVakumiranje<br \/>\nPu\u0161tanje u rad<br \/>\nTestiranje rada klime<br \/>\n\u010ci\u0161\u0107enje mijesta rada<br \/>\nOvjera garancije<\/p>\n<p><span style=\"color: #ff0000;\"><strong>Ukoliko monta\u017eu obavi osoba ili firma koju anga\u017euje kupac, a koja nije ovla\u0161tena za monta\u017eu klima ure\u0111aja, ista preuzima i odgovornost za eventualne kvarove i neispravnost na ure\u0111aju i monta\u017ei te u tom slu\u010daju Prodavatelj nije odgovoran za nastalu \u0161tetu a kupac gubi garanciju.<\/strong><\/span><\/p>\n<\/div>\n","protected":false},"featured_media":10144,"comment_status":"open","ping_status":"closed","template":"","meta":{"_mi_skip_tracking":false,"_exactmetrics_sitenote_active":false,"_exactmetrics_sitenote_note":"","_exactmetrics_sitenote_category":0,"spay_email":""},"product_cat":[2458],"product_tag":[7777,7778,7779,7781,435,7717,7780,7784,7785,1615,7782,7057,7137,7783,2462],"brands":[],"df_price":940,"df_sale_price":"","df_regular_price":940,"df_image_link":"https:\/\/i1.wp.com\/astehshop.com\/wp-content\/uploads\/2025\/04\/azuri-aries.png?fit=450%2C442","jetpack_publicize_connections":[],"jetpack_sharing_enabled":true,"jetpack_likes_enabled":true,"jetpack-related-posts":[{"id":10163,"url":"http:\/\/astehshop.com\/index.php\/product\/azuri-midori-klima-uredaj-azi-wn70va\/","url_meta":{"origin":10143,"position":0},"title":"AZURI MIDORI KLIMA URE\u0110AJ AZI-WN70VA","date":"6. travnja 2025.","format":false,"excerpt":"U\u010dinak hla\u0111enja: 6,2 kW U\u010dinak grijanja: 6,5 kW Prikladno za prostor: do 65m2 Freon : R-32 Energetska klasa: A++ Wi-Fi upravljanje je uklju\u010deno u cijenu Garancija : 5 godina (3 god. osnovno + 2 god. uz registraciju) Azuri obitelj bogatija je za jo\u0161 jednog \u010dlana \u2013 najnoviji model Midori koji\u2026","rel":"","context":"Srodne objave","img":{"alt_text":"","src":"https:\/\/i1.wp.com\/astehshop.com\/wp-content\/uploads\/2025\/04\/midori-1.jpg?fit=900%2C900&resize=350%2C200","width":350,"height":200},"classes":[]},{"id":10147,"url":"http:\/\/astehshop.com\/index.php\/product\/azuri-klima-uredaj-azi-wm35vb-25\/","url_meta":{"origin":10143,"position":1},"title":"Azuri klima ure\u0111aj AZI-WM35VB -25","date":"6. travnja 2025.","format":false,"excerpt":"Novi Azuri NaturaLux model je tu! Najnoviji model marke Azuri odu\u0161eviti \u0107e Vas jednostavnim linijama, lako\u0107om upravljanja i odr\u017eavanja te pouzdanim radom. Kompaktan ure\u0111aj jednostavnog izgleda lako \u0107e se prilagoditi svakoj prostoriji, a uz odli\u010dne tehni\u010dke karakteristike zadovoljit \u0107e i one najzahtjevnije! Ovaj ure\u0111aj spas nudi i u uvjetima najve\u0107e\u2026","rel":"","context":"Srodne objave","img":{"alt_text":"","src":"https:\/\/i2.wp.com\/astehshop.com\/wp-content\/uploads\/2025\/04\/Klima-uredaj-AZURI-Naturalux-AZI-WM35VB-3.5kW-Inverter-WiFi.jpg?fit=1024%2C768&resize=350%2C200","width":350,"height":200},"classes":[]},{"id":10152,"url":"http:\/\/astehshop.com\/index.php\/product\/azuri-naturalux-klima-uredaj-azi-wm50va\/","url_meta":{"origin":10143,"position":2},"title":"AZURI NaturaLux KLIMA URE\u0110AJ AZI-WM50VA","date":"6. travnja 2025.","format":false,"excerpt":"Novi Azuri NaturaLux model je tu! Najnoviji model marke Azuri odu\u0161eviti \u0107e Vas jednostavnim linijama, lako\u0107om upravljanja i odr\u017eavanja te pouzdanim radom. Kompaktan ure\u0111aj jednostavnog izgleda lako \u0107e se prilagoditi svakoj prostoriji, a uz odli\u010dne tehni\u010dke karakteristike zadovoljit \u0107e i one najzahtjevnije! Ovaj ure\u0111aj spas nudi i u uvjetima najve\u0107e\u2026","rel":"","context":"Srodne objave","img":{"alt_text":"","src":"https:\/\/i2.wp.com\/astehshop.com\/wp-content\/uploads\/2025\/04\/Klima-uredaj-AZURI-Naturalux-AZI-WM35VB-3.5kW-Inverter-WiFi.jpg?fit=1024%2C768&resize=350%2C200","width":350,"height":200},"classes":[]},{"id":10153,"url":"http:\/\/astehshop.com\/index.php\/product\/azuri-naturalux-klima-uredaj-azi-wm70va\/","url_meta":{"origin":10143,"position":3},"title":"AZURI NATURALUX KLIMA URE\u0110AJ AZI-WM70VA","date":"6. travnja 2025.","format":false,"excerpt":"Novi Azuri NaturaLux model je tu! Najnoviji model marke Azuri odu\u0161eviti \u0107e Vas jednostavnim linijama, lako\u0107om upravljanja i odr\u017eavanja te pouzdanim radom. Kompaktan ure\u0111aj jednostavnog izgleda lako \u0107e se prilagoditi svakoj prostoriji, a uz odli\u010dne tehni\u010dke karakteristike zadovoljit \u0107e i one najzahtjevnije! Ovaj ure\u0111aj spas nudi i u uvjetima najve\u0107e\u2026","rel":"","context":"Srodne objave","img":{"alt_text":"","src":"https:\/\/i2.wp.com\/astehshop.com\/wp-content\/uploads\/2025\/04\/Klima-uredaj-AZURI-Naturalux-AZI-WM35VB-3.5kW-Inverter-WiFi.jpg?fit=1024%2C768&resize=350%2C200","width":350,"height":200},"classes":[]},{"id":10156,"url":"http:\/\/astehshop.com\/index.php\/product\/azuri-midori-klima-uredaj-azi-wn20va\/","url_meta":{"origin":10143,"position":4},"title":"AZURI MIDORI KLIMA URE\u0110AJ AZI-WN20VA","date":"6. travnja 2025.","format":false,"excerpt":"Azuri obitelj bogatija je za jo\u0161 jednog \u010dlana \u2013 najnoviji model Midori koji sa svojim minimalnim i suvremenim izgledom, elegantnom zavr\u0161nom obradom, koja osigurava neprimjetnu integraciju u svaki interijer te \u0161irokom paletom inteligentnih funkcija predstavlja savr\u0161en spoj stila i in\u017eenjerske izvrsno\u0107e. Karakteristike Midori ure\u0111aja: Wi-Fi upravljanje R32 radni medij Cold\u2026","rel":"","context":"Srodne objave","img":{"alt_text":"","src":"https:\/\/i1.wp.com\/astehshop.com\/wp-content\/uploads\/2025\/04\/azuri-supra-1.jpg?fit=900%2C900&resize=350%2C200","width":350,"height":200},"classes":[]},{"id":10230,"url":"http:\/\/astehshop.com\/index.php\/product\/gree-cosmo-regular-klima-uredaj-gwh18awdxd-k6dna1a\/","url_meta":{"origin":10143,"position":5},"title":"Gree Cosmo Regular Klima Ure\u0111aj GWH18AWDXD-K6DNA1A","date":"12. travnja 2025.","format":false,"excerpt":"U\u010dinak hla\u0111enja: 5,3kW (1 - 6,4) kW U\u010dinak grijanja: 5,6kW (1,2 - 6,8) kW Freon : R32 Grije do -25\u00b0C vanjske temperature! Preporuka za primarno grijanje na vrlo niskim vanjskim temperaturama! Prikladno za prostor do 50m2 Energetska klasa: A++ Wi-Fi upravljanje je uklju\u010deno u cijenu Garancija : 5 godina (3\u2026","rel":"","context":"Srodne objave","img":{"alt_text":"","src":"https:\/\/i1.wp.com\/astehshop.com\/wp-content\/uploads\/2025\/04\/cosmo-regular.png?fit=580%2C584&resize=350%2C200","width":350,"height":200},"classes":[]}],"_links":{"self":[{"href":"http:\/\/astehshop.com\/index.php\/wp-json\/wp\/v2\/product\/10143"}],"collection":[{"href":"http:\/\/astehshop.com\/index.php\/wp-json\/wp\/v2\/product"}],"about":[{"href":"http:\/\/astehshop.com\/index.php\/wp-json\/wp\/v2\/types\/product"}],"replies":[{"embeddable":true,"href":"http:\/\/astehshop.com\/index.php\/wp-json\/wp\/v2\/comments?post=10143"}],"wp:featuredmedia":[{"embeddable":true,"href":"http:\/\/astehshop.com\/index.php\/wp-json\/wp\/v2\/media\/10144"}],"wp:attachment":[{"href":"http:\/\/astehshop.com\/index.php\/wp-json\/wp\/v2\/media?parent=10143"}],"wp:term":[{"taxonomy":"product_cat","embeddable":true,"href":"http:\/\/astehshop.com\/index.php\/wp-json\/wp\/v2\/product_cat?post=10143"},{"taxonomy":"product_tag","embeddable":true,"href":"http:\/\/astehshop.com\/index.php\/wp-json\/wp\/v2\/product_tag?post=10143"}],"curies":[{"name":"wp","href":"https:\/\/api.w.org\/{rel}","templated":true}]}}