{"id":10132,"date":"2025-03-30T18:18:13","date_gmt":"2025-03-30T16:18:13","guid":{"rendered":"http:\/\/astehshop.com\/?post_type=product&#038;p=10132"},"modified":"2025-03-30T18:18:14","modified_gmt":"2025-03-30T16:18:14","slug":"westernsecurity-ws-821-vd-modul-sa-kamerom","status":"publish","type":"product","link":"http:\/\/astehshop.com\/index.php\/product\/westernsecurity-ws-821-vd-modul-sa-kamerom\/","title":{"rendered":"WesternSecurity WS 821 VD Modul sa kamerom"},"content":{"rendered":"<p>Video modul za WS-821 modularan sistem<\/p>\n<p>Kolor kamera, 170\u00b0 objektiv, indikatori za otklju\u010davanje i<\/p>\n<p>razgovor, dvosmerna audio komunikacija, naponski izlaz za<\/p>\n<p>bravu 12VDC\/250mA ili relejni izlaz, povezivanje na 2 \u017eice,<\/p>\n<p>potreban modul WS-821\/S4 ili tastatura WS-821\/MK (do<\/p>\n<p>32 unutra\u0161nje jedinice), maksimalno do 128 unutra\u0161njih<\/p>\n<p>jedinica upotrebom modula WS-821\/S4 ili tastature WS-<\/p>\n<p>821\/MK i modula WS-BDU, potreban okvir (WS-821\/2&#215;1-F<\/p>\n<p>ili WS-821\/2&#215;2-F ili WS-821\/3&#215;1-F), ili dozna (WS-821\/2X1-<\/p>\n<p>S).<\/p>\n","protected":false},"excerpt":{"rendered":"<p>Video modul za WS-821 modularan sistem<\/p>\n<p>Kolor kamera, 170\u00b0 objektiv, indikatori za otklju\u010davanje i<\/p>\n<p>razgovor, dvosmerna audio komunikacija, naponski izlaz za<\/p>\n<p>bravu 12VDC\/250mA ili relejni izlaz, povezivanje na 2 \u017eice,<\/p>\n<p>potreban modul WS-821\/S4 ili tastatura WS-821\/MK (do<\/p>\n<p>32 unutra\u0161nje jedinice), maksimalno do 128 unutra\u0161njih<\/p>\n<p>jedinica upotrebom modula WS-821\/S4 ili tastature WS-<\/p>\n<p>821\/MK i modula WS-BDU, potreban okvir (WS-821\/2&#215;1-F<\/p>\n<p>ili WS-821\/2&#215;2-F ili WS-821\/3&#215;1-F), ili dozna (WS-821\/2X1-<\/p>\n<p>S).<\/p>\n","protected":false},"featured_media":10133,"comment_status":"open","ping_status":"closed","template":"","meta":{"_mi_skip_tracking":false,"_exactmetrics_sitenote_active":false,"_exactmetrics_sitenote_note":"","_exactmetrics_sitenote_category":0,"spay_email":""},"product_cat":[2593],"product_tag":[7766,7750,7772,7767,7770,7768,7769,7771,7754,7765],"brands":[{"id":7747,"name":"WesternSercurity","slug":"westernsercurity"}],"df_price":240,"df_sale_price":"","df_regular_price":240,"df_image_link":"https:\/\/i0.wp.com\/astehshop.com\/wp-content\/uploads\/2025\/03\/westernsecurity-ws821vd-modul-sa-kamerom_0.jpg?fit=450%2C253","jetpack_publicize_connections":[],"jetpack_sharing_enabled":true,"jetpack_likes_enabled":true,"jetpack-related-posts":[{"id":10130,"url":"http:\/\/astehshop.com\/index.php\/product\/wsdt607fepozivna-jedinica-cetiri-tastera-sa-citacem\/","url_meta":{"origin":10132,"position":0},"title":"WS\u2010DT607FE pozivna jedinica \u010detiri tastera sa \u010dita\u010dem","date":"30. o\u017eujka 2025.","format":false,"excerpt":"Video pozivni tablo sa 4 tastera Kolor kamera, 500TVL, 170\u00b0 fisheye objektiv, telo od ner\u0111aju\u0107eg \u010delika, indikatori za otklju\u010davanje i razgovor, dvosmerna audio komunikacija, \u010dita\u010d 125KHz kartica\/tagova (otvaranje brave), komplet tagova (za dodavanje, brisanje i 5 korisni\u010dkih tagova), maksimalno 320 tagova, naponski izlaz za bravu 12VDC\/250mA ili relejni izlaz, povezivanje\u2026","rel":"","context":"Srodne objave","img":{"alt_text":"","src":"https:\/\/i2.wp.com\/astehshop.com\/wp-content\/uploads\/2025\/03\/westernsecurity-wsdt607feids4rh-pozivna-etiri-tastera-sa-itaem_0.jpg?fit=1200%2C675&resize=350%2C200","width":350,"height":200},"classes":[]},{"id":10127,"url":"http:\/\/astehshop.com\/index.php\/product\/wsdt607feds2rhpozivnadvatastera-sa-citacem\/","url_meta":{"origin":10132,"position":1},"title":"WS\u2010DT607FE\/ID\/S2\/RH pozivna dva tastera sa \u010dita\u010dem","date":"30. o\u017eujka 2025.","format":false,"excerpt":"Video pozivni tablo sa 2 tastera Kolor kamera, 500TVL, 170\u00b0 fisheye objektiv, telo od ner\u0111aju\u0107eg \u010delika, indikatori za otklju\u010davanje i razgovor, dvosmerna audio komunikacija, \u010dita\u010d 125KHz kartica\/tagova (otvaranje brave), komplet tagova (za dodavanje, brisanje i 5 korisni\u010dkih tagova), maksimalno 320 tagova, naponski izlaz za bravu 12VDC\/250mA ili relejni izlaz, povezivanje\u2026","rel":"","context":"Srodne objave","img":{"alt_text":"","src":"https:\/\/i1.wp.com\/astehshop.com\/wp-content\/uploads\/2025\/03\/WS\u2010DT607FE.jpg?fit=1200%2C675&resize=350%2C200","width":350,"height":200},"classes":[]},{"id":10122,"url":"http:\/\/astehshop.com\/index.php\/product\/ws1dt607fe\/","url_meta":{"origin":10132,"position":2},"title":"WS\u2010DT607FE ID S1 RH pozivna jedan taster sa citacem","date":"30. o\u017eujka 2025.","format":false,"excerpt":"Video pozivni tablo sa 1 tasterom Kolor kamera, 500TVL, 170\u00b0 fisheye objektiv, telo od ner\u0111aju\u0107eg \u010delika, indikatori za otklju\u010davanje i razgovor, dvosmerna audio komunikacija, \u010dita\u010d 125KHz kartica\/tagova (otvaranje brave), komplet tagova (za dodavanje, brisanje i 5 korisni\u010dkih tagova), maksimalno 320 tagova, naponski izlaz za bravu 12VDC\/250mA ili relejni izlaz, povezivanje\u2026","rel":"","context":"Srodne objave","img":{"alt_text":"","src":"https:\/\/i1.wp.com\/astehshop.com\/wp-content\/uploads\/2025\/03\/westernsecurity-wsdt607feids1rh-pozivna-jedan-taster-sa-citacem_0.jpg?fit=1200%2C675&resize=350%2C200","width":350,"height":200},"classes":[]},{"id":10113,"url":"http:\/\/astehshop.com\/index.php\/product\/ws-dt437-videointerfonski-monitor-dt437-d4-4-3-tft\/","url_meta":{"origin":10132,"position":3},"title":"WS-DT437 Videointerfonski  monitor DT437\/D4 4.3&#8243; TFT","date":"30. o\u017eujka 2025.","format":false,"excerpt":"TFT-LCD monitor dijagonale 4,3\" Rezolucija 480x272 piksela, dvosmerna audio komunikacija, mogu\u0107nost me\u0111usobne komunikacije, pode\u0161avanje adrese preko DIP prekida\u010da, tasteri osetljivi na dodir, povezivanje na 2 \u017eice.","rel":"","context":"Srodne objave","img":{"alt_text":"","src":"https:\/\/i0.wp.com\/astehshop.com\/wp-content\/uploads\/2025\/03\/westernsecurity-ws-dt437-videointerfonski-monitor-dt437d4-43-tft_0.jpg?fit=1200%2C675&resize=350%2C200","width":350,"height":200},"classes":[]},{"id":6044,"url":"http:\/\/astehshop.com\/index.php\/product\/ja-118m-modul-za-magnetne-detektore\/","url_meta":{"origin":10132,"position":4},"title":"JA-118M Modul za magnetne detektore","date":"14. velja\u010de 2022.","format":false,"excerpt":"JA-118M je modul sa 8 ulaza za spajanje klasi\u010dnih magnetnih detektora na sistem JA-100.Reakcija svakog ulaznog signala mo\u017ee se samostalno programirati kao klasi\u010dan NC doga\u0111aj (jedan impuls) ili kao za posebne detektore (roller shutter) koji se aktiviraju ponavljanim aktivacionimimpulsima. Du\u017eina linije je do 100 m za jednu petlju. Modul se\u2026","rel":"","context":"Srodne objave","img":{"alt_text":"","src":"https:\/\/i1.wp.com\/astehshop.com\/wp-content\/uploads\/2022\/02\/JA-118M.png?fit=600%2C569&resize=350%2C200","width":350,"height":200},"classes":[]},{"id":10011,"url":"http:\/\/astehshop.com\/index.php\/product\/roombanker-relej\/","url_meta":{"origin":10132,"position":5},"title":"Roombanker relej","date":"16. o\u017eujka 2025.","format":false,"excerpt":"Podignite svoj pametni dom ili sigurnosni sistem uz Roombanker RBF relejni modul, genijalno dizajniran za sveobuhvatnu kontrolu nad va\u0161im izvorima napajanja, u rasponu od 6 do 36 V\u2393. Ovaj modul nudi neusporedivu prakti\u010dnost, spajaju\u0107i fizi\u010dku kontrolu dugmadi sa sofisticiranim upravljanjem zasnovanim na aplikacijama putem aplikacije RB Link i omogu\u0107avaju\u0107i pametnu\u2026","rel":"","context":"Srodne objave","img":{"alt_text":"","src":"https:\/\/i1.wp.com\/astehshop.com\/wp-content\/uploads\/2025\/03\/RBAD-RL1-868-2.webp?fit=600%2C600&resize=350%2C200","width":350,"height":200},"classes":[]}],"_links":{"self":[{"href":"http:\/\/astehshop.com\/index.php\/wp-json\/wp\/v2\/product\/10132"}],"collection":[{"href":"http:\/\/astehshop.com\/index.php\/wp-json\/wp\/v2\/product"}],"about":[{"href":"http:\/\/astehshop.com\/index.php\/wp-json\/wp\/v2\/types\/product"}],"replies":[{"embeddable":true,"href":"http:\/\/astehshop.com\/index.php\/wp-json\/wp\/v2\/comments?post=10132"}],"wp:featuredmedia":[{"embeddable":true,"href":"http:\/\/astehshop.com\/index.php\/wp-json\/wp\/v2\/media\/10133"}],"wp:attachment":[{"href":"http:\/\/astehshop.com\/index.php\/wp-json\/wp\/v2\/media?parent=10132"}],"wp:term":[{"taxonomy":"product_cat","embeddable":true,"href":"http:\/\/astehshop.com\/index.php\/wp-json\/wp\/v2\/product_cat?post=10132"},{"taxonomy":"product_tag","embeddable":true,"href":"http:\/\/astehshop.com\/index.php\/wp-json\/wp\/v2\/product_tag?post=10132"}],"curies":[{"name":"wp","href":"https:\/\/api.w.org\/{rel}","templated":true}]}}