{"id":10127,"date":"2025-03-30T18:07:27","date_gmt":"2025-03-30T16:07:27","guid":{"rendered":"http:\/\/astehshop.com\/?post_type=product&#038;p=10127"},"modified":"2025-03-30T18:07:29","modified_gmt":"2025-03-30T16:07:29","slug":"wsdt607feds2rhpozivnadvatastera-sa-citacem","status":"publish","type":"product","link":"http:\/\/astehshop.com\/index.php\/product\/wsdt607feds2rhpozivnadvatastera-sa-citacem\/","title":{"rendered":"WS\u2010DT607FE\/ID\/S2\/RH pozivna dva tastera sa \u010dita\u010dem"},"content":{"rendered":"<p>Video pozivni tablo sa 2 tastera<br \/>\nKolor kamera, 500TVL, 170\u00b0 fisheye objektiv, telo od ner\u0111aju\u0107eg \u010delika, indikatori za otklju\u010davanje i razgovor, dvosmerna audio komunikacija, \u010dita\u010d 125KHz kartica\/tagova (otvaranje brave), komplet tagova (za dodavanje, brisanje i 5 korisni\u010dkih tagova), maksimalno 320 tagova, naponski izlaz za bravu 12VDC\/250mA ili relejni izlaz, povezivanje na 2 \u017eice, IP54.<\/p>\n","protected":false},"excerpt":{"rendered":"<p>Video pozivni tablo sa 2 tastera<br \/>\nKolor kamera, 500TVL, 170\u00b0 fisheye objektiv, telo od ner\u0111aju\u0107eg \u010delika, indikatori za otklju\u010davanje i razgovor, dvosmerna audio komunikacija, \u010dita\u010d 125KHz kartica\/tagova (otvaranje brave), komplet tagova (za dodavanje, brisanje i 5 korisni\u010dkih tagova), maksimalno 320 tagova, naponski izlaz za bravu 12VDC\/250mA ili relejni izlaz, povezivanje na 2 \u017eice, IP54.<\/p>\n","protected":false},"featured_media":10128,"comment_status":"open","ping_status":"closed","template":"","meta":{"_mi_skip_tracking":false,"_exactmetrics_sitenote_active":false,"_exactmetrics_sitenote_note":"","_exactmetrics_sitenote_category":0,"spay_email":""},"product_cat":[2593],"product_tag":[3110,7763,3106,7762,7761],"brands":[{"id":7747,"name":"WesternSercurity","slug":"westernsercurity"}],"df_price":270,"df_sale_price":"","df_regular_price":270,"df_image_link":"https:\/\/i1.wp.com\/astehshop.com\/wp-content\/uploads\/2025\/03\/WS\u2010DT607FE.jpg?fit=450%2C253","jetpack_publicize_connections":[],"jetpack_sharing_enabled":true,"jetpack_likes_enabled":true,"jetpack-related-posts":[{"id":10130,"url":"http:\/\/astehshop.com\/index.php\/product\/wsdt607fepozivna-jedinica-cetiri-tastera-sa-citacem\/","url_meta":{"origin":10127,"position":0},"title":"WS\u2010DT607FE pozivna jedinica \u010detiri tastera sa \u010dita\u010dem","date":"30. o\u017eujka 2025.","format":false,"excerpt":"Video pozivni tablo sa 4 tastera Kolor kamera, 500TVL, 170\u00b0 fisheye objektiv, telo od ner\u0111aju\u0107eg \u010delika, indikatori za otklju\u010davanje i razgovor, dvosmerna audio komunikacija, \u010dita\u010d 125KHz kartica\/tagova (otvaranje brave), komplet tagova (za dodavanje, brisanje i 5 korisni\u010dkih tagova), maksimalno 320 tagova, naponski izlaz za bravu 12VDC\/250mA ili relejni izlaz, povezivanje\u2026","rel":"","context":"Srodne objave","img":{"alt_text":"","src":"https:\/\/i2.wp.com\/astehshop.com\/wp-content\/uploads\/2025\/03\/westernsecurity-wsdt607feids4rh-pozivna-etiri-tastera-sa-itaem_0.jpg?fit=1200%2C675&resize=350%2C200","width":350,"height":200},"classes":[]},{"id":10122,"url":"http:\/\/astehshop.com\/index.php\/product\/ws1dt607fe\/","url_meta":{"origin":10127,"position":1},"title":"WS\u2010DT607FE ID S1 RH pozivna jedan taster sa citacem","date":"30. o\u017eujka 2025.","format":false,"excerpt":"Video pozivni tablo sa 1 tasterom Kolor kamera, 500TVL, 170\u00b0 fisheye objektiv, telo od ner\u0111aju\u0107eg \u010delika, indikatori za otklju\u010davanje i razgovor, dvosmerna audio komunikacija, \u010dita\u010d 125KHz kartica\/tagova (otvaranje brave), komplet tagova (za dodavanje, brisanje i 5 korisni\u010dkih tagova), maksimalno 320 tagova, naponski izlaz za bravu 12VDC\/250mA ili relejni izlaz, povezivanje\u2026","rel":"","context":"Srodne objave","img":{"alt_text":"","src":"https:\/\/i1.wp.com\/astehshop.com\/wp-content\/uploads\/2025\/03\/westernsecurity-wsdt607feids1rh-pozivna-jedan-taster-sa-citacem_0.jpg?fit=1200%2C675&resize=350%2C200","width":350,"height":200},"classes":[]},{"id":10132,"url":"http:\/\/astehshop.com\/index.php\/product\/westernsecurity-ws-821-vd-modul-sa-kamerom\/","url_meta":{"origin":10127,"position":2},"title":"WesternSecurity WS 821 VD Modul sa kamerom","date":"30. o\u017eujka 2025.","format":false,"excerpt":"Video modul za WS-821 modularan sistem Kolor kamera, 170\u00b0 objektiv, indikatori za otklju\u010davanje i razgovor, dvosmerna audio komunikacija, naponski izlaz za bravu 12VDC\/250mA ili relejni izlaz, povezivanje na 2 \u017eice, potreban modul WS-821\/S4 ili tastatura WS-821\/MK (do 32 unutra\u0161nje jedinice), maksimalno do 128 unutra\u0161njih jedinica upotrebom modula WS-821\/S4 ili tastature\u2026","rel":"","context":"Srodne objave","img":{"alt_text":"","src":"https:\/\/i0.wp.com\/astehshop.com\/wp-content\/uploads\/2025\/03\/westernsecurity-ws821vd-modul-sa-kamerom_0.jpg?fit=1200%2C675&resize=350%2C200","width":350,"height":200},"classes":[]},{"id":5034,"url":"http:\/\/astehshop.com\/index.php\/product\/samostojeci-citac-in-k5\/","url_meta":{"origin":10127,"position":3},"title":"Samostoje\u0107i \u010dita\u010d IN-K5","date":"16. studenoga 2020.","format":false,"excerpt":"Samostoje\u0107i unutarnji \u010dita\u010d EM 125 kHz kartica sa tipkovnicom u antivandal ku\u0107i\u0161tu za max. 2000 korisnika. Mogu\u0107nost spajanja vanjskog \u010dita\u010da. Podr\u017eava re\u017eim rada: Samo kartica, samo pin kod, kartica+pin kod. Kromirano ku\u0107i\u0161te. Tamper prekida\u010d. Proizvo\u0111a\u010d inOUT Namjena Kontrola pristupa Monta\u017ea Nad\u017ebukna monta\u017ea Vrsta artikla Samostalni \u010dita\u010d Na\u010din identifikacije RFID, PIN\u2026","rel":"","context":"Srodne objave","img":{"alt_text":"","src":"https:\/\/i1.wp.com\/astehshop.com\/wp-content\/uploads\/2020\/11\/IN-K5.jpg?fit=1200%2C675&resize=350%2C200","width":350,"height":200},"classes":[]},{"id":5036,"url":"http:\/\/astehshop.com\/index.php\/product\/samostojeci-citac-in-t10em-w\/","url_meta":{"origin":10127,"position":4},"title":"Samostoje\u0107i \u010dita\u010d IN-T10EM-W","date":"16. studenoga 2020.","format":false,"excerpt":"Samostoje\u0107i \u010dita\u010d EM 125 kHz kartica sa tipkovnicom osjetljivom na dodir. Mo\u017ee se koristiti i kao wiegand 26-bitni \u010dita\u010d kartica sa tipkovnicom. Podr\u017eava re\u017eim rada: Samo kartica, samo pin kod, kartica+pin kod. Anti sabota\u017eni senzor. IP65 Proizvo\u0111a\u010d inOUT Namjena Kontrola pristupa Monta\u017ea Nad\u017ebukna monta\u017ea Vrsta artikla Samostalni \u010dita\u010d Na\u010din identifikacije\u2026","rel":"","context":"Srodne objave","img":{"alt_text":"","src":"","width":0,"height":0},"classes":[]},{"id":9048,"url":"http:\/\/astehshop.com\/index.php\/product\/sensbi-zremoti-l2rf-zigbee-bezicni-daljinski-upravljac-2-tastera\/","url_meta":{"origin":10127,"position":5},"title":"Sensbi ZREMOTI-L2RF ZigBee be\u017ei\u010dni daljinski upravlja\u010d &#8211; 2 tastera","date":"19. velja\u010de 2024.","format":false,"excerpt":"ZigBee rele, beznaponski izlaz, 10A 250Vac ZigBee rele, beznaponski izlaz, 10A 250Vac, radi na 230Vac. On\/Off i Tajmer funkcija. Mo\u017ee se koristiti u bilo kom zahtevu kao upralja\u010dki ure\u0111aj, npr za aktiviranje elektronike na kapijama, rampama, grejanja. Mo\u017ee se koristiti za uklju\u010denje svetla, klime... Mogu\u0107nosti su razne, ograni\u010denje je max\u2026","rel":"","context":"Srodne objave","img":{"alt_text":"","src":"https:\/\/i2.wp.com\/astehshop.com\/wp-content\/uploads\/2024\/02\/sensbi-zremoti-l2rf-zigbee-bezicni-daljinski-upravljac-2-tastera_0.jpg?fit=1200%2C816&resize=350%2C200","width":350,"height":200},"classes":[]}],"_links":{"self":[{"href":"http:\/\/astehshop.com\/index.php\/wp-json\/wp\/v2\/product\/10127"}],"collection":[{"href":"http:\/\/astehshop.com\/index.php\/wp-json\/wp\/v2\/product"}],"about":[{"href":"http:\/\/astehshop.com\/index.php\/wp-json\/wp\/v2\/types\/product"}],"replies":[{"embeddable":true,"href":"http:\/\/astehshop.com\/index.php\/wp-json\/wp\/v2\/comments?post=10127"}],"wp:featuredmedia":[{"embeddable":true,"href":"http:\/\/astehshop.com\/index.php\/wp-json\/wp\/v2\/media\/10128"}],"wp:attachment":[{"href":"http:\/\/astehshop.com\/index.php\/wp-json\/wp\/v2\/media?parent=10127"}],"wp:term":[{"taxonomy":"product_cat","embeddable":true,"href":"http:\/\/astehshop.com\/index.php\/wp-json\/wp\/v2\/product_cat?post=10127"},{"taxonomy":"product_tag","embeddable":true,"href":"http:\/\/astehshop.com\/index.php\/wp-json\/wp\/v2\/product_tag?post=10127"}],"curies":[{"name":"wp","href":"https:\/\/api.w.org\/{rel}","templated":true}]}}