{"id":10121,"date":"2025-03-30T17:53:05","date_gmt":"2025-03-30T15:53:05","guid":{"rendered":"http:\/\/astehshop.com\/?post_type=product&#038;p=10121"},"modified":"2025-03-30T18:02:09","modified_gmt":"2025-03-30T16:02:09","slug":"wsdt17sd7videointerfonskimonitor","status":"publish","type":"product","link":"http:\/\/astehshop.com\/index.php\/product\/wsdt17sd7videointerfonskimonitor\/","title":{"rendered":"WS\u2010DT17S D7 Videointerfonski  monitor"},"content":{"rendered":"<p>TFT-LCD monitor dijagonale 7&#8243;<\/p>\n<p>Dvosmjerna audio komunikacija, mogu\u0107nost me\u0111usobne<\/p>\n<p>komunikacije, pode\u0161avanje adrese preko DIP prekida\u010da,<\/p>\n<p>tasteri osjetljivi na dodir, povezivanje na 2 \u017eice.<\/p>\n","protected":false},"excerpt":{"rendered":"<p>TFT-LCD monitor dijagonale 7&#8243;<\/p>\n<p>Dvosmjerna audio komunikacija, mogu\u0107nost me\u0111usobne<\/p>\n<p>komunikacije, pode\u0161avanje adrese preko DIP prekida\u010da,<\/p>\n<p>tasteri osjetljivi na dodir, povezivanje na 2 \u017eice.<\/p>\n","protected":false},"featured_media":10116,"comment_status":"open","ping_status":"closed","template":"","meta":{"_mi_skip_tracking":false,"_exactmetrics_sitenote_active":false,"_exactmetrics_sitenote_note":"","_exactmetrics_sitenote_category":0,"spay_email":""},"product_cat":[2593],"product_tag":[7759],"brands":[{"id":7747,"name":"WesternSercurity","slug":"westernsercurity"}],"df_price":199,"df_sale_price":"","df_regular_price":199,"df_image_link":"https:\/\/i1.wp.com\/astehshop.com\/wp-content\/uploads\/2025\/03\/westernsecurity-wsdt17sd7-videointerfonski-monitor_0.jpg?fit=450%2C253","jetpack_publicize_connections":[],"jetpack_sharing_enabled":true,"jetpack_likes_enabled":true,"jetpack-related-posts":[{"id":10113,"url":"http:\/\/astehshop.com\/index.php\/product\/ws-dt437-videointerfonski-monitor-dt437-d4-4-3-tft\/","url_meta":{"origin":10121,"position":0},"title":"WS-DT437 Videointerfonski  monitor DT437\/D4 4.3&#8243; TFT","date":"30. o\u017eujka 2025.","format":false,"excerpt":"TFT-LCD monitor dijagonale 4,3\" Rezolucija 480x272 piksela, dvosmerna audio komunikacija, mogu\u0107nost me\u0111usobne komunikacije, pode\u0161avanje adrese preko DIP prekida\u010da, tasteri osetljivi na dodir, povezivanje na 2 \u017eice.","rel":"","context":"Srodne objave","img":{"alt_text":"","src":"https:\/\/i0.wp.com\/astehshop.com\/wp-content\/uploads\/2025\/03\/westernsecurity-ws-dt437-videointerfonski-monitor-dt437d4-43-tft_0.jpg?fit=1200%2C675&resize=350%2C200","width":350,"height":200},"classes":[]},{"id":3980,"url":"http:\/\/astehshop.com\/index.php\/product\/paradox-k656-lcd-tastatura-sifrator-na-dodir\/","url_meta":{"origin":10121,"position":1},"title":"Paradox K656 LCD tastatura \u0161ifrator na dodir","date":"18. velja\u010de 2020.","format":false,"excerpt":"\u2022 LCD tipkovnica osjetljiva na dodir \u2022 Povezivanje na vi\u0161estruku sabirnicu: 4-\u017ei\u010dna enkriptirana komunikacijska sabirnica na 500 bps (13,8 Vdc) \u2022 Prikaz statusa do 4 particije i 384 zone \u2022 Prikaz alarma zone: prikazuje zone koje su u alarmu do prestanka alarm","rel":"","context":"Srodne objave","img":{"alt_text":"","src":"https:\/\/i2.wp.com\/astehshop.com\/wp-content\/uploads\/2020\/02\/K656.jpg?fit=696%2C680&resize=350%2C200","width":350,"height":200},"classes":[]},{"id":3970,"url":"http:\/\/astehshop.com\/index.php\/product\/kontrolni-panel-model-tm70-na-dodir-7\/","url_meta":{"origin":10121,"position":2},"title":"KONTROLNI PANEL MODEL TM70 na dodir 7&#8221;","date":"18. velja\u010de 2020.","format":false,"excerpt":"MODEL: TM70 LCD UPRAVLJA\u010cKO \/ KONTROLNI PANEL, 7\" OSJETLJIV NA DODIR SPOTON LOCATOR OMOGU\u0106UJE DO 32 PROSTORNA NACRTA UZ MOGU\u0106NOST URE\u0110IVANJA I PRILAGODBE NACRTA SA PRIKAZOM ZONA","rel":"","context":"Srodne objave","img":{"alt_text":"","src":"https:\/\/i1.wp.com\/astehshop.com\/wp-content\/uploads\/2020\/02\/KONTROLNI-PANEL-MODEL-TM70.jpg?fit=1200%2C1038&resize=350%2C200","width":350,"height":200},"classes":[]},{"id":4053,"url":"http:\/\/astehshop.com\/index.php\/product\/western-security-ct-896\/","url_meta":{"origin":10121,"position":3},"title":"Western security CT-896 *","date":"21. velja\u010de 2020.","format":false,"excerpt":"CCTV Tester, Tester opti\u010dkog kabla, 1\u00d7BNC, 1\u00d7audio, FC\/PC 3,5\u201d TFT-LCD ekran, Pode\u0161avanje pozadinskog osvetljenja, merenje kvaliteta i ja\u010dine video signala, PAL\/NTSC standard, PTZ kontrola, Pode\u0161avanje PTZ ta\u010daka, provera kvaliteta signala kroz UTP kabl, RS-485 skeniranje adrese, audio testiranje, 1A izlaz za kamere, 12V DC, omogu\u0107uje 12 sati rada.","rel":"","context":"Srodne objave","img":{"alt_text":"","src":"https:\/\/i0.wp.com\/astehshop.com\/wp-content\/uploads\/2020\/02\/Western-security-CT-896.jpg?fit=976%2C1042&resize=350%2C200","width":350,"height":200},"classes":[]},{"id":9752,"url":"http:\/\/astehshop.com\/index.php\/product\/ard1731-w2868-bezicni-detektor-sa-kamerom\/","url_meta":{"origin":10121,"position":4},"title":"ARD1731-W2(868) be\u017ei\u010dni detektor sa kamerom","date":"24. studenoga 2024.","format":false,"excerpt":"Kompatibilan samo sa Dahua be\u017ei\u010dnom centralom.RF\u2010HD signal prenosi 6slika u 10 sekundi.Rezolucija kamere 1600x1200, Cloud skladi\u0161tenje snimka do 7 dana.PIR senzor, Opseg dometa detektora: 12m\/86\u00b0(2.2m visina montiranja), Neosjetljiv na ku\u0107ne ljubimce do 18kg \"Pet Immunity\". Pode\u0161avanje osjetljivosti u tri nivoa, tamper za\u0161tita, provjera ja\u010dine signala, provjera nivoa baterije, daljinska konfiguracija,\u2026","rel":"","context":"Srodne objave","img":{"alt_text":"","src":"https:\/\/i0.wp.com\/astehshop.com\/wp-content\/uploads\/2024\/11\/ARD173.png?fit=400%2C400&resize=350%2C200","width":350,"height":200},"classes":[]},{"id":5348,"url":"http:\/\/astehshop.com\/index.php\/product\/hikvision-unutarnja-jedinica-ds-kh8350-wte1\/","url_meta":{"origin":10121,"position":5},"title":"Hikvision unutarnja jedinica DS-KH8350-WTE1","date":"10. listopada 2021.","format":false,"excerpt":"IP LCD color monitor 7,0\u2033, Ultra slim dizajn, handsfree (bez slusalice), ekran osjetljiv na dodir, kaljeno staklo otporno na ogrebotine i o\u0161te\u0107enja, 1 mre\u017eni ulaz 10\/100 Mbps, WiFI, mogu\u0107nost povezivanja na aplikaciju Hik-Connect, napajanje 12V\/PoE, 8 alarmnih ulaza, slot za MicroSD karticu do 32GB, potro\u0161nja maksimalno 7W, radna temperatura od\u2026","rel":"","context":"Srodne objave","img":{"alt_text":"","src":"https:\/\/i0.wp.com\/astehshop.com\/wp-content\/uploads\/2021\/10\/DS\u2010KH8350\u2010WTE1.jpg?fit=1200%2C1200&resize=350%2C200","width":350,"height":200},"classes":[]}],"_links":{"self":[{"href":"http:\/\/astehshop.com\/index.php\/wp-json\/wp\/v2\/product\/10121"}],"collection":[{"href":"http:\/\/astehshop.com\/index.php\/wp-json\/wp\/v2\/product"}],"about":[{"href":"http:\/\/astehshop.com\/index.php\/wp-json\/wp\/v2\/types\/product"}],"replies":[{"embeddable":true,"href":"http:\/\/astehshop.com\/index.php\/wp-json\/wp\/v2\/comments?post=10121"}],"wp:featuredmedia":[{"embeddable":true,"href":"http:\/\/astehshop.com\/index.php\/wp-json\/wp\/v2\/media\/10116"}],"wp:attachment":[{"href":"http:\/\/astehshop.com\/index.php\/wp-json\/wp\/v2\/media?parent=10121"}],"wp:term":[{"taxonomy":"product_cat","embeddable":true,"href":"http:\/\/astehshop.com\/index.php\/wp-json\/wp\/v2\/product_cat?post=10121"},{"taxonomy":"product_tag","embeddable":true,"href":"http:\/\/astehshop.com\/index.php\/wp-json\/wp\/v2\/product_tag?post=10121"}],"curies":[{"name":"wp","href":"https:\/\/api.w.org\/{rel}","templated":true}]}}