{"id":10113,"date":"2025-03-30T17:38:44","date_gmt":"2025-03-30T15:38:44","guid":{"rendered":"http:\/\/astehshop.com\/?post_type=product&#038;p=10113"},"modified":"2025-03-30T17:38:46","modified_gmt":"2025-03-30T15:38:46","slug":"ws-dt437-videointerfonski-monitor-dt437-d4-4-3-tft","status":"publish","type":"product","link":"http:\/\/astehshop.com\/index.php\/product\/ws-dt437-videointerfonski-monitor-dt437-d4-4-3-tft\/","title":{"rendered":"WS-DT437 Videointerfonski  monitor DT437\/D4 4.3&#8243; TFT"},"content":{"rendered":"<p>TFT-LCD monitor dijagonale 4,3&#8243;<\/p>\n<p>Rezolucija 480&#215;272 piksela, dvosmerna audio<\/p>\n<p>komunikacija, mogu\u0107nost me\u0111usobne komunikacije,<\/p>\n<p>pode\u0161avanje adrese preko DIP prekida\u010da, tasteri osetljivi<\/p>\n<p>na dodir, povezivanje na 2 \u017eice.<\/p>\n","protected":false},"excerpt":{"rendered":"<p>TFT-LCD monitor dijagonale 4,3&#8243;<\/p>\n<p>Rezolucija 480&#215;272 piksela, dvosmerna audio<\/p>\n<p>komunikacija, mogu\u0107nost me\u0111usobne komunikacije,<\/p>\n<p>pode\u0161avanje adrese preko DIP prekida\u010da, tasteri osetljivi<\/p>\n<p>na dodir, povezivanje na 2 \u017eice.<\/p>\n","protected":false},"featured_media":10114,"comment_status":"open","ping_status":"closed","template":"","meta":{"_mi_skip_tracking":false,"_exactmetrics_sitenote_active":false,"_exactmetrics_sitenote_note":"","_exactmetrics_sitenote_category":0,"spay_email":""},"product_cat":[2593],"product_tag":[7749,6184,7750,3106,7755,7756,7751,7490,7752,7754,7753,7748,3109],"brands":[{"id":7747,"name":"WesternSercurity","slug":"westernsercurity"}],"df_price":190,"df_sale_price":"","df_regular_price":190,"df_image_link":"https:\/\/i0.wp.com\/astehshop.com\/wp-content\/uploads\/2025\/03\/westernsecurity-ws-dt437-videointerfonski-monitor-dt437d4-43-tft_0.jpg?fit=450%2C253","jetpack_publicize_connections":[],"jetpack_sharing_enabled":true,"jetpack_likes_enabled":true,"jetpack-related-posts":[{"id":10121,"url":"http:\/\/astehshop.com\/index.php\/product\/wsdt17sd7videointerfonskimonitor\/","url_meta":{"origin":10113,"position":0},"title":"WS\u2010DT17S D7 Videointerfonski  monitor","date":"30. o\u017eujka 2025.","format":false,"excerpt":"TFT-LCD monitor dijagonale 7\" Dvosmjerna audio komunikacija, mogu\u0107nost me\u0111usobne komunikacije, pode\u0161avanje adrese preko DIP prekida\u010da, tasteri osjetljivi na dodir, povezivanje na 2 \u017eice.","rel":"","context":"Srodne objave","img":{"alt_text":"","src":"https:\/\/i1.wp.com\/astehshop.com\/wp-content\/uploads\/2025\/03\/westernsecurity-wsdt17sd7-videointerfonski-monitor_0.jpg?fit=1200%2C675&resize=350%2C200","width":350,"height":200},"classes":[]},{"id":3980,"url":"http:\/\/astehshop.com\/index.php\/product\/paradox-k656-lcd-tastatura-sifrator-na-dodir\/","url_meta":{"origin":10113,"position":1},"title":"Paradox K656 LCD tastatura \u0161ifrator na dodir","date":"18. velja\u010de 2020.","format":false,"excerpt":"\u2022 LCD tipkovnica osjetljiva na dodir \u2022 Povezivanje na vi\u0161estruku sabirnicu: 4-\u017ei\u010dna enkriptirana komunikacijska sabirnica na 500 bps (13,8 Vdc) \u2022 Prikaz statusa do 4 particije i 384 zone \u2022 Prikaz alarma zone: prikazuje zone koje su u alarmu do prestanka alarm","rel":"","context":"Srodne objave","img":{"alt_text":"","src":"https:\/\/i2.wp.com\/astehshop.com\/wp-content\/uploads\/2020\/02\/K656.jpg?fit=696%2C680&resize=350%2C200","width":350,"height":200},"classes":[]},{"id":4053,"url":"http:\/\/astehshop.com\/index.php\/product\/western-security-ct-896\/","url_meta":{"origin":10113,"position":2},"title":"Western security CT-896 *","date":"21. velja\u010de 2020.","format":false,"excerpt":"CCTV Tester, Tester opti\u010dkog kabla, 1\u00d7BNC, 1\u00d7audio, FC\/PC 3,5\u201d TFT-LCD ekran, Pode\u0161avanje pozadinskog osvetljenja, merenje kvaliteta i ja\u010dine video signala, PAL\/NTSC standard, PTZ kontrola, Pode\u0161avanje PTZ ta\u010daka, provera kvaliteta signala kroz UTP kabl, RS-485 skeniranje adrese, audio testiranje, 1A izlaz za kamere, 12V DC, omogu\u0107uje 12 sati rada.","rel":"","context":"Srodne objave","img":{"alt_text":"","src":"https:\/\/i0.wp.com\/astehshop.com\/wp-content\/uploads\/2020\/02\/Western-security-CT-896.jpg?fit=976%2C1042&resize=350%2C200","width":350,"height":200},"classes":[]},{"id":3970,"url":"http:\/\/astehshop.com\/index.php\/product\/kontrolni-panel-model-tm70-na-dodir-7\/","url_meta":{"origin":10113,"position":3},"title":"KONTROLNI PANEL MODEL TM70 na dodir 7&#8221;","date":"18. velja\u010de 2020.","format":false,"excerpt":"MODEL: TM70 LCD UPRAVLJA\u010cKO \/ KONTROLNI PANEL, 7\" OSJETLJIV NA DODIR SPOTON LOCATOR OMOGU\u0106UJE DO 32 PROSTORNA NACRTA UZ MOGU\u0106NOST URE\u0110IVANJA I PRILAGODBE NACRTA SA PRIKAZOM ZONA","rel":"","context":"Srodne objave","img":{"alt_text":"","src":"https:\/\/i1.wp.com\/astehshop.com\/wp-content\/uploads\/2020\/02\/KONTROLNI-PANEL-MODEL-TM70.jpg?fit=1200%2C1038&resize=350%2C200","width":350,"height":200},"classes":[]},{"id":10122,"url":"http:\/\/astehshop.com\/index.php\/product\/ws1dt607fe\/","url_meta":{"origin":10113,"position":4},"title":"WS\u2010DT607FE ID S1 RH pozivna jedan taster sa citacem","date":"30. o\u017eujka 2025.","format":false,"excerpt":"Video pozivni tablo sa 1 tasterom Kolor kamera, 500TVL, 170\u00b0 fisheye objektiv, telo od ner\u0111aju\u0107eg \u010delika, indikatori za otklju\u010davanje i razgovor, dvosmerna audio komunikacija, \u010dita\u010d 125KHz kartica\/tagova (otvaranje brave), komplet tagova (za dodavanje, brisanje i 5 korisni\u010dkih tagova), maksimalno 320 tagova, naponski izlaz za bravu 12VDC\/250mA ili relejni izlaz, povezivanje\u2026","rel":"","context":"Srodne objave","img":{"alt_text":"","src":"https:\/\/i1.wp.com\/astehshop.com\/wp-content\/uploads\/2025\/03\/westernsecurity-wsdt607feids1rh-pozivna-jedan-taster-sa-citacem_0.jpg?fit=1200%2C675&resize=350%2C200","width":350,"height":200},"classes":[]},{"id":10127,"url":"http:\/\/astehshop.com\/index.php\/product\/wsdt607feds2rhpozivnadvatastera-sa-citacem\/","url_meta":{"origin":10113,"position":5},"title":"WS\u2010DT607FE\/ID\/S2\/RH pozivna dva tastera sa \u010dita\u010dem","date":"30. o\u017eujka 2025.","format":false,"excerpt":"Video pozivni tablo sa 2 tastera Kolor kamera, 500TVL, 170\u00b0 fisheye objektiv, telo od ner\u0111aju\u0107eg \u010delika, indikatori za otklju\u010davanje i razgovor, dvosmerna audio komunikacija, \u010dita\u010d 125KHz kartica\/tagova (otvaranje brave), komplet tagova (za dodavanje, brisanje i 5 korisni\u010dkih tagova), maksimalno 320 tagova, naponski izlaz za bravu 12VDC\/250mA ili relejni izlaz, povezivanje\u2026","rel":"","context":"Srodne objave","img":{"alt_text":"","src":"https:\/\/i1.wp.com\/astehshop.com\/wp-content\/uploads\/2025\/03\/WS\u2010DT607FE.jpg?fit=1200%2C675&resize=350%2C200","width":350,"height":200},"classes":[]}],"_links":{"self":[{"href":"http:\/\/astehshop.com\/index.php\/wp-json\/wp\/v2\/product\/10113"}],"collection":[{"href":"http:\/\/astehshop.com\/index.php\/wp-json\/wp\/v2\/product"}],"about":[{"href":"http:\/\/astehshop.com\/index.php\/wp-json\/wp\/v2\/types\/product"}],"replies":[{"embeddable":true,"href":"http:\/\/astehshop.com\/index.php\/wp-json\/wp\/v2\/comments?post=10113"}],"wp:featuredmedia":[{"embeddable":true,"href":"http:\/\/astehshop.com\/index.php\/wp-json\/wp\/v2\/media\/10114"}],"wp:attachment":[{"href":"http:\/\/astehshop.com\/index.php\/wp-json\/wp\/v2\/media?parent=10113"}],"wp:term":[{"taxonomy":"product_cat","embeddable":true,"href":"http:\/\/astehshop.com\/index.php\/wp-json\/wp\/v2\/product_cat?post=10113"},{"taxonomy":"product_tag","embeddable":true,"href":"http:\/\/astehshop.com\/index.php\/wp-json\/wp\/v2\/product_tag?post=10113"}],"curies":[{"name":"wp","href":"https:\/\/api.w.org\/{rel}","templated":true}]}}