{"id":10101,"date":"2025-03-30T10:58:03","date_gmt":"2025-03-30T08:58:03","guid":{"rendered":"http:\/\/astehshop.com\/?post_type=product&#038;p=10101"},"modified":"2026-02-23T22:46:43","modified_gmt":"2026-02-23T21:46:43","slug":"hac-hfw1500cl-il-a-5-mpx-dual-light-dahua-kamera","status":"publish","type":"product","link":"http:\/\/astehshop.com\/index.php\/product\/hac-hfw1500cl-il-a-5-mpx-dual-light-dahua-kamera\/","title":{"rendered":"HAC-HFW1500CL-IL-A 5 MPX Dual Light Dahua kamera"},"content":{"rendered":"<p>Dahua HAC-HFW1500CL-IL-A-0280B-S2 5MP HDCVI Smart Dual Light bullet kamera , DWDR, IR i LED dometa 20m, integrisanim mikrofonom, za\u0161titom IP67 i podr\u0161kom za 4-u-1 re\u017eime.<\/p>\n<p><iframe loading=\"lazy\"  id=\"_ytid_67535\"  width=\"480\" height=\"270\"  data-origwidth=\"480\" data-origheight=\"270\"  src=\"https:\/\/www.youtube.com\/embed\/TckTLrQiIfM?enablejsapi=1&#038;autoplay=0&#038;cc_load_policy=0&#038;cc_lang_pref=&#038;iv_load_policy=1&#038;loop=0&#038;modestbranding=0&#038;rel=1&#038;fs=1&#038;playsinline=0&#038;autohide=2&#038;theme=dark&#038;color=red&#038;controls=1&#038;\" class=\"__youtube_prefs__  epyt-is-override  no-lazyload\" title=\"YouTube player\"  allow=\"autoplay; encrypted-media\" allowfullscreen data-no-lazy=\"1\" data-skipgform_ajax_framebjll=\"\"><\/iframe><\/p>\n","protected":false},"excerpt":{"rendered":"<p>Dahua HAC-HFW1500CL-IL-A-0280B-S2 5MP HDCVI Smart Dual Light bullet kamera , DWDR, IR i LED dometa 20m, integrisanim mikrofonom, za\u0161titom IP67 i podr\u0161kom za 4-u-1 re\u017eime.<\/p>\n<p>https:\/\/www.youtube.com\/watch?v=TckTLrQiIfM<\/p>\n<p>&nbsp;<\/p>\n","protected":false},"featured_media":10102,"comment_status":"open","ping_status":"closed","template":"","meta":{"_mi_skip_tracking":false,"_exactmetrics_sitenote_active":false,"_exactmetrics_sitenote_note":"","_exactmetrics_sitenote_category":0,"spay_email":""},"product_cat":[132],"product_tag":[598,7731,2832,7730,7732,4987,3078,474,394],"brands":[{"id":2045,"name":"Dahua","slug":"dahua"}],"df_price":"","df_sale_price":"","df_regular_price":"","df_image_link":"https:\/\/i0.wp.com\/astehshop.com\/wp-content\/uploads\/2025\/03\/1200cm.png?fit=400%2C400","jetpack_publicize_connections":[],"jetpack_sharing_enabled":true,"jetpack_likes_enabled":true,"jetpack-related-posts":[{"id":5420,"url":"http:\/\/astehshop.com\/index.php\/product\/dahua-hac-hdw1500em-a-0280-dome-5-mpx\/","url_meta":{"origin":10101,"position":0},"title":"Dahua HAC-HDW1500EM-A-0280 dome 5 MPX","date":"16. listopada 2021.","format":false,"excerpt":"HDCVI kamera, 5 megapiksela, Effective Pixels 2592(H)\u00d71944(V), vodootporna kamera u dome IP67 ku\u0107i\u0161tu, sa integrisanim mikrofonom Image Sensor 1\/2.7'' CMOS 5 megapikselni \u010dip Max 5MP, 20fps@5MP, 25\/30fps@4MP, 25\/30fps@1080P, Auto (ICR) \/ Manual, BLC \/ HLC \/ DWDR, DWDR, AGC, White Balance, Smart IR, fiksni megapikselni objektiv 2,8mm, Smart infracrvene diode\u2026","rel":"","context":"Srodne objave","img":{"alt_text":"","src":"https:\/\/i1.wp.com\/astehshop.com\/wp-content\/uploads\/2021\/10\/HAC-HDW1500EM-A-0280.jpg?fit=500%2C500&resize=350%2C200","width":350,"height":200},"classes":[]},{"id":5435,"url":"http:\/\/astehshop.com\/index.php\/product\/dahua-hac-hfw1200t-a-0280b-sa-mikrofonom-1080p\/","url_meta":{"origin":10101,"position":1},"title":"Dahua HAC-HFW1200T-A-0280B sa mikrofonom 1080p","date":"16. listopada 2021.","format":false,"excerpt":"2MP HDCVI kamera u bullet ku\u0107i\u0161tu 4 u 1 TVI\/AHD\/CVI\/CVBS re\u017eim. 0.02Lux\/F1.85, 30IRE, 0Lux IR on. Maksimalna rezolucija 1920x1080. Fiksna optika 2.8mm. Nivo za\u0161tite IP67. DWDR. Domet IC dioda 30 metara. Integrisan mikrofon. 12v napajanje. Odgovaraju\u0107a dozna je PFA134.","rel":"","context":"Srodne objave","img":{"alt_text":"","src":"https:\/\/i1.wp.com\/astehshop.com\/wp-content\/uploads\/2021\/10\/Dahua-2MP-HDCVI-IR-Bullet-Camera-28mm-HAC-HFW1200T-0280B.png?fit=400%2C400&resize=350%2C200","width":350,"height":200},"classes":[]},{"id":5432,"url":"http:\/\/astehshop.com\/index.php\/product\/dahua-2mp-hdcvi-ir-bullet-camera-28mm-hac-hfw1200t-0280b\/","url_meta":{"origin":10101,"position":2},"title":"Dahua 2MP HDCVI IR Bullet Camera, 2,8mm HAC-HFW1200T-0280B","date":"16. listopada 2021.","format":false,"excerpt":"2MP HDCVI kamera u bullet ku\u0107i\u0161tu 4 u 1 TVI\/AHD\/CVI\/CVBS re\u017eim. 0.02Lux\/F1.9, 30IRE, 0Lux IR on. Maksimalna rezolucija 1920x1080. Fiksna optika 2.8mm. Nivo za\u0161tite IP67. DWDR. Domet IC dioda 30 metara. 12v napajanje. Odgovaraju\u0107a dozna je PFA134. Nosa\u010d za banderu je PFA152-E.","rel":"","context":"Srodne objave","img":{"alt_text":"","src":"https:\/\/i1.wp.com\/astehshop.com\/wp-content\/uploads\/2021\/10\/Dahua-2MP-HDCVI-IR-Bullet-Camera-28mm-HAC-HFW1200T-0280B.png?fit=400%2C400&resize=350%2C200","width":350,"height":200},"classes":[]},{"id":7683,"url":"http:\/\/astehshop.com\/index.php\/product\/dahua-hac-hdw1500trq-0280b-s2-dome-kamera\/","url_meta":{"origin":10101,"position":3},"title":"Dahua HAC-HDW1500TRQ-0280B-S2 dome kamera","date":"9. svibnja 2023.","format":false,"excerpt":"5MP HDCVI kamera u eyeball ku\u0107i\u0161tu sa StarLight tehnologijom 4 u 1 TVI\/AHD\/CVI\/CVBS re\u017eim 0.005 Lux\/F1.6 30IRE 0 Lux IR on Maksimalna rezolucija 2880x1620 Fiksna optika 2.8 mm Nivo za\u0161tite IP50 DWDR Domet IC dioda 25 metara 12v napajanje Odgovaraju\u0107a dozna je PFA13G Nosa\u010d za banderu je PFA152-E Zidni nosa\u010d\u2026","rel":"","context":"Srodne objave","img":{"alt_text":"","src":"https:\/\/i1.wp.com\/astehshop.com\/wp-content\/uploads\/2023\/05\/HAC-HDW1500TRQ-0280B-S2_10197_0.png?fit=1194%2C1128&resize=350%2C200","width":350,"height":200},"classes":[]},{"id":9075,"url":"http:\/\/astehshop.com\/index.php\/product\/dahua-hac-hdbw1500e-0280b-s2-kamera\/","url_meta":{"origin":10101,"position":4},"title":"Dahua HAC-HDBW1500E-0280B-S2 kamera","date":"19. velja\u010de 2024.","format":false,"excerpt":"5MP HDCVI kamera u dome ku\u0107i\u0161tu 4 u 1 TVI\/AHD\/CVI\/CVBS re\u017eim. 0.01 Lux\/F1.6, 30IRE, 0 Lux IR on . Maksimalna rezolucija 2880x1620. Fiksna optika 2.8 mm. Nivo za\u0161tite IP67, IK10. DWDR. Domet IC dioda 30 metara. 12v napajanje. Odgovaraju\u0107a dozna je PFA136. Nosa\u010d za banderu je PFA152-E. Zidni nosa\u010d je\u2026","rel":"","context":"Srodne objave","img":{"alt_text":"","src":"https:\/\/i1.wp.com\/astehshop.com\/wp-content\/uploads\/2024\/02\/dahua-hac-hdbw1500e-0280b-s2-kamera_0.png?fit=1200%2C675&resize=350%2C200","width":350,"height":200},"classes":[]},{"id":3696,"url":"http:\/\/astehshop.com\/index.php\/product\/dahua-2mp-hdcvi-dome-kamera-hac-hdw1200r-0280b-s\/","url_meta":{"origin":10101,"position":5},"title":"Dahua 2MP HDCVI dome kamera HAC-HDW1200R-0280B-S","date":"27. rujna 2019.","format":false,"excerpt":"> Maks. 30 kadrova u sekundi @ 1080P > Izlazi HD i SD mogu se mijenjati > 3.6 mm fiksna so\u010diva (opcija 2.8mm) > Maks. IR du\u017eina 20m, Smart IR > DC12V","rel":"","context":"Srodne objave","img":{"alt_text":"","src":"https:\/\/i2.wp.com\/astehshop.com\/wp-content\/uploads\/2019\/09\/HAC-HDW1200R-0280B-S.png?fit=400%2C400&resize=350%2C200","width":350,"height":200},"classes":[]}],"_links":{"self":[{"href":"http:\/\/astehshop.com\/index.php\/wp-json\/wp\/v2\/product\/10101"}],"collection":[{"href":"http:\/\/astehshop.com\/index.php\/wp-json\/wp\/v2\/product"}],"about":[{"href":"http:\/\/astehshop.com\/index.php\/wp-json\/wp\/v2\/types\/product"}],"replies":[{"embeddable":true,"href":"http:\/\/astehshop.com\/index.php\/wp-json\/wp\/v2\/comments?post=10101"}],"wp:featuredmedia":[{"embeddable":true,"href":"http:\/\/astehshop.com\/index.php\/wp-json\/wp\/v2\/media\/10102"}],"wp:attachment":[{"href":"http:\/\/astehshop.com\/index.php\/wp-json\/wp\/v2\/media?parent=10101"}],"wp:term":[{"taxonomy":"product_cat","embeddable":true,"href":"http:\/\/astehshop.com\/index.php\/wp-json\/wp\/v2\/product_cat?post=10101"},{"taxonomy":"product_tag","embeddable":true,"href":"http:\/\/astehshop.com\/index.php\/wp-json\/wp\/v2\/product_tag?post=10101"}],"curies":[{"name":"wp","href":"https:\/\/api.w.org\/{rel}","templated":true}]}}