{"id":10079,"date":"2025-03-25T19:30:02","date_gmt":"2025-03-25T18:30:02","guid":{"rendered":"http:\/\/astehshop.com\/?post_type=product&#038;p=10079"},"modified":"2026-01-14T18:42:09","modified_gmt":"2026-01-14T17:42:09","slug":"gree-klima-uredaj-gwh09avcxb","status":"publish","type":"product","link":"http:\/\/astehshop.com\/index.php\/product\/gree-klima-uredaj-gwh09avcxb\/","title":{"rendered":"GREE KLIMA URE\u0110AJ GWH09AVCXB"},"content":{"rendered":"<div>Zidna unutarnja i vanjska jedinica<\/div>\n<p>U\u010dinak hla\u0111enja: 2,7 (0,85 &#8211; 4,0) kW<\/p>\n<div>U\u010dinak grijanja: 3,0 (1,0 &#8211; 4,6) kW<\/div>\n<div>\n<p>Radni medij: R32<\/p>\n<div>Grije do -25\u00b0C vanjske temperature!<br \/>\nPreporuka za primarno grijanje na vrlo niskim vanjskim temperaturama!<\/div>\n<\/div>\n<p>Prikladno za prostor do 25m2<br \/>\nEnergetska klasa: A+++<\/p>\n<div>Garancija : 5 godina (3 god. osnovno + 2 god. uz registraciju)<\/div>\n<div><\/div>\n<div>\n<div>GREE KLIMA URE\u0110AJ<\/div>\n<h2><span style=\"color: #ff0000;\">AIRY- komplet zidna unutarnja i vanjska jedinica<\/span><\/h2>\n<div><\/div>\n<div>Otkrijte savr\u0161enu kombinaciju tehnolo\u0161kih inovacija, izvanrednih performansi i profinjene elegancije s najnovijim dodatkom asortimanu ku\u0107ne serije \u2013 Gree Airy modelima. Dizajnirane za besprijekornu integraciju u svaki prostor, opremljene \u0161irokom lepezom funkcija, UV-C tehnologijom te umjetnom inteligencijom predstavljaju pravi iskorak u klimatizaciji i ure\u0111aje koji \u0107e zadovoljiti potrebe i najzahtjevnijih korisnika.<\/div>\n<div><\/div>\n<\/div>\n<div><span style=\"color: #ff0000;\"><strong>Hibridna defrost tehnologija\u00a0<\/strong><\/span><br \/>\nInovativni algoritam kojim se omogu\u0107ava da jedinica neometano grije i dok je u defrost modu. U uvjetima od -5\u00b0C do -10\u00b0C uklju\u010duje se na\u010din rada za brzo uklanjanje mraza i jedinica u samo 2-3 minute odradi defrost, dok kod drugih modela taj postupak traje 8-12 minuta. Bitna prednost ovog ure\u0111aja je i mogu\u0107nost neprekidnog grijanja do 10 sati.<span style=\"color: #ff0000;\"><strong>Ugodno hla\u0111enje i grijanje\u00a0<\/strong><\/span><br \/>\nInovativnim dizajnom zaobljenih krilaca s iznimno \u0161irokim rasponom kretanja pove\u0107an je protok zraka za 10%, kao i njegov raspon na 15,5m. Pametna kontrola vlage odr\u017eava kvalitetu zraka u prostoriji spre\u010davaju\u0107i suho\u0107u i odr\u017eavaju\u0107i vlagu zraka po \u017eelji korisnika od 40%-80%. Jedinice su opremljene podesivim svjetlom zaslona koji se prilago\u0111ava okolnom svjetlu, pove\u0107ava svjetlinu tijekom dana i smanjuje je no\u0107u kako bi sprije\u010dio iritaciju o\u010diju i ometanje sna.<\/p>\n<p><span style=\"color: #ff0000;\"><strong>Tihi na\u010din rada\u00a0<\/strong><\/span><br \/>\nPrigrlite mir s niskom radnom bukom Airy jedinica koja pada na \u010dak 19 dB(A) u tihom na\u010dinu rada \u2013 razina sli\u010dna tihom zujanju insekata u mirnoj ljetnoj no\u0107i. No\u0107ni na\u010din rada vanjskim jedinicama zna\u010dajno smanjuje buku na tek 40 dB(A) osiguravaju\u0107i mirnu atmosferu i savr\u0161eno okru\u017eenje za udoban san kako vama tako i va\u0161im susjedima.<\/p>\n<p><span style=\"color: #ff0000;\"><strong>\u010cist zrak\u00a0 &#8211; UV-C svjetlo\u00a0\u00a0<\/strong><\/span><br \/>\nS ciljem osiguranja \u017eeljene \u010disto\u0107e i kvalitete zraka prostorije Airy jedinice opremljene su velikim filterom izra\u0111enim od visokokvalitetnih materijala kojeg krasi iznimna \u010dvrsto\u0107a i otpornost na deformacije. Airy jedinice tako\u0111er su opremljene i UV-C svjetlom koji u\u010dinkovito eliminira bakterijske spore, mikrobakterije, viruse i gljivice. Stopa sterilizacije bakterije stafilokoka dose\u017ee iznena\u0111uju\u0107ih 93,91%, jam\u010de\u0107i vrhunsku kvalitetu i \u010disto\u0107u zraka kojeg udi\u0161ete.<\/p>\n<p><span style=\"color: #ff0000;\"><strong>\u0160tedi energiju i \u010duva prirodu\u00a0<\/strong> <\/span><br \/>\nAlgoritam umjetne inteligencije precizno prepoznaje potrebe korisnika, prilago\u0111avaju\u0107i parametre rada ure\u0111aja na na\u010din koji osigurava potpunu udobnost uz istovremenu u\u0161tedu energije \u010dime su mogu\u0107e u\u0161tede i do 10%. Zahvaljuju\u0107i G-AI Plus tehnologiji, sustav mo\u017ee indirektno uzeti u obzir faktore poput veli\u010dine prostorije, optere\u0107enja topline, intenziteta sun\u010deve svjetlosti te specifi\u010dne karakteristike instalacije kako bi odabrao najpovoljniju strategiju u\u0161tede energije.<\/p>\n<p><span style=\"color: #ff0000;\"><strong>Inteligentno upravljanje\u00a0<\/strong><\/span><br \/>\nAiry ima mogu\u0107nost Wi-Fi Bluetooth povezivanja koje omogu\u0107uje automatsko spajanje ure\u0111aja na mre\u017eu te mobilne ure\u0111aje u blizini u samo 4 jednostavna koraka. Uz instalaciju Gree+ aplikacije na pametnom telefonu, ra\u010dunalu ili tabletu mogu\u0107e je jedinicama plansko upravljati s bilo koje lokacije na svijetu i izvan granica Va\u0161eg doma. Prilagodite svoj sustav klimatizacije tako da uvijek ispunjava Va\u0161e potrebe i otklju\u010dajte puni potencijal jedinica Airy serije.<\/p>\n<\/div>\n<div><\/div>\n<div><a href=\"https:\/\/i1.wp.com\/astehshop.com\/wp-content\/uploads\/2025\/03\/gree-airy.jpg\" data-rel=\"lightbox-image-0\" data-rl_title=\"\" data-rl_caption=\"\" title=\"\"><img data-attachment-id=\"10081\" data-permalink=\"http:\/\/astehshop.com\/?attachment_id=10081\" data-orig-file=\"https:\/\/i1.wp.com\/astehshop.com\/wp-content\/uploads\/2025\/03\/gree-airy.jpg?fit=1200%2C881\" data-orig-size=\"1200,881\" data-comments-opened=\"1\" data-image-meta=\"{&quot;aperture&quot;:&quot;0&quot;,&quot;credit&quot;:&quot;&quot;,&quot;camera&quot;:&quot;&quot;,&quot;caption&quot;:&quot;&quot;,&quot;created_timestamp&quot;:&quot;0&quot;,&quot;copyright&quot;:&quot;&quot;,&quot;focal_length&quot;:&quot;0&quot;,&quot;iso&quot;:&quot;0&quot;,&quot;shutter_speed&quot;:&quot;0&quot;,&quot;title&quot;:&quot;&quot;,&quot;orientation&quot;:&quot;0&quot;}\" data-image-title=\"gree airy\" data-image-description=\"\" data-image-caption=\"\" data-medium-file=\"https:\/\/i1.wp.com\/astehshop.com\/wp-content\/uploads\/2025\/03\/gree-airy.jpg?fit=450%2C330\" data-large-file=\"https:\/\/i1.wp.com\/astehshop.com\/wp-content\/uploads\/2025\/03\/gree-airy.jpg?fit=1024%2C752\" decoding=\"async\" loading=\"lazy\" class=\"alignnone wp-image-10081\" src=\"https:\/\/i1.wp.com\/astehshop.com\/wp-content\/uploads\/2025\/03\/gree-airy.jpg?resize=721%2C529\" alt=\"\" width=\"721\" height=\"529\" srcset=\"https:\/\/i1.wp.com\/astehshop.com\/wp-content\/uploads\/2025\/03\/gree-airy.jpg?resize=450%2C330 450w, https:\/\/i1.wp.com\/astehshop.com\/wp-content\/uploads\/2025\/03\/gree-airy.jpg?resize=1024%2C752 1024w, https:\/\/i1.wp.com\/astehshop.com\/wp-content\/uploads\/2025\/03\/gree-airy.jpg?resize=768%2C564 768w, https:\/\/i1.wp.com\/astehshop.com\/wp-content\/uploads\/2025\/03\/gree-airy.jpg?resize=300%2C220 300w, https:\/\/i1.wp.com\/astehshop.com\/wp-content\/uploads\/2025\/03\/gree-airy.jpg?resize=1170%2C859 1170w, https:\/\/i1.wp.com\/astehshop.com\/wp-content\/uploads\/2025\/03\/gree-airy.jpg?resize=600%2C441 600w, https:\/\/i1.wp.com\/astehshop.com\/wp-content\/uploads\/2025\/03\/gree-airy.jpg?w=1200 1200w\" sizes=\"(max-width: 721px) 100vw, 721px\" data-recalc-dims=\"1\" \/><\/a><\/div>\n<div><\/div>\n<div><a href=\"https:\/\/i1.wp.com\/astehshop.com\/wp-content\/uploads\/2025\/03\/produzi-garanciju.jpg\" data-rel=\"lightbox-image-1\" data-rl_title=\"\" data-rl_caption=\"\" title=\"\"><img data-attachment-id=\"10082\" data-permalink=\"http:\/\/astehshop.com\/?attachment_id=10082\" data-orig-file=\"https:\/\/i1.wp.com\/astehshop.com\/wp-content\/uploads\/2025\/03\/produzi-garanciju.jpg?fit=1367%2C660\" data-orig-size=\"1367,660\" data-comments-opened=\"1\" data-image-meta=\"{&quot;aperture&quot;:&quot;0&quot;,&quot;credit&quot;:&quot;&quot;,&quot;camera&quot;:&quot;&quot;,&quot;caption&quot;:&quot;&quot;,&quot;created_timestamp&quot;:&quot;0&quot;,&quot;copyright&quot;:&quot;&quot;,&quot;focal_length&quot;:&quot;0&quot;,&quot;iso&quot;:&quot;0&quot;,&quot;shutter_speed&quot;:&quot;0&quot;,&quot;title&quot;:&quot;&quot;,&quot;orientation&quot;:&quot;0&quot;}\" data-image-title=\"produzi garanciju\" data-image-description=\"\" data-image-caption=\"\" data-medium-file=\"https:\/\/i1.wp.com\/astehshop.com\/wp-content\/uploads\/2025\/03\/produzi-garanciju.jpg?fit=450%2C217\" data-large-file=\"https:\/\/i1.wp.com\/astehshop.com\/wp-content\/uploads\/2025\/03\/produzi-garanciju.jpg?fit=1024%2C494\" decoding=\"async\" loading=\"lazy\" class=\"alignnone wp-image-10082\" src=\"https:\/\/i1.wp.com\/astehshop.com\/wp-content\/uploads\/2025\/03\/produzi-garanciju.jpg?resize=670%2C323\" alt=\"\" width=\"670\" height=\"323\" srcset=\"https:\/\/i1.wp.com\/astehshop.com\/wp-content\/uploads\/2025\/03\/produzi-garanciju.jpg?resize=450%2C217 450w, https:\/\/i1.wp.com\/astehshop.com\/wp-content\/uploads\/2025\/03\/produzi-garanciju.jpg?resize=1024%2C494 1024w, https:\/\/i1.wp.com\/astehshop.com\/wp-content\/uploads\/2025\/03\/produzi-garanciju.jpg?resize=768%2C371 768w, https:\/\/i1.wp.com\/astehshop.com\/wp-content\/uploads\/2025\/03\/produzi-garanciju.jpg?resize=300%2C145 300w, https:\/\/i1.wp.com\/astehshop.com\/wp-content\/uploads\/2025\/03\/produzi-garanciju.jpg?resize=1170%2C565 1170w, https:\/\/i1.wp.com\/astehshop.com\/wp-content\/uploads\/2025\/03\/produzi-garanciju.jpg?resize=600%2C290 600w, https:\/\/i1.wp.com\/astehshop.com\/wp-content\/uploads\/2025\/03\/produzi-garanciju.jpg?w=1367 1367w\" sizes=\"(max-width: 670px) 100vw, 670px\" data-recalc-dims=\"1\" \/><\/a><\/div>\n<iframe  id=\"_ytid_21755\"  width=\"480\" height=\"270\"  data-origwidth=\"480\" data-origheight=\"270\"  src=\"https:\/\/www.youtube.com\/embed\/FxTlGH8hcNM?enablejsapi=1&autoplay=0&cc_load_policy=0&cc_lang_pref=&iv_load_policy=1&loop=0&modestbranding=0&rel=1&fs=1&playsinline=0&autohide=2&theme=dark&color=red&controls=1&\" class=\"__youtube_prefs__  no-lazyload\" title=\"YouTube player\"  allow=\"autoplay; encrypted-media\" allowfullscreen data-no-lazy=\"1\" data-skipgform_ajax_framebjll=\"\"><\/iframe>\n<p>&nbsp;<\/p>\n<div><\/div>\n<div><a href=\"https:\/\/register.deltron.ba\/\">Registruj svoj GREE ure\u0111aj klikom ovdje<\/a><\/div>\n<div><\/div>\n<div>MONTA\u017dA MONO-SPLIT KLIMA URE\u0110AJA jedne unutarnje i jedne vanjske jediniceNa web shopu TechnoShopBN monta\u017ea nije uklju\u010dena u cijenu klima ure\u0111aja.<br \/>\nOvla\u0161tenu monta\u017eu klima ure\u0111aja obavljamo na podru\u010dju Bijeljine i okoline do 20KM<br \/>\nAko \u017eelite ovla\u0161tenu monta\u017eu dodajte je u korpu i platite zajedno sa klima ure\u0111ajem koji izaberete<br \/>\nNakon pla\u0107anja klima ure\u0111aja i ukoliko \u017eelite monta\u017eu, ostavite nam kontakt podatke kako bi Vas monta\u017eer mogao kontaktirati<br \/>\nGarancija monta\u017eu vrijedi do isteka garancije na klima ure\u0111aj.Standardna monta\u017ea mono-split klima ure\u0111aja podrazumijeva monta\u017eu unutarnje i vanjske jedinice na visini do 5 metara, bez upotrebe skele ili auto dizalice.<br \/>\nKod ve\u0107ih visina dodatno se napla\u0107uju visinski radovi ili se anga\u017euje auto korpa ili postavlja skela koju dodatno pla\u0107a i osigurava kupac.<br \/>\nAko je potrebno demontirati i po potrebi ekolo\u0161ki zbrinuti stari klima ure\u0111aj, demonta\u017ea se dodatno pla\u0107a prema<br \/>\nMolimo Vas da nas prema potrebi kontaktirate za detalje kako bi prije izvo\u0111enja dobili sve informacije o potrebnim radovima i cijeni<\/p>\n<p>&nbsp;<\/p>\n<p>U standardnu monta\u017eu klima ure\u0111aja uklju\u010deno je:<\/p>\n<p>Dobava i postavljanje do 3 metra plinskih i elektro instalacija izme\u0111u unutarnje i vanjske jedinice<br \/>\nDobava i postavljanje do 3 metra PVC kanala za postavljanje instalacije izme\u0111u unutarnje i vanjske jedinice \u2013 nadgradno<br \/>\nDobava i postavljanje do 3 metra PVC kanala sa elektri\u010dnim kabelom za napajanje klima ure\u0111aja \u2013 nadgradno<br \/>\nDobava i postavljanje do 3 metra cijevi za odvod vode-kondenzata, slobodnim padom u pripremljeni odvod<br \/>\nDobava i postavljanje 1 par pocin\u010danih nosa\u010da za monta\u017eu vanjske jedinice (ukoliko nosa\u010di ve\u0107 postoje, to ne umanjuje cijenu usluge)<br \/>\nPotro\u0161ni materijal (\u0161arafi, tiplovi, izolacijska traka, vezice, silikon, gips i ostali potrebni materijal za monta\u017eu)<br \/>\n1 probijanje zida fi 55, debljine do 40cm (ukoliko rupa ve\u0107 postoji, to ne umanjuje cijenu usluge)<br \/>\nMonta\u017ea unutarnje i vanjske jedinice<br \/>\nSpajanje plinskih i elektro instalacija na unutarnjoj i vanjskoj jedinici<br \/>\nSpajanje napajanja na postoje\u0107u elektri\u010dnu instalaciju<br \/>\nVakumiranje<br \/>\nPu\u0161tanje u rad<br \/>\nTestiranje rada klime<br \/>\n\u010ci\u0161\u0107enje mijesta rada<br \/>\nOvjera garancije<\/p>\n<p><span style=\"color: #ff0000;\"><strong>Ukoliko monta\u017eu obavi osoba ili firma koju anga\u017euje kupac, a koja nije ovla\u0161tena za monta\u017eu klima ure\u0111aja, ista preuzima i odgovornost za eventualne kvarove i neispravnost na ure\u0111aju i monta\u017ei te u tom slu\u010daju Prodavatelj nije odgovoran za nastalu \u0161tetu a kupac gubi garanciju.<\/strong><\/span><\/p>\n<\/div>\n<div><\/div>\n","protected":false},"excerpt":{"rendered":"<div>Zidna unutarnja i vanjska jedinica<\/div>\n<p>U\u010dinak hla\u0111enja: 2,7 (0,85 &#8211; 4,0) kW<\/p>\n<div>U\u010dinak grijanja: 3,0 (1,0 &#8211; 4,6) kW<\/div>\n<div>\n<p>Radni medij: R32<\/p>\n<div>Grije do -25\u00b0C vanjske temperature!<br \/>\nPreporuka za primarno grijanje na vrlo niskim vanjskim temperaturama!<\/div>\n<\/div>\n<p>Prikladno za prostor do 25m2<br \/>\nEnergetska klasa: A+++<\/p>\n<div>Garancija : 5 godina (3 god. osnovno + 2 god. uz registraciju)<\/div>\n<div><\/div>\n<div><\/div>\n","protected":false},"featured_media":10080,"comment_status":"open","ping_status":"closed","template":"","meta":{"_mi_skip_tracking":false,"_exactmetrics_sitenote_active":false,"_exactmetrics_sitenote_note":"","_exactmetrics_sitenote_category":0,"spay_email":""},"product_cat":[2458],"product_tag":[7722,7717,7719,7718,7716,2468,7721,7720],"brands":[{"id":7715,"name":"gree","slug":"gree"}],"df_price":1403,"df_sale_price":"","df_regular_price":1403,"df_image_link":"https:\/\/i1.wp.com\/astehshop.com\/wp-content\/uploads\/2025\/03\/gree_airy_GWH09AVCXB_1.jpg?fit=450%2C450","jetpack_publicize_connections":[],"jetpack_sharing_enabled":true,"jetpack_likes_enabled":true,"jetpack-related-posts":[{"id":10167,"url":"http:\/\/astehshop.com\/index.php\/product\/azuri-console-parapetni-klima-uredaj-azi-fo25vd\/","url_meta":{"origin":10079,"position":0},"title":"AZURI CONSOLE Parapetni KLIMA URE\u0110AJ AZI-FO25VD","date":"6. travnja 2025.","format":false,"excerpt":"Podna unutarnja i vanjska jedinica U\u010dinak hla\u0111enja: 2,7kW (0,70 - 3,40) kW U\u010dinak grijanja: 2,9kW (0,60 - 3,50) kW Prikladno za prostor: do 25m2 Energetska klasa: A++ Wi-Fi upravljanje je uklju\u010deno u cijenu Garancija : 5 godina (3 god. osnovno + 2 god. uz registraciju) AZURI klima ure\u0111aji odlikuju se\u2026","rel":"","context":"Srodne objave","img":{"alt_text":"","src":"https:\/\/i0.wp.com\/astehshop.com\/wp-content\/uploads\/2025\/04\/parapetna-klima.png?fit=867%2C650&resize=350%2C200","width":350,"height":200},"classes":[]},{"id":7767,"url":"http:\/\/astehshop.com\/index.php\/product\/klima-uredaj-split-sistem-12000btu-32kw-a\/","url_meta":{"origin":10079,"position":1},"title":"Klima ure\u0111aj, split sistem, 12000Btu, 3,2kW, A","date":"15. svibnja 2023.","format":false,"excerpt":"Klima ure\u0111aj, split sistem, kapacitet hla\u0111enje 3,2kW, grijanje 3,5kW, protok zraka 630m\u00b3\/h, razina buke unutarnja jedinica 38dB, vanjska jedinica 54dB, ECO plin R410A, energetski razred A+ \/ A. Mitsubishi kompresor.","rel":"","context":"Srodne objave","img":{"alt_text":"","src":"https:\/\/i0.wp.com\/astehshop.com\/wp-content\/uploads\/2023\/05\/frozzini-12-scaled.jpg?fit=1200%2C1012&resize=350%2C200","width":350,"height":200},"classes":[]},{"id":7769,"url":"http:\/\/astehshop.com\/index.php\/product\/klima-uredaj-24000btu-premium-20-wifi-inverter-a-a\/","url_meta":{"origin":10079,"position":2},"title":"Klima ure\u0111aj, 24000Btu, premium -20\u00b0, Wifi, Inverter, A++\/A+","date":"15. svibnja 2023.","format":false,"excerpt":"Klima ure\u0111aj TAC-24CHSD\/LFI, 24000 Btu, kapacitet hla\u0111enja 6.84 ( 1.83 - 7.82 ) kW, kapacitet grijanja 7.05 ( 1.85 - 7.96 ) kW Protok zraka 1100 m\u00b3\/h, temperaturni opseg u modu hla\u0111enja -15\u00b0C - 53\u00b0C, premium -20\u00b0, grija\u010d vanjske jedinice, temperaturni opseg u modu grijanja -20\u00b0C - +30\u00b0C Rashladni plin\u2026","rel":"","context":"Srodne objave","img":{"alt_text":"","src":"https:\/\/i1.wp.com\/astehshop.com\/wp-content\/uploads\/2023\/05\/frozzini-24-bez-nosaca-scaled.jpg?fit=1200%2C936&resize=350%2C200","width":350,"height":200},"classes":[]},{"id":7771,"url":"http:\/\/astehshop.com\/index.php\/product\/klima-uredaj-18000btu-premium-20-wifi-inverter-a-a\/","url_meta":{"origin":10079,"position":3},"title":"Klima ure\u0111aj, 18000Btu, premium -20\u00b0, Wifi, Inverter, A++\/A+","date":"15. svibnja 2023.","format":false,"excerpt":"Klima ure\u0111aj TAC-18CHSD\/LFI, 18000 Btu, kapacitet hla\u0111enja 5.1 ( 1.25 - 5.90 ) kW, kapacitet grijanja 5.13 ( 1.25 - 6.08 ) kW Protok zraka 820 m\u00b3\/h, temperaturni opseg u modu hla\u0111enja -15\u00b0C - 53\u00b0C, premium -20\u00b0, grija\u010d vanjske jedinice, temperaturni opseg u modu grijanja -20\u00b0C - +30\u00b0C Rashladni plin\u2026","rel":"","context":"Srodne objave","img":{"alt_text":"","src":"https:\/\/i1.wp.com\/astehshop.com\/wp-content\/uploads\/2023\/05\/frozini-24-scaled.jpg?fit=1200%2C888&resize=350%2C200","width":350,"height":200},"classes":[]},{"id":10230,"url":"http:\/\/astehshop.com\/index.php\/product\/gree-cosmo-regular-klima-uredaj-gwh18awdxd-k6dna1a\/","url_meta":{"origin":10079,"position":4},"title":"Gree Cosmo Regular Klima Ure\u0111aj GWH18AWDXD-K6DNA1A","date":"12. travnja 2025.","format":false,"excerpt":"U\u010dinak hla\u0111enja: 5,3kW (1 - 6,4) kW U\u010dinak grijanja: 5,6kW (1,2 - 6,8) kW Freon : R32 Grije do -25\u00b0C vanjske temperature! Preporuka za primarno grijanje na vrlo niskim vanjskim temperaturama! Prikladno za prostor do 50m2 Energetska klasa: A++ Wi-Fi upravljanje je uklju\u010deno u cijenu Garancija : 5 godina (3\u2026","rel":"","context":"Srodne objave","img":{"alt_text":"","src":"https:\/\/i1.wp.com\/astehshop.com\/wp-content\/uploads\/2025\/04\/cosmo-regular.png?fit=580%2C584&resize=350%2C200","width":350,"height":200},"classes":[]},{"id":10189,"url":"http:\/\/astehshop.com\/index.php\/product\/azuri-supra-klima-uredaj-azi-wo25vg-multi-split-unutrasnja-jedinica\/","url_meta":{"origin":10079,"position":5},"title":"AZURI Supra KLIMA URE\u0110AJ AZI-WO25VG Multi Split unutra\u0161nja jedinica","date":"6. travnja 2025.","format":false,"excerpt":"Unutarnja zidna jedinica za multi sustav U\u010dinak hla\u0111enja: 2,7 kW (0,45-3,50) kW U\u010dinak grijanja: 3 kW (0,50-4,20) kW Prikladno za prostor: do 25m2 Wi-Fi upravljanje je uklju\u010deno u cijenu Garancija: 5 godina (3 god. osnovno + 2 god. uz registraciju) AZURI klima ure\u0111aji odlikuju se modernim dizajnom i visokom energetskom\u2026","rel":"","context":"Srodne objave","img":{"alt_text":"","src":"https:\/\/i2.wp.com\/astehshop.com\/wp-content\/uploads\/2025\/04\/SUPRA-1.png?fit=1024%2C1024&resize=350%2C200","width":350,"height":200},"classes":[]}],"_links":{"self":[{"href":"http:\/\/astehshop.com\/index.php\/wp-json\/wp\/v2\/product\/10079"}],"collection":[{"href":"http:\/\/astehshop.com\/index.php\/wp-json\/wp\/v2\/product"}],"about":[{"href":"http:\/\/astehshop.com\/index.php\/wp-json\/wp\/v2\/types\/product"}],"replies":[{"embeddable":true,"href":"http:\/\/astehshop.com\/index.php\/wp-json\/wp\/v2\/comments?post=10079"}],"wp:featuredmedia":[{"embeddable":true,"href":"http:\/\/astehshop.com\/index.php\/wp-json\/wp\/v2\/media\/10080"}],"wp:attachment":[{"href":"http:\/\/astehshop.com\/index.php\/wp-json\/wp\/v2\/media?parent=10079"}],"wp:term":[{"taxonomy":"product_cat","embeddable":true,"href":"http:\/\/astehshop.com\/index.php\/wp-json\/wp\/v2\/product_cat?post=10079"},{"taxonomy":"product_tag","embeddable":true,"href":"http:\/\/astehshop.com\/index.php\/wp-json\/wp\/v2\/product_tag?post=10079"}],"curies":[{"name":"wp","href":"https:\/\/api.w.org\/{rel}","templated":true}]}}