{"id":10035,"date":"2025-03-22T14:58:39","date_gmt":"2025-03-22T13:58:39","guid":{"rendered":"http:\/\/astehshop.com\/?post_type=product&#038;p=10035"},"modified":"2025-03-22T14:58:41","modified_gmt":"2025-03-22T13:58:41","slug":"montaza-klima-uredaja-12-na-postojece-instalacije","status":"publish","type":"product","link":"http:\/\/astehshop.com\/index.php\/product\/montaza-klima-uredaja-12-na-postojece-instalacije\/","title":{"rendered":"Monta\u017ea klima ure\u0111aja 12&#8221; na postoje\u0107e instalacije"},"content":{"rendered":"<p>Za monta\u017eu zidne\u00a0 i vanjske jedinice na visini do 5m na postavljene i odgovaraju\u0107e instalacije<br \/>\nGarancija na monta\u017eu vrijedi do isteka garancije za klima ure\u0111aj<br \/>\nOvla\u0161tenu monta\u017eu klima ure\u0111aja kupljenih u TechnoShopBN<br \/>\nza monta\u017eu unutarnje i vanjske jedinice mono split klima ure\u0111aja na postavljene instalacije<br \/>\nregion Bijeljina i bli\u017ea okolina 20 kilometara<\/p>\n","protected":false},"excerpt":{"rendered":"<p>Za monta\u017eu zidne\u00a0 i vanjske jedinice na visini do 5m na postavljene i odgovaraju\u0107e instalacije<br \/>\nGarancija na monta\u017eu vrijedi do isteka garancije za klima ure\u0111aj<br \/>\nOvla\u0161tenu monta\u017eu klima ure\u0111aja kupljenih u TechnoShopBN<br \/>\nza monta\u017eu unutarnje i vanjske jedinice mono split klima ure\u0111aja na postavljene instalacije<br \/>\nregion Bijeljina i bli\u017ea okolina 20 kilometara<\/p>\n","protected":false},"featured_media":10036,"comment_status":"open","ping_status":"closed","template":"","meta":{"_mi_skip_tracking":false,"_exactmetrics_sitenote_active":false,"_exactmetrics_sitenote_note":"","_exactmetrics_sitenote_category":0,"spay_email":""},"product_cat":[7665,7664],"product_tag":[7677,2461,7679,5683,1618,7680,7682,7681,1617,7678],"brands":[],"df_price":180,"df_sale_price":"","df_regular_price":180,"df_image_link":"https:\/\/i0.wp.com\/astehshop.com\/wp-content\/uploads\/2025\/03\/SUNDOWN1.png?fit=450%2C450","jetpack_publicize_connections":[],"jetpack_sharing_enabled":true,"jetpack_likes_enabled":true,"jetpack-related-posts":[{"id":10039,"url":"http:\/\/astehshop.com\/index.php\/product\/montaza-klima-uredaja-24-na-postojece-instalacije\/","url_meta":{"origin":10035,"position":0},"title":"Monta\u017ea klima ure\u0111aja 24\u201d na postoje\u0107e instalacije","date":"22. o\u017eujka 2025.","format":false,"excerpt":"Za monta\u017eu zidne i vanjske jedinice na visini do 5m na postavljene i odgovaraju\u0107e instalacije Garancija na monta\u017eu vrijedi do isteka garancije za klima ure\u0111aj Ovla\u0161tenu monta\u017eu klima ure\u0111aja kupljenih u TechnoShopBN za monta\u017eu unutarnje i vanjske jedinice mono split klima ure\u0111aja na postavljene instalacije region Bijeljina i bli\u017ea okolina\u2026","rel":"","context":"Srodne objave","img":{"alt_text":"","src":"https:\/\/i0.wp.com\/astehshop.com\/wp-content\/uploads\/2025\/03\/SUNDOWN1.png?fit=1080%2C1080&resize=350%2C200","width":350,"height":200},"classes":[]},{"id":10038,"url":"http:\/\/astehshop.com\/index.php\/product\/montaza-klima-uredaja-18-na-postojece-instalacije\/","url_meta":{"origin":10035,"position":1},"title":"Monta\u017ea klima ure\u0111aja 18\u201d na postoje\u0107e instalacije","date":"22. o\u017eujka 2025.","format":false,"excerpt":"Za monta\u017eu zidne i vanjske jedinice na visini do 5m na postavljene i odgovaraju\u0107e instalacije Garancija na monta\u017eu vrijedi do isteka garancije za klima ure\u0111aj Ovla\u0161tenu monta\u017eu klima ure\u0111aja kupljenih u TechnoShopBN za monta\u017eu unutarnje i vanjske jedinice mono split klima ure\u0111aja na postavljene instalacije region Bijeljina i bli\u017ea okolina\u2026","rel":"","context":"Srodne objave","img":{"alt_text":"","src":"https:\/\/i0.wp.com\/astehshop.com\/wp-content\/uploads\/2025\/03\/SUNDOWN1.png?fit=1080%2C1080&resize=350%2C200","width":350,"height":200},"classes":[]},{"id":10041,"url":"http:\/\/astehshop.com\/index.php\/product\/montaza-klima-uredaja-12-ukljuceno-do-3m-svih-instalacija-nosaci\/","url_meta":{"origin":10035,"position":2},"title":"Monta\u017ea klima ure\u0111aja 12\u201d ( uklju\u010deno do 3m svih instalacija ) + nosa\u010di","date":"22. o\u017eujka 2025.","format":false,"excerpt":"Za monta\u017eu zidne i vanjske jedinice na visini do 5m Uklju\u010dena je i monta\u017ea do 3 m svih instalacija i probijanje jednog zida fi 55 + nosa\u010di Uklju\u010deno 3m kondez crijeva Svaki dodatni metar instalacije izme\u0111u unutarnje i vanjske jedinice napla\u0107uje se posebno Garancija na monta\u017eu: do isteka garancije za\u2026","rel":"","context":"Srodne objave","img":{"alt_text":"","src":"https:\/\/i0.wp.com\/astehshop.com\/wp-content\/uploads\/2025\/03\/SUNDOWN1.png?fit=1080%2C1080&resize=350%2C200","width":350,"height":200},"classes":[]},{"id":10043,"url":"http:\/\/astehshop.com\/index.php\/product\/montaza-klima-uredaja-18-ukljuceno-do-3m-svih-instalacija-nosaci\/","url_meta":{"origin":10035,"position":3},"title":"Monta\u017ea klima ure\u0111aja 18\u201d ( uklju\u010deno do 3m svih instalacija ) + nosa\u010di","date":"22. o\u017eujka 2025.","format":false,"excerpt":"Za monta\u017eu zidne i vanjske jedinice na visini do 5m Uklju\u010dena je i monta\u017ea do 3 m svih instalacija i probijanje jednog zida fi 55 + nosa\u010di Uklju\u010deno 3m kondez crijeva Svaki dodatni metar instalacije izme\u0111u unutarnje i vanjske jedinice napla\u0107uje se posebno Garancija na monta\u017eu: do isteka garancije za\u2026","rel":"","context":"Srodne objave","img":{"alt_text":"","src":"https:\/\/i0.wp.com\/astehshop.com\/wp-content\/uploads\/2025\/03\/SUNDOWN1.png?fit=1080%2C1080&resize=350%2C200","width":350,"height":200},"classes":[]},{"id":10045,"url":"http:\/\/astehshop.com\/index.php\/product\/montaza-klima-uredaja-24-ukljuceno-do-3m-svih-instalacija-nosaci\/","url_meta":{"origin":10035,"position":4},"title":"Monta\u017ea klima ure\u0111aja 24\u201d ( uklju\u010deno do 3m svih instalacija ) + nosa\u010di","date":"22. o\u017eujka 2025.","format":false,"excerpt":"Za monta\u017eu zidne i vanjske jedinice na visini do 5m Uklju\u010dena je i monta\u017ea do 3 m svih instalacija i probijanje jednog zida fi 55 + nosa\u010di Uklju\u010deno 3m kondez crijeva Svaki dodatni metar instalacije izme\u0111u unutarnje i vanjske jedinice napla\u0107uje se posebno Garancija na monta\u017eu: do isteka garancije za\u2026","rel":"","context":"Srodne objave","img":{"alt_text":"","src":"https:\/\/i0.wp.com\/astehshop.com\/wp-content\/uploads\/2025\/03\/SUNDOWN1.png?fit=1080%2C1080&resize=350%2C200","width":350,"height":200},"classes":[]},{"id":9389,"url":"http:\/\/astehshop.com\/index.php\/product\/klima-uredaj-favorit-24000-btu-ff\/","url_meta":{"origin":10035,"position":5},"title":"Klima ure\u0111aj FAVORIT 24000 BTU FF -15","date":"22. lipnja 2024.","format":false,"excerpt":"Proizvo\u0111a\u010d FAVORIT Model 24000BTU INVERTER FF Snaga 24000 BTU GRIJA\u010c U SPOLJA\u0160NJOJ JEDINICI\u00a0 Napon 220\/230 V \u2013 50Hz Temperatura -15\u00b0C do +49\u00b0C (spoljna) Kapacitet grijanja 7,0 kW Kapacitet hla\u0111enja 7,3 kW Energetska klasa A++\/A+ Prostor hla\u0111enja\/zagrijevanja 80-120 m2","rel":"","context":"Srodne objave","img":{"alt_text":"","src":"https:\/\/i2.wp.com\/astehshop.com\/wp-content\/uploads\/2024\/06\/24-klima-15.png?fit=1080%2C1080&resize=350%2C200","width":350,"height":200},"classes":[]}],"_links":{"self":[{"href":"http:\/\/astehshop.com\/index.php\/wp-json\/wp\/v2\/product\/10035"}],"collection":[{"href":"http:\/\/astehshop.com\/index.php\/wp-json\/wp\/v2\/product"}],"about":[{"href":"http:\/\/astehshop.com\/index.php\/wp-json\/wp\/v2\/types\/product"}],"replies":[{"embeddable":true,"href":"http:\/\/astehshop.com\/index.php\/wp-json\/wp\/v2\/comments?post=10035"}],"wp:featuredmedia":[{"embeddable":true,"href":"http:\/\/astehshop.com\/index.php\/wp-json\/wp\/v2\/media\/10036"}],"wp:attachment":[{"href":"http:\/\/astehshop.com\/index.php\/wp-json\/wp\/v2\/media?parent=10035"}],"wp:term":[{"taxonomy":"product_cat","embeddable":true,"href":"http:\/\/astehshop.com\/index.php\/wp-json\/wp\/v2\/product_cat?post=10035"},{"taxonomy":"product_tag","embeddable":true,"href":"http:\/\/astehshop.com\/index.php\/wp-json\/wp\/v2\/product_tag?post=10035"}],"curies":[{"name":"wp","href":"https:\/\/api.w.org\/{rel}","templated":true}]}}