{"id":10031,"date":"2025-03-22T14:50:45","date_gmt":"2025-03-22T13:50:45","guid":{"rendered":"http:\/\/astehshop.com\/?post_type=product&#038;p=10031"},"modified":"2025-03-22T14:50:46","modified_gmt":"2025-03-22T13:50:46","slug":"demontaza-klima-uredaja-12","status":"publish","type":"product","link":"http:\/\/astehshop.com\/index.php\/product\/demontaza-klima-uredaja-12\/","title":{"rendered":"Demonta\u017ea klima ure\u0111aja 12&#8221;"},"content":{"rendered":"<ul>\n<li>Demonta\u017ea zidne ili podne unutarnje i vanjske jedinice do 3m visine<\/li>\n<li>Sabijanje kompletnog freona u vanjsku jedinicu<\/li>\n<li>Za\u0161tita ventila i spojeva izolacijskom trakom<\/li>\n<li>region Bijeljina i bli\u017ea okolina 20 kilometara<\/li>\n<\/ul>\n<p>&nbsp;<\/p>\n","protected":false},"excerpt":{"rendered":"<ul>\n<li>Demonta\u017ea zidne ili podne unutarnje i vanjske jedinice do 3m visine<\/li>\n<li>Sabijanje kompletnog freona u vanjsku jedinicu<\/li>\n<li>Za\u0161tita ventila i spojeva izolacijskom trakom<\/li>\n<li>region Bijeljina i bli\u017ea okolina 20 kilometara<\/li>\n<\/ul>\n","protected":false},"featured_media":10032,"comment_status":"open","ping_status":"closed","template":"","meta":{"_mi_skip_tracking":false,"_exactmetrics_sitenote_active":false,"_exactmetrics_sitenote_note":"","_exactmetrics_sitenote_category":0,"spay_email":""},"product_cat":[7665,7664],"product_tag":[7671,7668,1620,7670,7666,7667,7669],"brands":[],"df_price":80,"df_sale_price":"","df_regular_price":80,"df_image_link":"https:\/\/i0.wp.com\/astehshop.com\/wp-content\/uploads\/2025\/03\/SUNDOWN3.png?fit=450%2C450","jetpack_publicize_connections":[],"jetpack_sharing_enabled":true,"jetpack_likes_enabled":true,"jetpack-related-posts":[{"id":10033,"url":"http:\/\/astehshop.com\/index.php\/product\/usluga-demontaze-klime-18\/","url_meta":{"origin":10031,"position":0},"title":"Usluga demonta\u017ee klime 18&#8221;","date":"22. o\u017eujka 2025.","format":false,"excerpt":"Demonta\u017ea zidne ili podne unutarnje i vanjske jedinice do 3m visine Sabijanje kompletnog freona u vanjsku jedinicu Za\u0161tita ventila i spojeva izolacijskom trakom region Bijeljina i bli\u017ea okolina 20 kilometara \u00a0","rel":"","context":"Srodne objave","img":{"alt_text":"","src":"https:\/\/i0.wp.com\/astehshop.com\/wp-content\/uploads\/2025\/03\/SUNDOWN3.png?fit=1080%2C1080&resize=350%2C200","width":350,"height":200},"classes":[]},{"id":10034,"url":"http:\/\/astehshop.com\/index.php\/product\/usluga-demontaze-klima-uredaja-24\/","url_meta":{"origin":10031,"position":1},"title":"Usluga demonta\u017ee klima ure\u0111aja 24&#8221;","date":"22. o\u017eujka 2025.","format":false,"excerpt":"Demonta\u017ea zidne ili podne unutarnje i vanjske jedinice do 3m visine Sabijanje kompletnog freona u vanjsku jedinicu Za\u0161tita ventila i spojeva izolacijskom trakom region Bijeljina i bli\u017ea okolina 20 kilometara \u00a0","rel":"","context":"Srodne objave","img":{"alt_text":"","src":"https:\/\/i0.wp.com\/astehshop.com\/wp-content\/uploads\/2025\/03\/SUNDOWN3.png?fit=1080%2C1080&resize=350%2C200","width":350,"height":200},"classes":[]},{"id":10038,"url":"http:\/\/astehshop.com\/index.php\/product\/montaza-klima-uredaja-18-na-postojece-instalacije\/","url_meta":{"origin":10031,"position":2},"title":"Monta\u017ea klima ure\u0111aja 18\u201d na postoje\u0107e instalacije","date":"22. o\u017eujka 2025.","format":false,"excerpt":"Za monta\u017eu zidne i vanjske jedinice na visini do 5m na postavljene i odgovaraju\u0107e instalacije Garancija na monta\u017eu vrijedi do isteka garancije za klima ure\u0111aj Ovla\u0161tenu monta\u017eu klima ure\u0111aja kupljenih u TechnoShopBN za monta\u017eu unutarnje i vanjske jedinice mono split klima ure\u0111aja na postavljene instalacije region Bijeljina i bli\u017ea okolina\u2026","rel":"","context":"Srodne objave","img":{"alt_text":"","src":"https:\/\/i0.wp.com\/astehshop.com\/wp-content\/uploads\/2025\/03\/SUNDOWN1.png?fit=1080%2C1080&resize=350%2C200","width":350,"height":200},"classes":[]},{"id":10039,"url":"http:\/\/astehshop.com\/index.php\/product\/montaza-klima-uredaja-24-na-postojece-instalacije\/","url_meta":{"origin":10031,"position":3},"title":"Monta\u017ea klima ure\u0111aja 24\u201d na postoje\u0107e instalacije","date":"22. o\u017eujka 2025.","format":false,"excerpt":"Za monta\u017eu zidne i vanjske jedinice na visini do 5m na postavljene i odgovaraju\u0107e instalacije Garancija na monta\u017eu vrijedi do isteka garancije za klima ure\u0111aj Ovla\u0161tenu monta\u017eu klima ure\u0111aja kupljenih u TechnoShopBN za monta\u017eu unutarnje i vanjske jedinice mono split klima ure\u0111aja na postavljene instalacije region Bijeljina i bli\u017ea okolina\u2026","rel":"","context":"Srodne objave","img":{"alt_text":"","src":"https:\/\/i0.wp.com\/astehshop.com\/wp-content\/uploads\/2025\/03\/SUNDOWN1.png?fit=1080%2C1080&resize=350%2C200","width":350,"height":200},"classes":[]},{"id":10041,"url":"http:\/\/astehshop.com\/index.php\/product\/montaza-klima-uredaja-12-ukljuceno-do-3m-svih-instalacija-nosaci\/","url_meta":{"origin":10031,"position":4},"title":"Monta\u017ea klima ure\u0111aja 12\u201d ( uklju\u010deno do 3m svih instalacija ) + nosa\u010di","date":"22. o\u017eujka 2025.","format":false,"excerpt":"Za monta\u017eu zidne i vanjske jedinice na visini do 5m Uklju\u010dena je i monta\u017ea do 3 m svih instalacija i probijanje jednog zida fi 55 + nosa\u010di Uklju\u010deno 3m kondez crijeva Svaki dodatni metar instalacije izme\u0111u unutarnje i vanjske jedinice napla\u0107uje se posebno Garancija na monta\u017eu: do isteka garancije za\u2026","rel":"","context":"Srodne objave","img":{"alt_text":"","src":"https:\/\/i0.wp.com\/astehshop.com\/wp-content\/uploads\/2025\/03\/SUNDOWN1.png?fit=1080%2C1080&resize=350%2C200","width":350,"height":200},"classes":[]},{"id":10043,"url":"http:\/\/astehshop.com\/index.php\/product\/montaza-klima-uredaja-18-ukljuceno-do-3m-svih-instalacija-nosaci\/","url_meta":{"origin":10031,"position":5},"title":"Monta\u017ea klima ure\u0111aja 18\u201d ( uklju\u010deno do 3m svih instalacija ) + nosa\u010di","date":"22. o\u017eujka 2025.","format":false,"excerpt":"Za monta\u017eu zidne i vanjske jedinice na visini do 5m Uklju\u010dena je i monta\u017ea do 3 m svih instalacija i probijanje jednog zida fi 55 + nosa\u010di Uklju\u010deno 3m kondez crijeva Svaki dodatni metar instalacije izme\u0111u unutarnje i vanjske jedinice napla\u0107uje se posebno Garancija na monta\u017eu: do isteka garancije za\u2026","rel":"","context":"Srodne objave","img":{"alt_text":"","src":"https:\/\/i0.wp.com\/astehshop.com\/wp-content\/uploads\/2025\/03\/SUNDOWN1.png?fit=1080%2C1080&resize=350%2C200","width":350,"height":200},"classes":[]}],"_links":{"self":[{"href":"http:\/\/astehshop.com\/index.php\/wp-json\/wp\/v2\/product\/10031"}],"collection":[{"href":"http:\/\/astehshop.com\/index.php\/wp-json\/wp\/v2\/product"}],"about":[{"href":"http:\/\/astehshop.com\/index.php\/wp-json\/wp\/v2\/types\/product"}],"replies":[{"embeddable":true,"href":"http:\/\/astehshop.com\/index.php\/wp-json\/wp\/v2\/comments?post=10031"}],"wp:featuredmedia":[{"embeddable":true,"href":"http:\/\/astehshop.com\/index.php\/wp-json\/wp\/v2\/media\/10032"}],"wp:attachment":[{"href":"http:\/\/astehshop.com\/index.php\/wp-json\/wp\/v2\/media?parent=10031"}],"wp:term":[{"taxonomy":"product_cat","embeddable":true,"href":"http:\/\/astehshop.com\/index.php\/wp-json\/wp\/v2\/product_cat?post=10031"},{"taxonomy":"product_tag","embeddable":true,"href":"http:\/\/astehshop.com\/index.php\/wp-json\/wp\/v2\/product_tag?post=10031"}],"curies":[{"name":"wp","href":"https:\/\/api.w.org\/{rel}","templated":true}]}}