{"id":10011,"date":"2025-03-16T13:33:48","date_gmt":"2025-03-16T12:33:48","guid":{"rendered":"http:\/\/astehshop.com\/?post_type=product&#038;p=10011"},"modified":"2026-01-17T09:32:06","modified_gmt":"2026-01-17T08:32:06","slug":"roombanker-relej","status":"publish","type":"product","link":"http:\/\/astehshop.com\/index.php\/product\/roombanker-relej\/","title":{"rendered":"Roombanker relej"},"content":{"rendered":"<p>Podignite svoj pametni dom ili sigurnosni sistem uz Roombanker RBF relejni modul, genijalno dizajniran za sveobuhvatnu kontrolu nad va\u0161im izvorima napajanja, u rasponu od 6 do 36 V\u2393. Ovaj modul nudi neusporedivu prakti\u010dnost, spajaju\u0107i fizi\u010dku kontrolu dugmadi sa sofisticiranim upravljanjem zasnovanim na aplikacijama putem aplikacije RB Link i omogu\u0107avaju\u0107i pametnu automatizaciju scene koja reaguje na razli\u010dite sistemske okida\u010de.<\/p>\n<p>Bilo da kontroli\u0161ete sisteme osvetljenja, bezbednosne aparate ili bilo koje druge postavke zavisne od napajanja, ovaj relejni modul se isti\u010de svojom fleksibilno\u0161\u0107u i pouzdano\u0161\u0107u. Koristi vrhunsku be\u017ei\u010dnu tehnologiju RBF kako bi garantirao sigurnu i \u0161ifriranu komunikaciju na udaljenostima do 1.900 metara, osiguravaju\u0107i da va\u0161a kontrola ostane neometana, bilo gdje unutar va\u0161eg posjeda.<\/p>\n<p>U pratnji intuitivnih indikatora upotrebe, uklju\u010duju\u0107i prepoznatljivo plavo svjetlo za status releja i sveobuhvatne signale za jednostavno postavljanje i rje\u0161avanje problema, RBF relejni modul pojednostavljuje automatizaciju pametne ku\u0107e. Energetski je efikasan, podr\u017eava maksimalno optere\u0107enje od 5 A na 24 V\u2393, dok njegov dizajn minimizira potro\u0161nju energije i buku, pobolj\u0161avaju\u0107i njegov rad.<\/p>\n<p>Kompaktan (40 mm \u00d7 35 mm \u00d7 20 mm) i lagan (25,7 g), dizajniran je za besprijekornu integraciju u va\u0161e ku\u0107no okru\u017eenje. Paket uklju\u010duje relejni modul i detaljan vodi\u010d za brzi po\u010detak, koji osigurava jednostavan proces postavljanja.<\/p>\n<p>Sertifikovan od strane CE, FCC, ICASA i podr\u017ean sa 24-mese\u010dnom garancijom, Roombanker RBF relejni modul predstavlja vrhunac pouzdanosti i funkcionalnosti u ku\u0107noj automatizaciji. Imajte na umu da za besprijekornu i potpunu integraciju ovog modula potreban je Roombanker Hub, \u0161to ga \u010dini mo\u0107nim dodatkom ekosistemu va\u0161eg pametnog doma.<\/p>\n","protected":false},"excerpt":{"rendered":"<p>Podignite svoj pametni dom ili sigurnosni sistem uz Roombanker RBF relejni modul, genijalno dizajniran za sveobuhvatnu kontrolu nad va\u0161im izvorima napajanja, u rasponu od 6 do 36 V\u2393. Ovaj modul nudi neusporedivu prakti\u010dnost, spajaju\u0107i fizi\u010dku kontrolu dugmadi sa sofisticiranim upravljanjem zasnovanim na aplikacijama putem aplikacije RB Link i omogu\u0107avaju\u0107i pametnu automatizaciju scene koja reaguje na razli\u010dite sistemske okida\u010de.<\/p>\n<p>Bilo da kontroli\u0161ete sisteme osvetljenja, bezbednosne aparate ili bilo koje druge postavke zavisne od napajanja, ovaj relejni modul se isti\u010de svojom fleksibilno\u0161\u0107u i pouzdano\u0161\u0107u. Koristi vrhunsku be\u017ei\u010dnu tehnologiju RBF kako bi garantirao sigurnu i \u0161ifriranu komunikaciju na udaljenostima do 1.900 metara, osiguravaju\u0107i da va\u0161a kontrola ostane neometana, bilo gdje unutar va\u0161eg posjeda.<\/p>\n<p>U pratnji intuitivnih indikatora upotrebe, uklju\u010duju\u0107i prepoznatljivo plavo svjetlo za status releja i sveobuhvatne signale za jednostavno postavljanje i rje\u0161avanje problema, RBF relejni modul pojednostavljuje automatizaciju pametne ku\u0107e. Energetski je efikasan, podr\u017eava maksimalno optere\u0107enje od 5 A na 24 V\u2393, dok njegov dizajn minimizira potro\u0161nju energije i buku, pobolj\u0161avaju\u0107i njegov rad.<\/p>\n<p>Kompaktan (40 mm \u00d7 35 mm \u00d7 20 mm) i lagan (25,7 g), dizajniran je za besprijekornu integraciju u va\u0161e ku\u0107no okru\u017eenje. Paket uklju\u010duje relejni modul i detaljan vodi\u010d za brzi po\u010detak, koji osigurava jednostavan proces postavljanja.<\/p>\n<p>Sertifikovan od strane CE, FCC, ICASA i podr\u017ean sa 24-mese\u010dnom garancijom, Roombanker RBF relejni modul predstavlja vrhunac pouzdanosti i funkcionalnosti u ku\u0107noj automatizaciji. Imajte na umu da za besprijekornu i potpunu integraciju ovog modula potreban je Roombanker Hub, \u0161to ga \u010dini mo\u0107nim dodatkom ekosistemu va\u0161eg pametnog doma.<\/p>\n","protected":false},"featured_media":10012,"comment_status":"open","ping_status":"closed","template":"","meta":{"_mi_skip_tracking":false,"_exactmetrics_sitenote_active":false,"_exactmetrics_sitenote_note":"","_exactmetrics_sitenote_category":0,"spay_email":""},"product_cat":[7634],"product_tag":[6750,3969,7662],"brands":[{"id":7629,"name":"RoomBanker","slug":"roombanker"}],"df_price":85,"df_sale_price":"","df_regular_price":85,"df_image_link":"https:\/\/i1.wp.com\/astehshop.com\/wp-content\/uploads\/2025\/03\/RBAD-RL1-868-2.webp?fit=450%2C450","jetpack_publicize_connections":[],"jetpack_sharing_enabled":true,"jetpack_likes_enabled":true,"jetpack-related-posts":[{"id":10009,"url":"http:\/\/astehshop.com\/index.php\/product\/roombanker-daljinski-upravljac-alarmnim-sistemom\/","url_meta":{"origin":10011,"position":0},"title":"RoomBanker daljinski upravlja\u010d alarmnim sistemom","date":"16. o\u017eujka 2025.","format":false,"excerpt":"Preuzmite kontrolu nad sigurno\u0161\u0107u svog doma uz Roombanker prijenosni be\u017ei\u010dni privezak za klju\u010deve, dizajniran za jednostavnu upotrebu i prakti\u010dnost. Ovaj privezak pojednostavljuje va\u0161e sigurnosne operacije, omogu\u0107avaju\u0107i vam da aktivirate i deaktivirate svoj sistem samo jednim klikom. Osim toga, nudi dva prilagodljiva gumba koja se mogu personalizirati putem aplikacije RB Link,\u2026","rel":"","context":"Srodne objave","img":{"alt_text":"","src":"https:\/\/i2.wp.com\/astehshop.com\/wp-content\/uploads\/2025\/03\/RBCT-KF1-868-6.webp?fit=600%2C600&resize=350%2C200","width":350,"height":200},"classes":[]},{"id":6132,"url":"http:\/\/astehshop.com\/index.php\/product\/hikvision-ax-pro-relejni-modul-ds-pm1-o1l-we-bezicni\/","url_meta":{"origin":10011,"position":1},"title":"HikVision AX PRO relejni modul DS-PM1-O1L-WE be\u017ei\u010dni","date":"1. travnja 2022.","format":false,"excerpt":"868 MHz dvosmjerna be\u017ei\u010dna komunikacija AES-128 enkripcija LED zaslon, prikaz statusa ure\u0111aja i ponovno uklju\u010divanje\/isklju\u010divanje zaslona Mali dizajn ku\u0107i\u0161ta, koji se lako mo\u017ee staviti u skrovi\u0161ta Postavljanje scenarija prema razli\u010ditim doga\u0111ajima S jednim tamper ulazom, mo\u017ee se koristiti kao zonski ulaz za alarm Automatizacija rada, jednom tipkom se uklju\u010duje\/isklju\u010duje iz\u2026","rel":"","context":"Srodne objave","img":{"alt_text":"","src":"https:\/\/i1.wp.com\/astehshop.com\/wp-content\/uploads\/2022\/04\/DS-PM1-O1L-WE.jpg?fit=1200%2C1083&resize=350%2C200","width":350,"height":200},"classes":[]},{"id":9997,"url":"http:\/\/astehshop.com\/index.php\/product\/roombanker-detektor-dima-rbss-sm1-868\/","url_meta":{"origin":10011,"position":2},"title":"RoomBanker detektor dima RBSS-SM1-868","date":"16. o\u017eujka 2025.","format":false,"excerpt":"Detektor dima kontinuirano prati dim i odmah aktivira alarm u po\u010detnoj fazi po\u017eara. Ovaj proizvod je opremljen ugra\u0111enom baterijom koja osigurava dugoro\u010dnu detekciju u stanju pripravnosti u realnom vremenu. Trenutno postoje dva modela, koji podr\u017eavaju RBF protokol i Zigbee protokol, koji mogu zadovoljiti stvarne potrebe instalacije i kori\u0161tenja razli\u010ditih korisnika.","rel":"","context":"Srodne objave","img":{"alt_text":"","src":"https:\/\/i1.wp.com\/astehshop.com\/wp-content\/uploads\/2025\/03\/smoke-detector-rbf-roombanker.jpg?fit=1056%2C600&resize=350%2C200","width":350,"height":200},"classes":[]},{"id":9988,"url":"http:\/\/astehshop.com\/index.php\/product\/roombanker-magnetni-senzor-za-vrata-i-prozore-rbss-mc1-868\/","url_meta":{"origin":10011,"position":3},"title":"Roombanker magnetni senzor za vrata i prozore RBSS-MC1-868","date":"16. o\u017eujka 2025.","format":false,"excerpt":"Pove\u0107ajte sigurnost svog doma uz Roombanker magnetni senzor za vrata, klju\u010dnu komponentu Roombanker Security & Automation sistema. Ovaj povr\u0161inski postavljeni senzor omogu\u0107ava precizno pra\u0107enje vrata, upozoravaju\u0107i vas na svako neovla\u0161teno otvaranje sa robusnim razmakom za detekciju od preko 17 mm. Dizajniran za jednostavnu upotrebu, neprimetno se integri\u0161e sa va\u0161im Roombanker\u2026","rel":"","context":"Srodne objave","img":{"alt_text":"","src":"https:\/\/i0.wp.com\/astehshop.com\/wp-content\/uploads\/2025\/03\/RBSS-MC1-868-111.webp?fit=600%2C600&resize=350%2C200","width":350,"height":200},"classes":[]},{"id":5705,"url":"http:\/\/astehshop.com\/index.php\/product\/xiaomi-mi-pametna-uticnica\/","url_meta":{"origin":10011,"position":4},"title":"Xiaomi Mi pametna uticnica","date":"5. prosinca 2021.","format":false,"excerpt":"Mi Smart Plug (Zigbee) - Jednostavno kori\u0161tenje stujnog napajanja. Putem svog mobilnog uredjaja mozete pristupiti za provjeru i kontrolu napajanja struje. Kad god idete vani ili na putovanje, vi\u0161e ne brinite o isklju\u010divanju svjetla ili nestanku struje u va\u0161em domu. Pomo\u0107u aplikacije Xiaomi smart home mo\u017eete u bilo kojem trenutku\u2026","rel":"","context":"Srodne objave","img":{"alt_text":"","src":"https:\/\/i1.wp.com\/astehshop.com\/wp-content\/uploads\/2021\/12\/Xiaomi-Mi-pametna-uticnica.jpg?fit=800%2C800&resize=350%2C200","width":350,"height":200},"classes":[]},{"id":9983,"url":"http:\/\/astehshop.com\/index.php\/product\/hub-roombanker-rbgw-202-868-sa-4g-wifi-i-rj45-do-128-uredjaja\/","url_meta":{"origin":10011,"position":5},"title":"HUB RoomBanker RBGW-202-868  sa 4G wifi i RJ45 do 128 uredjaja","date":"16. o\u017eujka 2025.","format":false,"excerpt":"Unesite neuporedivu fleksibilnost i sigurnost u svoj dom uz Roombanker Station Home Security Hub, kamen temeljac Roombanker Security & Automation sistema. Dizajniran za vlasnike ku\u0107a koji su upoznati s tehnologijom, ovo \u010dvori\u0161te podr\u017eava \u0161irok raspon do 128 perifernih ure\u0111aja, uklju\u010duju\u0107i RBF, Zigbee i Bluetooth ure\u0111aje, \u0161to ga \u010dini najsvestranijim izborom\u2026","rel":"","context":"Srodne objave","img":{"alt_text":"","src":"https:\/\/i2.wp.com\/astehshop.com\/wp-content\/uploads\/2025\/03\/RBGW-202-868_EU_-1.webp?fit=1200%2C1200&resize=350%2C200","width":350,"height":200},"classes":[]}],"_links":{"self":[{"href":"http:\/\/astehshop.com\/index.php\/wp-json\/wp\/v2\/product\/10011"}],"collection":[{"href":"http:\/\/astehshop.com\/index.php\/wp-json\/wp\/v2\/product"}],"about":[{"href":"http:\/\/astehshop.com\/index.php\/wp-json\/wp\/v2\/types\/product"}],"replies":[{"embeddable":true,"href":"http:\/\/astehshop.com\/index.php\/wp-json\/wp\/v2\/comments?post=10011"}],"wp:featuredmedia":[{"embeddable":true,"href":"http:\/\/astehshop.com\/index.php\/wp-json\/wp\/v2\/media\/10012"}],"wp:attachment":[{"href":"http:\/\/astehshop.com\/index.php\/wp-json\/wp\/v2\/media?parent=10011"}],"wp:term":[{"taxonomy":"product_cat","embeddable":true,"href":"http:\/\/astehshop.com\/index.php\/wp-json\/wp\/v2\/product_cat?post=10011"},{"taxonomy":"product_tag","embeddable":true,"href":"http:\/\/astehshop.com\/index.php\/wp-json\/wp\/v2\/product_tag?post=10011"}],"curies":[{"name":"wp","href":"https:\/\/api.w.org\/{rel}","templated":true}]}}