{"id":10009,"date":"2025-03-16T13:29:01","date_gmt":"2025-03-16T12:29:01","guid":{"rendered":"http:\/\/astehshop.com\/?post_type=product&#038;p=10009"},"modified":"2025-11-23T03:30:23","modified_gmt":"2025-11-23T02:30:23","slug":"roombanker-daljinski-upravljac-alarmnim-sistemom","status":"publish","type":"product","link":"http:\/\/astehshop.com\/index.php\/product\/roombanker-daljinski-upravljac-alarmnim-sistemom\/","title":{"rendered":"RoomBanker daljinski upravlja\u010d alarmnim sistemom"},"content":{"rendered":"<p>Preuzmite kontrolu nad sigurno\u0161\u0107u svog doma uz Roombanker prijenosni be\u017ei\u010dni privezak za klju\u010deve, dizajniran za jednostavnu upotrebu i prakti\u010dnost. Ovaj privezak pojednostavljuje va\u0161e sigurnosne operacije, omogu\u0107avaju\u0107i vam da aktivirate i deaktivirate svoj sistem samo jednim klikom. Osim toga, nudi dva prilagodljiva gumba koja se mogu personalizirati putem aplikacije RB Link, pru\u017eaju\u0107i trenutni pristup va\u0161im \u017eeljenim sigurnosnim funkcijama.<\/p>\n<p>Imajte na umu da je za prijenosni be\u017ei\u010dni privezak Roombanker potreban Roombanker \u010dvori\u0161te za rad. Zahvaljuju\u0107i naprednoj be\u017ei\u010dnoj tehnologiji RBF, privezak za klju\u010deve osigurava sigurnu i \u0161ifrovanu dvosmjernu komunikaciju s va\u0161im Roombanker Home Security Hub-om, nude\u0107i impresivan domet do 1.200 metara. Bilo da samo izlazite ili se vra\u0107ate ku\u0107i, kontrola vam je uvijek na dohvat ruke.<\/p>\n<p>Budite informirani uz intuitivni sistem indikatora privjeska: dvostruki zeleni blic potvr\u0111uje aktiviranje, trostruki zeleni bljesak signalizira deaktiviranje ili aktiviranje prilago\u0111ene funkcije, a dvostruki crveni blic ozna\u010dava neuspjeh u radu. Ova trenutna povratna informacija osigurava da ste uvijek svjesni statusa va\u0161eg sigurnosnog sistema.<\/p>\n<p>Dizajniran za izdr\u017eljivost i dugovje\u010dnost, privezak se napaja iz jedne CR2032 baterije, koja podr\u017eava do 5 godina u pripravnom stanju. Njegova kompaktna veli\u010dina (59 mm \u00d7 34 mm \u00d7 12 mm) i mala te\u017eina (14,6 g) \u010dine ga idealnim saputnikom za va\u0161 privjesak za klju\u010deve, pru\u017eaju\u0107i sigurnosnu kontrolu bez velike koli\u010dine.<\/p>\n<p>U paketu su uklju\u010deni be\u017ei\u010dni privezak, privjesak za klju\u010deve za jednostavno pri\u010dvr\u0161\u0107ivanje i vodi\u010d za brzi po\u010detak za postavljanje bez muke. Uz sertifikate CE, FCC, ICASA i drugih, Roombanker Keyfob je pouzdan izbor za upravljanje va\u0161im sigurnosnim sistemom.<\/p>\n","protected":false},"excerpt":{"rendered":"<p>Preuzmite kontrolu nad sigurno\u0161\u0107u svog doma uz Roombanker prijenosni be\u017ei\u010dni privezak za klju\u010deve, dizajniran za jednostavnu upotrebu i prakti\u010dnost. Ovaj privezak pojednostavljuje va\u0161e sigurnosne operacije, omogu\u0107avaju\u0107i vam da aktivirate i deaktivirate svoj sistem samo jednim klikom. Osim toga, nudi dva prilagodljiva gumba koja se mogu personalizirati putem aplikacije RB Link, pru\u017eaju\u0107i trenutni pristup va\u0161im \u017eeljenim sigurnosnim funkcijama.<\/p>\n<p>Imajte na umu da je za prijenosni be\u017ei\u010dni privezak Roombanker potreban Roombanker \u010dvori\u0161te za rad. Zahvaljuju\u0107i naprednoj be\u017ei\u010dnoj tehnologiji RBF, privezak za klju\u010deve osigurava sigurnu i \u0161ifrovanu dvosmjernu komunikaciju s va\u0161im Roombanker Home Security Hub-om, nude\u0107i impresivan domet do 1.200 metara. Bilo da samo izlazite ili se vra\u0107ate ku\u0107i, kontrola vam je uvijek na dohvat ruke.<\/p>\n<p>Budite informirani uz intuitivni sistem indikatora privjeska: dvostruki zeleni blic potvr\u0111uje aktiviranje, trostruki zeleni bljesak signalizira deaktiviranje ili aktiviranje prilago\u0111ene funkcije, a dvostruki crveni blic ozna\u010dava neuspjeh u radu. Ova trenutna povratna informacija osigurava da ste uvijek svjesni statusa va\u0161eg sigurnosnog sistema.<\/p>\n<p>Dizajniran za izdr\u017eljivost i dugovje\u010dnost, privezak se napaja iz jedne CR2032 baterije, koja podr\u017eava do 5 godina u pripravnom stanju. Njegova kompaktna veli\u010dina (59 mm \u00d7 34 mm \u00d7 12 mm) i mala te\u017eina (14,6 g) \u010dine ga idealnim saputnikom za va\u0161 privjesak za klju\u010deve, pru\u017eaju\u0107i sigurnosnu kontrolu bez velike koli\u010dine.<\/p>\n<p>U paketu su uklju\u010deni be\u017ei\u010dni privezak, privjesak za klju\u010deve za jednostavno pri\u010dvr\u0161\u0107ivanje i vodi\u010d za brzi po\u010detak za postavljanje bez muke. Uz sertifikate CE, FCC, ICASA i drugih, Roombanker Keyfob je pouzdan izbor za upravljanje va\u0161im sigurnosnim sistemom.<\/p>\n","protected":false},"featured_media":10010,"comment_status":"open","ping_status":"closed","template":"","meta":{"_mi_skip_tracking":false,"_exactmetrics_sitenote_active":false,"_exactmetrics_sitenote_note":"","_exactmetrics_sitenote_category":0,"spay_email":""},"product_cat":[7634],"product_tag":[262,7661],"brands":[{"id":7629,"name":"RoomBanker","slug":"roombanker"}],"df_price":60,"df_sale_price":"","df_regular_price":60,"df_image_link":"https:\/\/i2.wp.com\/astehshop.com\/wp-content\/uploads\/2025\/03\/RBCT-KF1-868-6.webp?fit=450%2C450","jetpack_publicize_connections":[],"jetpack_sharing_enabled":true,"jetpack_likes_enabled":true,"jetpack-related-posts":[{"id":9988,"url":"http:\/\/astehshop.com\/index.php\/product\/roombanker-magnetni-senzor-za-vrata-i-prozore-rbss-mc1-868\/","url_meta":{"origin":10009,"position":0},"title":"Roombanker magnetni senzor za vrata i prozore RBSS-MC1-868","date":"16. o\u017eujka 2025.","format":false,"excerpt":"Pove\u0107ajte sigurnost svog doma uz Roombanker magnetni senzor za vrata, klju\u010dnu komponentu Roombanker Security & Automation sistema. Ovaj povr\u0161inski postavljeni senzor omogu\u0107ava precizno pra\u0107enje vrata, upozoravaju\u0107i vas na svako neovla\u0161teno otvaranje sa robusnim razmakom za detekciju od preko 17 mm. Dizajniran za jednostavnu upotrebu, neprimetno se integri\u0161e sa va\u0161im Roombanker\u2026","rel":"","context":"Srodne objave","img":{"alt_text":"","src":"https:\/\/i0.wp.com\/astehshop.com\/wp-content\/uploads\/2025\/03\/RBSS-MC1-868-111.webp?fit=600%2C600&resize=350%2C200","width":350,"height":200},"classes":[]},{"id":10000,"url":"http:\/\/astehshop.com\/index.php\/product\/roombanker-unutrasnja-sirena\/","url_meta":{"origin":10009,"position":1},"title":"RoomBanker unutra\u0161nja sirena","date":"16. o\u017eujka 2025.","format":false,"excerpt":"Pobolj\u0161ajte svoj ku\u0107ni sigurnosni sistem uz Roombanker be\u017ei\u010dnu unutra\u0161nju sirenu, dizajniranu da privu\u010de pa\u017enju svojim glasnim zvukom i trep\u0107u\u0107im stroboskopom. Ova efikasna za\u0161tita od provala je savr\u0161ena za svako doma\u0107instvo koje \u017eeli da poja\u010da svoje sigurnosne mjere. Sa podesivim nivoima ja\u010dine zvuka i trajanjem alarma, ova sirena se mo\u017ee prilagoditi\u2026","rel":"","context":"Srodne objave","img":{"alt_text":"","src":"https:\/\/i1.wp.com\/astehshop.com\/wp-content\/uploads\/2025\/03\/RBAD-SI1-868-2.webp?fit=600%2C600&resize=350%2C200","width":350,"height":200},"classes":[]},{"id":10006,"url":"http:\/\/astehshop.com\/index.php\/product\/roombanker-bezicna-tastatura\/","url_meta":{"origin":10009,"position":2},"title":"RoomBanker be\u017ei\u010dna tastatura","date":"16. o\u017eujka 2025.","format":false,"excerpt":"Podignite sigurnost svog doma uz Roombanker be\u017ei\u010dnu sigurnosnu tastaturu, klju\u010dni alat za kontrolu nad va\u0161im sigurnosnim sistemom bez napora. Ova inovativna tastatura ima sveobuhvatan interfejs sa 15 tastera, koji omogu\u0107ava aktiviranje\/deaktiviranje jednim klikom i pristup prilago\u0111enim postavkama, obezbe\u0111uju\u0107i brz i lak rad. Opremljena naprednim sigurnosnim mjerama, uklju\u010duju\u0107i za\u0161titu od neovla\u0161tenog\u2026","rel":"","context":"Srodne objave","img":{"alt_text":"","src":"https:\/\/i1.wp.com\/astehshop.com\/wp-content\/uploads\/2025\/03\/RBCT-KP1-868-3.webp?fit=600%2C600&resize=350%2C200","width":350,"height":200},"classes":[]},{"id":9992,"url":"http:\/\/astehshop.com\/index.php\/product\/roombanker-senzor-temperature-i-vlaznosti-rbss-th1-868\/","url_meta":{"origin":10009,"position":3},"title":"RoomBanker senzor temperature i vla\u017enosti RBSS-TH1-868","date":"16. o\u017eujka 2025.","format":false,"excerpt":"Roombanker Smart Temperature & Humidity Monitor dizajniran je za one koji \u017eele s lako\u0107om odr\u017eavati optimalnu i zdravu klimu u zatvorenom prostoru. Nudi precizno i \u200b\u200bu realnom vremenu pra\u0107enje temperature i vla\u017enosti, pru\u017eaju\u0107i jasna o\u010ditavanja direktno na ure\u0111aju. Za one koji \u017eele da iskoriste prednosti pobolj\u0161anih funkcija kao \u0161to su\u2026","rel":"","context":"Srodne objave","img":{"alt_text":"","src":"https:\/\/i1.wp.com\/astehshop.com\/wp-content\/uploads\/2025\/03\/RBSS-TH1-868-7.webp?fit=600%2C600&resize=350%2C200","width":350,"height":200},"classes":[]},{"id":9990,"url":"http:\/\/astehshop.com\/index.php\/product\/roombanker-panik-dugme-alarmni-sistem\/","url_meta":{"origin":10009,"position":4},"title":"RoomBanker panik dugme ( alarmni sistem )","date":"16. o\u017eujka 2025.","format":false,"excerpt":"U hitnim situacijama, Roombanker Panic Alarm Button je va\u0161 neposredni izvor pomo\u0107i. Sa dizajnom fokusiranim na jednostavnost i efikasnost, ovaj ure\u0111aj je nezamjenjiva komponenta sigurnosne postavke va\u0161eg doma, pru\u017eaju\u0107i sigurnost i vama i va\u0161im najmilijima. Pode\u0161avanje ure\u0111aja je jednostavno uz aplikaciju RB Link, olak\u0161avaju\u0107i daljinsko konfigurisanje i osiguravaju\u0107i da je\u2026","rel":"","context":"Srodne objave","img":{"alt_text":"","src":"https:\/\/i2.wp.com\/astehshop.com\/wp-content\/uploads\/2025\/03\/RBSS-EB1-868-1.webp?fit=600%2C600&resize=350%2C200","width":350,"height":200},"classes":[]},{"id":9983,"url":"http:\/\/astehshop.com\/index.php\/product\/hub-roombanker-rbgw-202-868-sa-4g-wifi-i-rj45-do-128-uredjaja\/","url_meta":{"origin":10009,"position":5},"title":"HUB RoomBanker RBGW-202-868  sa 4G wifi i RJ45 do 128 uredjaja","date":"16. o\u017eujka 2025.","format":false,"excerpt":"Unesite neuporedivu fleksibilnost i sigurnost u svoj dom uz Roombanker Station Home Security Hub, kamen temeljac Roombanker Security & Automation sistema. Dizajniran za vlasnike ku\u0107a koji su upoznati s tehnologijom, ovo \u010dvori\u0161te podr\u017eava \u0161irok raspon do 128 perifernih ure\u0111aja, uklju\u010duju\u0107i RBF, Zigbee i Bluetooth ure\u0111aje, \u0161to ga \u010dini najsvestranijim izborom\u2026","rel":"","context":"Srodne objave","img":{"alt_text":"","src":"https:\/\/i2.wp.com\/astehshop.com\/wp-content\/uploads\/2025\/03\/RBGW-202-868_EU_-1.webp?fit=1200%2C1200&resize=350%2C200","width":350,"height":200},"classes":[]}],"_links":{"self":[{"href":"http:\/\/astehshop.com\/index.php\/wp-json\/wp\/v2\/product\/10009"}],"collection":[{"href":"http:\/\/astehshop.com\/index.php\/wp-json\/wp\/v2\/product"}],"about":[{"href":"http:\/\/astehshop.com\/index.php\/wp-json\/wp\/v2\/types\/product"}],"replies":[{"embeddable":true,"href":"http:\/\/astehshop.com\/index.php\/wp-json\/wp\/v2\/comments?post=10009"}],"wp:featuredmedia":[{"embeddable":true,"href":"http:\/\/astehshop.com\/index.php\/wp-json\/wp\/v2\/media\/10010"}],"wp:attachment":[{"href":"http:\/\/astehshop.com\/index.php\/wp-json\/wp\/v2\/media?parent=10009"}],"wp:term":[{"taxonomy":"product_cat","embeddable":true,"href":"http:\/\/astehshop.com\/index.php\/wp-json\/wp\/v2\/product_cat?post=10009"},{"taxonomy":"product_tag","embeddable":true,"href":"http:\/\/astehshop.com\/index.php\/wp-json\/wp\/v2\/product_tag?post=10009"}],"curies":[{"name":"wp","href":"https:\/\/api.w.org\/{rel}","templated":true}]}}