{"id":10006,"date":"2025-03-16T13:25:16","date_gmt":"2025-03-16T12:25:16","guid":{"rendered":"http:\/\/astehshop.com\/?post_type=product&#038;p=10006"},"modified":"2026-01-17T09:31:50","modified_gmt":"2026-01-17T08:31:50","slug":"roombanker-bezicna-tastatura","status":"publish","type":"product","link":"http:\/\/astehshop.com\/index.php\/product\/roombanker-bezicna-tastatura\/","title":{"rendered":"RoomBanker be\u017ei\u010dna tastatura"},"content":{"rendered":"<p>Podignite sigurnost svog doma uz Roombanker be\u017ei\u010dnu sigurnosnu tastaturu, klju\u010dni alat za kontrolu nad va\u0161im sigurnosnim sistemom bez napora. Ova inovativna tastatura ima sveobuhvatan interfejs sa 15 tastera, koji omogu\u0107ava aktiviranje\/deaktiviranje jednim klikom i pristup prilago\u0111enim postavkama, obezbe\u0111uju\u0107i brz i lak rad.<\/p>\n<p>Opremljena naprednim sigurnosnim mjerama, uklju\u010duju\u0107i za\u0161titu od neovla\u0161tenog pristupa i \u0161ifriranje, tastatura odr\u017eava integritet va\u0161eg sistema od potencijalnih prijetnji. Obavje\u0161tenja o niskom nivou baterije i jednostavnost daljinskog konfigurisanja putem aplikacije RB Link pove\u0107avaju njenu pouzdanost i prakti\u010dnost, osiguravaju\u0107i da uvijek imate kontrolu.<\/p>\n<p>Koriste\u0107i RBF be\u017ei\u010dnu tehnologiju, tastatura osigurava siguran i \u0161ifrovan komunikacioni kanal do 1.900 metara, bez problema se povezuje sa va\u0161im Roombanker Hub-om za kohezivnu sigurnosnu mre\u017eu. Napajan sa 4 AAA baterije, nudi produ\u017eeno vrijeme pripravnosti do 5 godina, zna\u010dajno smanjuju\u0107i u\u010destalost odr\u017eavanja.<\/p>\n<p>Paket uklju\u010duje be\u017ei\u010dnu sigurnosnu tastaturu, potrebne baterije, ljepilo za monta\u017eu i sveobuhvatan vodi\u010d za brzi po\u010detak, koji olak\u0161ava proces postavljanja. Kao sastavni dio Roombanker ku\u0107nog sigurnosnog sistema, tastatura zahtijeva Roombanker Hub da otklju\u010da svoj puni potencijal, nude\u0107i vam bezbri\u017enost i oja\u010dano ku\u0107no okru\u017eenje.<\/p>\n","protected":false},"excerpt":{"rendered":"<p>Podignite sigurnost svog doma uz Roombanker be\u017ei\u010dnu sigurnosnu tastaturu, klju\u010dni alat za kontrolu nad va\u0161im sigurnosnim sistemom bez napora. Ova inovativna tastatura ima sveobuhvatan interfejs sa 15 tastera, koji omogu\u0107ava aktiviranje\/deaktiviranje jednim klikom i pristup prilago\u0111enim postavkama, obezbe\u0111uju\u0107i brz i lak rad.<\/p>\n<p>Opremljena naprednim sigurnosnim mjerama, uklju\u010duju\u0107i za\u0161titu od neovla\u0161tenog pristupa i \u0161ifriranje, tastatura odr\u017eava integritet va\u0161eg sistema od potencijalnih prijetnji. Obavje\u0161tenja o niskom nivou baterije i jednostavnost daljinskog konfigurisanja putem aplikacije RB Link pove\u0107avaju njenu pouzdanost i prakti\u010dnost, osiguravaju\u0107i da uvijek imate kontrolu.<\/p>\n<p>Koriste\u0107i RBF be\u017ei\u010dnu tehnologiju, tastatura osigurava siguran i \u0161ifrovan komunikacioni kanal do 1.900 metara, bez problema se povezuje sa va\u0161im Roombanker Hub-om za kohezivnu sigurnosnu mre\u017eu. Napajan sa 4 AAA baterije, nudi produ\u017eeno vrijeme pripravnosti do 5 godina, zna\u010dajno smanjuju\u0107i u\u010destalost odr\u017eavanja.<\/p>\n<p>Paket uklju\u010duje be\u017ei\u010dnu sigurnosnu tastaturu, potrebne baterije, ljepilo za monta\u017eu i sveobuhvatan vodi\u010d za brzi po\u010detak, koji olak\u0161ava proces postavljanja. Kao sastavni dio Roombanker ku\u0107nog sigurnosnog sistema, tastatura zahtijeva Roombanker Hub da otklju\u010da svoj puni potencijal, nude\u0107i vam bezbri\u017enost i oja\u010dano ku\u0107no okru\u017eenje.<\/p>\n","protected":false},"featured_media":10007,"comment_status":"open","ping_status":"closed","template":"","meta":{"_mi_skip_tracking":false,"_exactmetrics_sitenote_active":false,"_exactmetrics_sitenote_note":"","_exactmetrics_sitenote_category":0,"spay_email":""},"product_cat":[7634],"product_tag":[7660],"brands":[{"id":7629,"name":"RoomBanker","slug":"roombanker"}],"df_price":110,"df_sale_price":"","df_regular_price":110,"df_image_link":"https:\/\/i1.wp.com\/astehshop.com\/wp-content\/uploads\/2025\/03\/RBCT-KP1-868-3.webp?fit=450%2C450","jetpack_publicize_connections":[],"jetpack_sharing_enabled":true,"jetpack_likes_enabled":true,"jetpack-related-posts":[{"id":10009,"url":"http:\/\/astehshop.com\/index.php\/product\/roombanker-daljinski-upravljac-alarmnim-sistemom\/","url_meta":{"origin":10006,"position":0},"title":"RoomBanker daljinski upravlja\u010d alarmnim sistemom","date":"16. o\u017eujka 2025.","format":false,"excerpt":"Preuzmite kontrolu nad sigurno\u0161\u0107u svog doma uz Roombanker prijenosni be\u017ei\u010dni privezak za klju\u010deve, dizajniran za jednostavnu upotrebu i prakti\u010dnost. Ovaj privezak pojednostavljuje va\u0161e sigurnosne operacije, omogu\u0107avaju\u0107i vam da aktivirate i deaktivirate svoj sistem samo jednim klikom. Osim toga, nudi dva prilagodljiva gumba koja se mogu personalizirati putem aplikacije RB Link,\u2026","rel":"","context":"Srodne objave","img":{"alt_text":"","src":"https:\/\/i2.wp.com\/astehshop.com\/wp-content\/uploads\/2025\/03\/RBCT-KF1-868-6.webp?fit=600%2C600&resize=350%2C200","width":350,"height":200},"classes":[]},{"id":10000,"url":"http:\/\/astehshop.com\/index.php\/product\/roombanker-unutrasnja-sirena\/","url_meta":{"origin":10006,"position":1},"title":"RoomBanker unutra\u0161nja sirena","date":"16. o\u017eujka 2025.","format":false,"excerpt":"Pobolj\u0161ajte svoj ku\u0107ni sigurnosni sistem uz Roombanker be\u017ei\u010dnu unutra\u0161nju sirenu, dizajniranu da privu\u010de pa\u017enju svojim glasnim zvukom i trep\u0107u\u0107im stroboskopom. Ova efikasna za\u0161tita od provala je savr\u0161ena za svako doma\u0107instvo koje \u017eeli da poja\u010da svoje sigurnosne mjere. Sa podesivim nivoima ja\u010dine zvuka i trajanjem alarma, ova sirena se mo\u017ee prilagoditi\u2026","rel":"","context":"Srodne objave","img":{"alt_text":"","src":"https:\/\/i1.wp.com\/astehshop.com\/wp-content\/uploads\/2025\/03\/RBAD-SI1-868-2.webp?fit=600%2C600&resize=350%2C200","width":350,"height":200},"classes":[]},{"id":10011,"url":"http:\/\/astehshop.com\/index.php\/product\/roombanker-relej\/","url_meta":{"origin":10006,"position":2},"title":"Roombanker relej","date":"16. o\u017eujka 2025.","format":false,"excerpt":"Podignite svoj pametni dom ili sigurnosni sistem uz Roombanker RBF relejni modul, genijalno dizajniran za sveobuhvatnu kontrolu nad va\u0161im izvorima napajanja, u rasponu od 6 do 36 V\u2393. Ovaj modul nudi neusporedivu prakti\u010dnost, spajaju\u0107i fizi\u010dku kontrolu dugmadi sa sofisticiranim upravljanjem zasnovanim na aplikacijama putem aplikacije RB Link i omogu\u0107avaju\u0107i pametnu\u2026","rel":"","context":"Srodne objave","img":{"alt_text":"","src":"https:\/\/i1.wp.com\/astehshop.com\/wp-content\/uploads\/2025\/03\/RBAD-RL1-868-2.webp?fit=600%2C600&resize=350%2C200","width":350,"height":200},"classes":[]},{"id":9992,"url":"http:\/\/astehshop.com\/index.php\/product\/roombanker-senzor-temperature-i-vlaznosti-rbss-th1-868\/","url_meta":{"origin":10006,"position":3},"title":"RoomBanker senzor temperature i vla\u017enosti RBSS-TH1-868","date":"16. o\u017eujka 2025.","format":false,"excerpt":"Roombanker Smart Temperature & Humidity Monitor dizajniran je za one koji \u017eele s lako\u0107om odr\u017eavati optimalnu i zdravu klimu u zatvorenom prostoru. Nudi precizno i \u200b\u200bu realnom vremenu pra\u0107enje temperature i vla\u017enosti, pru\u017eaju\u0107i jasna o\u010ditavanja direktno na ure\u0111aju. Za one koji \u017eele da iskoriste prednosti pobolj\u0161anih funkcija kao \u0161to su\u2026","rel":"","context":"Srodne objave","img":{"alt_text":"","src":"https:\/\/i1.wp.com\/astehshop.com\/wp-content\/uploads\/2025\/03\/RBSS-TH1-868-7.webp?fit=600%2C600&resize=350%2C200","width":350,"height":200},"classes":[]},{"id":9981,"url":"http:\/\/astehshop.com\/index.php\/product\/bezicni-alarmni-sistem-roombanker-set\/","url_meta":{"origin":10006,"position":4},"title":"Bezicni alarmni sistem ROOMBANKER set","date":"16. o\u017eujka 2025.","format":false,"excerpt":"RBKIT-202-868 HUB ( centrala alarmnog sistema ) (RBGW-202-868 EU)\u00a0x 1 Senzor pokreta (RBSS-PS1-868) x 4 Magnetni senzor za vrata (RBSS-MC1-868) x 1 Daljinski (RBCT-KF1-868) x 2 Tastatura (RBCT-KP1-868) x 1 Vanjska plava sirena\u00a0\u00a0x1 (RBAD-SO1-868) Veoma jednostavno pode\u0161avanje Bez dodatnih tro\u0161kova www.technoshopbn.com 066 123 234","rel":"","context":"Srodne objave","img":{"alt_text":"","src":"https:\/\/i1.wp.com\/astehshop.com\/wp-content\/uploads\/2025\/03\/Home-Security-1.jpg?fit=1024%2C482&resize=350%2C200","width":350,"height":200},"classes":[]},{"id":9988,"url":"http:\/\/astehshop.com\/index.php\/product\/roombanker-magnetni-senzor-za-vrata-i-prozore-rbss-mc1-868\/","url_meta":{"origin":10006,"position":5},"title":"Roombanker magnetni senzor za vrata i prozore RBSS-MC1-868","date":"16. o\u017eujka 2025.","format":false,"excerpt":"Pove\u0107ajte sigurnost svog doma uz Roombanker magnetni senzor za vrata, klju\u010dnu komponentu Roombanker Security & Automation sistema. Ovaj povr\u0161inski postavljeni senzor omogu\u0107ava precizno pra\u0107enje vrata, upozoravaju\u0107i vas na svako neovla\u0161teno otvaranje sa robusnim razmakom za detekciju od preko 17 mm. Dizajniran za jednostavnu upotrebu, neprimetno se integri\u0161e sa va\u0161im Roombanker\u2026","rel":"","context":"Srodne objave","img":{"alt_text":"","src":"https:\/\/i0.wp.com\/astehshop.com\/wp-content\/uploads\/2025\/03\/RBSS-MC1-868-111.webp?fit=600%2C600&resize=350%2C200","width":350,"height":200},"classes":[]}],"_links":{"self":[{"href":"http:\/\/astehshop.com\/index.php\/wp-json\/wp\/v2\/product\/10006"}],"collection":[{"href":"http:\/\/astehshop.com\/index.php\/wp-json\/wp\/v2\/product"}],"about":[{"href":"http:\/\/astehshop.com\/index.php\/wp-json\/wp\/v2\/types\/product"}],"replies":[{"embeddable":true,"href":"http:\/\/astehshop.com\/index.php\/wp-json\/wp\/v2\/comments?post=10006"}],"wp:featuredmedia":[{"embeddable":true,"href":"http:\/\/astehshop.com\/index.php\/wp-json\/wp\/v2\/media\/10007"}],"wp:attachment":[{"href":"http:\/\/astehshop.com\/index.php\/wp-json\/wp\/v2\/media?parent=10006"}],"wp:term":[{"taxonomy":"product_cat","embeddable":true,"href":"http:\/\/astehshop.com\/index.php\/wp-json\/wp\/v2\/product_cat?post=10006"},{"taxonomy":"product_tag","embeddable":true,"href":"http:\/\/astehshop.com\/index.php\/wp-json\/wp\/v2\/product_tag?post=10006"}],"curies":[{"name":"wp","href":"https:\/\/api.w.org\/{rel}","templated":true}]}}