{"id":10003,"date":"2025-03-16T13:21:00","date_gmt":"2025-03-16T12:21:00","guid":{"rendered":"http:\/\/astehshop.com\/?post_type=product&#038;p=10003"},"modified":"2025-03-16T13:22:10","modified_gmt":"2025-03-16T12:22:10","slug":"roombanker-vanjska-bezicna-solarna-sirena","status":"publish","type":"product","link":"http:\/\/astehshop.com\/index.php\/product\/roombanker-vanjska-bezicna-solarna-sirena\/","title":{"rendered":"RoomBanker vanjska be\u017ei\u010dna solarna sirena"},"content":{"rendered":"<p>Roombanker be\u017ei\u010dna vanjska sirena podi\u017ee sigurnost va\u0161eg doma na nove visine. Kombinira alarm visokog decibela i vizualna stroboskopa, koju pokre\u0107e ekolo\u0161ki prihvatljiv solarni panel, osiguravaju\u0107i da je va\u0161a nekretnina vidljivo i zvu\u010dno za\u0161ti\u0107ena od neovla\u0161tenog ulaska. Ovaj sistem slu\u017ei ne samo kao sredstvo odvra\u0107anja, ve\u0107 i kao mehanizam upozorenja zajednice u vanrednim situacijama.<\/p>\n<p>Njegova efikasnost solarnog panela, dopunjena litijumskom baterijom od 1.700 mAh, nudi produ\u017eenu operativnu spremnost, obe\u0107avaju\u0107i do 4,2 godine vremena pripravnosti. Otpornost ure\u0111aja dodatno je pobolj\u0161ana IP65 vodootporno\u0161\u0107u, \u0161to ga \u010dini savr\u0161eno prikladnim za svako vanjsko okru\u017eenje.<\/p>\n<p>Integracija sa aplikacijom RB Link omogu\u0107ava jednostavna daljinska pode\u0161avanja i instalacije, podr\u017eane naprednim sigurnosnim funkcijama kao \u0161to su za\u0161tita od neovla\u0161tenog pristupa i detekcija ja\u010dine signala za optimalno pode\u0161avanje.<\/p>\n<p>Sa mogu\u0107no\u0161\u0107u odr\u017eavanja sigurne veze na impresivnom rasponu do 3.100 metara zahvaljuju\u0107i be\u017ei\u010dnoj tehnologiji RBF, sirena ostaje u stalnoj komunikaciji s Roombanker Hub-om, \u0161to je potrebno za punu funkcionalnost. Ovo uklju\u010divanje osigurava da je va\u0161a sigurnosna postavka kohezivna i robusna.<\/p>\n<p>U paketu je uklju\u010dena vanjska sirena, pribor za monta\u017eu i sveobuhvatni vodi\u010d za brzi po\u010detak, koji pojednostavljuje proces instalacije. Certificirana za pouzdanost i potkrijepljena 24-mjese\u010dnom garancijom, ova vanjska sirena na solarni pogon iz Roombankera predstavlja dokaz odr\u017eivih sigurnosnih rje\u0161enja. Osigurajte svoj perimetar s povjerenjem, znaju\u0107i da imate glasnu, dalekose\u017enu i ekolo\u0161ki osvije\u0161tenu podr\u0161ku Roombanker tehnologije.<\/p>\n","protected":false},"excerpt":{"rendered":"<p>Roombanker be\u017ei\u010dna vanjska sirena podi\u017ee sigurnost va\u0161eg doma na nove visine. Kombinira alarm visokog decibela i vizualna stroboskopa, koju pokre\u0107e ekolo\u0161ki prihvatljiv solarni panel, osiguravaju\u0107i da je va\u0161a nekretnina vidljivo i zvu\u010dno za\u0161ti\u0107ena od neovla\u0161tenog ulaska. Ovaj sistem slu\u017ei ne samo kao sredstvo odvra\u0107anja, ve\u0107 i kao mehanizam upozorenja zajednice u vanrednim situacijama.<\/p>\n<p>Njegova efikasnost solarnog panela, dopunjena litijumskom baterijom od 1.700 mAh, nudi produ\u017eenu operativnu spremnost, obe\u0107avaju\u0107i do 4,2 godine vremena pripravnosti. Otpornost ure\u0111aja dodatno je pobolj\u0161ana IP65 vodootporno\u0161\u0107u, \u0161to ga \u010dini savr\u0161eno prikladnim za svako vanjsko okru\u017eenje.<\/p>\n<p>Integracija sa aplikacijom RB Link omogu\u0107ava jednostavna daljinska pode\u0161avanja i instalacije, podr\u017eane naprednim sigurnosnim funkcijama kao \u0161to su za\u0161tita od neovla\u0161tenog pristupa i detekcija ja\u010dine signala za optimalno pode\u0161avanje.<\/p>\n<p>Sa mogu\u0107no\u0161\u0107u odr\u017eavanja sigurne veze na impresivnom rasponu do 3.100 metara zahvaljuju\u0107i be\u017ei\u010dnoj tehnologiji RBF, sirena ostaje u stalnoj komunikaciji s Roombanker Hub-om, \u0161to je potrebno za punu funkcionalnost. Ovo uklju\u010divanje osigurava da je va\u0161a sigurnosna postavka kohezivna i robusna.<\/p>\n<p>U paketu je uklju\u010dena vanjska sirena, pribor za monta\u017eu i sveobuhvatni vodi\u010d za brzi po\u010detak, koji pojednostavljuje proces instalacije. Certificirana za pouzdanost i potkrijepljena 24-mjese\u010dnom garancijom, ova vanjska sirena na solarni pogon iz Roombankera predstavlja dokaz odr\u017eivih sigurnosnih rje\u0161enja. Osigurajte svoj perimetar s povjerenjem, znaju\u0107i da imate glasnu, dalekose\u017enu i ekolo\u0161ki osvije\u0161tenu podr\u0161ku Roombanker tehnologije.<\/p>\n<p>&nbsp;<\/p>\n<p>https:\/\/www.youtube.com\/shorts\/Y1PEVL0uCqY<\/p>\n<p>&nbsp;<\/p>\n","protected":false},"featured_media":10004,"comment_status":"open","ping_status":"closed","template":"","meta":{"_mi_skip_tracking":false,"_exactmetrics_sitenote_active":false,"_exactmetrics_sitenote_note":"","_exactmetrics_sitenote_category":0,"spay_email":""},"product_cat":[7634],"product_tag":[7659,332,7658],"brands":[{"id":7629,"name":"RoomBanker","slug":"roombanker"}],"df_price":199,"df_sale_price":"","df_regular_price":199,"df_image_link":"https:\/\/i0.wp.com\/astehshop.com\/wp-content\/uploads\/2025\/03\/RBAD-SO1-868-3.webp?fit=450%2C450","jetpack_publicize_connections":[],"jetpack_sharing_enabled":true,"jetpack_likes_enabled":true,"jetpack-related-posts":[{"id":10000,"url":"http:\/\/astehshop.com\/index.php\/product\/roombanker-unutrasnja-sirena\/","url_meta":{"origin":10003,"position":0},"title":"RoomBanker unutra\u0161nja sirena","date":"16. o\u017eujka 2025.","format":false,"excerpt":"Pobolj\u0161ajte svoj ku\u0107ni sigurnosni sistem uz Roombanker be\u017ei\u010dnu unutra\u0161nju sirenu, dizajniranu da privu\u010de pa\u017enju svojim glasnim zvukom i trep\u0107u\u0107im stroboskopom. Ova efikasna za\u0161tita od provala je savr\u0161ena za svako doma\u0107instvo koje \u017eeli da poja\u010da svoje sigurnosne mjere. Sa podesivim nivoima ja\u010dine zvuka i trajanjem alarma, ova sirena se mo\u017ee prilagoditi\u2026","rel":"","context":"Srodne objave","img":{"alt_text":"","src":"https:\/\/i1.wp.com\/astehshop.com\/wp-content\/uploads\/2025\/03\/RBAD-SI1-868-2.webp?fit=600%2C600&resize=350%2C200","width":350,"height":200},"classes":[]},{"id":4539,"url":"http:\/\/astehshop.com\/index.php\/product\/bezicna-vanjska-sirena-bijele-boje-85-113db-ajax-ss-wh\/","url_meta":{"origin":10003,"position":1},"title":"Be\u017ei\u010dna vanjska sirena bijele boje 85-113dB AJAX-SS-WH StreetSiren","date":"4. svibnja 2020.","format":false,"excerpt":"Model: AJAX StreetSiren WH Be\u017ei\u010dna vanjska sirena podesive glasno\u0107e od 81 do 105 dB@1m sa LED signalizacijom. Crne boje, Be\u017ei\u010dna frekvencija 868 MHz, Be\u017ei\u010dna dvosmjerna komunikacija, Baterijsko napajanje 4 x CR123A (opcija 12VDC), Unutra\u0161nja ugradnja, Ugra\u0111en tamper, LED bljeskalica, Isklju\u010denje zvu\u010dne signalizacije pra\u0107enjem alarmnog izlaza, Be\u017ei\u010dni Aktivacijski signal, Stupanj za\u0161tite\u2026","rel":"","context":"Srodne objave","img":{"alt_text":"","src":"https:\/\/i1.wp.com\/astehshop.com\/wp-content\/uploads\/2020\/05\/AJAX-SS-WH-1.jpg?fit=1200%2C650&resize=350%2C200","width":350,"height":200},"classes":[]},{"id":6122,"url":"http:\/\/astehshop.com\/index.php\/product\/bezicna-vanjska-sirena-hikvision-ax-pro-ds-ps1-e-we\/","url_meta":{"origin":10003,"position":2},"title":"Be\u017ei\u010dna vanjska sirena HikVision AX PRO DS-PS1-E-WE","date":"1. travnja 2022.","format":false,"excerpt":"dvosmjerna 868MHz komunikacija 3 godine \u017eivota baterije ja\u010dina : 110dB IP65 za\u0161tita","rel":"","context":"Srodne objave","img":{"alt_text":"","src":"https:\/\/i0.wp.com\/astehshop.com\/wp-content\/uploads\/2022\/04\/DS-PS1-E-WE.jpg?fit=1000%2C1000&resize=350%2C200","width":350,"height":200},"classes":[]},{"id":10006,"url":"http:\/\/astehshop.com\/index.php\/product\/roombanker-bezicna-tastatura\/","url_meta":{"origin":10003,"position":3},"title":"RoomBanker be\u017ei\u010dna tastatura","date":"16. o\u017eujka 2025.","format":false,"excerpt":"Podignite sigurnost svog doma uz Roombanker be\u017ei\u010dnu sigurnosnu tastaturu, klju\u010dni alat za kontrolu nad va\u0161im sigurnosnim sistemom bez napora. Ova inovativna tastatura ima sveobuhvatan interfejs sa 15 tastera, koji omogu\u0107ava aktiviranje\/deaktiviranje jednim klikom i pristup prilago\u0111enim postavkama, obezbe\u0111uju\u0107i brz i lak rad. Opremljena naprednim sigurnosnim mjerama, uklju\u010duju\u0107i za\u0161titu od neovla\u0161tenog\u2026","rel":"","context":"Srodne objave","img":{"alt_text":"","src":"https:\/\/i1.wp.com\/astehshop.com\/wp-content\/uploads\/2025\/03\/RBCT-KP1-868-3.webp?fit=600%2C600&resize=350%2C200","width":350,"height":200},"classes":[]},{"id":5793,"url":"http:\/\/astehshop.com\/index.php\/product\/jablotron-ja-16a-base-rb-bezicna-spoljna-sirena\/","url_meta":{"origin":10003,"position":4},"title":"Jablotron JA-16A-BASE-RB be\u017ei\u010dna spoljna sirena","date":"9. sije\u010dnja 2022.","format":false,"excerpt":"Be\u017ei\u010dna sirena JA-16A-BASE-RB komunicira u JA-10 protokolu 868.1 MHz, dometa do 300m. Zauzima jednu adresu, od 32 raspolo\u017eive u sistemu. Snaga zvuka je 110 dB\/m. Sirena dolazi bez poklopca (poru\u010duje se). Sirenu napaja litijumska baterija BAT-100A.01 (jedna, ili dve), bez potrebe za \u017ei\u010dnim napajanjem (poru\u010duje se). \u00a0 \u00a0 PORU\u010cITE 2kom*BAT-100A\u2026","rel":"","context":"Srodne objave","img":{"alt_text":"","src":"https:\/\/i0.wp.com\/astehshop.com\/wp-content\/uploads\/2022\/01\/JA-16A-BASE-RB.jpg?fit=600%2C600&resize=350%2C200","width":350,"height":200},"classes":[]},{"id":6013,"url":"http:\/\/astehshop.com\/index.php\/product\/jablotron-ja-152a-unutrasnja-sirena\/","url_meta":{"origin":10003,"position":5},"title":"Jablotron JA-152A Unutra\u0161nja sirena","date":"14. velja\u010de 2022.","format":false,"excerpt":"JA-152A je predvi\u0111ena za ozna\u010davanje alarma unutar objekta. Tako\u0111e se mo\u017ee koristiti i za druge akusti\u010dne indikacije kao \u0161to je aktivacija PG izlaza, ulazno\/izlazno ka\u0161njenje ili kao zvono na vratima.Pritiskom na taster sirene alarm se mo\u017ee privremeno ugasiti ili se mo\u017ee aktivirati alarm za nu\u017edu(opciono). Sirena je opremljena sigurnosnom baterijom\u2026","rel":"","context":"Srodne objave","img":{"alt_text":"","src":"https:\/\/i0.wp.com\/astehshop.com\/wp-content\/uploads\/2022\/02\/JA-152A.png?fit=600%2C569&resize=350%2C200","width":350,"height":200},"classes":[]}],"_links":{"self":[{"href":"http:\/\/astehshop.com\/index.php\/wp-json\/wp\/v2\/product\/10003"}],"collection":[{"href":"http:\/\/astehshop.com\/index.php\/wp-json\/wp\/v2\/product"}],"about":[{"href":"http:\/\/astehshop.com\/index.php\/wp-json\/wp\/v2\/types\/product"}],"replies":[{"embeddable":true,"href":"http:\/\/astehshop.com\/index.php\/wp-json\/wp\/v2\/comments?post=10003"}],"wp:featuredmedia":[{"embeddable":true,"href":"http:\/\/astehshop.com\/index.php\/wp-json\/wp\/v2\/media\/10004"}],"wp:attachment":[{"href":"http:\/\/astehshop.com\/index.php\/wp-json\/wp\/v2\/media?parent=10003"}],"wp:term":[{"taxonomy":"product_cat","embeddable":true,"href":"http:\/\/astehshop.com\/index.php\/wp-json\/wp\/v2\/product_cat?post=10003"},{"taxonomy":"product_tag","embeddable":true,"href":"http:\/\/astehshop.com\/index.php\/wp-json\/wp\/v2\/product_tag?post=10003"}],"curies":[{"name":"wp","href":"https:\/\/api.w.org\/{rel}","templated":true}]}}