{"id":10000,"date":"2025-03-16T13:16:24","date_gmt":"2025-03-16T12:16:24","guid":{"rendered":"http:\/\/astehshop.com\/?post_type=product&#038;p=10000"},"modified":"2025-03-16T13:16:25","modified_gmt":"2025-03-16T12:16:25","slug":"roombanker-unutrasnja-sirena","status":"publish","type":"product","link":"http:\/\/astehshop.com\/index.php\/product\/roombanker-unutrasnja-sirena\/","title":{"rendered":"RoomBanker unutra\u0161nja sirena"},"content":{"rendered":"<p>Pobolj\u0161ajte svoj ku\u0107ni sigurnosni sistem uz Roombanker be\u017ei\u010dnu unutra\u0161nju sirenu, dizajniranu da privu\u010de pa\u017enju svojim glasnim zvukom i trep\u0107u\u0107im stroboskopom. Ova efikasna za\u0161tita od provala je savr\u0161ena za svako doma\u0107instvo koje \u017eeli da poja\u010da svoje sigurnosne mjere.<\/p>\n<p>Sa podesivim nivoima ja\u010dine zvuka i trajanjem alarma, ova sirena se mo\u017ee prilagoditi va\u0161im specifi\u010dnim potrebama, osiguravaju\u0107i maksimalnu efikasnost. Bilo da vam je potreban kratak, o\u0161tar alarm ili produ\u017eeno upozorenje, Roombanker Indoor Siren \u0107e vas pokriti.<\/p>\n<p>Imajte na umu da Roombanker be\u017ei\u010dna unutra\u0161nja sirena zahtijeva Roombanker \u010dvori\u0161te za rad. Mogu\u0107nosti daljinskog pode\u0161avanja i testiranja sirene, dostupne putem aplikacije RB Link, omogu\u0107avaju instalaciju i odr\u017eavanje bez napora. Napredne funkcije kao \u0161to su za\u0161tita od neovla\u0161tenog pristupa i obavje\u0161tenja o niskom nivou baterije dodaju dodatni sloj sigurnosti, daju\u0107i vam bezbri\u017enost da je va\u0161 sistem uvijek spreman da za\u0161titi va\u0161 dom.<\/p>\n<p>Napaja se litijumskom baterijom od 3,7 V sa do 2 godine re\u017eima pripravnosti i uklju\u010denim eksternim punja\u010dem, ova sirena je efikasna i pouzdana. Njegov kompaktan dizajn (80 \u00d7 34 mm) i lagan (90 g) \u010dine ga nenametljivim, a mo\u0107nim.<\/p>\n<p>U paketu su uklju\u010dena unutra\u0161nja sirena, adapter za napajanje, paket sa zavrtnjima, 3M ljepilo (unaprijed instalirano) i vodi\u010d za brzi po\u010detak za jednostavno postavljanje.<\/p>\n<p>Sertifikovana od strane CE, FCC, ICASA i drugih, Roombanker be\u017ei\u010dna unutra\u0161nja sirena je pouzdan dodatak svakom ku\u0107nom sigurnosnom sistemu, koji nudi izuzetne performanse i pouzdanost. Za\u0161titite svoj dom uz Roombanker i u\u017eivajte u povjerenju koje dolazi s dobro osiguranom nekretninom.<\/p>\n","protected":false},"excerpt":{"rendered":"<p>Pobolj\u0161ajte svoj ku\u0107ni sigurnosni sistem uz Roombanker be\u017ei\u010dnu unutra\u0161nju sirenu, dizajniranu da privu\u010de pa\u017enju svojim glasnim zvukom i trep\u0107u\u0107im stroboskopom. Ova efikasna za\u0161tita od provala je savr\u0161ena za svako doma\u0107instvo koje \u017eeli da poja\u010da svoje sigurnosne mjere.<\/p>\n<p>Sa podesivim nivoima ja\u010dine zvuka i trajanjem alarma, ova sirena se mo\u017ee prilagoditi va\u0161im specifi\u010dnim potrebama, osiguravaju\u0107i maksimalnu efikasnost. Bilo da vam je potreban kratak, o\u0161tar alarm ili produ\u017eeno upozorenje, Roombanker Indoor Siren \u0107e vas pokriti.<\/p>\n<p>Imajte na umu da Roombanker be\u017ei\u010dna unutra\u0161nja sirena zahtijeva Roombanker \u010dvori\u0161te za rad. Mogu\u0107nosti daljinskog pode\u0161avanja i testiranja sirene, dostupne putem aplikacije RB Link, omogu\u0107avaju instalaciju i odr\u017eavanje bez napora. Napredne funkcije kao \u0161to su za\u0161tita od neovla\u0161tenog pristupa i obavje\u0161tenja o niskom nivou baterije dodaju dodatni sloj sigurnosti, daju\u0107i vam bezbri\u017enost da je va\u0161 sistem uvijek spreman da za\u0161titi va\u0161 dom.<\/p>\n<p>Napaja se litijumskom baterijom od 3,7 V sa do 2 godine re\u017eima pripravnosti i uklju\u010denim eksternim punja\u010dem, ova sirena je efikasna i pouzdana. Njegov kompaktan dizajn (80 \u00d7 34 mm) i lagan (90 g) \u010dine ga nenametljivim, a mo\u0107nim.<\/p>\n<p>U paketu su uklju\u010dena unutra\u0161nja sirena, adapter za napajanje, paket sa zavrtnjima, 3M ljepilo (unaprijed instalirano) i vodi\u010d za brzi po\u010detak za jednostavno postavljanje.<\/p>\n<p>Sertifikovana od strane CE, FCC, ICASA i drugih, Roombanker be\u017ei\u010dna unutra\u0161nja sirena je pouzdan dodatak svakom ku\u0107nom sigurnosnom sistemu, koji nudi izuzetne performanse i pouzdanost. Za\u0161titite svoj dom uz Roombanker i u\u017eivajte u povjerenju koje dolazi s dobro osiguranom nekretninom.<\/p>\n","protected":false},"featured_media":10001,"comment_status":"open","ping_status":"closed","template":"","meta":{"_mi_skip_tracking":false,"_exactmetrics_sitenote_active":false,"_exactmetrics_sitenote_note":"","_exactmetrics_sitenote_category":0,"spay_email":""},"product_cat":[7634],"product_tag":[6522,7657,339],"brands":[{"id":7629,"name":"RoomBanker","slug":"roombanker"}],"df_price":155,"df_sale_price":"","df_regular_price":155,"df_image_link":"https:\/\/i1.wp.com\/astehshop.com\/wp-content\/uploads\/2025\/03\/RBAD-SI1-868-2.webp?fit=450%2C450","jetpack_publicize_connections":[],"jetpack_sharing_enabled":true,"jetpack_likes_enabled":true,"jetpack-related-posts":[{"id":10003,"url":"http:\/\/astehshop.com\/index.php\/product\/roombanker-vanjska-bezicna-solarna-sirena\/","url_meta":{"origin":10000,"position":0},"title":"RoomBanker vanjska be\u017ei\u010dna solarna sirena","date":"16. o\u017eujka 2025.","format":false,"excerpt":"Roombanker be\u017ei\u010dna vanjska sirena podi\u017ee sigurnost va\u0161eg doma na nove visine. Kombinira alarm visokog decibela i vizualna stroboskopa, koju pokre\u0107e ekolo\u0161ki prihvatljiv solarni panel, osiguravaju\u0107i da je va\u0161a nekretnina vidljivo i zvu\u010dno za\u0161ti\u0107ena od neovla\u0161tenog ulaska. Ovaj sistem slu\u017ei ne samo kao sredstvo odvra\u0107anja, ve\u0107 i kao mehanizam upozorenja zajednice\u2026","rel":"","context":"Srodne objave","img":{"alt_text":"","src":"https:\/\/i0.wp.com\/astehshop.com\/wp-content\/uploads\/2025\/03\/RBAD-SO1-868-3.webp?fit=600%2C600&resize=350%2C200","width":350,"height":200},"classes":[]},{"id":9988,"url":"http:\/\/astehshop.com\/index.php\/product\/roombanker-magnetni-senzor-za-vrata-i-prozore-rbss-mc1-868\/","url_meta":{"origin":10000,"position":1},"title":"Roombanker magnetni senzor za vrata i prozore RBSS-MC1-868","date":"16. o\u017eujka 2025.","format":false,"excerpt":"Pove\u0107ajte sigurnost svog doma uz Roombanker magnetni senzor za vrata, klju\u010dnu komponentu Roombanker Security & Automation sistema. Ovaj povr\u0161inski postavljeni senzor omogu\u0107ava precizno pra\u0107enje vrata, upozoravaju\u0107i vas na svako neovla\u0161teno otvaranje sa robusnim razmakom za detekciju od preko 17 mm. Dizajniran za jednostavnu upotrebu, neprimetno se integri\u0161e sa va\u0161im Roombanker\u2026","rel":"","context":"Srodne objave","img":{"alt_text":"","src":"https:\/\/i0.wp.com\/astehshop.com\/wp-content\/uploads\/2025\/03\/RBSS-MC1-868-111.webp?fit=600%2C600&resize=350%2C200","width":350,"height":200},"classes":[]},{"id":10006,"url":"http:\/\/astehshop.com\/index.php\/product\/roombanker-bezicna-tastatura\/","url_meta":{"origin":10000,"position":2},"title":"RoomBanker be\u017ei\u010dna tastatura","date":"16. o\u017eujka 2025.","format":false,"excerpt":"Podignite sigurnost svog doma uz Roombanker be\u017ei\u010dnu sigurnosnu tastaturu, klju\u010dni alat za kontrolu nad va\u0161im sigurnosnim sistemom bez napora. Ova inovativna tastatura ima sveobuhvatan interfejs sa 15 tastera, koji omogu\u0107ava aktiviranje\/deaktiviranje jednim klikom i pristup prilago\u0111enim postavkama, obezbe\u0111uju\u0107i brz i lak rad. Opremljena naprednim sigurnosnim mjerama, uklju\u010duju\u0107i za\u0161titu od neovla\u0161tenog\u2026","rel":"","context":"Srodne objave","img":{"alt_text":"","src":"https:\/\/i1.wp.com\/astehshop.com\/wp-content\/uploads\/2025\/03\/RBCT-KP1-868-3.webp?fit=600%2C600&resize=350%2C200","width":350,"height":200},"classes":[]},{"id":10009,"url":"http:\/\/astehshop.com\/index.php\/product\/roombanker-daljinski-upravljac-alarmnim-sistemom\/","url_meta":{"origin":10000,"position":3},"title":"RoomBanker daljinski upravlja\u010d alarmnim sistemom","date":"16. o\u017eujka 2025.","format":false,"excerpt":"Preuzmite kontrolu nad sigurno\u0161\u0107u svog doma uz Roombanker prijenosni be\u017ei\u010dni privezak za klju\u010deve, dizajniran za jednostavnu upotrebu i prakti\u010dnost. Ovaj privezak pojednostavljuje va\u0161e sigurnosne operacije, omogu\u0107avaju\u0107i vam da aktivirate i deaktivirate svoj sistem samo jednim klikom. Osim toga, nudi dva prilagodljiva gumba koja se mogu personalizirati putem aplikacije RB Link,\u2026","rel":"","context":"Srodne objave","img":{"alt_text":"","src":"https:\/\/i2.wp.com\/astehshop.com\/wp-content\/uploads\/2025\/03\/RBCT-KF1-868-6.webp?fit=600%2C600&resize=350%2C200","width":350,"height":200},"classes":[]},{"id":9981,"url":"http:\/\/astehshop.com\/index.php\/product\/bezicni-alarmni-sistem-roombanker-set\/","url_meta":{"origin":10000,"position":4},"title":"Bezicni alarmni sistem ROOMBANKER set","date":"16. o\u017eujka 2025.","format":false,"excerpt":"RBKIT-202-868 HUB ( centrala alarmnog sistema ) (RBGW-202-868 EU)\u00a0x 1 Senzor pokreta (RBSS-PS1-868) x 4 Magnetni senzor za vrata (RBSS-MC1-868) x 1 Daljinski (RBCT-KF1-868) x 2 Tastatura (RBCT-KP1-868) x 1 Vanjska plava sirena\u00a0\u00a0x1 (RBAD-SO1-868) Veoma jednostavno pode\u0161avanje Bez dodatnih tro\u0161kova www.technoshopbn.com 066 123 234","rel":"","context":"Srodne objave","img":{"alt_text":"","src":"https:\/\/i1.wp.com\/astehshop.com\/wp-content\/uploads\/2025\/03\/Home-Security-1.jpg?fit=1024%2C482&resize=350%2C200","width":350,"height":200},"classes":[]},{"id":9992,"url":"http:\/\/astehshop.com\/index.php\/product\/roombanker-senzor-temperature-i-vlaznosti-rbss-th1-868\/","url_meta":{"origin":10000,"position":5},"title":"RoomBanker senzor temperature i vla\u017enosti RBSS-TH1-868","date":"16. o\u017eujka 2025.","format":false,"excerpt":"Roombanker Smart Temperature & Humidity Monitor dizajniran je za one koji \u017eele s lako\u0107om odr\u017eavati optimalnu i zdravu klimu u zatvorenom prostoru. Nudi precizno i \u200b\u200bu realnom vremenu pra\u0107enje temperature i vla\u017enosti, pru\u017eaju\u0107i jasna o\u010ditavanja direktno na ure\u0111aju. Za one koji \u017eele da iskoriste prednosti pobolj\u0161anih funkcija kao \u0161to su\u2026","rel":"","context":"Srodne objave","img":{"alt_text":"","src":"https:\/\/i1.wp.com\/astehshop.com\/wp-content\/uploads\/2025\/03\/RBSS-TH1-868-7.webp?fit=600%2C600&resize=350%2C200","width":350,"height":200},"classes":[]}],"_links":{"self":[{"href":"http:\/\/astehshop.com\/index.php\/wp-json\/wp\/v2\/product\/10000"}],"collection":[{"href":"http:\/\/astehshop.com\/index.php\/wp-json\/wp\/v2\/product"}],"about":[{"href":"http:\/\/astehshop.com\/index.php\/wp-json\/wp\/v2\/types\/product"}],"replies":[{"embeddable":true,"href":"http:\/\/astehshop.com\/index.php\/wp-json\/wp\/v2\/comments?post=10000"}],"wp:featuredmedia":[{"embeddable":true,"href":"http:\/\/astehshop.com\/index.php\/wp-json\/wp\/v2\/media\/10001"}],"wp:attachment":[{"href":"http:\/\/astehshop.com\/index.php\/wp-json\/wp\/v2\/media?parent=10000"}],"wp:term":[{"taxonomy":"product_cat","embeddable":true,"href":"http:\/\/astehshop.com\/index.php\/wp-json\/wp\/v2\/product_cat?post=10000"},{"taxonomy":"product_tag","embeddable":true,"href":"http:\/\/astehshop.com\/index.php\/wp-json\/wp\/v2\/product_tag?post=10000"}],"curies":[{"name":"wp","href":"https:\/\/api.w.org\/{rel}","templated":true}]}}